{"id":402,"date":"2022-01-26T17:23:05","date_gmt":"2022-01-26T20:23:05","guid":{"rendered":"https:\/\/wp.ufpel.edu.br\/cepesef\/?page_id=402"},"modified":"2022-06-23T15:34:47","modified_gmt":"2022-06-23T18:34:47","slug":"reunioes-2022","status":"publish","type":"page","link":"https:\/\/wp.ufpel.edu.br\/cepesef\/reunioes-2022\/","title":{"rendered":"reuni\u00f5es 2022"},"content":{"rendered":"<p style=\"text-align: justify;\">Informamos que, para o bem da organiza\u00e7\u00e3o e planejamento dos pesquisadores que submetem seus projetos para este Comit\u00ea de \u00c9tica em Pesquisa (CEP),\u00a0<strong>as reuni\u00f5es do colegiado deste CEP ser\u00e3o realizadas na terceira quarta-feira de cada m\u00eas, \u00e0s 16h<\/strong>. Os projetos dever\u00e3o ser submetidos na Plataforma Brasil at\u00e9 \u00e0s 18:00h da sexta-feira anterior a reuni\u00e3o. Salientamos que a documenta\u00e7\u00e3o dever\u00e1 estar adequadamente preenchida para que os projetos sejam aceitos e encaminhados para relatoria.<\/p>\n<p>&nbsp;<\/p>\n<p><strong>As reuni\u00f5es do nosso Comit\u00ea est\u00e3o acontecendo mensalmente de maneira on-line<\/strong>.<\/p>\n<p>&nbsp;<\/p>\n<table>\n<tbody>\n<tr>\n<td width=\"283\">\n<p>Data da Reuni\u00e3o do CEP<\/p>\n<p>(\u00e0s 16:00h)<\/td>\n<td width=\"283\">Data limite para submiss\u00e3o na Plataforma Brasil (at\u00e9 \u00e0s 18:00h)<\/td>\n<\/tr>\n<tr>\n<td width=\"283\">16\/02<\/td>\n<td width=\"283\">11\/02<\/td>\n<\/tr>\n<tr>\n<td width=\"283\">16\/03<\/td>\n<td width=\"283\">11\/03<\/td>\n<\/tr>\n<tr>\n<td width=\"283\">20\/04<\/td>\n<td width=\"283\">15\/04<\/td>\n<\/tr>\n<tr>\n<td width=\"283\">18\/05<\/td>\n<td width=\"283\">13\/05<\/td>\n<\/tr>\n<tr>\n<td width=\"283\">15\/06<\/td>\n<td width=\"283\">10\/06<\/td>\n<\/tr>\n<tr>\n<td width=\"283\">20\/07<\/td>\n<td width=\"283\">15\/07<\/td>\n<\/tr>\n<tr>\n<td width=\"283\">17\/08<\/td>\n<td width=\"283\">12\/08<\/td>\n<\/tr>\n<tr>\n<td width=\"283\">21\/09<\/td>\n<td width=\"283\">16\/09<\/td>\n<\/tr>\n<tr>\n<td width=\"283\">19\/10<\/td>\n<td width=\"283\">14\/10<\/td>\n<\/tr>\n<tr>\n<td width=\"283\">16\/11<\/td>\n<td width=\"283\">11\/11<\/td>\n<\/tr>\n<tr>\n<td width=\"283\">21\/12<\/td>\n<td width=\"283\">16\/12<\/td>\n<\/tr>\n<\/tbody>\n<\/table>\n<p>&nbsp;<\/p>\n","protected":false},"excerpt":{"rendered":"<p>Informamos que, para o bem da organiza\u00e7\u00e3o e planejamento dos pesquisadores que submetem seus projetos para este Comit\u00ea de \u00c9tica em Pesquisa (CEP),\u00a0as reuni\u00f5es do colegiado deste CEP ser\u00e3o realizadas na terceira quarta-feira de cada m\u00eas, \u00e0s 16h. Os projetos dever\u00e3o ser submetidos na Plataforma Brasil at\u00e9 \u00e0s 18:00h da sexta-feira anterior a reuni\u00e3o. Salientamos [&hellip;]<\/p>\n","protected":false},"author":929,"featured_media":0,"parent":0,"menu_order":0,"comment_status":"closed","ping_status":"closed","template":"","meta":{"footnotes":""},"class_list":["post-402","page","type-page","status-publish","hentry"],"_links":{"self":[{"href":"https:\/\/wp.ufpel.edu.br\/cepesef\/wp-json\/wp\/v2\/pages\/402","targetHints":{"allow":["GET"]}}],"collection":[{"href":"https:\/\/wp.ufpel.edu.br\/cepesef\/wp-json\/wp\/v2\/pages"}],"about":[{"href":"https:\/\/wp.ufpel.edu.br\/cepesef\/wp-json\/wp\/v2\/types\/page"}],"author":[{"embeddable":true,"href":"https:\/\/wp.ufpel.edu.br\/cepesef\/wp-json\/wp\/v2\/users\/929"}],"replies":[{"embeddable":true,"href":"https:\/\/wp.ufpel.edu.br\/cepesef\/wp-json\/wp\/v2\/comments?post=402"}],"version-history":[{"count":2,"href":"https:\/\/wp.ufpel.edu.br\/cepesef\/wp-json\/wp\/v2\/pages\/402\/revisions"}],"predecessor-version":[{"id":434,"href":"https:\/\/wp.ufpel.edu.br\/cepesef\/wp-json\/wp\/v2\/pages\/402\/revisions\/434"}],"wp:attachment":[{"href":"https:\/\/wp.ufpel.edu.br\/cepesef\/wp-json\/wp\/v2\/media?parent=402"}],"curies":[{"name":"wp","href":"https:\/\/api.w.org\/{rel}","templated":true}]}}