{"id":295,"date":"2020-12-21T19:35:06","date_gmt":"2020-12-21T22:35:06","guid":{"rendered":"https:\/\/wp.ufpel.edu.br\/cepesef\/?page_id=295"},"modified":"2022-01-26T17:21:33","modified_gmt":"2022-01-26T20:21:33","slug":"reunioes-2021","status":"publish","type":"page","link":"https:\/\/wp.ufpel.edu.br\/cepesef\/reunioes-2019\/reunioes-2021\/","title":{"rendered":"reuni\u00f5es 2021"},"content":{"rendered":"<p>Informamos que, para o bem da organiza\u00e7\u00e3o e planejamento dos pesquisadores que submetem seus projetos para este Comit\u00ea de \u00c9tica em Pesquisa (CEP), <strong>as reuni\u00f5es do colegiado deste CEP ser\u00e3o realizadas na terceira quarta-feira do m\u00eas \u00e0s 16h<\/strong>. Os projetos dever\u00e3o ser submetidos na Plataforma Brasil at\u00e9 \u00e0s 18h da sexta-feira anterior a reuni\u00e3o. Salientamos que a documenta\u00e7\u00e3o dever\u00e1 estar adequadamente preenchida para que os projetos sejam aceitos e encaminhados para relatoria.<\/p>\n<table>\n<tbody>\n<tr>\n<td width=\"283\">Data da Reuni\u00e3o do CEP (as 16h)<\/td>\n<td width=\"283\">Data limite para submiss\u00e3o na Plataforma Brasil (at\u00e9 as 18h)<\/td>\n<\/tr>\n<tr>\n<td width=\"283\">17\/03<\/td>\n<td width=\"283\">12\/03<\/td>\n<\/tr>\n<tr>\n<td width=\"283\">14\/04<\/td>\n<td width=\"283\">09\/04<\/td>\n<\/tr>\n<tr>\n<td width=\"283\">19\/05<\/td>\n<td width=\"283\">14\/05<\/td>\n<\/tr>\n<tr>\n<td width=\"283\">16\/06<\/td>\n<td width=\"283\">11\/06<\/td>\n<\/tr>\n<tr>\n<td width=\"283\">21\/07<\/td>\n<td width=\"283\">16\/07<\/td>\n<\/tr>\n<tr>\n<td width=\"283\">18\/08<\/td>\n<td width=\"283\">13\/08<\/td>\n<\/tr>\n<tr>\n<td width=\"283\">15\/09<\/td>\n<td width=\"283\">10\/09<\/td>\n<\/tr>\n<tr>\n<td width=\"283\">20\/10<\/td>\n<td width=\"283\">15\/10<\/td>\n<\/tr>\n<tr>\n<td width=\"283\">17\/11<\/td>\n<td width=\"283\">12\/11<\/td>\n<\/tr>\n<tr>\n<td width=\"283\">15\/12<\/td>\n<td width=\"283\">10\/12<\/td>\n<\/tr>\n<\/tbody>\n<\/table>\n<p>&nbsp;<\/p>\n","protected":false},"excerpt":{"rendered":"<p>Informamos que, para o bem da organiza\u00e7\u00e3o e planejamento dos pesquisadores que submetem seus projetos para este Comit\u00ea de \u00c9tica em Pesquisa (CEP), as reuni\u00f5es do colegiado deste CEP ser\u00e3o realizadas na terceira quarta-feira do m\u00eas \u00e0s 16h. Os projetos dever\u00e3o ser submetidos na Plataforma Brasil at\u00e9 \u00e0s 18h da sexta-feira anterior a reuni\u00e3o. Salientamos [&hellip;]<\/p>\n","protected":false},"author":929,"featured_media":0,"parent":25,"menu_order":0,"comment_status":"closed","ping_status":"closed","template":"","meta":{"footnotes":""},"class_list":["post-295","page","type-page","status-publish","hentry"],"_links":{"self":[{"href":"https:\/\/wp.ufpel.edu.br\/cepesef\/wp-json\/wp\/v2\/pages\/295","targetHints":{"allow":["GET"]}}],"collection":[{"href":"https:\/\/wp.ufpel.edu.br\/cepesef\/wp-json\/wp\/v2\/pages"}],"about":[{"href":"https:\/\/wp.ufpel.edu.br\/cepesef\/wp-json\/wp\/v2\/types\/page"}],"author":[{"embeddable":true,"href":"https:\/\/wp.ufpel.edu.br\/cepesef\/wp-json\/wp\/v2\/users\/929"}],"replies":[{"embeddable":true,"href":"https:\/\/wp.ufpel.edu.br\/cepesef\/wp-json\/wp\/v2\/comments?post=295"}],"version-history":[{"count":3,"href":"https:\/\/wp.ufpel.edu.br\/cepesef\/wp-json\/wp\/v2\/pages\/295\/revisions"}],"predecessor-version":[{"id":298,"href":"https:\/\/wp.ufpel.edu.br\/cepesef\/wp-json\/wp\/v2\/pages\/295\/revisions\/298"}],"up":[{"embeddable":true,"href":"https:\/\/wp.ufpel.edu.br\/cepesef\/wp-json\/wp\/v2\/pages\/25"}],"wp:attachment":[{"href":"https:\/\/wp.ufpel.edu.br\/cepesef\/wp-json\/wp\/v2\/media?parent=295"}],"curies":[{"name":"wp","href":"https:\/\/api.w.org\/{rel}","templated":true}]}}