{"id":237,"date":"2020-10-27T17:04:21","date_gmt":"2020-10-27T20:04:21","guid":{"rendered":"https:\/\/wp.ufpel.edu.br\/cepesef\/?page_id=237"},"modified":"2026-02-20T16:32:31","modified_gmt":"2026-02-20T19:32:31","slug":"informacoes-fixas","status":"publish","type":"page","link":"https:\/\/wp.ufpel.edu.br\/cepesef\/o-cep-esef\/informacoes-fixas\/","title":{"rendered":"Informa\u00e7\u00f5es fixas"},"content":{"rendered":"<p>Prezados(as) Pesquisadores(as)<\/p>\n<p>As reuni\u00f5es do nosso Comit\u00ea est\u00e3o acontecendo mensalmente de maneira on-line. Veja as datas <a href=\"https:\/\/wp.ufpel.edu.br\/cepesef\/2025-2\/\" target=\"_blank\" rel=\"noopener\">AQUI<\/a>. <strong>ATEN\u00c7\u00c3O: a partir de julho\/2025 as submiss\u00f5es de projetos devem ocorrer at\u00e9 a quarta-feira que antecede as reuni\u00f5es<\/strong>.<\/p>\n<p>Como proceder com a assinatura da DA FOLHA DE ROSTO? veja as orienta\u00e7\u00f5es <a href=\"https:\/\/wp.ufpel.edu.br\/cepesef\/submissao-de-projetos-2\/submissao-de-projetos\/\">AQUI<\/a><\/p>\n<p>&#8220;<strong><u>Evite&#8221; que seu Projeto de Pesquisa fique PENDENTE<\/u><\/strong>: veja <a href=\"https:\/\/wp.ufpel.edu.br\/cepesef\/files\/2021\/09\/ITENS-QUE-COSTUMAM-GERAR-PENDENCIAS.pdf\" target=\"_blank\" rel=\"noopener\">AQUI<\/a> algumas dicas e informa\u00e7\u00f5es importantes dos principais itens que acabam gerando pend\u00eancias na relatoria dos Protocolos de Pesquisa.<\/p>\n<p>Pesquisador: envie seu Relat\u00f3rio Final de Pesquisa. Modelo dispon\u00edvel <a href=\"https:\/\/wp.ufpel.edu.br\/cepesef\/files\/2020\/03\/Modelo-de-Relat\u00f3rio-Final.docx\">AQUI<\/a><\/p>\n<p>Estamos atendendo diariamente de segunda a sexta-feira das 08:00h \u00e0s 12:00h e das 14:00h \u00e0s 18:00h pelos e-mails: cepesef.ufpel@gmail.com e etica.esef@ufpel.edu.br.<\/p>\n","protected":false},"excerpt":{"rendered":"<p>Prezados(as) Pesquisadores(as) As reuni\u00f5es do nosso Comit\u00ea est\u00e3o acontecendo mensalmente de maneira on-line. Veja as datas AQUI. ATEN\u00c7\u00c3O: a partir de julho\/2025 as submiss\u00f5es de projetos devem ocorrer at\u00e9 a quarta-feira que antecede as reuni\u00f5es. Como proceder com a assinatura da DA FOLHA DE ROSTO? veja as orienta\u00e7\u00f5es AQUI &#8220;Evite&#8221; que seu Projeto de Pesquisa [&hellip;]<\/p>\n","protected":false},"author":929,"featured_media":0,"parent":234,"menu_order":2,"comment_status":"closed","ping_status":"closed","template":"","meta":{"footnotes":""},"class_list":["post-237","page","type-page","status-publish","hentry"],"_links":{"self":[{"href":"https:\/\/wp.ufpel.edu.br\/cepesef\/wp-json\/wp\/v2\/pages\/237","targetHints":{"allow":["GET"]}}],"collection":[{"href":"https:\/\/wp.ufpel.edu.br\/cepesef\/wp-json\/wp\/v2\/pages"}],"about":[{"href":"https:\/\/wp.ufpel.edu.br\/cepesef\/wp-json\/wp\/v2\/types\/page"}],"author":[{"embeddable":true,"href":"https:\/\/wp.ufpel.edu.br\/cepesef\/wp-json\/wp\/v2\/users\/929"}],"replies":[{"embeddable":true,"href":"https:\/\/wp.ufpel.edu.br\/cepesef\/wp-json\/wp\/v2\/comments?post=237"}],"version-history":[{"count":4,"href":"https:\/\/wp.ufpel.edu.br\/cepesef\/wp-json\/wp\/v2\/pages\/237\/revisions"}],"predecessor-version":[{"id":674,"href":"https:\/\/wp.ufpel.edu.br\/cepesef\/wp-json\/wp\/v2\/pages\/237\/revisions\/674"}],"up":[{"embeddable":true,"href":"https:\/\/wp.ufpel.edu.br\/cepesef\/wp-json\/wp\/v2\/pages\/234"}],"wp:attachment":[{"href":"https:\/\/wp.ufpel.edu.br\/cepesef\/wp-json\/wp\/v2\/media?parent=237"}],"curies":[{"name":"wp","href":"https:\/\/api.w.org\/{rel}","templated":true}]}}