{"id":160,"date":"2020-03-05T10:23:23","date_gmt":"2020-03-05T13:23:23","guid":{"rendered":"https:\/\/wp.ufpel.edu.br\/cepesef\/?page_id=160"},"modified":"2021-05-21T17:02:39","modified_gmt":"2021-05-21T20:02:39","slug":"relatorio-final","status":"publish","type":"page","link":"https:\/\/wp.ufpel.edu.br\/cepesef\/submissao-de-projetos-2\/relatorio-final\/","title":{"rendered":"Modelo de Relat\u00f3rio Final"},"content":{"rendered":"<p style=\"text-align: justify\">A CONEP solicita que ap\u00f3s o t\u00e9rmino do projeto de pesquisa, seja enviado um Relat\u00f3rio Final da Pesquisa com algumas informa\u00e7\u00f5es que julga relevante. Para manter um padr\u00e3o de relat\u00f3rio, disponibilizamos um <a href=\"https:\/\/wp.ufpel.edu.br\/cepesef\/files\/2020\/03\/Modelo-de-Relat\u00f3rio-Final.docx\">Modelo de Relat\u00f3rio Final<\/a> que deve ser\u00a0 preenchido e sem seguida inserido na Plataforma Brasil, em &#8220;Outros Anexos&#8221;, juntamente com o (s) produto (s) final (ais) obtidos: tese, disserta\u00e7\u00e3o, trabalho de conclus\u00e3o de curso (TCC), artigos, livros, etc.<\/p>\n","protected":false},"excerpt":{"rendered":"<p>A CONEP solicita que ap\u00f3s o t\u00e9rmino do projeto de pesquisa, seja enviado um Relat\u00f3rio Final da Pesquisa com algumas informa\u00e7\u00f5es que julga relevante. Para manter um padr\u00e3o de relat\u00f3rio, disponibilizamos um Modelo de Relat\u00f3rio Final que deve ser\u00a0 preenchido e sem seguida inserido na Plataforma Brasil, em &#8220;Outros Anexos&#8221;, juntamente com o (s) produto [&hellip;]<\/p>\n","protected":false},"author":929,"featured_media":0,"parent":87,"menu_order":4,"comment_status":"closed","ping_status":"closed","template":"","meta":{"footnotes":""},"class_list":["post-160","page","type-page","status-publish","hentry"],"_links":{"self":[{"href":"https:\/\/wp.ufpel.edu.br\/cepesef\/wp-json\/wp\/v2\/pages\/160","targetHints":{"allow":["GET"]}}],"collection":[{"href":"https:\/\/wp.ufpel.edu.br\/cepesef\/wp-json\/wp\/v2\/pages"}],"about":[{"href":"https:\/\/wp.ufpel.edu.br\/cepesef\/wp-json\/wp\/v2\/types\/page"}],"author":[{"embeddable":true,"href":"https:\/\/wp.ufpel.edu.br\/cepesef\/wp-json\/wp\/v2\/users\/929"}],"replies":[{"embeddable":true,"href":"https:\/\/wp.ufpel.edu.br\/cepesef\/wp-json\/wp\/v2\/comments?post=160"}],"version-history":[{"count":5,"href":"https:\/\/wp.ufpel.edu.br\/cepesef\/wp-json\/wp\/v2\/pages\/160\/revisions"}],"predecessor-version":[{"id":337,"href":"https:\/\/wp.ufpel.edu.br\/cepesef\/wp-json\/wp\/v2\/pages\/160\/revisions\/337"}],"up":[{"embeddable":true,"href":"https:\/\/wp.ufpel.edu.br\/cepesef\/wp-json\/wp\/v2\/pages\/87"}],"wp:attachment":[{"href":"https:\/\/wp.ufpel.edu.br\/cepesef\/wp-json\/wp\/v2\/media?parent=160"}],"curies":[{"name":"wp","href":"https:\/\/api.w.org\/{rel}","templated":true}]}}