{"id":156,"date":"2020-03-05T10:15:43","date_gmt":"2020-03-05T13:15:43","guid":{"rendered":"https:\/\/wp.ufpel.edu.br\/cepesef\/?page_id=156"},"modified":"2020-03-05T10:16:37","modified_gmt":"2020-03-05T13:16:37","slug":"2020-2","status":"publish","type":"page","link":"https:\/\/wp.ufpel.edu.br\/cepesef\/reunioes-2019\/2020-2\/","title":{"rendered":"2020"},"content":{"rendered":"<p>Informamos que, para o bem da organiza\u00e7\u00e3o e planejamento dos pesquisadores que submetem seus projetos para este Comit\u00ea de \u00c9tica em Pesquisa (CEP), as reuni\u00f5es do colegiado deste CEP ser\u00e3o realizadas na\u00a0<strong>terceira quarta-feira do m\u00eas \u00e0s 14h<\/strong>. Os projetos dever\u00e3o ser enviados at\u00e9 \u00e0s 18h da sexta-feira anterior a reuni\u00e3o. Salientamos que a documenta\u00e7\u00e3o dever\u00e1 estar adequadamente preenchida para que os projetos sejam aceitos e encaminhados para relatoria.<\/p>\n<table>\n<tbody>\n<tr>\n<td width=\"283\">Data da Reuni\u00e3o do CEP \u00a0(as 14h)<\/td>\n<td width=\"283\">Data limite para ser avaliado na respectiva reuni\u00e3o (at\u00e9 as 18h)<\/td>\n<\/tr>\n<tr>\n<td width=\"283\">18\/03<\/td>\n<td width=\"283\">13\/03<\/td>\n<\/tr>\n<tr>\n<td width=\"283\">15\/04<\/td>\n<td width=\"283\">10\/04<\/td>\n<\/tr>\n<tr>\n<td width=\"283\">20\/05<\/td>\n<td width=\"283\">15\/05<\/td>\n<\/tr>\n<tr>\n<td width=\"283\">17\/06<\/td>\n<td width=\"283\">12\/06<\/td>\n<\/tr>\n<tr>\n<td width=\"283\">15\/07<\/td>\n<td width=\"283\">10\/07<\/td>\n<\/tr>\n<tr>\n<td width=\"283\">19\/08<\/td>\n<td width=\"283\">14\/08<\/td>\n<\/tr>\n<tr>\n<td width=\"283\">16\/09<\/td>\n<td width=\"283\">11\/09<\/td>\n<\/tr>\n<tr>\n<td width=\"283\">21\/10<\/td>\n<td width=\"283\">16\/10<\/td>\n<\/tr>\n<tr>\n<td width=\"283\">18\/11<\/td>\n<td width=\"283\">13\/11<\/td>\n<\/tr>\n<tr>\n<td width=\"283\">16\/12<\/td>\n<td width=\"283\">11\/12<\/td>\n<\/tr>\n<\/tbody>\n<\/table>\n<p><\/p>\n","protected":false},"excerpt":{"rendered":"<p>Informamos que, para o bem da organiza\u00e7\u00e3o e planejamento dos pesquisadores que submetem seus projetos para este Comit\u00ea de \u00c9tica em Pesquisa (CEP), as reuni\u00f5es do colegiado deste CEP ser\u00e3o realizadas na\u00a0terceira quarta-feira do m\u00eas \u00e0s 14h. Os projetos dever\u00e3o ser enviados at\u00e9 \u00e0s 18h da sexta-feira anterior a reuni\u00e3o. Salientamos que a documenta\u00e7\u00e3o dever\u00e1 [&hellip;]<\/p>\n","protected":false},"author":929,"featured_media":0,"parent":25,"menu_order":2,"comment_status":"closed","ping_status":"closed","template":"","meta":{"footnotes":""},"class_list":["post-156","page","type-page","status-publish","hentry"],"_links":{"self":[{"href":"https:\/\/wp.ufpel.edu.br\/cepesef\/wp-json\/wp\/v2\/pages\/156","targetHints":{"allow":["GET"]}}],"collection":[{"href":"https:\/\/wp.ufpel.edu.br\/cepesef\/wp-json\/wp\/v2\/pages"}],"about":[{"href":"https:\/\/wp.ufpel.edu.br\/cepesef\/wp-json\/wp\/v2\/types\/page"}],"author":[{"embeddable":true,"href":"https:\/\/wp.ufpel.edu.br\/cepesef\/wp-json\/wp\/v2\/users\/929"}],"replies":[{"embeddable":true,"href":"https:\/\/wp.ufpel.edu.br\/cepesef\/wp-json\/wp\/v2\/comments?post=156"}],"version-history":[{"count":2,"href":"https:\/\/wp.ufpel.edu.br\/cepesef\/wp-json\/wp\/v2\/pages\/156\/revisions"}],"predecessor-version":[{"id":159,"href":"https:\/\/wp.ufpel.edu.br\/cepesef\/wp-json\/wp\/v2\/pages\/156\/revisions\/159"}],"up":[{"embeddable":true,"href":"https:\/\/wp.ufpel.edu.br\/cepesef\/wp-json\/wp\/v2\/pages\/25"}],"wp:attachment":[{"href":"https:\/\/wp.ufpel.edu.br\/cepesef\/wp-json\/wp\/v2\/media?parent=156"}],"curies":[{"name":"wp","href":"https:\/\/api.w.org\/{rel}","templated":true}]}}