{"id":116,"date":"2019-05-08T11:41:59","date_gmt":"2019-05-08T14:41:59","guid":{"rendered":"https:\/\/wp.ufpel.edu.br\/cepesef\/?page_id=116"},"modified":"2022-06-23T14:54:01","modified_gmt":"2022-06-23T17:54:01","slug":"carta-resposta-as-pendencias","status":"publish","type":"page","link":"https:\/\/wp.ufpel.edu.br\/cepesef\/submissao-de-projetos-2\/carta-resposta-as-pendencias\/","title":{"rendered":"Carta Resposta \u00e0s Pend\u00eancias"},"content":{"rendered":"<p style=\"text-align: justify;\">Esta carta deve ser preenchida com as respostas referentes \u00e0s pend\u00eancias emitidas pelo parecer da relatoria.<\/p>\n<p><strong>IMPORTANTE<\/strong>: as altera\u00e7\u00f5es devem, primeiramente, ser feitas na Plataforma Brasil (dentro do texto e espa\u00e7os destinados) e a carta anexada a mesma, ASSINADA PELO PESQUISADOR RESPONS\u00c1VEL. Este CEP n\u00e3o avalia projetos que retornarem sem este documento!<\/p>\n<p>&nbsp;<\/p>\n<p><a href=\"https:\/\/wp.ufpel.edu.br\/cepesef\/files\/2019\/05\/CARTA-RESPOSTA-A-PEND\u00caNCIAS.docx\">CARTA RESPOSTA \u00c0S PEND\u00caNCIAS &#8211; CEP ESEF UFPEL<\/a><\/p>\n","protected":false},"excerpt":{"rendered":"<p>Esta carta deve ser preenchida com as respostas referentes \u00e0s pend\u00eancias emitidas pelo parecer da relatoria. IMPORTANTE: as altera\u00e7\u00f5es devem, primeiramente, ser feitas na Plataforma Brasil (dentro do texto e espa\u00e7os destinados) e a carta anexada a mesma, ASSINADA PELO PESQUISADOR RESPONS\u00c1VEL. Este CEP n\u00e3o avalia projetos que retornarem sem este documento! &nbsp; CARTA RESPOSTA [&hellip;]<\/p>\n","protected":false},"author":929,"featured_media":0,"parent":87,"menu_order":3,"comment_status":"closed","ping_status":"closed","template":"","meta":{"footnotes":""},"class_list":["post-116","page","type-page","status-publish","hentry"],"_links":{"self":[{"href":"https:\/\/wp.ufpel.edu.br\/cepesef\/wp-json\/wp\/v2\/pages\/116","targetHints":{"allow":["GET"]}}],"collection":[{"href":"https:\/\/wp.ufpel.edu.br\/cepesef\/wp-json\/wp\/v2\/pages"}],"about":[{"href":"https:\/\/wp.ufpel.edu.br\/cepesef\/wp-json\/wp\/v2\/types\/page"}],"author":[{"embeddable":true,"href":"https:\/\/wp.ufpel.edu.br\/cepesef\/wp-json\/wp\/v2\/users\/929"}],"replies":[{"embeddable":true,"href":"https:\/\/wp.ufpel.edu.br\/cepesef\/wp-json\/wp\/v2\/comments?post=116"}],"version-history":[{"count":3,"href":"https:\/\/wp.ufpel.edu.br\/cepesef\/wp-json\/wp\/v2\/pages\/116\/revisions"}],"predecessor-version":[{"id":427,"href":"https:\/\/wp.ufpel.edu.br\/cepesef\/wp-json\/wp\/v2\/pages\/116\/revisions\/427"}],"up":[{"embeddable":true,"href":"https:\/\/wp.ufpel.edu.br\/cepesef\/wp-json\/wp\/v2\/pages\/87"}],"wp:attachment":[{"href":"https:\/\/wp.ufpel.edu.br\/cepesef\/wp-json\/wp\/v2\/media?parent=116"}],"curies":[{"name":"wp","href":"https:\/\/api.w.org\/{rel}","templated":true}]}}