{"id":105,"date":"2019-05-08T11:15:32","date_gmt":"2019-05-08T14:15:32","guid":{"rendered":"https:\/\/wp.ufpel.edu.br\/cepesef\/?page_id=105"},"modified":"2023-08-28T19:03:37","modified_gmt":"2023-08-28T22:03:37","slug":"legislacao","status":"publish","type":"page","link":"https:\/\/wp.ufpel.edu.br\/cepesef\/o-cep-esef\/legislacao\/","title":{"rendered":"Legisla\u00e7\u00e3o"},"content":{"rendered":"<p><strong>RESOLU\u00c7\u00d5ES:<\/strong><\/p>\n<p style=\"text-align: left;\"><strong><a href=\"https:\/\/wp.ufpel.edu.br\/cepesef\/files\/2021\/11\/10.-Resolucao-370_2007-O-registro-e-credenciamento-ou-renovacao-de-registro-e-cr.pdf\" target=\"_blank\" rel=\"noopener\">Resolu\u00e7\u00e3o CNS n\u00ba 370, de 8 de mar\u00e7o de 2007<\/a> &#8211; <\/strong>Disp\u00f5e sobre o registro e credenciamento ou renova\u00e7\u00e3o de registro e credenciamento do CEP<\/p>\n<p>&nbsp;<\/p>\n<p style=\"text-align: left;\"><strong><a href=\"https:\/\/wp.ufpel.edu.br\/cepesef\/files\/2020\/12\/01.-Resolucao-466_2012-diretrizes-e-normas-de-pesquisas.pdf\" target=\"_blank\" rel=\"noopener noreferrer\">Resolu\u00e7\u00e3o CNS n\u00ba 466, de 12 de dezembro de 2012<\/a> &#8211; substitui a Resolu\u00e7\u00e3o CNS 196 96 &#8211; <\/strong>Aprova as diretrizes e normas regulamentadoras de pesquisas envolvendo seres humanos.<\/p>\n<p>&nbsp;<\/p>\n<p style=\"text-align: left;\"><strong><a href=\"https:\/\/wp.ufpel.edu.br\/cepesef\/files\/2020\/12\/Resolucao-510-2016.pdf\" target=\"_blank\" rel=\"noopener noreferrer\">Resolu\u00e7\u00e3o CNS n\u00ba 510, de 07 de abril de 2016 <\/a>&#8211; <\/strong>Disp\u00f5e sobre as normas aplic\u00e1veis a pesquisas em Ci\u00eancias Humanas e Sociais cujos procedimentos metodol\u00f3gicos envolvam a utiliza\u00e7\u00e3o de dados diretamente obtidos com os participantes ou de informa\u00e7\u00f5es identific\u00e1veis ou que possam acarretar riscos maiores do que os existentes na vida cotidiana, na forma definida nesta Resolu\u00e7\u00e3o.<\/p>\n<p style=\"text-align: left;\"><strong><a href=\"https:\/\/wp.ufpel.edu.br\/cepesef\/files\/2021\/11\/Resolucao-647-de-2020-dispoe-sobre-indicacao-do-RPP.pdf\" target=\"_blank\" rel=\"noopener\">Resolu\u00e7\u00e3o CNS n\u00ba 647, de 12 de outubro de 2020<\/a> &#8211;\u00a0<\/strong>Disp\u00f5e sobre as regras referentes \u00e0 regulamenta\u00e7\u00e3o do processo de designa\u00e7\u00e3o e atua\u00e7\u00e3o dos membros de CEP indicados por entidades do controle social &#8211; Representantes de Participantes de Pesquisa (RPP).<\/p>\n<p>&nbsp;<\/p>\n<p><strong>NORMA:<\/strong><\/p>\n<p style=\"text-align: left;\"><strong><a href=\"https:\/\/wp.ufpel.edu.br\/cepesef\/files\/2021\/11\/CNS-Norma-Operacional-CEP-2013-Procedimentos-p-Submissao-e-Tramitacao-de-Projetos.pdf\" target=\"_blank\" rel=\"noopener\">Norma Operacional N\u00ba 001\/2013 <\/a>&#8211;\u00a0<\/strong>A presente Norma Operacional disp\u00f5e sobre a organiza\u00e7\u00e3o e funcionamento do Sistema CEP\/CONEP, e sobre os procedimentos para submiss\u00e3o, avalia\u00e7\u00e3o e acompanhamento da pesquisa e de desenvolvimento envolvendo seres humanos no Brasil, nos termos do item 5, do Cap\u00edtulo XIII, da Resolu\u00e7\u00e3o CNS n\u00b0 466 de 12 de dezembro de 2012.<\/p>\n<p>&nbsp;<\/p>\n<p><strong>CARTAS CIRCULARES:<\/strong><\/p>\n<p><strong><a href=\"https:\/\/conselho.saude.gov.br\/images\/comissoes\/conep\/documentos\/CARTAS\/Carta_Circular_01.2021.pdf\" target=\"_blank\" rel=\"noopener\">Carta Circular n\u00ba 1\/2021-CONEP\/SECNS\/MS<\/a><\/strong>\u00a0\u2013 Orienta\u00e7\u00f5es para procedimentos em pesquisas com qualquer etapa em ambiente virtual.<\/p>\n<p>&nbsp;<\/p>\n<p><strong>OF\u00cdCIOS CIRCULARES:<\/strong><\/p>\n<p><a href=\"http:\/\/conselho.saude.gov.br\/images\/Of%C3%ADcio_Circular_17_SEI_MS_-_25000.094016_2022_10.pdf\" target=\"_blank\" rel=\"noopener\"><strong>OF\u00cdCIO CIRCULAR N\u00ba 17\/2022\/CONEP\/SECNS\/MS<\/strong><\/a> &#8211; Orienta\u00e7\u00f5es acerca do artigo 1.\u00ba da Resolu\u00e7\u00e3o CNS n.\u00ba 510, de 7 de abril de 2016.<\/p>\n<p><a href=\"http:\/\/conselho.saude.gov.br\/images\/comissoes\/conep\/documentos\/CARTAS\/OficioCircular23_2022-NormatizacaousoConsentimentoAssentimentoEetrnicoPPeBiobancos.pdf\" target=\"_blank\" rel=\"noopener\"><strong>OF\u00cdCIO CIRCULAR N\u00ba 23\/2022\/CONEP\/SECNS\/DGIP\/SE\/MS<\/strong><\/a> &#8211; Normatiza\u00e7\u00e3o do uso de consentimento e assentimento eletr\u00f4nico para participantes de pesquisa e de biobancos.<\/p>\n<p>&nbsp;<\/p>\n<p><strong>CARTILHAS:<\/strong><\/p>\n<p><strong><a href=\"https:\/\/wp.ufpel.edu.br\/cepesef\/files\/2023\/08\/Cartilha_Direitos_Participantes_de_Pesquisa_2020.pdf\" target=\"_blank\" rel=\"noopener\">CARTILHA DOS DIREITOS DOS\u00a0 PARTICIPANTES DE PESQUISA<\/a><\/strong> &#8211; a traz informa\u00e7\u00f5es importantes sobre a prote\u00e7\u00e3o das pessoas que est\u00e3o participando de uma pesquisa (Participantes de Pesquisa), ou seja, est\u00e3o sendo pesquisadas.<\/p>\n<p>&nbsp;<\/p>\n<p style=\"text-align: left;\"><strong>Outras Resolu\u00e7\u00f5es e Normativas acesse <a href=\"http:\/\/plataformabrasil.saude.gov.br\/login.jsf\">Plataforma Brasil &#8211; Resolu\u00e7\u00f5es e Normativas<\/a><\/strong><\/p>\n<p>&nbsp;<\/p>\n<p style=\"text-align: left;\">\n","protected":false},"excerpt":{"rendered":"<p>RESOLU\u00c7\u00d5ES: Resolu\u00e7\u00e3o CNS n\u00ba 370, de 8 de mar\u00e7o de 2007 &#8211; Disp\u00f5e sobre o registro e credenciamento ou renova\u00e7\u00e3o de registro e credenciamento do CEP &nbsp; Resolu\u00e7\u00e3o CNS n\u00ba 466, de 12 de dezembro de 2012 &#8211; substitui a Resolu\u00e7\u00e3o CNS 196 96 &#8211; Aprova as diretrizes e normas regulamentadoras de pesquisas envolvendo seres [&hellip;]<\/p>\n","protected":false},"author":929,"featured_media":0,"parent":234,"menu_order":3,"comment_status":"closed","ping_status":"closed","template":"","meta":{"footnotes":""},"class_list":["post-105","page","type-page","status-publish","hentry"],"_links":{"self":[{"href":"https:\/\/wp.ufpel.edu.br\/cepesef\/wp-json\/wp\/v2\/pages\/105","targetHints":{"allow":["GET"]}}],"collection":[{"href":"https:\/\/wp.ufpel.edu.br\/cepesef\/wp-json\/wp\/v2\/pages"}],"about":[{"href":"https:\/\/wp.ufpel.edu.br\/cepesef\/wp-json\/wp\/v2\/types\/page"}],"author":[{"embeddable":true,"href":"https:\/\/wp.ufpel.edu.br\/cepesef\/wp-json\/wp\/v2\/users\/929"}],"replies":[{"embeddable":true,"href":"https:\/\/wp.ufpel.edu.br\/cepesef\/wp-json\/wp\/v2\/comments?post=105"}],"version-history":[{"count":22,"href":"https:\/\/wp.ufpel.edu.br\/cepesef\/wp-json\/wp\/v2\/pages\/105\/revisions"}],"predecessor-version":[{"id":558,"href":"https:\/\/wp.ufpel.edu.br\/cepesef\/wp-json\/wp\/v2\/pages\/105\/revisions\/558"}],"up":[{"embeddable":true,"href":"https:\/\/wp.ufpel.edu.br\/cepesef\/wp-json\/wp\/v2\/pages\/234"}],"wp:attachment":[{"href":"https:\/\/wp.ufpel.edu.br\/cepesef\/wp-json\/wp\/v2\/media?parent=105"}],"curies":[{"name":"wp","href":"https:\/\/api.w.org\/{rel}","templated":true}]}}