{"id":37,"date":"2022-10-12T12:30:06","date_gmt":"2022-10-12T15:30:06","guid":{"rendered":"https:\/\/wp.ufpel.edu.br\/cepe2022\/?page_id=37"},"modified":"2022-10-28T07:21:58","modified_gmt":"2022-10-28T10:21:58","slug":"organizacao","status":"publish","type":"page","link":"https:\/\/wp.ufpel.edu.br\/cepe2022\/organizacao\/","title":{"rendered":"Organiza\u00e7\u00e3o"},"content":{"rendered":"<style>.wp-block-kadence-advancedgallery.kb-gallery-wrap-id-_ea23e9-dc{margin-top:-5px;margin-right:-5px;margin-bottom:-5px;margin-left:-5px;}.kb-gallery-id-_ea23e9-dc .kadence-blocks-gallery-item .kb-gal-image-radius, .kb-gallery-id-_ea23e9-dc .kb-slide-item .kb-gal-image-radius img{border-radius:0px 0px 0px 0px;;}.kb-gallery-wrap-id-_ea23e9-dc.wp-block-kadence-advancedgallery{overflow:visible;}.kb-gallery-wrap-id-_ea23e9-dc.wp-block-kadence-advancedgallery .kt-blocks-carousel{overflow:visible;}<\/style><div class=\"kb-gallery-wrap-id-_ea23e9-dc alignfull alignfull wp-block-kadence-advancedgallery\"><div class=\"kb-gallery-ul kb-gallery-non-static kb-gallery-type-slider kb-gallery-id-_ea23e9-dc kb-gallery-caption-style-bottom-hover kb-gallery-filter-none\" data-image-filter=\"none\" data-lightbox-caption=\"true\"><div class=\"kt-blocks-carousel splide kt-carousel-container-dotstyle-none\" data-slider-anim-speed=\"1020\" data-slider-scroll=\"1\" data-slider-arrows=\"false\" data-slider-fade=\"true\" data-slider-dots=\"false\" data-slider-type=\"slider\" data-slider-hover-pause=\"false\" data-slider-auto=\"1\" data-slider-speed=\"2060\" data-show-pause-button=\"false\"><div class=\"splide__track\"><ul class=\"kt-blocks-carousel-init kb-blocks-slider splide__list kt-carousel-arrowstyle-none kt-carousel-dotstyle-none kb-slider-group-arrow kb-slider-arrow-position-center\"><li class=\"kb-slide-item kb-gallery-slide-item splide__slide\"><div class=\"kadence-blocks-gallery-item\"><div class=\"kadence-blocks-gallery-item-inner\"><figure class=\"kb-gallery-figure kadence-blocks-gallery-item-hide-caption\"><div class=\"kb-gal-image-radius\"><div class=\"kb-gallery-image-contain kadence-blocks-gallery-intrinsic kb-gallery-image-ratio-land31 kb-has-image-ratio-land31\" ><img loading=\"lazy\" decoding=\"async\" src=\"https:\/\/wp.ufpel.edu.br\/cepe2022\/files\/2022\/10\/bannersitecepe-02-2048x755.png\" width=\"2048\" height=\"755\" alt=\"\" data-full-image=\"https:\/\/wp.ufpel.edu.br\/cepe2022\/files\/2022\/10\/bannersitecepe-02.png\" data-light-image=\"https:\/\/wp.ufpel.edu.br\/cepe2022\/files\/2022\/10\/bannersitecepe-02.png\" data-id=\"20\" class=\"wp-image-20 skip-lazy\" srcset=\"https:\/\/wp.ufpel.edu.br\/cepe2022\/files\/2022\/10\/bannersitecepe-02-2048x755.png 2048w, https:\/\/wp.ufpel.edu.br\/cepe2022\/files\/2022\/10\/bannersitecepe-02-400x147.png 400w, https:\/\/wp.ufpel.edu.br\/cepe2022\/files\/2022\/10\/bannersitecepe-02-1024x377.png 1024w, https:\/\/wp.ufpel.edu.br\/cepe2022\/files\/2022\/10\/bannersitecepe-02-768x283.png 768w, https:\/\/wp.ufpel.edu.br\/cepe2022\/files\/2022\/10\/bannersitecepe-02-1536x566.png 1536w\" sizes=\"auto, (max-width: 2048px) 100vw, 2048px\" \/><\/div><\/div><\/figure><\/div><\/div><\/li><li class=\"kb-slide-item kb-gallery-slide-item splide__slide\"><div class=\"kadence-blocks-gallery-item\"><div class=\"kadence-blocks-gallery-item-inner\"><figure class=\"kb-gallery-figure kadence-blocks-gallery-item-hide-caption\"><div class=\"kb-gal-image-radius\"><div class=\"kb-gallery-image-contain kadence-blocks-gallery-intrinsic kb-gallery-image-ratio-land31 kb-has-image-ratio-land31\" ><img loading=\"lazy\" decoding=\"async\" src=\"https:\/\/wp.ufpel.edu.br\/cepe2022\/files\/2022\/10\/bannersitecepe-01-2048x755.png\" width=\"2048\" height=\"755\" alt=\"\" data-full-image=\"https:\/\/wp.ufpel.edu.br\/cepe2022\/files\/2022\/10\/bannersitecepe-01.png\" data-light-image=\"https:\/\/wp.ufpel.edu.br\/cepe2022\/files\/2022\/10\/bannersitecepe-01.png\" data-id=\"115\" class=\"wp-image-115 skip-lazy\" srcset=\"https:\/\/wp.ufpel.edu.br\/cepe2022\/files\/2022\/10\/bannersitecepe-01-2048x755.png 2048w, https:\/\/wp.ufpel.edu.br\/cepe2022\/files\/2022\/10\/bannersitecepe-01-400x147.png 400w, https:\/\/wp.ufpel.edu.br\/cepe2022\/files\/2022\/10\/bannersitecepe-01-1024x377.png 1024w, https:\/\/wp.ufpel.edu.br\/cepe2022\/files\/2022\/10\/bannersitecepe-01-768x283.png 768w, https:\/\/wp.ufpel.edu.br\/cepe2022\/files\/2022\/10\/bannersitecepe-01-1536x566.png 1536w\" sizes=\"auto, (max-width: 2048px) 100vw, 2048px\" \/><\/div><\/div><\/figure><\/div><\/div><\/li><\/ul><\/div><\/div><\/div><\/div>\n\n<style>.kadence-column_0fc331-b5 > .kt-inside-inner-col{border-top-width:0px;border-right-width:0px;border-bottom-width:0px;border-left-width:0px;}.kadence-column_0fc331-b5 > .kt-inside-inner-col,.kadence-column_0fc331-b5 > .kt-inside-inner-col:before{border-top-left-radius:0px;border-top-right-radius:0px;border-bottom-right-radius:0px;border-bottom-left-radius:0px;}.kadence-column_0fc331-b5 > .kt-inside-inner-col{column-gap:var(--global-kb-gap-sm, 1rem);}.kadence-column_0fc331-b5 > .kt-inside-inner-col{flex-direction:column;}.kadence-column_0fc331-b5 > .kt-inside-inner-col > .aligncenter{width:100%;}.kadence-column_0fc331-b5 > .kt-inside-inner-col{background-color:#ffffff;}.kadence-column_0fc331-b5 > .kt-inside-inner-col:before{opacity:0.3;}.kadence-column_0fc331-b5{position:relative;}@media all and (max-width: 1024px){.kadence-column_0fc331-b5 > .kt-inside-inner-col{flex-direction:column;justify-content:center;}}@media all and (max-width: 767px){.kadence-column_0fc331-b5 > .kt-inside-inner-col{flex-direction:column;justify-content:center;}}<\/style>\n<div class=\"wp-block-kadence-column inner-column-1 kadence-column_0fc331-b5\"><div class=\"kt-inside-inner-col\"><style>#kt-layout-id_31f418-b3 > .kt-row-column-wrap{align-content:start;}:where(#kt-layout-id_31f418-b3 > .kt-row-column-wrap) > .wp-block-kadence-column{justify-content:start;}#kt-layout-id_31f418-b3 > .kt-row-column-wrap{column-gap:var(--global-kb-gap-md, 2rem);row-gap:var(--global-kb-gap-md, 2rem);padding-top:var( --global-kb-row-default-top, 25px );padding-bottom:var( --global-kb-row-default-bottom, 25px );padding-top:var(--global-kb-spacing-sm, 1.5rem);padding-bottom:var(--global-kb-spacing-sm, 1.5rem);grid-template-columns:minmax(0, calc(10% - ((var(--global-kb-gap-md, 2rem) * 2 )\/3)))minmax(0, calc(80% - ((var(--global-kb-gap-md, 2rem) * 2 )\/3)))minmax(0, calc(10% - ((var(--global-kb-gap-md, 2rem) * 2 )\/3)));}#kt-layout-id_31f418-b3 > .kt-row-layout-overlay{opacity:0.30;}@media all and (max-width: 1024px){#kt-layout-id_31f418-b3 > .kt-row-column-wrap > div:not(.added-for-specificity){grid-column:initial;}}@media all and (max-width: 1024px){#kt-layout-id_31f418-b3 > .kt-row-column-wrap{grid-template-columns:minmax(0, 1fr) minmax(0, 2fr) minmax(0, 1fr);}}@media all and (max-width: 767px){#kt-layout-id_31f418-b3 > .kt-row-column-wrap > div:not(.added-for-specificity){grid-column:initial;}#kt-layout-id_31f418-b3 > .kt-row-column-wrap{grid-template-columns:minmax(0, 1fr);}}<\/style>\n<div class=\"wp-block-kadence-rowlayout alignnone\"><div id=\"kt-layout-id_31f418-b3\" class=\"kt-row-layout-inner kt-layout-id_31f418-b3\"><div class=\"kt-row-column-wrap kt-has-3-columns kt-gutter-default kt-v-gutter-default kt-row-valign-top kt-row-layout-center-half kt-tab-layout-inherit kt-m-colapse-left-to-right kt-mobile-layout-row  kt-custom-first-width-10  kt-custom-second-width-80  kt-custom-third-width-10\"><style>.kadence-column_8e4484-76 > .kt-inside-inner-col{border-top-width:0px;border-right-width:0px;border-bottom-width:0px;border-left-width:0px;}.kadence-column_8e4484-76 > .kt-inside-inner-col,.kadence-column_8e4484-76 > .kt-inside-inner-col:before{border-top-left-radius:0px;border-top-right-radius:0px;border-bottom-right-radius:0px;border-bottom-left-radius:0px;}.kadence-column_8e4484-76 > .kt-inside-inner-col{column-gap:var(--global-kb-gap-sm, 1rem);}.kadence-column_8e4484-76 > .kt-inside-inner-col{flex-direction:column;}.kadence-column_8e4484-76 > .kt-inside-inner-col > .aligncenter{width:100%;}.kadence-column_8e4484-76 > .kt-inside-inner-col:before{opacity:0.3;}.kadence-column_8e4484-76{position:relative;}@media all and (max-width: 1024px){.kadence-column_8e4484-76 > .kt-inside-inner-col{flex-direction:column;justify-content:center;}}@media all and (max-width: 767px){.kadence-column_8e4484-76 > .kt-inside-inner-col{flex-direction:column;justify-content:center;}}<\/style>\n<div class=\"wp-block-kadence-column inner-column-1 kadence-column_8e4484-76\"><div class=\"kt-inside-inner-col\"><\/div><\/div>\n\n\n<style>.kadence-column_2d88d8-2f > .kt-inside-inner-col{border-top-width:0px;border-right-width:0px;border-bottom-width:0px;border-left-width:0px;}.kadence-column_2d88d8-2f > .kt-inside-inner-col,.kadence-column_2d88d8-2f > .kt-inside-inner-col:before{border-top-left-radius:0px;border-top-right-radius:0px;border-bottom-right-radius:0px;border-bottom-left-radius:0px;}.kadence-column_2d88d8-2f > .kt-inside-inner-col{column-gap:var(--global-kb-gap-sm, 1rem);}.kadence-column_2d88d8-2f > .kt-inside-inner-col{flex-direction:column;}.kadence-column_2d88d8-2f > .kt-inside-inner-col > .aligncenter{width:100%;}.kadence-column_2d88d8-2f > .kt-inside-inner-col:before{opacity:0.3;}.kadence-column_2d88d8-2f{position:relative;}@media all and (max-width: 1024px){.kadence-column_2d88d8-2f > .kt-inside-inner-col{flex-direction:column;justify-content:center;}}@media all and (max-width: 767px){.kadence-column_2d88d8-2f > .kt-inside-inner-col{flex-direction:column;justify-content:center;}}<\/style>\n<div class=\"wp-block-kadence-column inner-column-2 kadence-column_2d88d8-2f\"><div class=\"kt-inside-inner-col\"><style>.wp-block-kadence-advancedheading.kt-adv-heading_1ee180-cf, .wp-block-kadence-advancedheading.kt-adv-heading_1ee180-cf[data-kb-block=\"kb-adv-heading_1ee180-cf\"]{text-align:center;font-style:normal;}.wp-block-kadence-advancedheading.kt-adv-heading_1ee180-cf mark.kt-highlight, .wp-block-kadence-advancedheading.kt-adv-heading_1ee180-cf[data-kb-block=\"kb-adv-heading_1ee180-cf\"] mark.kt-highlight{font-style:normal;color:#f76a0c;-webkit-box-decoration-break:clone;box-decoration-break:clone;padding-top:0px;padding-right:0px;padding-bottom:0px;padding-left:0px;}.wp-block-kadence-advancedheading.kt-adv-heading_1ee180-cf img.kb-inline-image, .wp-block-kadence-advancedheading.kt-adv-heading_1ee180-cf[data-kb-block=\"kb-adv-heading_1ee180-cf\"] img.kb-inline-image{width:150px;vertical-align:baseline;}<\/style>\n<h1 class=\"kt-adv-heading_1ee180-cf wp-block-kadence-advancedheading\" data-kb-block=\"kb-adv-heading_1ee180-cf\">Organiza\u00e7\u00e3o<\/h1>\n\n\n\n<p class=\"has-text-align-center\"><strong>Coordena\u00e7\u00e3o<\/strong><\/p>\n\n\n\n<p class=\"has-text-align-center\">\u00c1lvaro Moreira Hypolito<\/p>\n\n\n\n<p class=\"has-text-align-center\">Iana Gomes de Lima<\/p>\n\n\n\n<p class=\"has-text-align-center\">Luciana Leandro Silva<\/p>\n\n\n\n<p class=\"has-text-align-center\">Ricardo Boklis Golbspan<\/p>\n\n\n\n<p class=\"has-text-align-center\">Simone Gon\u00e7alves da Silva<\/p>\n\n\n<style>.wp-block-kadence-spacer.kt-block-spacer-_dc13ba-43 .kt-block-spacer{height:20px;}.wp-block-kadence-spacer.kt-block-spacer-_dc13ba-43 .kt-divider{border-top-width:1px;height:1px;border-top-color:#eee;width:80%;border-top-style:solid;}<\/style>\n<div class=\"wp-block-kadence-spacer aligncenter kt-block-spacer-_dc13ba-43\"><div class=\"kt-block-spacer kt-block-spacer-halign-center\"><\/div><\/div>\n\n\n\n<p class=\"has-text-align-center\"><strong>Equipe<\/strong><\/p>\n\n\n\n<p class=\"has-text-align-center\">Andressa Aita Ivo<\/p>\n\n\n\n<p class=\"has-text-align-center\">Celiane de Freitas Ribeiro<\/p>\n\n\n\n<p class=\"has-text-align-center\">Joana Lemos Rios<\/p>\n\n\n\n<p class=\"has-text-align-center\">Julia Barreto de Almeida<\/p>\n\n\n\n<p class=\"has-text-align-center\">Taina Franco Domingues<\/p>\n\n\n<style>.wp-block-kadence-spacer.kt-block-spacer-_43cdbd-48 .kt-block-spacer{height:30px;}.wp-block-kadence-spacer.kt-block-spacer-_43cdbd-48 .kt-divider{border-top-width:1px;height:1px;border-top-color:#eee;width:80%;border-top-style:solid;}<\/style>\n<div class=\"wp-block-kadence-spacer aligncenter kt-block-spacer-_43cdbd-48\"><div class=\"kt-block-spacer kt-block-spacer-halign-center\"><\/div><\/div>\n<\/div><\/div>\n\n\n<style>.kadence-column_a31f36-b8 > .kt-inside-inner-col{border-top-width:0px;border-right-width:0px;border-bottom-width:0px;border-left-width:0px;}.kadence-column_a31f36-b8 > .kt-inside-inner-col,.kadence-column_a31f36-b8 > .kt-inside-inner-col:before{border-top-left-radius:0px;border-top-right-radius:0px;border-bottom-right-radius:0px;border-bottom-left-radius:0px;}.kadence-column_a31f36-b8 > .kt-inside-inner-col{column-gap:var(--global-kb-gap-sm, 1rem);}.kadence-column_a31f36-b8 > .kt-inside-inner-col{flex-direction:column;}.kadence-column_a31f36-b8 > .kt-inside-inner-col > .aligncenter{width:100%;}.kadence-column_a31f36-b8 > .kt-inside-inner-col:before{opacity:0.3;}.kadence-column_a31f36-b8{position:relative;}@media all and (max-width: 1024px){.kadence-column_a31f36-b8 > .kt-inside-inner-col{flex-direction:column;justify-content:center;}}@media all and (max-width: 767px){.kadence-column_a31f36-b8 > .kt-inside-inner-col{flex-direction:column;justify-content:center;}}<\/style>\n<div class=\"wp-block-kadence-column inner-column-3 kadence-column_a31f36-b8\"><div class=\"kt-inside-inner-col\"><\/div><\/div>\n<\/div><\/div><\/div>\n<\/div><\/div>\n","protected":false},"excerpt":{"rendered":"<p>Organiza\u00e7\u00e3o Coordena\u00e7\u00e3o \u00c1lvaro Moreira Hypolito Iana Gomes de Lima Luciana Leandro Silva Ricardo Boklis Golbspan Simone Gon\u00e7alves da Silva Equipe Andressa Aita Ivo Celiane de Freitas Ribeiro Joana Lemos Rios Julia Barreto de Almeida Taina Franco Domingues<\/p>\n","protected":false},"author":297,"featured_media":0,"parent":0,"menu_order":0,"comment_status":"closed","ping_status":"closed","template":"templates\/template-full-notitle.php","meta":{"footnotes":""},"class_list":["post-37","page","type-page","status-publish","hentry","post"],"_links":{"self":[{"href":"https:\/\/wp.ufpel.edu.br\/cepe2022\/wp-json\/wp\/v2\/pages\/37","targetHints":{"allow":["GET"]}}],"collection":[{"href":"https:\/\/wp.ufpel.edu.br\/cepe2022\/wp-json\/wp\/v2\/pages"}],"about":[{"href":"https:\/\/wp.ufpel.edu.br\/cepe2022\/wp-json\/wp\/v2\/types\/page"}],"author":[{"embeddable":true,"href":"https:\/\/wp.ufpel.edu.br\/cepe2022\/wp-json\/wp\/v2\/users\/297"}],"replies":[{"embeddable":true,"href":"https:\/\/wp.ufpel.edu.br\/cepe2022\/wp-json\/wp\/v2\/comments?post=37"}],"version-history":[{"count":6,"href":"https:\/\/wp.ufpel.edu.br\/cepe2022\/wp-json\/wp\/v2\/pages\/37\/revisions"}],"predecessor-version":[{"id":133,"href":"https:\/\/wp.ufpel.edu.br\/cepe2022\/wp-json\/wp\/v2\/pages\/37\/revisions\/133"}],"wp:attachment":[{"href":"https:\/\/wp.ufpel.edu.br\/cepe2022\/wp-json\/wp\/v2\/media?parent=37"}],"curies":[{"name":"wp","href":"https:\/\/api.w.org\/{rel}","templated":true}]}}