{"id":29,"date":"2022-10-12T12:29:01","date_gmt":"2022-10-12T15:29:01","guid":{"rendered":"https:\/\/wp.ufpel.edu.br\/cepe2022\/?page_id=29"},"modified":"2022-10-18T22:09:27","modified_gmt":"2022-10-19T01:09:27","slug":"inscricoes","status":"publish","type":"page","link":"https:\/\/wp.ufpel.edu.br\/cepe2022\/inscricoes\/","title":{"rendered":"Inscri\u00e7\u00f5es"},"content":{"rendered":"<style>.wp-block-kadence-advancedgallery.kb-gallery-wrap-id-_29c9bd-d7{margin-top:-5px;margin-right:-5px;margin-bottom:-5px;margin-left:-5px;}.kb-gallery-id-_29c9bd-d7 .kadence-blocks-gallery-item .kb-gal-image-radius, .kb-gallery-id-_29c9bd-d7 .kb-slide-item .kb-gal-image-radius img{border-radius:0px 0px 0px 0px;;}.kb-gallery-wrap-id-_29c9bd-d7.wp-block-kadence-advancedgallery{overflow:visible;}.kb-gallery-wrap-id-_29c9bd-d7.wp-block-kadence-advancedgallery .kt-blocks-carousel{overflow:visible;}<\/style><div class=\"kb-gallery-wrap-id-_29c9bd-d7 alignfull alignfull wp-block-kadence-advancedgallery\"><div class=\"kb-gallery-ul kb-gallery-non-static kb-gallery-type-slider kb-gallery-id-_29c9bd-d7 kb-gallery-caption-style-bottom-hover kb-gallery-filter-none\" data-image-filter=\"none\" data-lightbox-caption=\"true\"><div class=\"kt-blocks-carousel splide kt-carousel-container-dotstyle-none\" data-slider-anim-speed=\"1020\" data-slider-scroll=\"1\" data-slider-arrows=\"false\" data-slider-fade=\"true\" data-slider-dots=\"false\" data-slider-type=\"slider\" data-slider-hover-pause=\"false\" data-slider-auto=\"1\" data-slider-speed=\"2060\" data-show-pause-button=\"false\"><div class=\"splide__track\"><ul class=\"kt-blocks-carousel-init kb-blocks-slider splide__list kt-carousel-arrowstyle-none kt-carousel-dotstyle-none kb-slider-group-arrow kb-slider-arrow-position-center\"><li class=\"kb-slide-item kb-gallery-slide-item splide__slide\"><div class=\"kadence-blocks-gallery-item\"><div class=\"kadence-blocks-gallery-item-inner\"><figure class=\"kb-gallery-figure kadence-blocks-gallery-item-hide-caption\"><div class=\"kb-gal-image-radius\"><div class=\"kb-gallery-image-contain kadence-blocks-gallery-intrinsic kb-gallery-image-ratio-land31 kb-has-image-ratio-land31\" ><img loading=\"lazy\" decoding=\"async\" src=\"https:\/\/wp.ufpel.edu.br\/cepe2022\/files\/2022\/10\/bannersitecepe-02-2048x755.png\" width=\"2048\" height=\"755\" alt=\"\" data-full-image=\"https:\/\/wp.ufpel.edu.br\/cepe2022\/files\/2022\/10\/bannersitecepe-02.png\" data-light-image=\"https:\/\/wp.ufpel.edu.br\/cepe2022\/files\/2022\/10\/bannersitecepe-02.png\" data-id=\"20\" class=\"wp-image-20 skip-lazy\" srcset=\"https:\/\/wp.ufpel.edu.br\/cepe2022\/files\/2022\/10\/bannersitecepe-02-2048x755.png 2048w, https:\/\/wp.ufpel.edu.br\/cepe2022\/files\/2022\/10\/bannersitecepe-02-400x147.png 400w, https:\/\/wp.ufpel.edu.br\/cepe2022\/files\/2022\/10\/bannersitecepe-02-1024x377.png 1024w, https:\/\/wp.ufpel.edu.br\/cepe2022\/files\/2022\/10\/bannersitecepe-02-768x283.png 768w, https:\/\/wp.ufpel.edu.br\/cepe2022\/files\/2022\/10\/bannersitecepe-02-1536x566.png 1536w\" sizes=\"auto, (max-width: 2048px) 100vw, 2048px\" \/><\/div><\/div><\/figure><\/div><\/div><\/li><li class=\"kb-slide-item kb-gallery-slide-item splide__slide\"><div class=\"kadence-blocks-gallery-item\"><div class=\"kadence-blocks-gallery-item-inner\"><figure class=\"kb-gallery-figure kadence-blocks-gallery-item-hide-caption\"><div class=\"kb-gal-image-radius\"><div class=\"kb-gallery-image-contain kadence-blocks-gallery-intrinsic kb-gallery-image-ratio-land31 kb-has-image-ratio-land31\" ><img loading=\"lazy\" decoding=\"async\" src=\"https:\/\/wp.ufpel.edu.br\/cepe2022\/files\/2022\/10\/bannersitecepe-01-2048x755.png\" width=\"2048\" height=\"755\" alt=\"\" data-full-image=\"https:\/\/wp.ufpel.edu.br\/cepe2022\/files\/2022\/10\/bannersitecepe-01.png\" data-light-image=\"https:\/\/wp.ufpel.edu.br\/cepe2022\/files\/2022\/10\/bannersitecepe-01.png\" data-id=\"115\" class=\"wp-image-115 skip-lazy\" srcset=\"https:\/\/wp.ufpel.edu.br\/cepe2022\/files\/2022\/10\/bannersitecepe-01-2048x755.png 2048w, https:\/\/wp.ufpel.edu.br\/cepe2022\/files\/2022\/10\/bannersitecepe-01-400x147.png 400w, https:\/\/wp.ufpel.edu.br\/cepe2022\/files\/2022\/10\/bannersitecepe-01-1024x377.png 1024w, https:\/\/wp.ufpel.edu.br\/cepe2022\/files\/2022\/10\/bannersitecepe-01-768x283.png 768w, https:\/\/wp.ufpel.edu.br\/cepe2022\/files\/2022\/10\/bannersitecepe-01-1536x566.png 1536w\" sizes=\"auto, (max-width: 2048px) 100vw, 2048px\" \/><\/div><\/div><\/figure><\/div><\/div><\/li><\/ul><\/div><\/div><\/div><\/div>\n\n<style>.kadence-column_7293a4-92 > .kt-inside-inner-col{border-top-width:0px;border-right-width:0px;border-bottom-width:0px;border-left-width:0px;}.kadence-column_7293a4-92 > .kt-inside-inner-col,.kadence-column_7293a4-92 > .kt-inside-inner-col:before{border-top-left-radius:0px;border-top-right-radius:0px;border-bottom-right-radius:0px;border-bottom-left-radius:0px;}.kadence-column_7293a4-92 > .kt-inside-inner-col{column-gap:var(--global-kb-gap-sm, 1rem);}.kadence-column_7293a4-92 > .kt-inside-inner-col{flex-direction:column;}.kadence-column_7293a4-92 > .kt-inside-inner-col > .aligncenter{width:100%;}.kadence-column_7293a4-92 > .kt-inside-inner-col{background-color:#ffffff;}.kadence-column_7293a4-92 > .kt-inside-inner-col:before{opacity:0.3;}.kadence-column_7293a4-92{position:relative;}@media all and (max-width: 1024px){.kadence-column_7293a4-92 > .kt-inside-inner-col{flex-direction:column;justify-content:center;}}@media all and (max-width: 767px){.kadence-column_7293a4-92 > .kt-inside-inner-col{flex-direction:column;justify-content:center;}}<\/style>\n<div class=\"wp-block-kadence-column inner-column-1 kadence-column_7293a4-92\"><div class=\"kt-inside-inner-col\"><style>#kt-layout-id_830143-45 > .kt-row-column-wrap{align-content:start;}:where(#kt-layout-id_830143-45 > .kt-row-column-wrap) > .wp-block-kadence-column{justify-content:start;}#kt-layout-id_830143-45 > .kt-row-column-wrap{column-gap:var(--global-kb-gap-md, 2rem);row-gap:var(--global-kb-gap-md, 2rem);padding-top:var( --global-kb-row-default-top, 25px );padding-bottom:var( --global-kb-row-default-bottom, 25px );padding-top:var(--global-kb-spacing-sm, 1.5rem);padding-bottom:var(--global-kb-spacing-sm, 1.5rem);grid-template-columns:minmax(0, calc(10% - ((var(--global-kb-gap-md, 2rem) * 2 )\/3)))minmax(0, calc(80% - ((var(--global-kb-gap-md, 2rem) * 2 )\/3)))minmax(0, calc(10% - ((var(--global-kb-gap-md, 2rem) * 2 )\/3)));}#kt-layout-id_830143-45 > .kt-row-layout-overlay{opacity:0.30;}@media all and (max-width: 1024px){#kt-layout-id_830143-45 > .kt-row-column-wrap > div:not(.added-for-specificity){grid-column:initial;}}@media all and (max-width: 1024px){#kt-layout-id_830143-45 > .kt-row-column-wrap{grid-template-columns:minmax(0, 1fr) minmax(0, 2fr) minmax(0, 1fr);}}@media all and (max-width: 767px){#kt-layout-id_830143-45 > .kt-row-column-wrap > div:not(.added-for-specificity){grid-column:initial;}#kt-layout-id_830143-45 > .kt-row-column-wrap{grid-template-columns:minmax(0, 1fr);}}<\/style>\n<div class=\"wp-block-kadence-rowlayout alignnone\"><div id=\"kt-layout-id_830143-45\" class=\"kt-row-layout-inner kt-layout-id_830143-45\"><div class=\"kt-row-column-wrap kt-has-3-columns kt-gutter-default kt-v-gutter-default kt-row-valign-top kt-row-layout-center-half kt-tab-layout-inherit kt-m-colapse-left-to-right kt-mobile-layout-row  kt-custom-first-width-10  kt-custom-second-width-80  kt-custom-third-width-10\"><style>.kadence-column_38f237-62 > .kt-inside-inner-col{border-top-width:0px;border-right-width:0px;border-bottom-width:0px;border-left-width:0px;}.kadence-column_38f237-62 > .kt-inside-inner-col,.kadence-column_38f237-62 > .kt-inside-inner-col:before{border-top-left-radius:0px;border-top-right-radius:0px;border-bottom-right-radius:0px;border-bottom-left-radius:0px;}.kadence-column_38f237-62 > .kt-inside-inner-col{column-gap:var(--global-kb-gap-sm, 1rem);}.kadence-column_38f237-62 > .kt-inside-inner-col{flex-direction:column;}.kadence-column_38f237-62 > .kt-inside-inner-col > .aligncenter{width:100%;}.kadence-column_38f237-62 > .kt-inside-inner-col:before{opacity:0.3;}.kadence-column_38f237-62{position:relative;}@media all and (max-width: 1024px){.kadence-column_38f237-62 > .kt-inside-inner-col{flex-direction:column;justify-content:center;}}@media all and (max-width: 767px){.kadence-column_38f237-62 > .kt-inside-inner-col{flex-direction:column;justify-content:center;}}<\/style>\n<div class=\"wp-block-kadence-column inner-column-1 kadence-column_38f237-62\"><div class=\"kt-inside-inner-col\"><\/div><\/div>\n\n\n<style>.kadence-column_fed02b-bf > .kt-inside-inner-col{border-top-width:0px;border-right-width:0px;border-bottom-width:0px;border-left-width:0px;}.kadence-column_fed02b-bf > .kt-inside-inner-col,.kadence-column_fed02b-bf > .kt-inside-inner-col:before{border-top-left-radius:0px;border-top-right-radius:0px;border-bottom-right-radius:0px;border-bottom-left-radius:0px;}.kadence-column_fed02b-bf > .kt-inside-inner-col{column-gap:var(--global-kb-gap-sm, 1rem);}.kadence-column_fed02b-bf > .kt-inside-inner-col{flex-direction:column;}.kadence-column_fed02b-bf > .kt-inside-inner-col > .aligncenter{width:100%;}.kadence-column_fed02b-bf > .kt-inside-inner-col:before{opacity:0.3;}.kadence-column_fed02b-bf{position:relative;}@media all and (max-width: 1024px){.kadence-column_fed02b-bf > .kt-inside-inner-col{flex-direction:column;justify-content:center;}}@media all and (max-width: 767px){.kadence-column_fed02b-bf > .kt-inside-inner-col{flex-direction:column;justify-content:center;}}<\/style>\n<div class=\"wp-block-kadence-column inner-column-2 kadence-column_fed02b-bf\"><div class=\"kt-inside-inner-col\"><style>.wp-block-kadence-advancedheading.kt-adv-heading_918281-bb, .wp-block-kadence-advancedheading.kt-adv-heading_918281-bb[data-kb-block=\"kb-adv-heading_918281-bb\"]{text-align:center;font-style:normal;}.wp-block-kadence-advancedheading.kt-adv-heading_918281-bb mark.kt-highlight, .wp-block-kadence-advancedheading.kt-adv-heading_918281-bb[data-kb-block=\"kb-adv-heading_918281-bb\"] mark.kt-highlight{font-style:normal;color:#f76a0c;-webkit-box-decoration-break:clone;box-decoration-break:clone;padding-top:0px;padding-right:0px;padding-bottom:0px;padding-left:0px;}.wp-block-kadence-advancedheading.kt-adv-heading_918281-bb img.kb-inline-image, .wp-block-kadence-advancedheading.kt-adv-heading_918281-bb[data-kb-block=\"kb-adv-heading_918281-bb\"] img.kb-inline-image{width:150px;vertical-align:baseline;}<\/style>\n<h1 class=\"kt-adv-heading_918281-bb wp-block-kadence-advancedheading\" data-kb-block=\"kb-adv-heading_918281-bb\">Inscri\u00e7\u00f5es<\/h1>\n\n\n<style>.wp-block-kadence-spacer.kt-block-spacer-_9d25a5-04 .kt-block-spacer{height:10px;}.wp-block-kadence-spacer.kt-block-spacer-_9d25a5-04 .kt-divider{border-top-width:1px;height:1px;border-top-color:#eee;width:80%;border-top-style:solid;}<\/style>\n<div class=\"wp-block-kadence-spacer aligncenter kt-block-spacer-_9d25a5-04\"><div class=\"kt-block-spacer kt-block-spacer-halign-center\"><\/div><\/div>\n\n\n\n<p>As inscri\u00e7\u00f5es ocorrer\u00e3o nos dias em que ser\u00e1 realizado o evento (04, 11 e 18 de novembro de 2022). Para aqueles\/as que tiverem interesse em inscrever-se, em cada dia, ser\u00e1 disponibilizado um link, no canal do CEPE no Youtube. Salienta-se que as inscri\u00e7\u00f5es ser\u00e3o gratuitas e ser\u00e1 disponibilizado certificado totalizando a carga hor\u00e1ria de participa\u00e7\u00e3o no evento.<\/p>\n\n\n<style>.wp-block-kadence-spacer.kt-block-spacer-_c1a3d5-b7 .kt-block-spacer{height:30px;}.wp-block-kadence-spacer.kt-block-spacer-_c1a3d5-b7 .kt-divider{border-top-width:1px;height:1px;border-top-color:#eee;width:80%;border-top-style:solid;}<\/style>\n<div class=\"wp-block-kadence-spacer aligncenter kt-block-spacer-_c1a3d5-b7\"><div class=\"kt-block-spacer kt-block-spacer-halign-center\"><\/div><\/div>\n<\/div><\/div>\n\n\n<style>.kadence-column_f4bd72-6e > .kt-inside-inner-col{border-top-width:0px;border-right-width:0px;border-bottom-width:0px;border-left-width:0px;}.kadence-column_f4bd72-6e > .kt-inside-inner-col,.kadence-column_f4bd72-6e > .kt-inside-inner-col:before{border-top-left-radius:0px;border-top-right-radius:0px;border-bottom-right-radius:0px;border-bottom-left-radius:0px;}.kadence-column_f4bd72-6e > .kt-inside-inner-col{column-gap:var(--global-kb-gap-sm, 1rem);}.kadence-column_f4bd72-6e > .kt-inside-inner-col{flex-direction:column;}.kadence-column_f4bd72-6e > .kt-inside-inner-col > .aligncenter{width:100%;}.kadence-column_f4bd72-6e > .kt-inside-inner-col:before{opacity:0.3;}.kadence-column_f4bd72-6e{position:relative;}@media all and (max-width: 1024px){.kadence-column_f4bd72-6e > .kt-inside-inner-col{flex-direction:column;justify-content:center;}}@media all and (max-width: 767px){.kadence-column_f4bd72-6e > .kt-inside-inner-col{flex-direction:column;justify-content:center;}}<\/style>\n<div class=\"wp-block-kadence-column inner-column-3 kadence-column_f4bd72-6e\"><div class=\"kt-inside-inner-col\"><\/div><\/div>\n<\/div><\/div><\/div>\n<\/div><\/div>\n\n\n\n<p><\/p>\n","protected":false},"excerpt":{"rendered":"<p>Inscri\u00e7\u00f5es As inscri\u00e7\u00f5es ocorrer\u00e3o nos dias em que ser\u00e1 realizado o evento (04, 11 e 18 de novembro de 2022). Para aqueles\/as que tiverem interesse em inscrever-se, em cada dia, ser\u00e1 disponibilizado um link, no canal do CEPE no Youtube. Salienta-se que as inscri\u00e7\u00f5es ser\u00e3o gratuitas e ser\u00e1 disponibilizado certificado totalizando a carga hor\u00e1ria de [&hellip;]<\/p>\n","protected":false},"author":297,"featured_media":0,"parent":0,"menu_order":0,"comment_status":"closed","ping_status":"closed","template":"templates\/template-full-notitle.php","meta":{"footnotes":""},"class_list":["post-29","page","type-page","status-publish","hentry","post"],"_links":{"self":[{"href":"https:\/\/wp.ufpel.edu.br\/cepe2022\/wp-json\/wp\/v2\/pages\/29","targetHints":{"allow":["GET"]}}],"collection":[{"href":"https:\/\/wp.ufpel.edu.br\/cepe2022\/wp-json\/wp\/v2\/pages"}],"about":[{"href":"https:\/\/wp.ufpel.edu.br\/cepe2022\/wp-json\/wp\/v2\/types\/page"}],"author":[{"embeddable":true,"href":"https:\/\/wp.ufpel.edu.br\/cepe2022\/wp-json\/wp\/v2\/users\/297"}],"replies":[{"embeddable":true,"href":"https:\/\/wp.ufpel.edu.br\/cepe2022\/wp-json\/wp\/v2\/comments?post=29"}],"version-history":[{"count":5,"href":"https:\/\/wp.ufpel.edu.br\/cepe2022\/wp-json\/wp\/v2\/pages\/29\/revisions"}],"predecessor-version":[{"id":120,"href":"https:\/\/wp.ufpel.edu.br\/cepe2022\/wp-json\/wp\/v2\/pages\/29\/revisions\/120"}],"wp:attachment":[{"href":"https:\/\/wp.ufpel.edu.br\/cepe2022\/wp-json\/wp\/v2\/media?parent=29"}],"curies":[{"name":"wp","href":"https:\/\/api.w.org\/{rel}","templated":true}]}}