{"id":58,"date":"2021-10-20T11:53:39","date_gmt":"2021-10-20T14:53:39","guid":{"rendered":"https:\/\/wp.ufpel.edu.br\/cepe2021\/?page_id=58"},"modified":"2021-10-26T14:46:04","modified_gmt":"2021-10-26T17:46:04","slug":"inscricao","status":"publish","type":"page","link":"https:\/\/wp.ufpel.edu.br\/cepe2021\/inscricao\/","title":{"rendered":"Inscri\u00e7\u00f5es"},"content":{"rendered":"<style>.wp-block-kadence-advancedgallery.kb-gallery-wrap-id-_230063-9d{margin-top:-5px;margin-right:0px;margin-bottom:0px;margin-left:0px;}.kb-gallery-id-_230063-9d .kadence-blocks-gallery-item .kb-gal-image-radius, .kb-gallery-id-_230063-9d .kb-slide-item .kb-gal-image-radius img{border-radius:0px 0px 0px 0px;;}.kb-gallery-wrap-id-_230063-9d.wp-block-kadence-advancedgallery{overflow:visible;}.kb-gallery-wrap-id-_230063-9d.wp-block-kadence-advancedgallery .kt-blocks-carousel{overflow:visible;}<\/style><div class=\"kb-gallery-wrap-id-_230063-9d alignfull alignfull wp-block-kadence-advancedgallery\"><div class=\"kb-gallery-ul kb-gallery-non-static kb-gallery-type-slider kb-gallery-id-_230063-9d kb-gallery-caption-style-bottom-hover kb-gallery-filter-none\" data-image-filter=\"none\" data-lightbox-caption=\"true\"><div class=\"kt-blocks-carousel splide kt-carousel-container-dotstyle-none\" data-slider-anim-speed=\"1700\" data-slider-scroll=\"1\" data-slider-arrows=\"false\" data-slider-fade=\"true\" data-slider-dots=\"false\" data-slider-type=\"slider\" data-slider-hover-pause=\"false\" data-slider-auto=\"1\" data-slider-speed=\"1300\" data-show-pause-button=\"false\"><div class=\"splide__track\"><ul class=\"kt-blocks-carousel-init kb-blocks-slider splide__list kt-carousel-arrowstyle-none kt-carousel-dotstyle-none kb-slider-group-arrow kb-slider-arrow-position-center\"><li class=\"kb-slide-item kb-gallery-slide-item splide__slide\"><div class=\"kadence-blocks-gallery-item\"><div class=\"kadence-blocks-gallery-item-inner\"><figure class=\"kb-gallery-figure kadence-blocks-gallery-item-hide-caption\"><div class=\"kb-gal-image-radius\"><div class=\"kb-gallery-image-contain kadence-blocks-gallery-intrinsic kb-gallery-image-ratio-land31 kb-has-image-ratio-land31\" ><img loading=\"lazy\" decoding=\"async\" src=\"https:\/\/wp.ufpel.edu.br\/cepe2021\/files\/2021\/10\/Bannersite-01-1.png\" width=\"1428\" height=\"450\" alt=\"\" data-full-image=\"https:\/\/wp.ufpel.edu.br\/cepe2021\/files\/2021\/10\/Bannersite-01-1.png\" data-light-image=\"https:\/\/wp.ufpel.edu.br\/cepe2021\/files\/2021\/10\/Bannersite-01-1.png\" data-id=\"164\" class=\"wp-image-164 skip-lazy\" srcset=\"https:\/\/wp.ufpel.edu.br\/cepe2021\/files\/2021\/10\/Bannersite-01-1.png 1428w, https:\/\/wp.ufpel.edu.br\/cepe2021\/files\/2021\/10\/Bannersite-01-1-400x126.png 400w, https:\/\/wp.ufpel.edu.br\/cepe2021\/files\/2021\/10\/Bannersite-01-1-1024x323.png 1024w, https:\/\/wp.ufpel.edu.br\/cepe2021\/files\/2021\/10\/Bannersite-01-1-768x242.png 768w\" sizes=\"auto, (max-width: 1428px) 100vw, 1428px\" \/><\/div><\/div><\/figure><\/div><\/div><\/li><li class=\"kb-slide-item kb-gallery-slide-item splide__slide\"><div class=\"kadence-blocks-gallery-item\"><div class=\"kadence-blocks-gallery-item-inner\"><figure class=\"kb-gallery-figure kadence-blocks-gallery-item-hide-caption\"><div class=\"kb-gal-image-radius\"><div class=\"kb-gallery-image-contain kadence-blocks-gallery-intrinsic kb-gallery-image-ratio-land31 kb-has-image-ratio-land31\" ><img loading=\"lazy\" decoding=\"async\" src=\"https:\/\/wp.ufpel.edu.br\/cepe2021\/files\/2021\/10\/Bannersite2-01.png\" width=\"1428\" height=\"450\" alt=\"\" data-full-image=\"https:\/\/wp.ufpel.edu.br\/cepe2021\/files\/2021\/10\/Bannersite2-01.png\" data-light-image=\"https:\/\/wp.ufpel.edu.br\/cepe2021\/files\/2021\/10\/Bannersite2-01.png\" data-id=\"174\" class=\"wp-image-174 skip-lazy\" srcset=\"https:\/\/wp.ufpel.edu.br\/cepe2021\/files\/2021\/10\/Bannersite2-01.png 1428w, https:\/\/wp.ufpel.edu.br\/cepe2021\/files\/2021\/10\/Bannersite2-01-400x126.png 400w, https:\/\/wp.ufpel.edu.br\/cepe2021\/files\/2021\/10\/Bannersite2-01-1024x323.png 1024w, https:\/\/wp.ufpel.edu.br\/cepe2021\/files\/2021\/10\/Bannersite2-01-768x242.png 768w\" sizes=\"auto, (max-width: 1428px) 100vw, 1428px\" \/><\/div><\/div><\/figure><\/div><\/div><\/li><\/ul><\/div><\/div><\/div><\/div>\n\n<style>#kt-layout-id_9c2ac9-60 > .kt-row-column-wrap{align-content:start;}:where(#kt-layout-id_9c2ac9-60 > .kt-row-column-wrap) > .wp-block-kadence-column{justify-content:start;}#kt-layout-id_9c2ac9-60 > .kt-row-column-wrap{column-gap:var(--global-kb-gap-md, 2rem);row-gap:var(--global-kb-gap-md, 2rem);padding-top:var( --global-kb-row-default-top, 25px );padding-bottom:var( --global-kb-row-default-bottom, 25px );padding-top:var(--global-kb-spacing-sm, 1.5rem);padding-bottom:var(--global-kb-spacing-sm, 1.5rem);grid-template-columns:minmax(0, 1fr);}#kt-layout-id_9c2ac9-60 > .kt-row-layout-overlay{opacity:0.30;}@media all and (max-width: 1024px){#kt-layout-id_9c2ac9-60 > .kt-row-column-wrap{grid-template-columns:minmax(0, 1fr);}}@media all and (max-width: 767px){#kt-layout-id_9c2ac9-60 > .kt-row-column-wrap{grid-template-columns:minmax(0, 1fr);}}<\/style>\n<div class=\"wp-block-kadence-rowlayout alignnone\"><div id=\"kt-layout-id_9c2ac9-60\" class=\"kt-row-layout-inner kt-row-has-bg kt-layout-id_9c2ac9-60 has-white-background-color\"><div class=\"kt-row-column-wrap kt-has-1-columns kt-gutter-default kt-v-gutter-default kt-row-valign-top kt-row-layout-equal kt-tab-layout-inherit kt-m-colapse-left-to-right kt-mobile-layout-row\"><style>.kadence-column_e660be-85 > .kt-inside-inner-col{border-top-width:0px;border-right-width:0px;border-bottom-width:0px;border-left-width:0px;}.kadence-column_e660be-85 > .kt-inside-inner-col,.kadence-column_e660be-85 > .kt-inside-inner-col:before{border-top-left-radius:0px;border-top-right-radius:0px;border-bottom-right-radius:0px;border-bottom-left-radius:0px;}.kadence-column_e660be-85 > .kt-inside-inner-col{column-gap:var(--global-kb-gap-sm, 1rem);}.kadence-column_e660be-85 > .kt-inside-inner-col{flex-direction:column;}.kadence-column_e660be-85 > .kt-inside-inner-col > .aligncenter{width:100%;}.kadence-column_e660be-85 > .kt-inside-inner-col:before{opacity:0.3;}.kadence-column_e660be-85{position:relative;}@media all and (max-width: 1024px){.kadence-column_e660be-85 > .kt-inside-inner-col{flex-direction:column;justify-content:center;}}@media all and (max-width: 767px){.kadence-column_e660be-85 > .kt-inside-inner-col{flex-direction:column;justify-content:center;}}<\/style>\n<div class=\"wp-block-kadence-column inner-column-1 kadence-column_e660be-85\"><div class=\"kt-inside-inner-col\"><style>.wp-block-kadence-advancedheading.kt-adv-heading_02936a-d4, .wp-block-kadence-advancedheading.kt-adv-heading_02936a-d4[data-kb-block=\"kb-adv-heading_02936a-d4\"]{text-align:center;font-style:normal;}.wp-block-kadence-advancedheading.kt-adv-heading_02936a-d4 mark.kt-highlight, .wp-block-kadence-advancedheading.kt-adv-heading_02936a-d4[data-kb-block=\"kb-adv-heading_02936a-d4\"] mark.kt-highlight{font-style:normal;color:#f76a0c;-webkit-box-decoration-break:clone;box-decoration-break:clone;padding-top:0px;padding-right:0px;padding-bottom:0px;padding-left:0px;}.wp-block-kadence-advancedheading.kt-adv-heading_02936a-d4 img.kb-inline-image, .wp-block-kadence-advancedheading.kt-adv-heading_02936a-d4[data-kb-block=\"kb-adv-heading_02936a-d4\"] img.kb-inline-image{width:150px;vertical-align:baseline;}<\/style>\n<h1 class=\"kt-adv-heading_02936a-d4 wp-block-kadence-advancedheading\" data-kb-block=\"kb-adv-heading_02936a-d4\">Inscri\u00e7\u00f5es<\/h1>\n\n\n<style>#kt-layout-id_b742e6-28 > .kt-row-column-wrap{align-content:start;}:where(#kt-layout-id_b742e6-28 > .kt-row-column-wrap) > .wp-block-kadence-column{justify-content:start;}#kt-layout-id_b742e6-28 > .kt-row-column-wrap{column-gap:var(--global-kb-gap-none, 0rem );row-gap:var(--global-kb-gap-md, 2rem);padding-top:var( --global-kb-row-default-top, 25px );padding-bottom:var( --global-kb-row-default-bottom, 25px );padding-top:0px;padding-bottom:0px;grid-template-columns:minmax(0, calc(10% - ((var(--global-kb-gap-none, 0rem ) * 2 )\/3)))minmax(0, calc(80% - ((var(--global-kb-gap-none, 0rem ) * 2 )\/3)))minmax(0, calc(10% - ((var(--global-kb-gap-none, 0rem ) * 2 )\/3)));}#kt-layout-id_b742e6-28 > .kt-row-layout-overlay{opacity:0.30;}@media all and (max-width: 1024px){#kt-layout-id_b742e6-28 > .kt-row-column-wrap > div:not(.added-for-specificity){grid-column:initial;}}@media all and (max-width: 1024px){#kt-layout-id_b742e6-28 > .kt-row-column-wrap{grid-template-columns:minmax(0, 1fr) minmax(0, 6fr) minmax(0, 1fr);}}@media all and (max-width: 767px){#kt-layout-id_b742e6-28 > .kt-row-column-wrap > div:not(.added-for-specificity){grid-column:initial;}#kt-layout-id_b742e6-28 > .kt-row-column-wrap{grid-template-columns:minmax(0, 1fr);}}<\/style>\n<div class=\"wp-block-kadence-rowlayout alignnone\"><div id=\"kt-layout-id_b742e6-28\" class=\"kt-row-layout-inner kt-layout-id_b742e6-28\"><div class=\"kt-row-column-wrap kt-has-3-columns kt-gutter-none kt-v-gutter-default kt-row-valign-top kt-row-layout-center-exwide kt-tab-layout-inherit kt-m-colapse-left-to-right kt-mobile-layout-row  kt-custom-first-width-10  kt-custom-second-width-80  kt-custom-third-width-10\"><style>.kadence-column_6f4fbe-7b > .kt-inside-inner-col{border-top-width:0px;border-right-width:0px;border-bottom-width:0px;border-left-width:0px;}.kadence-column_6f4fbe-7b > .kt-inside-inner-col,.kadence-column_6f4fbe-7b > .kt-inside-inner-col:before{border-top-left-radius:0px;border-top-right-radius:0px;border-bottom-right-radius:0px;border-bottom-left-radius:0px;}.kadence-column_6f4fbe-7b > .kt-inside-inner-col{column-gap:var(--global-kb-gap-sm, 1rem);}.kadence-column_6f4fbe-7b > .kt-inside-inner-col{flex-direction:column;}.kadence-column_6f4fbe-7b > .kt-inside-inner-col > .aligncenter{width:100%;}.kadence-column_6f4fbe-7b > .kt-inside-inner-col:before{opacity:0.3;}.kadence-column_6f4fbe-7b{position:relative;}@media all and (max-width: 1024px){.kadence-column_6f4fbe-7b > .kt-inside-inner-col{flex-direction:column;justify-content:center;}}@media all and (max-width: 767px){.kadence-column_6f4fbe-7b > .kt-inside-inner-col{flex-direction:column;justify-content:center;}}<\/style>\n<div class=\"wp-block-kadence-column inner-column-1 kadence-column_6f4fbe-7b\"><div class=\"kt-inside-inner-col\"><\/div><\/div>\n\n\n<style>.kadence-column_f8c9f2-1f > .kt-inside-inner-col{border-top-width:0px;border-right-width:0px;border-bottom-width:0px;border-left-width:0px;}.kadence-column_f8c9f2-1f > .kt-inside-inner-col,.kadence-column_f8c9f2-1f > .kt-inside-inner-col:before{border-top-left-radius:0px;border-top-right-radius:0px;border-bottom-right-radius:0px;border-bottom-left-radius:0px;}.kadence-column_f8c9f2-1f > .kt-inside-inner-col{column-gap:var(--global-kb-gap-sm, 1rem);}.kadence-column_f8c9f2-1f > .kt-inside-inner-col{flex-direction:column;}.kadence-column_f8c9f2-1f > .kt-inside-inner-col > .aligncenter{width:100%;}.kadence-column_f8c9f2-1f > .kt-inside-inner-col:before{opacity:0.3;}.kadence-column_f8c9f2-1f{position:relative;}@media all and (max-width: 1024px){.kadence-column_f8c9f2-1f > .kt-inside-inner-col{flex-direction:column;justify-content:center;}}@media all and (max-width: 767px){.kadence-column_f8c9f2-1f > .kt-inside-inner-col{flex-direction:column;justify-content:center;}}<\/style>\n<div class=\"wp-block-kadence-column inner-column-2 kadence-column_f8c9f2-1f\"><div class=\"kt-inside-inner-col\">\n<p>As inscri\u00e7\u00f5es ocorrer\u00e3o nos dias em que ser\u00e1 realizado o evento (05, 12 e 19 de novembro de 2021). Para aqueles\/as que tiverem interesse em inscrever-se, em cada dia, ser\u00e1 disponibilizado um link, no canal do CEPE no Youtube. Salienta-se que as inscri\u00e7\u00f5es ser\u00e3o gratuitas e ser\u00e1 disponibilizado certificado totalizando a carga hor\u00e1ria de participa\u00e7\u00e3o no evento.<\/p>\n\n\n\n<p><\/p>\n\n\n<style>.wp-block-kadence-spacer.kt-block-spacer-_04a510-d0 .kt-block-spacer{height:20px;}.wp-block-kadence-spacer.kt-block-spacer-_04a510-d0 .kt-divider{border-top-width:1px;height:1px;border-top-color:#eee;width:80%;border-top-style:solid;}<\/style>\n<div class=\"wp-block-kadence-spacer aligncenter kt-block-spacer-_04a510-d0\"><div class=\"kt-block-spacer kt-block-spacer-halign-center\" style=\"height:20px\"><\/div><\/div>\n<\/div><\/div>\n\n\n<style>.kadence-column_50ce0a-cc > .kt-inside-inner-col{border-top-width:0px;border-right-width:0px;border-bottom-width:0px;border-left-width:0px;}.kadence-column_50ce0a-cc > .kt-inside-inner-col,.kadence-column_50ce0a-cc > .kt-inside-inner-col:before{border-top-left-radius:0px;border-top-right-radius:0px;border-bottom-right-radius:0px;border-bottom-left-radius:0px;}.kadence-column_50ce0a-cc > .kt-inside-inner-col{column-gap:var(--global-kb-gap-sm, 1rem);}.kadence-column_50ce0a-cc > .kt-inside-inner-col{flex-direction:column;}.kadence-column_50ce0a-cc > .kt-inside-inner-col > .aligncenter{width:100%;}.kadence-column_50ce0a-cc > .kt-inside-inner-col:before{opacity:0.3;}.kadence-column_50ce0a-cc{position:relative;}@media all and (max-width: 1024px){.kadence-column_50ce0a-cc > .kt-inside-inner-col{flex-direction:column;justify-content:center;}}@media all and (max-width: 767px){.kadence-column_50ce0a-cc > .kt-inside-inner-col{flex-direction:column;justify-content:center;}}<\/style>\n<div class=\"wp-block-kadence-column inner-column-3 kadence-column_50ce0a-cc\"><div class=\"kt-inside-inner-col\"><\/div><\/div>\n<\/div><\/div><\/div>\n\n\n\n<p><\/p>\n<\/div><\/div>\n<\/div><\/div><\/div>\n","protected":false},"excerpt":{"rendered":"<p>Inscri\u00e7\u00f5es As inscri\u00e7\u00f5es ocorrer\u00e3o nos dias em que ser\u00e1 realizado o evento (05, 12 e 19 de novembro de 2021). Para aqueles\/as que tiverem interesse em inscrever-se, em cada dia, ser\u00e1 disponibilizado um link, no canal do CEPE no Youtube. Salienta-se que as inscri\u00e7\u00f5es ser\u00e3o gratuitas e ser\u00e1 disponibilizado certificado totalizando a carga hor\u00e1ria de [&hellip;]<\/p>\n","protected":false},"author":297,"featured_media":0,"parent":0,"menu_order":0,"comment_status":"closed","ping_status":"closed","template":"templates\/template-full-notitle.php","meta":{"footnotes":""},"class_list":["post-58","page","type-page","status-publish","hentry","post"],"_links":{"self":[{"href":"https:\/\/wp.ufpel.edu.br\/cepe2021\/wp-json\/wp\/v2\/pages\/58","targetHints":{"allow":["GET"]}}],"collection":[{"href":"https:\/\/wp.ufpel.edu.br\/cepe2021\/wp-json\/wp\/v2\/pages"}],"about":[{"href":"https:\/\/wp.ufpel.edu.br\/cepe2021\/wp-json\/wp\/v2\/types\/page"}],"author":[{"embeddable":true,"href":"https:\/\/wp.ufpel.edu.br\/cepe2021\/wp-json\/wp\/v2\/users\/297"}],"replies":[{"embeddable":true,"href":"https:\/\/wp.ufpel.edu.br\/cepe2021\/wp-json\/wp\/v2\/comments?post=58"}],"version-history":[{"count":9,"href":"https:\/\/wp.ufpel.edu.br\/cepe2021\/wp-json\/wp\/v2\/pages\/58\/revisions"}],"predecessor-version":[{"id":240,"href":"https:\/\/wp.ufpel.edu.br\/cepe2021\/wp-json\/wp\/v2\/pages\/58\/revisions\/240"}],"wp:attachment":[{"href":"https:\/\/wp.ufpel.edu.br\/cepe2021\/wp-json\/wp\/v2\/media?parent=58"}],"curies":[{"name":"wp","href":"https:\/\/api.w.org\/{rel}","templated":true}]}}