{"id":39,"date":"2020-08-24T23:49:05","date_gmt":"2020-08-25T02:49:05","guid":{"rendered":"https:\/\/wp.ufpel.edu.br\/cepe2020\/?page_id=39"},"modified":"2020-09-01T14:57:35","modified_gmt":"2020-09-01T17:57:35","slug":"organizacao","status":"publish","type":"page","link":"https:\/\/wp.ufpel.edu.br\/cepe2020\/organizacao\/","title":{"rendered":"Organiza\u00e7\u00e3o"},"content":{"rendered":"<p><span style=\"color: #ffae00\"><strong><span style=\"font-size: 18pt\">Coordena\u00e7\u00e3o<\/span><\/strong><\/span><\/p>\n<p><span style=\"font-size: 14pt\">\u00c1lvaro Luiz Moreira Hypolito\u00a0<\/span><\/p>\n<p><span style=\"font-size: 14pt\">Iana Gomes de Lima\u00a0<\/span><\/p>\n<p><span style=\"font-size: 14pt\">Simone Gon\u00e7alves da Silva\u00a0<\/span><\/p>\n<p>&nbsp;<\/p>\n<p><strong><span style=\"font-size: 18pt\"><span style=\"color: #ffae00\">Equipe<\/span><br \/>\n<\/span><\/strong><\/p>\n<p><span style=\"font-size: 14pt\">Eug\u00eania Antunes Dias\u00a0<\/span><\/p>\n<p><span style=\"font-size: 14pt\">Mateus Arguelho da Cunha\u00a0<\/span><\/p>\n<p><span style=\"font-size: 14pt\">Nathalie Ros\u00e1rio Jardim\u00a0<\/span><\/p>\n","protected":false},"excerpt":{"rendered":"<p>Coordena\u00e7\u00e3o \u00c1lvaro Luiz Moreira Hypolito\u00a0 Iana Gomes de Lima\u00a0 Simone Gon\u00e7alves da Silva\u00a0 &nbsp; Equipe Eug\u00eania Antunes Dias\u00a0 Mateus Arguelho da Cunha\u00a0 Nathalie Ros\u00e1rio Jardim\u00a0<\/p>\n","protected":false},"author":965,"featured_media":0,"parent":0,"menu_order":5,"comment_status":"closed","ping_status":"closed","template":"","meta":{"footnotes":""},"class_list":["post-39","page","type-page","status-publish","hentry","post"],"_links":{"self":[{"href":"https:\/\/wp.ufpel.edu.br\/cepe2020\/wp-json\/wp\/v2\/pages\/39","targetHints":{"allow":["GET"]}}],"collection":[{"href":"https:\/\/wp.ufpel.edu.br\/cepe2020\/wp-json\/wp\/v2\/pages"}],"about":[{"href":"https:\/\/wp.ufpel.edu.br\/cepe2020\/wp-json\/wp\/v2\/types\/page"}],"author":[{"embeddable":true,"href":"https:\/\/wp.ufpel.edu.br\/cepe2020\/wp-json\/wp\/v2\/users\/965"}],"replies":[{"embeddable":true,"href":"https:\/\/wp.ufpel.edu.br\/cepe2020\/wp-json\/wp\/v2\/comments?post=39"}],"version-history":[{"count":10,"href":"https:\/\/wp.ufpel.edu.br\/cepe2020\/wp-json\/wp\/v2\/pages\/39\/revisions"}],"predecessor-version":[{"id":170,"href":"https:\/\/wp.ufpel.edu.br\/cepe2020\/wp-json\/wp\/v2\/pages\/39\/revisions\/170"}],"wp:attachment":[{"href":"https:\/\/wp.ufpel.edu.br\/cepe2020\/wp-json\/wp\/v2\/media?parent=39"}],"curies":[{"name":"wp","href":"https:\/\/api.w.org\/{rel}","templated":true}]}}