{"id":36,"date":"2020-08-24T23:49:35","date_gmt":"2020-08-25T02:49:35","guid":{"rendered":"https:\/\/wp.ufpel.edu.br\/cepe2020\/?page_id=36"},"modified":"2020-08-27T16:47:36","modified_gmt":"2020-08-27T19:47:36","slug":"palestrantes","status":"publish","type":"page","link":"https:\/\/wp.ufpel.edu.br\/cepe2020\/palestrantes\/","title":{"rendered":"Palestrantes"},"content":{"rendered":"<p><img loading=\"lazy\" decoding=\"async\" class=\"wp-image-83 alignleft\" src=\"https:\/\/wp.ufpel.edu.br\/cepe2020\/files\/2020\/08\/antoni.png\" alt=\"\" width=\"176\" height=\"177\" srcset=\"https:\/\/wp.ufpel.edu.br\/cepe2020\/files\/2020\/08\/antoni.png 313w, https:\/\/wp.ufpel.edu.br\/cepe2020\/files\/2020\/08\/antoni-200x200.png 200w\" sizes=\"auto, (max-width: 176px) 100vw, 176px\" \/><\/p>\n<p style=\"text-align: left\"><span style=\"font-size: 18pt;color: #ffae00\"><strong>Antoni Verger<\/strong><\/span><\/p>\n<p style=\"text-align: left\" align=\"justify\">Doutor em Sociologia pela Universitat Autonoma de Barcelona. Professor associado na Faculdade de Ci\u00eancia Pol\u00edtica e Sociologia da Universidade Aut\u00f4noma de Barcelona. Realiza pesquisas em Pol\u00edtica Social, Pol\u00edtica Educacional e Educa\u00e7\u00e3o Comparada. Ele coordena o projeto financiado pelo ERC REFORMED &#8211; Reformando Escolas Globalmente: Uma An\u00e1lise Multiscalar das Pol\u00edticas de Autonomia e Responsabiliza\u00e7\u00e3o no Setor Educacional.<\/p>\n<p>&nbsp;<\/p>\n<p>&nbsp;<\/p>\n<p><img loading=\"lazy\" decoding=\"async\" class=\"wp-image-86 alignleft\" src=\"https:\/\/wp.ufpel.edu.br\/cepe2020\/files\/2020\/08\/sofia-1.png\" alt=\"\" width=\"176\" height=\"177\" srcset=\"https:\/\/wp.ufpel.edu.br\/cepe2020\/files\/2020\/08\/sofia-1.png 313w, https:\/\/wp.ufpel.edu.br\/cepe2020\/files\/2020\/08\/sofia-1-200x200.png 200w\" sizes=\"auto, (max-width: 176px) 100vw, 176px\" \/><span style=\"font-size: 18pt;color: #ffae00\"><strong>Sofia Viseu <\/strong><\/span><\/p>\n<p style=\"text-align: left\" align=\"justify\">Doutora em Educa\u00e7\u00e3o, na especialidade de Administra\u00e7\u00e3o e Pol\u00edtica Educacional, pelo Instituto de Educa\u00e7\u00e3o da Universidade de Lisboa. Professora Auxiliar do Instituto de Educa\u00e7\u00e3o da Universidade de Lisboa. Desenvolve pesquisas na \u00e1rea de interesse: Regula\u00e7\u00e3o e pol\u00edticas p\u00fablicas de educa\u00e7\u00e3o. Pol\u00edticas p\u00fablicas de ci\u00eancia e investiga\u00e7\u00e3o educacional. Redes pol\u00edticas e an\u00e1lise de redes sociais.<\/p>\n<p>&nbsp;<\/p>\n<p>&nbsp;<\/p>\n<p>&nbsp;<\/p>\n<p><span style=\"font-size: 18pt;color: #ffae00\"><strong><img loading=\"lazy\" decoding=\"async\" class=\"wp-image-84 alignleft\" src=\"https:\/\/wp.ufpel.edu.br\/cepe2020\/files\/2020\/08\/luis-e1598551772714.png\" alt=\"\" width=\"176\" height=\"178\" \/>Luis Felipe Rosa de Oliveira<br \/>\n<\/strong><\/span><\/p>\n<p style=\"text-align: left\" align=\"justify\">Doutorando em Ci\u00eancia da Informa\u00e7\u00e3o (FCI-UnB), Mestre em Comunica\u00e7\u00e3o Social (FIC-UFG), Bacharel em Gest\u00e3o da Informa\u00e7\u00e3o (FIC-UFG). Bolsista CAPES. Pesquisador do projeto Tainacan. Realizando pesquisas na \u00e1rea de Web Sem\u00e2ntica, Enriquecimento de Dados, utilizando a linguagem de Programa\u00e7\u00e3o Python, e outras ferramentas de an\u00e1lise para pesquisa em Humanidades Digitais.<\/p>\n<p>&nbsp;<\/p>\n<p>&nbsp;<\/p>\n<p>&nbsp;<\/p>\n<p><span style=\"font-size: 18pt;color: #ffae00\"><strong><img loading=\"lazy\" decoding=\"async\" class=\"wp-image-87 alignleft\" src=\"https:\/\/wp.ufpel.edu.br\/cepe2020\/files\/2020\/08\/marina.png\" alt=\"\" width=\"176\" height=\"176\" srcset=\"https:\/\/wp.ufpel.edu.br\/cepe2020\/files\/2020\/08\/marina.png 313w, https:\/\/wp.ufpel.edu.br\/cepe2020\/files\/2020\/08\/marina-200x200.png 200w\" sizes=\"auto, (max-width: 176px) 100vw, 176px\" \/>Marina Avelar<\/strong><\/span><\/p>\n<p style=\"text-align: left\" align=\"justify\">Doutora em Educa\u00e7\u00e3o pelo UCL Institute of Education &#8211; University of London, Mestre em Educa\u00e7\u00e3o pela Universidade Estadual de Campinas, na \u00e1rea de concentra\u00e7\u00e3o de Pol\u00edticas, Administra\u00e7\u00e3o e Sistemas Educacionais, pedagoga pela UNICAMP e especialista em Gest\u00e3o Educacional. Teve per\u00edodos de interc\u00e2mbio nas universidades Lund University (Su\u00e9cia), Institute of Education &#8211; University of London (Inglaterra) e Universitat Autonoma de Barcelona (Espanha). Pesquisadora Associada ao Graduate Institute of International and Development Studies (Su\u00ed\u00e7a), no grupo NORRAG (Rede de Pol\u00edticas e Coopera\u00e7\u00e3o Internacional de Educa\u00e7\u00e3o). Suas principais tem\u00e1ticas de pesquisa incluem pol\u00edticas educacionais, privatiza\u00e7\u00e3o da educa\u00e7\u00e3o, a atua\u00e7\u00e3o empresarial e filantr\u00f3pica na governan\u00e7a em rede da educa\u00e7\u00e3o, mecanismos &#8220;inovadores&#8221; de financiamento e a globaliza\u00e7\u00e3o da educa\u00e7\u00e3o.<\/p>\n<p>&nbsp;<\/p>\n<p style=\"text-align: left\" align=\"justify\"><span style=\"font-size: 18pt;color: #ffae00\"><strong><img loading=\"lazy\" decoding=\"async\" class=\"wp-image-91 alignleft\" src=\"https:\/\/wp.ufpel.edu.br\/cepe2020\/files\/2020\/08\/maria-eloisa-2.png\" alt=\"\" width=\"176\" height=\"177\" srcset=\"https:\/\/wp.ufpel.edu.br\/cepe2020\/files\/2020\/08\/maria-eloisa-2.png 313w, https:\/\/wp.ufpel.edu.br\/cepe2020\/files\/2020\/08\/maria-eloisa-2-200x200.png 200w\" sizes=\"auto, (max-width: 176px) 100vw, 176px\" \/>Maria Elo\u00edsa da Silva <\/strong><\/span><\/p>\n<p style=\"text-align: left\" align=\"justify\">Doutora em Educa\u00e7\u00e3o, na linha de pesquisa em Curr\u00edculo, Profissionaliza\u00e7\u00e3o e Trabalho Docente, pela Universidade Federal de Pelotas &#8211; UFPEL (2018). Mestre em Educa\u00e7\u00e3o, na linha de pesquisa em Curr\u00edculo, Forma\u00e7\u00e3o de Professores e Pr\u00e1ticas Escolares, pela Universidade Federal de Mato Grosso &#8211; UFMT (2012). Licenciada em Letras pela Universidade de Iju\u00ed &#8211; UNIJU\u00cd (1997). Professora Substituta da Universidade Federal de Pelotas &#8211; UFPel\/Faculdade de Educa\u00e7\u00e3o &#8211; Fae (2019 &#8211; Atual). Possui interesse de estudos e pesquisa em Redes de Influ\u00eancia (Consultorias) em Pol\u00edticas Educacionais em Estados e Munic\u00edpios do Brasil. Parcerias entre o P\u00fablico e o Privado. Pol\u00edtica de Curr\u00edculo.<\/p>\n","protected":false},"excerpt":{"rendered":"<p>Antoni Verger Doutor em Sociologia pela Universitat Autonoma de Barcelona. Professor associado na Faculdade de Ci\u00eancia Pol\u00edtica e Sociologia da Universidade Aut\u00f4noma de Barcelona. Realiza pesquisas em Pol\u00edtica Social, Pol\u00edtica Educacional e Educa\u00e7\u00e3o Comparada. Ele coordena o projeto financiado pelo ERC REFORMED &#8211; Reformando Escolas Globalmente: Uma An\u00e1lise Multiscalar das Pol\u00edticas de Autonomia e Responsabiliza\u00e7\u00e3o [&hellip;]<\/p>\n","protected":false},"author":965,"featured_media":0,"parent":0,"menu_order":4,"comment_status":"closed","ping_status":"closed","template":"","meta":{"footnotes":""},"class_list":["post-36","page","type-page","status-publish","hentry","post"],"_links":{"self":[{"href":"https:\/\/wp.ufpel.edu.br\/cepe2020\/wp-json\/wp\/v2\/pages\/36","targetHints":{"allow":["GET"]}}],"collection":[{"href":"https:\/\/wp.ufpel.edu.br\/cepe2020\/wp-json\/wp\/v2\/pages"}],"about":[{"href":"https:\/\/wp.ufpel.edu.br\/cepe2020\/wp-json\/wp\/v2\/types\/page"}],"author":[{"embeddable":true,"href":"https:\/\/wp.ufpel.edu.br\/cepe2020\/wp-json\/wp\/v2\/users\/965"}],"replies":[{"embeddable":true,"href":"https:\/\/wp.ufpel.edu.br\/cepe2020\/wp-json\/wp\/v2\/comments?post=36"}],"version-history":[{"count":26,"href":"https:\/\/wp.ufpel.edu.br\/cepe2020\/wp-json\/wp\/v2\/pages\/36\/revisions"}],"predecessor-version":[{"id":122,"href":"https:\/\/wp.ufpel.edu.br\/cepe2020\/wp-json\/wp\/v2\/pages\/36\/revisions\/122"}],"wp:attachment":[{"href":"https:\/\/wp.ufpel.edu.br\/cepe2020\/wp-json\/wp\/v2\/media?parent=36"}],"curies":[{"name":"wp","href":"https:\/\/api.w.org\/{rel}","templated":true}]}}