{"id":30,"date":"2020-08-24T23:41:43","date_gmt":"2020-08-25T02:41:43","guid":{"rendered":"https:\/\/wp.ufpel.edu.br\/cepe2020\/?page_id=30"},"modified":"2020-09-01T16:52:40","modified_gmt":"2020-09-01T19:52:40","slug":"inscricoes","status":"publish","type":"page","link":"https:\/\/wp.ufpel.edu.br\/cepe2020\/inscricoes\/","title":{"rendered":"Inscri\u00e7\u00f5es"},"content":{"rendered":"<p><span style=\"font-size: 14pt\">As inscri\u00e7\u00f5es ocorrer\u00e3o nos dias em que ser\u00e1 realizado o evento (09, 16 e 23 de outubro de 2020). Para aqueles\/as que tiverem interesse em inscrever-se, em cada dia, ser\u00e1 disponibilizado um link, no canal do CEPE no Youtube. Salienta-se que as inscri\u00e7\u00f5es ser\u00e3o gratuitas e ser\u00e1 disponibilizado certificado totalizando a carga hor\u00e1ria de participa\u00e7\u00e3o no evento.<\/span><\/p>\n","protected":false},"excerpt":{"rendered":"<p>As inscri\u00e7\u00f5es ocorrer\u00e3o nos dias em que ser\u00e1 realizado o evento (09, 16 e 23 de outubro de 2020). Para aqueles\/as que tiverem interesse em inscrever-se, em cada dia, ser\u00e1 disponibilizado um link, no canal do CEPE no Youtube. Salienta-se que as inscri\u00e7\u00f5es ser\u00e3o gratuitas e ser\u00e1 disponibilizado certificado totalizando a carga hor\u00e1ria de participa\u00e7\u00e3o [&hellip;]<\/p>\n","protected":false},"author":965,"featured_media":0,"parent":0,"menu_order":2,"comment_status":"closed","ping_status":"closed","template":"","meta":{"footnotes":""},"class_list":["post-30","page","type-page","status-publish","hentry","post"],"_links":{"self":[{"href":"https:\/\/wp.ufpel.edu.br\/cepe2020\/wp-json\/wp\/v2\/pages\/30","targetHints":{"allow":["GET"]}}],"collection":[{"href":"https:\/\/wp.ufpel.edu.br\/cepe2020\/wp-json\/wp\/v2\/pages"}],"about":[{"href":"https:\/\/wp.ufpel.edu.br\/cepe2020\/wp-json\/wp\/v2\/types\/page"}],"author":[{"embeddable":true,"href":"https:\/\/wp.ufpel.edu.br\/cepe2020\/wp-json\/wp\/v2\/users\/965"}],"replies":[{"embeddable":true,"href":"https:\/\/wp.ufpel.edu.br\/cepe2020\/wp-json\/wp\/v2\/comments?post=30"}],"version-history":[{"count":7,"href":"https:\/\/wp.ufpel.edu.br\/cepe2020\/wp-json\/wp\/v2\/pages\/30\/revisions"}],"predecessor-version":[{"id":183,"href":"https:\/\/wp.ufpel.edu.br\/cepe2020\/wp-json\/wp\/v2\/pages\/30\/revisions\/183"}],"wp:attachment":[{"href":"https:\/\/wp.ufpel.edu.br\/cepe2020\/wp-json\/wp\/v2\/media?parent=30"}],"curies":[{"name":"wp","href":"https:\/\/api.w.org\/{rel}","templated":true}]}}