{"id":196,"date":"2020-09-02T13:18:46","date_gmt":"2020-09-02T16:18:46","guid":{"rendered":"https:\/\/wp.ufpel.edu.br\/cepe2020\/?page_id=196"},"modified":"2020-10-27T20:42:10","modified_gmt":"2020-10-27T23:42:10","slug":"transmissao","status":"publish","type":"page","link":"https:\/\/wp.ufpel.edu.br\/cepe2020\/transmissao\/","title":{"rendered":"Transmiss\u00e3o"},"content":{"rendered":"<p><span style=\"font-size: 14pt\">O evento II Encontro do CEPE: Redes Pol\u00edticas de Governan\u00e7a e Educa\u00e7\u00e3o ser\u00e1 transmitido pelo <em>YouTube<\/em> no canal de v\u00eddeos do CEPE.<\/span><\/p>\n<p><span style=\"font-size: 14pt\">Acesse: <a href=\"https:\/\/youtube.com\/c\/videoscepeufpel\">https:\/\/youtube.com\/c\/videoscepeufpel<\/a><\/span><\/p>\n<p><span style=\"font-size: 14pt\">Ou escaneie o QR Code para acessar o canal onde ser\u00e1 transmitido o evento:<\/span><\/p>\n<p><img loading=\"lazy\" decoding=\"async\" class=\"alignnone wp-image-198\" src=\"https:\/\/wp.ufpel.edu.br\/cepe2020\/files\/2020\/09\/qr-code.png\" alt=\"\" width=\"117\" height=\"117\" srcset=\"https:\/\/wp.ufpel.edu.br\/cepe2020\/files\/2020\/09\/qr-code.png 2277w, https:\/\/wp.ufpel.edu.br\/cepe2020\/files\/2020\/09\/qr-code-400x400.png 400w, https:\/\/wp.ufpel.edu.br\/cepe2020\/files\/2020\/09\/qr-code-1024x1024.png 1024w, https:\/\/wp.ufpel.edu.br\/cepe2020\/files\/2020\/09\/qr-code-200x200.png 200w, https:\/\/wp.ufpel.edu.br\/cepe2020\/files\/2020\/09\/qr-code-768x768.png 768w, https:\/\/wp.ufpel.edu.br\/cepe2020\/files\/2020\/09\/qr-code-1536x1536.png 1536w, https:\/\/wp.ufpel.edu.br\/cepe2020\/files\/2020\/09\/qr-code-2048x2048.png 2048w\" sizes=\"auto, (max-width: 117px) 100vw, 117px\" \/><\/p>\n<p>_______________________________________________________________________<\/p>\n<p>Clique nas imagens a fim de poder assistir as respectivas apresenta\u00e7\u00f5es que ocorreram no Evento:<\/p>\n<table style=\"border-collapse: collapse;width: 100%\" border=\"1\">\n<tbody>\n<tr style=\"height: 24px\">\n<td style=\"width: 33.3333%;height: 24px\"><a href=\"https:\/\/youtu.be\/AyBgkSalUFg\"><strong><img loading=\"lazy\" decoding=\"async\" class=\"alignnone  wp-image-232\" src=\"https:\/\/wp.ufpel.edu.br\/cepe2020\/files\/2020\/10\/toni-verger.jpg\" alt=\"\" width=\"283\" height=\"175\" srcset=\"https:\/\/wp.ufpel.edu.br\/cepe2020\/files\/2020\/10\/toni-verger.jpg 659w, https:\/\/wp.ufpel.edu.br\/cepe2020\/files\/2020\/10\/toni-verger-400x247.jpg 400w\" sizes=\"auto, (max-width: 283px) 100vw, 283px\" \/><\/strong><\/a><\/td>\n<td style=\"width: 33.3333%;height: 24px\"><a href=\"https:\/\/youtu.be\/MDLS1nAxNvg\"><img loading=\"lazy\" decoding=\"async\" class=\"alignnone size-full wp-image-233\" src=\"https:\/\/wp.ufpel.edu.br\/cepe2020\/files\/2020\/10\/viseu.jpg\" alt=\"\" width=\"604\" height=\"394\" srcset=\"https:\/\/wp.ufpel.edu.br\/cepe2020\/files\/2020\/10\/viseu.jpg 604w, https:\/\/wp.ufpel.edu.br\/cepe2020\/files\/2020\/10\/viseu-400x261.jpg 400w\" sizes=\"auto, (max-width: 604px) 100vw, 604px\" \/><\/a><\/td>\n<td style=\"width: 33.3333%;height: 24px\"><a href=\"https:\/\/youtu.be\/aaF975Ymbh0\"><img loading=\"lazy\" decoding=\"async\" class=\"alignnone size-full wp-image-234\" src=\"https:\/\/wp.ufpel.edu.br\/cepe2020\/files\/2020\/10\/avelar-elo.jpg\" alt=\"\" width=\"632\" height=\"394\" srcset=\"https:\/\/wp.ufpel.edu.br\/cepe2020\/files\/2020\/10\/avelar-elo.jpg 632w, https:\/\/wp.ufpel.edu.br\/cepe2020\/files\/2020\/10\/avelar-elo-400x249.jpg 400w, https:\/\/wp.ufpel.edu.br\/cepe2020\/files\/2020\/10\/avelar-elo-436x272.jpg 436w\" sizes=\"auto, (max-width: 632px) 100vw, 632px\" \/><\/a><\/td>\n<\/tr>\n<\/tbody>\n<\/table>\n<p><\/p>\n","protected":false},"excerpt":{"rendered":"<p>O evento II Encontro do CEPE: Redes Pol\u00edticas de Governan\u00e7a e Educa\u00e7\u00e3o ser\u00e1 transmitido pelo YouTube no canal de v\u00eddeos do CEPE. Acesse: https:\/\/youtube.com\/c\/videoscepeufpel Ou escaneie o QR Code para acessar o canal onde ser\u00e1 transmitido o evento: _______________________________________________________________________ Clique nas imagens a fim de poder assistir as respectivas apresenta\u00e7\u00f5es que ocorreram no Evento:<\/p>\n","protected":false},"author":965,"featured_media":0,"parent":0,"menu_order":0,"comment_status":"closed","ping_status":"closed","template":"","meta":{"footnotes":""},"class_list":["post-196","page","type-page","status-publish","hentry","post"],"_links":{"self":[{"href":"https:\/\/wp.ufpel.edu.br\/cepe2020\/wp-json\/wp\/v2\/pages\/196","targetHints":{"allow":["GET"]}}],"collection":[{"href":"https:\/\/wp.ufpel.edu.br\/cepe2020\/wp-json\/wp\/v2\/pages"}],"about":[{"href":"https:\/\/wp.ufpel.edu.br\/cepe2020\/wp-json\/wp\/v2\/types\/page"}],"author":[{"embeddable":true,"href":"https:\/\/wp.ufpel.edu.br\/cepe2020\/wp-json\/wp\/v2\/users\/965"}],"replies":[{"embeddable":true,"href":"https:\/\/wp.ufpel.edu.br\/cepe2020\/wp-json\/wp\/v2\/comments?post=196"}],"version-history":[{"count":6,"href":"https:\/\/wp.ufpel.edu.br\/cepe2020\/wp-json\/wp\/v2\/pages\/196\/revisions"}],"predecessor-version":[{"id":235,"href":"https:\/\/wp.ufpel.edu.br\/cepe2020\/wp-json\/wp\/v2\/pages\/196\/revisions\/235"}],"wp:attachment":[{"href":"https:\/\/wp.ufpel.edu.br\/cepe2020\/wp-json\/wp\/v2\/media?parent=196"}],"curies":[{"name":"wp","href":"https:\/\/api.w.org\/{rel}","templated":true}]}}