{"id":350,"date":"2019-11-13T01:11:14","date_gmt":"2019-11-13T04:11:14","guid":{"rendered":"https:\/\/wp.ufpel.edu.br\/cepe2019\/?page_id=350"},"modified":"2019-11-13T01:17:57","modified_gmt":"2019-11-13T04:17:57","slug":"localizacao-2","status":"publish","type":"page","link":"https:\/\/wp.ufpel.edu.br\/cepe2019\/localizacao-2\/","title":{"rendered":"Localiza\u00e7\u00e3o"},"content":{"rendered":"<p>Local: Pr\u00e9dio do CEHUS &#8211; Centro de P\u00f3s-Gradua\u00e7\u00e3o em Ci\u00eancia Humanas, Sociais, Sociais Aplicadas, Artes e Linguagem | UFPel<\/p>\n\n<!-- iframe plugin v.6.0 wordpress.org\/plugins\/iframe\/ -->\n<iframe loading=\"lazy\" src=\"https:\/\/www.google.com\/maps\/embed?pb=!1m18!1m12!1m3!1d3391.6815098607435!2d-52.34198708424042!3d-31.779171521074293!2m3!1f0!2f0!3f0!3m2!1i1024!2i768!4f13.1!3m3!1m2!1s0x9511b5c71c937a61%3A0x725c6d1cf98c9ec5!2sCEHUS!5e0!3m2!1spt-BR!2sbr!4v1571970109123!5m2!1spt-BR!2sbr\" width=\"100%\" height=\"500\" scrolling=\"yes\" class=\"iframe-class\" frameborder=\"0\"><\/iframe>\n\n","protected":false},"excerpt":{"rendered":"<p>Local: Pr\u00e9dio do CEHUS &#8211; Centro de P\u00f3s-Gradua\u00e7\u00e3o em Ci\u00eancia Humanas, Sociais, Sociais Aplicadas, Artes e Linguagem | UFPel<\/p>\n","protected":false},"author":965,"featured_media":0,"parent":0,"menu_order":0,"comment_status":"closed","ping_status":"closed","template":"","meta":{"footnotes":""},"class_list":["post-350","page","type-page","status-publish","hentry","nodate","item-wrap"],"_links":{"self":[{"href":"https:\/\/wp.ufpel.edu.br\/cepe2019\/wp-json\/wp\/v2\/pages\/350","targetHints":{"allow":["GET"]}}],"collection":[{"href":"https:\/\/wp.ufpel.edu.br\/cepe2019\/wp-json\/wp\/v2\/pages"}],"about":[{"href":"https:\/\/wp.ufpel.edu.br\/cepe2019\/wp-json\/wp\/v2\/types\/page"}],"author":[{"embeddable":true,"href":"https:\/\/wp.ufpel.edu.br\/cepe2019\/wp-json\/wp\/v2\/users\/965"}],"replies":[{"embeddable":true,"href":"https:\/\/wp.ufpel.edu.br\/cepe2019\/wp-json\/wp\/v2\/comments?post=350"}],"version-history":[{"count":1,"href":"https:\/\/wp.ufpel.edu.br\/cepe2019\/wp-json\/wp\/v2\/pages\/350\/revisions"}],"predecessor-version":[{"id":363,"href":"https:\/\/wp.ufpel.edu.br\/cepe2019\/wp-json\/wp\/v2\/pages\/350\/revisions\/363"}],"wp:attachment":[{"href":"https:\/\/wp.ufpel.edu.br\/cepe2019\/wp-json\/wp\/v2\/media?parent=350"}],"curies":[{"name":"wp","href":"https:\/\/api.w.org\/{rel}","templated":true}]}}