{"id":235,"date":"2019-11-10T20:50:04","date_gmt":"2019-11-10T23:50:04","guid":{"rendered":"https:\/\/wp.ufpel.edu.br\/cepe2019\/?page_id=235"},"modified":"2019-11-10T21:02:19","modified_gmt":"2019-11-11T00:02:19","slug":"apresentacao","status":"publish","type":"page","link":"https:\/\/wp.ufpel.edu.br\/cepe2019\/apresentacao\/","title":{"rendered":"Apresenta\u00e7\u00e3o"},"content":{"rendered":"<p class=\"western\" align=\"JUSTIFY\"><span style=\"font-family: Arial, serif\">O I Encontro CEPE, que ocorre nos dias 20, 21 e 22 de novembro, traz como tema para sua primeira edi\u00e7\u00e3o \u201cPol\u00edticas Conservadoras na Educa\u00e7\u00e3o B\u00e1sica<\/span><span style=\"font-family: Arial, serif\"><i>\u201d, <\/i><\/span><span style=\"font-family: Arial, serif\">e visa dar continuidade \u00e0s atividades do Centro de Estudos em Pol\u00edticas Educativas \u2013 CEPE, o qual congrega grupos de pesquisa do Programa de P\u00f3s-Gradua\u00e7\u00e3o em Educa\u00e7\u00e3o da Universidade Federal de Pelotas e de outras institui\u00e7\u00f5es, que realizam investiga\u00e7\u00f5es conjuntas e em parceria, no campo do Curr\u00edculo, da Gest\u00e3o e do Trabalho Docente.<\/span><\/p>\n<p align=\"JUSTIFY\">De fato \u00e9 uma continuidade do evento BNCC e a Educa\u00e7\u00e3o B\u00e1sica, realizado em 2018.<\/p>\n<p class=\"western\" align=\"JUSTIFY\"><span style=\"font-family: Arial, serif\">O evento vai discutir e debater as Pol\u00edticas Conservadoras na Educa\u00e7\u00e3o B\u00e1sica, no contexto das pol\u00edticas globais contempor\u00e2neas e pretende questionar as repercuss\u00f5es dessas pol\u00edticas para o Curr\u00edculo, o Trabalho Docente e a Gest\u00e3o Escolar e da Educa\u00e7\u00e3o no Brasil e na Am\u00e9rica Latina, tendo como p\u00fablico alvo estudantes, professores e pesquisadores de diferentes n\u00edveis da Educa\u00e7\u00e3o.<\/span><\/p>\n","protected":false},"excerpt":{"rendered":"<p>O I Encontro CEPE, que ocorre nos dias 20, 21 e 22 de novembro, traz como tema para sua primeira edi\u00e7\u00e3o \u201cPol\u00edticas Conservadoras na Educa\u00e7\u00e3o B\u00e1sica\u201d, e visa dar continuidade \u00e0s atividades do Centro de Estudos em Pol\u00edticas Educativas \u2013 CEPE, o qual congrega grupos de pesquisa do Programa de P\u00f3s-Gradua\u00e7\u00e3o em Educa\u00e7\u00e3o da Universidade &hellip; <\/p>\n<p><a class=\"more-link btn\" href=\"https:\/\/wp.ufpel.edu.br\/cepe2019\/apresentacao\/\">Continue lendo<\/a><\/p>\n","protected":false},"author":965,"featured_media":0,"parent":0,"menu_order":1,"comment_status":"closed","ping_status":"closed","template":"","meta":{"footnotes":""},"class_list":["post-235","page","type-page","status-publish","hentry","nodate","item-wrap"],"_links":{"self":[{"href":"https:\/\/wp.ufpel.edu.br\/cepe2019\/wp-json\/wp\/v2\/pages\/235","targetHints":{"allow":["GET"]}}],"collection":[{"href":"https:\/\/wp.ufpel.edu.br\/cepe2019\/wp-json\/wp\/v2\/pages"}],"about":[{"href":"https:\/\/wp.ufpel.edu.br\/cepe2019\/wp-json\/wp\/v2\/types\/page"}],"author":[{"embeddable":true,"href":"https:\/\/wp.ufpel.edu.br\/cepe2019\/wp-json\/wp\/v2\/users\/965"}],"replies":[{"embeddable":true,"href":"https:\/\/wp.ufpel.edu.br\/cepe2019\/wp-json\/wp\/v2\/comments?post=235"}],"version-history":[{"count":1,"href":"https:\/\/wp.ufpel.edu.br\/cepe2019\/wp-json\/wp\/v2\/pages\/235\/revisions"}],"predecessor-version":[{"id":237,"href":"https:\/\/wp.ufpel.edu.br\/cepe2019\/wp-json\/wp\/v2\/pages\/235\/revisions\/237"}],"wp:attachment":[{"href":"https:\/\/wp.ufpel.edu.br\/cepe2019\/wp-json\/wp\/v2\/media?parent=235"}],"curies":[{"name":"wp","href":"https:\/\/api.w.org\/{rel}","templated":true}]}}