{"id":20,"date":"2019-10-23T20:05:09","date_gmt":"2019-10-23T23:05:09","guid":{"rendered":"https:\/\/wp.ufpel.edu.br\/cepe2019\/?page_id=20"},"modified":"2019-11-13T01:08:15","modified_gmt":"2019-11-13T04:08:15","slug":"palestrantes","status":"publish","type":"page","link":"https:\/\/wp.ufpel.edu.br\/cepe2019\/palestrantes\/","title":{"rendered":"Palestrantes"},"content":{"rendered":"<p style=\"text-align: center\"><span style=\"font-size: 18pt;color: #ff6600\"><strong>Dalila Andrade Oliveira<\/strong><\/span><\/p>\n<p><img loading=\"lazy\" decoding=\"async\" class=\"wp-image-199 alignleft\" src=\"https:\/\/wp.ufpel.edu.br\/cepe2019\/files\/2019\/11\/dalilaandradeoliveira-352x400.jpg\" alt=\"\" width=\"199\" height=\"226\" srcset=\"https:\/\/wp.ufpel.edu.br\/cepe2019\/files\/2019\/11\/dalilaandradeoliveira-352x400.jpg 352w, https:\/\/wp.ufpel.edu.br\/cepe2019\/files\/2019\/11\/dalilaandradeoliveira-768x873.jpg 768w, https:\/\/wp.ufpel.edu.br\/cepe2019\/files\/2019\/11\/dalilaandradeoliveira-901x1024.jpg 901w, https:\/\/wp.ufpel.edu.br\/cepe2019\/files\/2019\/11\/dalilaandradeoliveira.jpg 1142w\" sizes=\"auto, (max-width: 199px) 100vw, 199px\" \/><\/p>\n<p align=\"justify\">Bacharel em Ci\u00eancias Sociais (1986) e mestre em Educa\u00e7\u00e3o (1992) pela Universidade Federal de Minas Gerais. Doutora em Educa\u00e7\u00e3o pela Universidade de S\u00e3o Paulo (1999). Professora Titular da Faculdade de Educa\u00e7\u00e3o e do Programa de P\u00f3s-Gradua\u00e7\u00e3o em Educa\u00e7\u00e3o da Universidade Federal de Minas Gerais e Professora Visitante da Universidade Federal da Para\u00edba (UFPb). Desenvolve estudos e pesquisas com \u00eanfase em Pol\u00edtica p\u00fablicas em educa\u00e7\u00e3o, gest\u00e3o escolar e trabalho docente na Am\u00e9rica Latina.<\/p>\n<p>&nbsp;<\/p>\n<p>&nbsp;<\/p>\n<p>&nbsp;<\/p>\n<p style=\"text-align: center\"><span style=\"font-size: 18pt;color: #ff6600\">Elo\u00edsa Bordoli<\/span><\/p>\n<p align=\"justify\"><b><img loading=\"lazy\" decoding=\"async\" class=\"wp-image-200 alignleft\" src=\"https:\/\/wp.ufpel.edu.br\/cepe2019\/files\/2019\/11\/eloisabordoli-400x266.jpg\" alt=\"\" width=\"199\" height=\"132\" srcset=\"https:\/\/wp.ufpel.edu.br\/cepe2019\/files\/2019\/11\/eloisabordoli-400x266.jpg 400w, https:\/\/wp.ufpel.edu.br\/cepe2019\/files\/2019\/11\/eloisabordoli.jpg 679w\" sizes=\"auto, (max-width: 199px) 100vw, 199px\" \/><\/b><\/p>\n<p class=\"western\" align=\"JUSTIFY\"><span style=\"color: #00000a\"><span style=\"font-family: Arial, serif\"><span style=\"font-size: medium\"><b>Elo\u00edsa Bordoli <\/b><\/span><\/span><\/span><span style=\"color: #00000a\"><span style=\"font-family: Arial, serif\"><span style=\"font-size: medium\">(Universidad de la Rep\u00fablica, Uruguay): Licenciada em Ci\u00eancias da Educa\u00e7\u00e3o pela Faculdade de Humanidades e Ci\u00eancias da Educa\u00e7\u00e3o. Mestre em Ci\u00eancias Humanas pela Universidade de la Rep\u00fablica. Doutora em Ci\u00eancias Humanas (Educac\u00e3o) na Faculdade Latinoamericana de Ci\u00eancias Sociais. Professora no Instituto de Educac\u00e3o, Faculdade de Humanidades e Ci\u00eancias da Educa\u00e7\u00e3o, UdelaR. Desenvolve pesquisas em Pol\u00edticas Educativas, Curr\u00edculo e Ensino.<\/span><\/span><\/span><\/p>\n<p>&nbsp;<\/p>\n<p style=\"text-align: center\"><span style=\"font-size: 18pt;color: #ff6600\"><strong>Fernando Seffner<\/strong><\/span><\/p>\n<p><img loading=\"lazy\" decoding=\"async\" class=\"wp-image-198 alignleft\" src=\"https:\/\/wp.ufpel.edu.br\/cepe2019\/files\/2019\/11\/fernando-seffner-300x400.jpg\" alt=\"\" width=\"199\" height=\"265\" srcset=\"https:\/\/wp.ufpel.edu.br\/cepe2019\/files\/2019\/11\/fernando-seffner-300x400.jpg 300w, https:\/\/wp.ufpel.edu.br\/cepe2019\/files\/2019\/11\/fernando-seffner.jpg 480w\" sizes=\"auto, (max-width: 199px) 100vw, 199px\" \/><\/p>\n<p class=\"western\" align=\"JUSTIFY\"><b><br \/>\nFernando Seffner<\/b>: Licenciado em Hist\u00f3ria pela Universidade Federal do Rio Grande do Sul (UFRGS), Mestrado em Sociologia e Doutor no Programa de P\u00f3s-Gradua\u00e7\u00e3o em Educa\u00e7\u00e3o UFRGS. Professor Associado da Faculdade de Educa\u00e7\u00e3o da UFRGS. Atua em pesquisas e orienta\u00e7\u00f5es investigando processos de produ\u00e7\u00e3o, manuten\u00e7\u00e3o e modifica\u00e7\u00e3o das masculinidades, situa\u00e7\u00f5es de vulnerabilidade \u00e0 AIDS; conex\u00f5es entre direitos humanos e pol\u00edticas p\u00fablicas.<\/p>\n<p>&nbsp;<\/p>\n<p>&nbsp;<\/p>\n<p>&nbsp;<\/p>\n<p style=\"text-align: center\"><span style=\"color: #ff6600;font-size: 18pt\"><strong>Gilvan M. Costa<\/strong><\/span><\/p>\n<p><img loading=\"lazy\" decoding=\"async\" class=\"wp-image-201 alignleft\" src=\"https:\/\/wp.ufpel.edu.br\/cepe2019\/files\/2019\/11\/gilvan-400x267.jpg\" alt=\"\" width=\"199\" height=\"133\" srcset=\"https:\/\/wp.ufpel.edu.br\/cepe2019\/files\/2019\/11\/gilvan-400x267.jpg 400w, https:\/\/wp.ufpel.edu.br\/cepe2019\/files\/2019\/11\/gilvan-768x513.jpg 768w, https:\/\/wp.ufpel.edu.br\/cepe2019\/files\/2019\/11\/gilvan-1024x684.jpg 1024w, https:\/\/wp.ufpel.edu.br\/cepe2019\/files\/2019\/11\/gilvan.jpg 1600w\" sizes=\"auto, (max-width: 199px) 100vw, 199px\" \/><\/p>\n<p class=\"western\" align=\"JUSTIFY\"><b>Gilvan Luiz Machado Costa <\/b>(Unisul): Graduado em Matem\u00e1tica-Licenciatura (UNESC). Mestre em Educa\u00e7\u00e3o Matem\u00e1tica (UNESP). Doutor em Educa\u00e7\u00e3o (UNICAMP). Professor da Universidade do Sul de Santa Catarina (Unisul). Desenvolve pesquisas na \u00e1rea de Educa\u00e7\u00e3o, com \u00eanfase em Pol\u00edtica Educacional, dedicando-se, principalmente, aos seguintes temas: Trabalho docente e valoriza\u00e7\u00e3o dos profissionais da educa\u00e7\u00e3o; Ensino m\u00e9dio no Brasil; Gest\u00e3o e financiamento da educa\u00e7\u00e3o b\u00e1sica.<\/p>\n<p>&nbsp;<\/p>\n<p style=\"text-align: center\"><span style=\"color: #ff6600;font-size: 18pt\"><strong>Graziella S. dos Santos<\/strong><\/span><\/p>\n<p><img loading=\"lazy\" decoding=\"async\" class=\"wp-image-202 alignleft\" src=\"https:\/\/wp.ufpel.edu.br\/cepe2019\/files\/2019\/11\/graziella-247x400.jpg\" alt=\"\" width=\"199\" height=\"323\" srcset=\"https:\/\/wp.ufpel.edu.br\/cepe2019\/files\/2019\/11\/graziella-247x400.jpg 247w, https:\/\/wp.ufpel.edu.br\/cepe2019\/files\/2019\/11\/graziella.jpg 567w\" sizes=\"auto, (max-width: 199px) 100vw, 199px\" \/><\/p>\n<p>Graziella Souza dos Santos (UFSC): Licenciada em Pedagogia pela UFRGS. Mestre e Doutora em Educa\u00e7\u00e3o tamb\u00e9m pelo Programa de P\u00f3s-Gradua\u00e7\u00e3o em Educa\u00e7\u00e3o (UFRGS), realizou Doutorado sandu\u00edche na <i>University of Wisconsin-Madison<\/i> (Estados Unidos). Foi professora da Universidade do Vale do Itaja\u00ed (Univali) e atualmente \u00e9 professora da Universidade Federal de Santa Catarina (UFSC). Desenvolve pesquisas nas \u00e1reas de Curr\u00edculo, Pol\u00edticas Educacionais e Curriculares e suas interfaces com o contexto escolar.<\/p>\n<p>&nbsp;<\/p>\n<p>&nbsp;<\/p>\n<p>&nbsp;<\/p>\n<p>&nbsp;<\/p>\n<p>&nbsp;<\/p>\n<p style=\"text-align: center\"><span style=\"color: #ff6600;font-size: 18pt\"><strong>Kamila Lockman<\/strong><\/span><\/p>\n<p><img loading=\"lazy\" decoding=\"async\" class=\"alignleft wp-image-203\" src=\"https:\/\/wp.ufpel.edu.br\/cepe2019\/files\/2019\/11\/kamilla-293x400.jpg\" alt=\"\" width=\"199\" height=\"271\" srcset=\"https:\/\/wp.ufpel.edu.br\/cepe2019\/files\/2019\/11\/kamilla-293x400.jpg 293w, https:\/\/wp.ufpel.edu.br\/cepe2019\/files\/2019\/11\/kamilla-768x1047.jpg 768w, https:\/\/wp.ufpel.edu.br\/cepe2019\/files\/2019\/11\/kamilla-751x1024.jpg 751w, https:\/\/wp.ufpel.edu.br\/cepe2019\/files\/2019\/11\/kamilla.jpg 1833w\" sizes=\"auto, (max-width: 199px) 100vw, 199px\" \/><\/p>\n<p class=\"western\" align=\"JUSTIFY\"><b><br \/>\nKamila Lockmann <\/b>(FURG): Licenciada em Pedagogia com Habilita\u00e7\u00e3o em Supervis\u00e3o e Administra\u00e7\u00e3o Escolar pela Universidade FEEVALE (2006). Mestre (2010) e Doutora (2013) em Educa\u00e7\u00e3o pela Universidade Federal do Rio Grande do Sul &#8211; UFRGS. Professora do Instituto de Educa\u00e7\u00e3o da Universidade Federal do Rio Grande &#8211; FURG. Desenvolve pesquisas na \u00e1rea de Educa\u00e7\u00e3o trabalhando principalmente com os seguintes temas: inclus\u00e3o escolar e social, avalia\u00e7\u00e3o em larga escala, curr\u00edculo, doc\u00eancia e forma\u00e7\u00e3o de professores.<\/p>\n<p>&nbsp;<\/p>\n<p>&nbsp;<\/p>\n<p>&nbsp;<\/p>\n<p style=\"text-align: center\"><span style=\"color: #ff6600;font-size: 18pt\"><strong>Lu\u00eds Armando Gandin<\/strong><\/span><\/p>\n<p align=\"justify\"><img loading=\"lazy\" decoding=\"async\" class=\"alignleft wp-image-204\" src=\"https:\/\/wp.ufpel.edu.br\/cepe2019\/files\/2019\/11\/luis.jpg\" alt=\"\" width=\"199\" height=\"259\" \/><\/p>\n<p class=\"western\" align=\"JUSTIFY\"><b><br \/>\nLu\u00eds Armando Gandin <\/b>(UFRGS): Graduado em Ci\u00eancias Sociais (UFRGS\/1987). Mestre em Sociologia (UFRGS\/1993). Doutor (Ph.D.) em <i>Curriculum and Instruction <\/i>pela University of Wisconsin &#8211; Madison (2002). Professor da Faculdade de Educa\u00e7\u00e3o da Universidade Federal do Rio Grande do Sul (UFRGS), Desenvolve pesquisas na \u00e1rea de Educa\u00e7\u00e3o, com \u00eanfase em Sociologia da Educa\u00e7\u00e3o.<\/p>\n<p>&nbsp;<\/p>\n<p>&nbsp;<\/p>\n<p>&nbsp;<\/p>\n<p>&nbsp;<\/p>\n<p style=\"text-align: center\"><span style=\"color: #ff6600;font-size: 18pt\"><strong>Maria Cl\u00e1udia Dal&#8217;Igna<\/strong><\/span><\/p>\n<p><img loading=\"lazy\" decoding=\"async\" class=\"alignleft wp-image-206\" src=\"https:\/\/wp.ufpel.edu.br\/cepe2019\/files\/2019\/11\/maclau.jpg\" alt=\"\" width=\"199\" height=\"249\" \/><\/p>\n<p>Maria Cl\u00e1udia Dal&#8217;Igna (UNISINOS): \u00c9 doutora e mestre em Educa\u00e7\u00e3o pela Universidade Federal do Rio Grande do Sul (UFRGS). Graduada em Pedagogia pela Universidade do Vale do Rio dos Sinos (Unisinos). \u00c9 vice-l\u00edder do Grupo Interinstitucional de Pesquisa em Doc\u00eancias, Pedagogias e Diferen\u00e7as (GIPEDI\/Unisinos), e docente pesquisadora do Grupo de Estudos de Educa\u00e7\u00e3o e Rela\u00e7\u00f5es de G\u00eanero (GEERGE\/UFRGS\/CNPq). Suas pesquisas analisam os seguintes temas: g\u00eanero; forma\u00e7\u00e3o de professores; profissionalidade docente; doc\u00eancia: afeto, amor e cuidado; pedagogia: campo e atua\u00e7\u00e3o.<\/p>\n<p>&nbsp;<\/p>\n<p>&nbsp;<\/p>\n<p>&nbsp;<\/p>\n<p style=\"text-align: center\" align=\"justify\"><span style=\"color: #ff6600;font-size: 18pt\"><strong>Marta N\u00f6rberg<\/strong><\/span><\/p>\n<p><img loading=\"lazy\" decoding=\"async\" class=\"wp-image-208 alignleft\" src=\"https:\/\/wp.ufpel.edu.br\/cepe2019\/files\/2019\/11\/marta.jpg\" alt=\"\" width=\"199\" height=\"137\" \/><\/p>\n<p class=\"western\" align=\"JUSTIFY\"><b>Marta N\u00f6rnberg <\/b>(UFPel): Graduada em Pedagogia pela Faculdade de Filosofia Nossa Senhora Imaculada Concei\u00e7\u00e3o (1997). Mestre e Doutora em Educa\u00e7\u00e3o (UFRGS). Professora Associada da (UFPEL). Desenvolve atividades de Pesquisa e Ensino com \u00eanfase em Forma\u00e7\u00e3o de professores, com estudos sobre os seguintes temas: forma\u00e7\u00e3o docente, pr\u00e1tica pedag\u00f3gica, doc\u00eancia nos anos iniciais e inf\u00e2ncia; educa\u00e7\u00e3o infantil e inf\u00e2ncia; \u00e9tica do Cuidado e institui\u00e7\u00f5es; planejamento e avalia\u00e7\u00e3o de processos educativos.<\/p>\n<p>&nbsp;<\/p>\n<p style=\"text-align: center\"><span style=\"color: #ff6600;font-size: 18pt\"><strong>Miguel Duhalde<\/strong><\/span><\/p>\n<p><img loading=\"lazy\" decoding=\"async\" class=\"wp-image-209 alignleft\" src=\"https:\/\/wp.ufpel.edu.br\/cepe2019\/files\/2019\/11\/miguel-400x330.jpg\" alt=\"\" width=\"199\" height=\"164\" srcset=\"https:\/\/wp.ufpel.edu.br\/cepe2019\/files\/2019\/11\/miguel-400x330.jpg 400w, https:\/\/wp.ufpel.edu.br\/cepe2019\/files\/2019\/11\/miguel.jpg 610w\" sizes=\"auto, (max-width: 199px) 100vw, 199px\" \/><\/p>\n<p class=\"western\" align=\"JUSTIFY\"><b>Miguel Duhalde <\/b>(Universidad Aut\u00f3noma de Entre R\u00edos): Graduado em Ci\u00eancias Sociais com \u00eanfase em Gest\u00e3o das Institui\u00e7\u00f5es Educativas (Faculdade Latinoamericana de Ci\u00eancias Sociais \u2013 Sede Argentina). Mestre em Metodologia Cient\u00edfica, Investiga\u00e7\u00e3o Cient\u00edfica e T\u00e9cnica (Universidade Nacional de Entre R\u00edos, 2001). Desenvolve pesquisa sobre alfabetiza\u00e7\u00e3o e educa\u00e7\u00e3o popular, trabalho docente, forma\u00e7\u00e3o de professores e pol\u00edticas educacionais. \u00c9 professor de Ci\u00eancias da Educa\u00e7\u00e3o na Universidade Aut\u00f3noma de Entre R\u00edos (FHAyCS).<\/p>\n<p>&nbsp;<\/p>\n<p style=\"text-align: center\"><strong><span style=\"font-size: 18pt;color: #ff7824\">Myrian Feldfeber<\/span><\/strong><\/p>\n<p><img loading=\"lazy\" decoding=\"async\" class=\"wp-image-211 alignleft\" src=\"https:\/\/wp.ufpel.edu.br\/cepe2019\/files\/2019\/11\/myriam-400x400.jpg\" alt=\"\" width=\"199\" height=\"199\" srcset=\"https:\/\/wp.ufpel.edu.br\/cepe2019\/files\/2019\/11\/myriam-400x400.jpg 400w, https:\/\/wp.ufpel.edu.br\/cepe2019\/files\/2019\/11\/myriam-200x200.jpg 200w, https:\/\/wp.ufpel.edu.br\/cepe2019\/files\/2019\/11\/myriam.jpg 439w\" sizes=\"auto, (max-width: 199px) 100vw, 199px\" \/><\/p>\n<p class=\"western\" align=\"JUSTIFY\"><span style=\"color: #00000a\"><span style=\"font-family: Arial, serif\"><span style=\"font-size: medium\"><b><br \/>\nMyriam Feldfeber <\/b><\/span><\/span><\/span><span style=\"color: #00000a\"><span style=\"font-family: Arial, serif\"><span style=\"font-size: medium\">(Universidade de Buenos Aires): \u00c9 Graduada em Ci\u00eancias da Educa\u00e7\u00e3o (UBA). Mestre em Ci\u00eancias Socias \u00eanfase em Educa\u00e7\u00e3o (FLACSO). Doutora pela Faculdade de Filosofia de Filosofia e Letras (UBA). Professora na Faculdade de Filosofia de Filosofia e Letras (UBA). Desenvolve pesquisas sobre pol\u00edtica educacional, reformas educativas, pol\u00edticas de forma\u00e7\u00e3o docente, trabalho docente e regula\u00e7\u00e3o.<\/span><\/span><\/span><\/p>\n<p>&nbsp;<\/p>\n<p>&nbsp;<\/p>\n<p style=\"text-align: center\"><span style=\"font-size: 18pt\"><strong><span style=\"color: #ff6600\">Pablo Martinis<\/span> <\/strong><\/span><\/p>\n<p><img loading=\"lazy\" decoding=\"async\" class=\"wp-image-213 alignleft\" src=\"https:\/\/wp.ufpel.edu.br\/cepe2019\/files\/2019\/11\/pablo.jpg\" alt=\"\" width=\"199\" height=\"132\" \/><\/p>\n<p class=\"western\" align=\"JUSTIFY\"><b><br \/>\nPablo Martinis <\/b>(Universidad de la Rep\u00fablica &#8211;\u00a0 Uruguay): Graduado em Ci\u00eancias da Educa\u00e7\u00e3o (FHCE-UdelaR). Mestre e Doutor Ci\u00eancias Sociais &#8211; \u00eanfase em Educa\u00e7\u00e3o (FLACSO Argentina). Professor na Universidade de la Rep\u00fablica &#8211; Uruguay (Udelar). Desenvolve pesquisas e com tem\u00e1ticas relacionadas \u00e0 educa\u00e7\u00e3o, desigualdade social e alternativas pedag\u00f3gicas.<\/p>\n<p align=\"justify\"><span style=\"color: #00000a\"><span style=\"font-family: Lato, sans-serif\"><span style=\"font-size: medium\">\u00a0<\/span><\/span><\/span><\/p>\n<p style=\"text-align: center\"><span style=\"color: #ff6600;font-size: 18pt\"><strong>Roberto Moll Neto<\/strong><\/span><\/p>\n<p><img loading=\"lazy\" decoding=\"async\" class=\"wp-image-215 alignleft\" src=\"https:\/\/wp.ufpel.edu.br\/cepe2019\/files\/2019\/11\/roberto-340x400.jpg\" alt=\"\" width=\"199\" height=\"234\" srcset=\"https:\/\/wp.ufpel.edu.br\/cepe2019\/files\/2019\/11\/roberto-340x400.jpg 340w, https:\/\/wp.ufpel.edu.br\/cepe2019\/files\/2019\/11\/roberto-768x902.jpg 768w, https:\/\/wp.ufpel.edu.br\/cepe2019\/files\/2019\/11\/roberto-872x1024.jpg 872w\" sizes=\"auto, (max-width: 199px) 100vw, 199px\" \/><\/p>\n<p class=\"western\" align=\"JUSTIFY\"><b><br \/>\nRoberto Moll Neto <\/b>(UFF): Doutor em Rela\u00e7\u00f5es internacionais pelo PPGRI &#8211; San Tiago Dantas (UNESP, UNICAMP, PUC-SP) em 2015. Mestre em Hist\u00f3ria pelo PPGH &#8211; UFF em 2010. Graduado em Hist\u00f3ria pela UFF em 2007. Gradua\u00e7\u00e3o em Rela\u00e7\u00f5es internacionais pela UNESA em 2007. Tem interesse e experi\u00eancia em pesquisa nos seguintes temas: Hist\u00f3ria dos Estados Unidos; Hist\u00f3ria das Rela\u00e7\u00f5es Internacionais dos Estados Unidos; Hist\u00f3ria da Rela\u00e7\u00e3o entre Estados Unidos e Am\u00e9rica Latina; M\u00e9todos e Teorias em Hist\u00f3ria das Rela\u00e7\u00f5es Internacionais e Hist\u00f3ria Global; Hist\u00f3ria do Neoliberalismo nas Am\u00e9ricas; Hist\u00f3ria do Neoconservadorismo nas Am\u00e9ricas.<\/p>\n<p>&nbsp;<\/p>\n<p>&nbsp;<\/p>\n<p style=\"text-align: center\"><span style=\"color: #ff6600;font-size: 18pt\">Ros\u00e2nia Campos<\/span><\/p>\n<p><img loading=\"lazy\" decoding=\"async\" class=\"wp-image-216 alignleft\" src=\"https:\/\/wp.ufpel.edu.br\/cepe2019\/files\/2019\/11\/rosania.png\" alt=\"\" width=\"199\" height=\"207\" \/><\/p>\n<p class=\"western\" align=\"JUSTIFY\"><b>Ros\u00e2nia Campos <\/b>(Univille): Possui P\u00f3s-doutoramento na Universidade Federal do Rio Grande do Sul (2015), Doutorado (2008) e Mestrado (2001) em Educa\u00e7\u00e3o pelo Programa de P\u00f3s-Gradua\u00e7\u00e3o em Educa\u00e7\u00e3o da Universidade Federal de Santa Catarina &#8211; PPGE\/UFSC. \u00c9 graduada em Psicologia (1994) e possui especializa\u00e7\u00e3o em psicopedagogia (1997). Tem experi\u00eancia na \u00e1rea de Psicologia e Educa\u00e7\u00e3o, com \u00eanfase em Educa\u00e7\u00e3o Infantil, atuando principalmente nos\u00a0 temas da educa\u00e7\u00e3o b\u00e1sica com concentra\u00e7\u00e3o na educa\u00e7\u00e3o infantil, Pol\u00edticas P\u00fablicas para Educa\u00e7\u00e3o B\u00e1sica e psicologia educacional.<\/p>\n<p>&nbsp;<\/p>\n<p>&nbsp;<\/p>\n<p>&nbsp;<\/p>\n<p style=\"text-align: center\"><span style=\"font-size: 18pt;color: #ff6600\">Vera Peroni<\/span><\/p>\n<p><img loading=\"lazy\" decoding=\"async\" class=\"wp-image-212 alignleft\" src=\"https:\/\/wp.ufpel.edu.br\/cepe2019\/files\/2019\/11\/vera.jpg\" alt=\"\" width=\"199\" height=\"199\" \/><\/p>\n<p class=\"western\" align=\"JUSTIFY\"><span style=\"color: #00000a\"><span style=\"font-family: Arial, serif\"><span style=\"font-size: medium\"><b><br \/>\nVera Peroni <\/b><\/span><\/span><\/span><span style=\"color: #00000a\"><span style=\"font-family: Arial, serif\"><span style=\"font-size: medium\">(UFPel): Graduada em pedagogia (UNISC). Mestre em Educa\u00e7\u00e3o (UFMS). Doutora em Educa\u00e7\u00e3o: Hist\u00f3ria, Pol\u00edtica, Sociedade (PUC\/SP). Foi Professora Visitante na UFPEL. \u00c9 professora do PPGEdu\/UFRGS. Desenvolve pesquisas na \u00e1rea de Educa\u00e7\u00e3o, com \u00eanfase em Pol\u00edtica Educacional, atuando principalmente nos seguintes temas: Estado e pol\u00edtica educacional, pol\u00edtica educacional brasileira, rela\u00e7\u00e3o p\u00fablico\/ privado.<\/span><\/span><\/span><\/p>\n<p>&nbsp;<\/p>\n<p>&nbsp;<\/p>\n<p>&nbsp;<\/p>\n<p style=\"text-align: center\"><span style=\"font-size: 18pt;color: #ff6600\">Ver\u00f3nica L\u00f3pez<\/span><\/p>\n<p style=\"text-align: center\"><strong><span style=\"font-size: 18pt;color: #ff7824\"><img loading=\"lazy\" decoding=\"async\" class=\"wp-image-214 alignleft\" src=\"https:\/\/wp.ufpel.edu.br\/cepe2019\/files\/2019\/11\/veronica.jpg\" alt=\"\" width=\"199\" height=\"199\" \/><\/span><\/strong><\/p>\n<p style=\"text-align: justify\">\n<strong>Ver\u00f3nica L\u00f3pez<\/strong> <span style=\"color: #00000a\"><span style=\"font-family: Arial, serif\"><span style=\"font-size: medium\">(Universidad Cat\u00f3lica de Valpara\u00edso): Psic\u00f3loga (PUC-Chile). Doutora em Psicologia pela Universidade Aut\u00f3noma de Madrid. Professora da Pontif\u00edcia Universidade Cat\u00f3lica de Valpara\u00edso (PUC). Desenvolve pesquisas sobre as condi\u00e7\u00f5es que favorecem a aprendizagem escolar e o socioemocional das crian\u00e7as e dos adolescentes e a conviv\u00eancia escolar.<\/span><\/span><\/span><\/p>\n<p>&nbsp;<\/p>\n<p>&nbsp;<\/p>\n<p>&nbsp;<\/p>\n<p style=\"text-align: center\"><strong><span style=\"color: #ff7824;font-size: 18pt\">Vicente Sisto<\/span><\/strong><\/p>\n<p><img loading=\"lazy\" decoding=\"async\" class=\"wp-image-217 alignleft\" src=\"https:\/\/wp.ufpel.edu.br\/cepe2019\/files\/2019\/11\/vicente-400x400.jpg\" alt=\"\" width=\"199\" height=\"199\" srcset=\"https:\/\/wp.ufpel.edu.br\/cepe2019\/files\/2019\/11\/vicente-400x400.jpg 400w, https:\/\/wp.ufpel.edu.br\/cepe2019\/files\/2019\/11\/vicente-200x200.jpg 200w, https:\/\/wp.ufpel.edu.br\/cepe2019\/files\/2019\/11\/vicente.jpg 500w\" sizes=\"auto, (max-width: 199px) 100vw, 199px\" \/><\/p>\n<p class=\"western\" align=\"JUSTIFY\"><span style=\"color: #00000a\"><span style=\"font-family: Arial, serif\"><span style=\"font-size: medium\"><b><br \/>\nVicente Sisto <\/b><\/span><\/span><\/span><span style=\"color: #00000a\"><span style=\"font-family: Arial, serif\"><span style=\"font-size: medium\">(Universidad Cat\u00f3lica de Valpara\u00edso): Psic\u00f3logo (PUC-Chile). Doutor em Psicologia Social pela Universidade Aut\u00f4noma de Barcelona. Professor Titular da Escola de Psicologia da Pontif\u00edcia Universidade Cat\u00f3lica de Valpara\u00edso (PUC). Desenvolve pesquisas sobre as consequ\u00eancias sociais e subjetivas dos processos de flexibiliza\u00e7\u00e3o e desregula\u00e7\u00e3o do trabalho, com especial aten\u00e7\u00e3o ao impacto no trabalho docente.<\/span><\/span><\/span><\/p>\n<p align=\"justify\">\n","protected":false},"excerpt":{"rendered":"<p>Dalila Andrade Oliveira Bacharel em Ci\u00eancias Sociais (1986) e mestre em Educa\u00e7\u00e3o (1992) pela Universidade Federal de Minas Gerais. Doutora em Educa\u00e7\u00e3o pela Universidade de S\u00e3o Paulo (1999). Professora Titular da Faculdade de Educa\u00e7\u00e3o e do Programa de P\u00f3s-Gradua\u00e7\u00e3o em Educa\u00e7\u00e3o da Universidade Federal de Minas Gerais e Professora Visitante da Universidade Federal da Para\u00edba &hellip; <\/p>\n<p><a class=\"more-link btn\" href=\"https:\/\/wp.ufpel.edu.br\/cepe2019\/palestrantes\/\">Continue lendo<\/a><\/p>\n","protected":false},"author":965,"featured_media":0,"parent":0,"menu_order":3,"comment_status":"closed","ping_status":"closed","template":"","meta":{"footnotes":""},"class_list":["post-20","page","type-page","status-publish","hentry","nodate","item-wrap"],"_links":{"self":[{"href":"https:\/\/wp.ufpel.edu.br\/cepe2019\/wp-json\/wp\/v2\/pages\/20","targetHints":{"allow":["GET"]}}],"collection":[{"href":"https:\/\/wp.ufpel.edu.br\/cepe2019\/wp-json\/wp\/v2\/pages"}],"about":[{"href":"https:\/\/wp.ufpel.edu.br\/cepe2019\/wp-json\/wp\/v2\/types\/page"}],"author":[{"embeddable":true,"href":"https:\/\/wp.ufpel.edu.br\/cepe2019\/wp-json\/wp\/v2\/users\/965"}],"replies":[{"embeddable":true,"href":"https:\/\/wp.ufpel.edu.br\/cepe2019\/wp-json\/wp\/v2\/comments?post=20"}],"version-history":[{"count":33,"href":"https:\/\/wp.ufpel.edu.br\/cepe2019\/wp-json\/wp\/v2\/pages\/20\/revisions"}],"predecessor-version":[{"id":346,"href":"https:\/\/wp.ufpel.edu.br\/cepe2019\/wp-json\/wp\/v2\/pages\/20\/revisions\/346"}],"wp:attachment":[{"href":"https:\/\/wp.ufpel.edu.br\/cepe2019\/wp-json\/wp\/v2\/media?parent=20"}],"curies":[{"name":"wp","href":"https:\/\/api.w.org\/{rel}","templated":true}]}}