{"id":707,"date":"2025-03-10T23:35:00","date_gmt":"2025-03-11T02:35:00","guid":{"rendered":"https:\/\/wp.ufpel.edu.br\/cepe\/?page_id=707"},"modified":"2025-03-11T10:49:49","modified_gmt":"2025-03-11T13:49:49","slug":"grupo-de-pesquisa-em-politica-e-gestao-educacional","status":"publish","type":"page","link":"https:\/\/wp.ufpel.edu.br\/cepe\/grupos-de-pesquisa\/grupo-de-pesquisa-em-politica-e-gestao-educacional\/","title":{"rendered":"Grupo de Pesquisa em Pol\u00edtica e Gest\u00e3o Educacional"},"content":{"rendered":"<p>Por interm\u00e9dio das pesquisas desenvolvidas, da reuni\u00e3o de acervo de documentos e produ\u00e7\u00e3o acad\u00eamica, bem como da divulga\u00e7\u00e3o de estudos e pesquisas desenvolvidas por seus\/suas integrantes, a a\u00e7\u00e3o do grupo repercutir\u00e1 junto a: a) Cursos de Gradua\u00e7\u00e3o e de P\u00f3s-Gradua\u00e7\u00e3o &#8212; subsidiando disciplinas e monografias de conclus\u00e3o de cursos; b) sistemas p\u00fablicos de ensino &#8212; discutindo e propondo pol\u00edticas e a\u00e7\u00f5es educacionais a serem implementadas por esses sistemas; c) comunidade acad\u00eamico-cient\u00edfica &#8212; produzindo e acumulando conhecimentos relativos \u00e0 pol\u00edtica e gest\u00e3o educacional, no \u00e2mbito do Estado da Para\u00edba. O grupo de pesquisa tem como base para a realiza\u00e7\u00e3o de seus estudos e pesquisas o Laborat\u00f3rio de Estudos e Pesquisas de Pol\u00edticas Educacionais (LEPPE).<\/p>\n<p><a href=\"https:\/\/wp.ufpel.edu.br\/cepe\/files\/2025\/03\/gppee.jpg\"><img loading=\"lazy\" decoding=\"async\" class=\"wp-image-710 alignleft\" src=\"https:\/\/wp.ufpel.edu.br\/cepe\/files\/2025\/03\/gppee.jpg\" alt=\"\" width=\"250\" height=\"250\" srcset=\"https:\/\/wp.ufpel.edu.br\/cepe\/files\/2025\/03\/gppee.jpg 250w, https:\/\/wp.ufpel.edu.br\/cepe\/files\/2025\/03\/gppee-150x150.jpg 150w\" sizes=\"auto, (max-width: 250px) 100vw, 250px\" \/><\/a><\/p>\n<p><b>Grupo de Pesquisa em Pol\u00edtica e Gest\u00e3o Educacional (GPPGE) &#8211; <\/b>UFCG<br \/>\nL\u00edder(es): Andr\u00e9ia Ferreira da Silva e Luciana Leandro da Silva<\/p>\n<p><a href=\"http:\/\/dgp.cnpq.br\/dgp\/espelhogrupo\/6990117769757611\">P\u00e1gina do Grupo\u00a0<\/a><\/p>\n","protected":false},"excerpt":{"rendered":"<p>Por interm\u00e9dio das pesquisas desenvolvidas, da reuni\u00e3o de acervo de documentos e produ\u00e7\u00e3o acad\u00eamica, bem como da divulga\u00e7\u00e3o de estudos e pesquisas desenvolvidas por seus\/suas integrantes, a a\u00e7\u00e3o do grupo repercutir\u00e1 junto a: a) Cursos de Gradua\u00e7\u00e3o e de P\u00f3s-Gradua\u00e7\u00e3o &#8212; subsidiando disciplinas e monografias de conclus\u00e3o de cursos; b) sistemas p\u00fablicos de ensino &#8212; &hellip; <\/p>\n<p><a class=\"more-link btn\" href=\"https:\/\/wp.ufpel.edu.br\/cepe\/grupos-de-pesquisa\/grupo-de-pesquisa-em-politica-e-gestao-educacional\/\">Continue lendo<\/a><\/p>\n","protected":false},"author":297,"featured_media":0,"parent":199,"menu_order":0,"comment_status":"closed","ping_status":"closed","template":"","meta":{"footnotes":""},"class_list":["post-707","page","type-page","status-publish","hentry","nodate","item-wrap"],"jetpack_sharing_enabled":true,"_links":{"self":[{"href":"https:\/\/wp.ufpel.edu.br\/cepe\/wp-json\/wp\/v2\/pages\/707","targetHints":{"allow":["GET"]}}],"collection":[{"href":"https:\/\/wp.ufpel.edu.br\/cepe\/wp-json\/wp\/v2\/pages"}],"about":[{"href":"https:\/\/wp.ufpel.edu.br\/cepe\/wp-json\/wp\/v2\/types\/page"}],"author":[{"embeddable":true,"href":"https:\/\/wp.ufpel.edu.br\/cepe\/wp-json\/wp\/v2\/users\/297"}],"replies":[{"embeddable":true,"href":"https:\/\/wp.ufpel.edu.br\/cepe\/wp-json\/wp\/v2\/comments?post=707"}],"version-history":[{"count":4,"href":"https:\/\/wp.ufpel.edu.br\/cepe\/wp-json\/wp\/v2\/pages\/707\/revisions"}],"predecessor-version":[{"id":717,"href":"https:\/\/wp.ufpel.edu.br\/cepe\/wp-json\/wp\/v2\/pages\/707\/revisions\/717"}],"up":[{"embeddable":true,"href":"https:\/\/wp.ufpel.edu.br\/cepe\/wp-json\/wp\/v2\/pages\/199"}],"wp:attachment":[{"href":"https:\/\/wp.ufpel.edu.br\/cepe\/wp-json\/wp\/v2\/media?parent=707"}],"curies":[{"name":"wp","href":"https:\/\/api.w.org\/{rel}","templated":true}]}}