{"id":7,"date":"2013-09-13T11:25:25","date_gmt":"2013-09-13T14:25:25","guid":{"rendered":"https:\/\/wp.ufpel.edu.br\/cepe\/?page_id=7"},"modified":"2019-11-04T12:46:54","modified_gmt":"2019-11-04T15:46:54","slug":"outras-paginas","status":"publish","type":"page","link":"https:\/\/wp.ufpel.edu.br\/cepe\/outras-paginas\/","title":{"rendered":"Outras P\u00e1ginas"},"content":{"rendered":"<h3><a href=\"http:\/\/www2.ufpel.edu.br\/fae\/ppge\/\">PPGE &#8211; Programa de P\u00f3s-Gradua\u00e7\u00e3o em Educa\u00e7\u00e3o<\/a><\/h3>\n<h3><a href=\"http:\/\/www.redeestrado.org\/web\/inicio.php\">REDESTRADO &#8211; Rede Latinoamericana de Estudos sobre Trabalho Docente<\/a><\/h3>\n<h3><a href=\"http:\/\/www.relepe.org\/\">RELEPE &#8211; Rede Latinoamericana de Estudos Epistemol\u00f3gicos em Pol\u00edtica Educativa<\/a><\/h3>\n<h3><a href=\"http:\/\/www.gestrado.org\/index.php\">GESTRADO &#8211; Grupo de Estudos sobre Trabalho Docente e Pol\u00edticas Educativas<\/a><\/h3>\n<h3><a href=\"http:\/\/portal_anped.verkn.com.br\/\">ANPEd &#8211; Associa\u00e7\u00e3o Nacional de Pesquisa e P\u00f3s-Gradua\u00e7\u00e3o em Educa\u00e7\u00e3o<\/a><\/h3>\n<h2><a href=\"http:\/\/docencia.net.br\"><span style=\"font-size: 18pt\">Projeto &#8211; Doc\u00eancia na Educa\u00e7\u00e3o B\u00e1sica<\/span><\/a><\/h2>\n","protected":false},"excerpt":{"rendered":"<p>PPGE &#8211; Programa de P\u00f3s-Gradua\u00e7\u00e3o em Educa\u00e7\u00e3o REDESTRADO &#8211; Rede Latinoamericana de Estudos sobre Trabalho Docente RELEPE &#8211; Rede Latinoamericana de Estudos Epistemol\u00f3gicos em Pol\u00edtica Educativa GESTRADO &#8211; Grupo de Estudos sobre Trabalho Docente e Pol\u00edticas Educativas ANPEd &#8211; Associa\u00e7\u00e3o Nacional de Pesquisa e P\u00f3s-Gradua\u00e7\u00e3o em Educa\u00e7\u00e3o Projeto &#8211; Doc\u00eancia na Educa\u00e7\u00e3o B\u00e1sica<\/p>\n","protected":false},"author":297,"featured_media":0,"parent":0,"menu_order":6,"comment_status":"closed","ping_status":"closed","template":"","meta":{"footnotes":""},"class_list":["post-7","page","type-page","status-publish","hentry","nodate","item-wrap"],"jetpack_sharing_enabled":true,"_links":{"self":[{"href":"https:\/\/wp.ufpel.edu.br\/cepe\/wp-json\/wp\/v2\/pages\/7","targetHints":{"allow":["GET"]}}],"collection":[{"href":"https:\/\/wp.ufpel.edu.br\/cepe\/wp-json\/wp\/v2\/pages"}],"about":[{"href":"https:\/\/wp.ufpel.edu.br\/cepe\/wp-json\/wp\/v2\/types\/page"}],"author":[{"embeddable":true,"href":"https:\/\/wp.ufpel.edu.br\/cepe\/wp-json\/wp\/v2\/users\/297"}],"replies":[{"embeddable":true,"href":"https:\/\/wp.ufpel.edu.br\/cepe\/wp-json\/wp\/v2\/comments?post=7"}],"version-history":[{"count":7,"href":"https:\/\/wp.ufpel.edu.br\/cepe\/wp-json\/wp\/v2\/pages\/7\/revisions"}],"predecessor-version":[{"id":439,"href":"https:\/\/wp.ufpel.edu.br\/cepe\/wp-json\/wp\/v2\/pages\/7\/revisions\/439"}],"wp:attachment":[{"href":"https:\/\/wp.ufpel.edu.br\/cepe\/wp-json\/wp\/v2\/media?parent=7"}],"curies":[{"name":"wp","href":"https:\/\/api.w.org\/{rel}","templated":true}]}}