{"id":671,"date":"2022-10-31T18:19:18","date_gmt":"2022-10-31T21:19:18","guid":{"rendered":"https:\/\/wp.ufpel.edu.br\/cepe\/?page_id=671"},"modified":"2022-10-31T18:24:53","modified_gmt":"2022-10-31T21:24:53","slug":"iv-encontro-do-cepe-2022","status":"publish","type":"page","link":"https:\/\/wp.ufpel.edu.br\/cepe\/agenda-de-eventos\/iv-encontro-do-cepe-2022\/","title":{"rendered":"IV Encontro do CEPE | 2022"},"content":{"rendered":"<h4 class=\"kt-adv-heading_1d39dc-53 wp-block-kadence-advancedheading\" data-kb-block=\"kb-adv-heading_1d39dc-53\"><strong>IV Encontro do CEPE \u2013 Curr\u00edculo, Forma\u00e7\u00e3o e Trabalho Docente: efeitos da pandemia<br \/>\n<a href=\"https:\/\/wp.ufpel.edu.br\/cepe\/files\/2022\/10\/Horarios-8.png\"><img loading=\"lazy\" decoding=\"async\" class=\"alignnone size-medium wp-image-676\" src=\"https:\/\/wp.ufpel.edu.br\/cepe\/files\/2022\/10\/Horarios-8-300x300.png\" alt=\"\" width=\"300\" height=\"300\" srcset=\"https:\/\/wp.ufpel.edu.br\/cepe\/files\/2022\/10\/Horarios-8-300x300.png 300w, https:\/\/wp.ufpel.edu.br\/cepe\/files\/2022\/10\/Horarios-8-1024x1024.png 1024w, https:\/\/wp.ufpel.edu.br\/cepe\/files\/2022\/10\/Horarios-8-150x150.png 150w, https:\/\/wp.ufpel.edu.br\/cepe\/files\/2022\/10\/Horarios-8-768x768.png 768w, https:\/\/wp.ufpel.edu.br\/cepe\/files\/2022\/10\/Horarios-8-750x750.png 750w, https:\/\/wp.ufpel.edu.br\/cepe\/files\/2022\/10\/Horarios-8.png 1080w\" sizes=\"auto, (max-width: 300px) 100vw, 300px\" \/><\/a><br \/>\n<\/strong><\/h4>\n","protected":false},"excerpt":{"rendered":"<p>IV Encontro do CEPE \u2013 Curr\u00edculo, Forma\u00e7\u00e3o e Trabalho Docente: efeitos da pandemia<\/p>\n","protected":false},"author":297,"featured_media":0,"parent":56,"menu_order":0,"comment_status":"closed","ping_status":"closed","template":"","meta":{"footnotes":""},"class_list":["post-671","page","type-page","status-publish","hentry","nodate","item-wrap"],"jetpack_sharing_enabled":true,"_links":{"self":[{"href":"https:\/\/wp.ufpel.edu.br\/cepe\/wp-json\/wp\/v2\/pages\/671","targetHints":{"allow":["GET"]}}],"collection":[{"href":"https:\/\/wp.ufpel.edu.br\/cepe\/wp-json\/wp\/v2\/pages"}],"about":[{"href":"https:\/\/wp.ufpel.edu.br\/cepe\/wp-json\/wp\/v2\/types\/page"}],"author":[{"embeddable":true,"href":"https:\/\/wp.ufpel.edu.br\/cepe\/wp-json\/wp\/v2\/users\/297"}],"replies":[{"embeddable":true,"href":"https:\/\/wp.ufpel.edu.br\/cepe\/wp-json\/wp\/v2\/comments?post=671"}],"version-history":[{"count":6,"href":"https:\/\/wp.ufpel.edu.br\/cepe\/wp-json\/wp\/v2\/pages\/671\/revisions"}],"predecessor-version":[{"id":678,"href":"https:\/\/wp.ufpel.edu.br\/cepe\/wp-json\/wp\/v2\/pages\/671\/revisions\/678"}],"up":[{"embeddable":true,"href":"https:\/\/wp.ufpel.edu.br\/cepe\/wp-json\/wp\/v2\/pages\/56"}],"wp:attachment":[{"href":"https:\/\/wp.ufpel.edu.br\/cepe\/wp-json\/wp\/v2\/media?parent=671"}],"curies":[{"name":"wp","href":"https:\/\/api.w.org\/{rel}","templated":true}]}}