{"id":635,"date":"2021-11-28T08:53:17","date_gmt":"2021-11-28T11:53:17","guid":{"rendered":"https:\/\/wp.ufpel.edu.br\/cepe\/?page_id=635"},"modified":"2021-11-28T21:41:36","modified_gmt":"2021-11-29T00:41:36","slug":"validacao-iii-cepe-2021","status":"publish","type":"page","link":"https:\/\/wp.ufpel.edu.br\/cepe\/agenda-de-eventos\/validacao-iii-cepe-2021\/","title":{"rendered":"Valida\u00e7\u00e3o | III CEPE 2021"},"content":{"rendered":"<p>Certificamos que todos presentes na lista abaixo participaram do evento I Encontro do CEPE 2019, promovido pelo CEPE \u2013 Centro de Estudos em Pol\u00edticas Educativas (FaE\/UFPel) e pelo Curso de P\u00f3s-Gradua\u00e7\u00e3o em Educa\u00e7\u00e3o da Universidade Federal de Pelotas, realizado em 5, 12 e 19 de Novembro de 2021, perfazendo uma carga hor\u00e1ria de 2, 4 ou 6 horas, a depender do certificado.<\/p>\n<table dir=\"ltr\" style=\"width: 749px;height: 2262px\" border=\"1\" cellspacing=\"0\" cellpadding=\"0\">\n<colgroup>\n<col width=\"100\" \/>\n<col width=\"100\" \/><\/colgroup>\n<tbody>\n<tr style=\"height: 39px\">\n<td style=\"width: 420px;height: 39px\" data-sheets-value=\"{&quot;1&quot;:2,&quot;2&quot;:&quot;Adriele Gon\u00e7alves dos Santos&quot;}\">Adriele Gon\u00e7alves dos Santos<\/td>\n<td style=\"width: 329px;height: 39px\" data-sheets-value=\"{&quot;1&quot;:3,&quot;3&quot;:2}\">2<\/td>\n<\/tr>\n<tr style=\"height: 39px\">\n<td style=\"width: 420px;height: 39px\" data-sheets-value=\"{&quot;1&quot;:2,&quot;2&quot;:&quot;Aline Gon\u00e7alves de Moura&quot;}\">Aline Gon\u00e7alves de Moura<\/td>\n<td style=\"width: 329px;height: 39px\" data-sheets-value=\"{&quot;1&quot;:3,&quot;3&quot;:2}\">2<\/td>\n<\/tr>\n<tr style=\"height: 39px\">\n<td style=\"width: 420px;height: 39px\" data-sheets-value=\"{&quot;1&quot;:2,&quot;2&quot;:&quot;Aline Nunes da Cunha de Medeiros&quot;}\">Aline Nunes da Cunha de Medeiros<\/td>\n<td style=\"width: 329px;height: 39px\" data-sheets-value=\"{&quot;1&quot;:3,&quot;3&quot;:2}\">2<\/td>\n<\/tr>\n<tr style=\"height: 39px\">\n<td style=\"width: 420px;height: 39px\" data-sheets-value=\"{&quot;1&quot;:2,&quot;2&quot;:&quot;Andr\u00e9 Rickes&quot;}\">Andr\u00e9 Rickes<\/td>\n<td style=\"width: 329px;height: 39px\" data-sheets-value=\"{&quot;1&quot;:3,&quot;3&quot;:6}\">6<\/td>\n<\/tr>\n<tr style=\"height: 39px\">\n<td style=\"width: 420px;height: 39px\" data-sheets-value=\"{&quot;1&quot;:2,&quot;2&quot;:&quot;Angel Ernesto P\u00e9rez L\u00f3pez&quot;}\">Angel Ernesto P\u00e9rez L\u00f3pez<\/td>\n<td style=\"width: 329px;height: 39px\" data-sheets-value=\"{&quot;1&quot;:3,&quot;3&quot;:4}\">4<\/td>\n<\/tr>\n<tr style=\"height: 39px\">\n<td style=\"width: 420px;height: 39px\" data-sheets-value=\"{&quot;1&quot;:2,&quot;2&quot;:&quot;Angela Cristina Alves Albino&quot;}\">Angela Cristina Alves Albino<\/td>\n<td style=\"width: 329px;height: 39px\" data-sheets-value=\"{&quot;1&quot;:3,&quot;3&quot;:2}\">2<\/td>\n<\/tr>\n<tr style=\"height: 39px\">\n<td style=\"width: 420px;height: 39px\" data-sheets-value=\"{&quot;1&quot;:2,&quot;2&quot;:&quot;Annelise Costa de Jesus&quot;}\">Annelise Costa de Jesus<\/td>\n<td style=\"width: 329px;height: 39px\" data-sheets-value=\"{&quot;1&quot;:3,&quot;3&quot;:2}\">2<\/td>\n<\/tr>\n<tr style=\"height: 39px\">\n<td style=\"width: 420px;height: 39px\" data-sheets-value=\"{&quot;1&quot;:2,&quot;2&quot;:&quot;Camila Grassi Mendes de Faria&quot;}\">Camila Grassi Mendes de Faria<\/td>\n<td style=\"width: 329px;height: 39px\" data-sheets-value=\"{&quot;1&quot;:3,&quot;3&quot;:2}\">2<\/td>\n<\/tr>\n<tr style=\"height: 39px\">\n<td style=\"width: 420px;height: 39px\" data-sheets-value=\"{&quot;1&quot;:2,&quot;2&quot;:&quot;carolina Nogueira da Rosa&quot;}\">carolina Nogueira da Rosa<\/td>\n<td style=\"width: 329px;height: 39px\" data-sheets-value=\"{&quot;1&quot;:3,&quot;3&quot;:2}\">2<\/td>\n<\/tr>\n<tr style=\"height: 39px\">\n<td style=\"width: 420px;height: 39px\" data-sheets-value=\"{&quot;1&quot;:2,&quot;2&quot;:&quot;Daniele Ritta Menezes&quot;}\">Daniele Ritta Menezes<\/td>\n<td style=\"width: 329px;height: 39px\" data-sheets-value=\"{&quot;1&quot;:3,&quot;3&quot;:2}\">2<\/td>\n<\/tr>\n<tr style=\"height: 39px\">\n<td style=\"width: 420px;height: 39px\" data-sheets-value=\"{&quot;1&quot;:2,&quot;2&quot;:&quot;Danilo Cardoso da Silva&quot;}\">Danilo Cardoso da Silva<\/td>\n<td style=\"width: 329px;height: 39px\" data-sheets-value=\"{&quot;1&quot;:3,&quot;3&quot;:4}\">4<\/td>\n<\/tr>\n<tr style=\"height: 39px\">\n<td style=\"width: 420px;height: 39px\" data-sheets-value=\"{&quot;1&quot;:2,&quot;2&quot;:&quot;Deise Ramos da Rocha&quot;}\">Deise Ramos da Rocha<\/td>\n<td style=\"width: 329px;height: 39px\" data-sheets-value=\"{&quot;1&quot;:3,&quot;3&quot;:2}\">2<\/td>\n<\/tr>\n<tr style=\"height: 39px\">\n<td style=\"width: 420px;height: 39px\" data-sheets-value=\"{&quot;1&quot;:2,&quot;2&quot;:&quot;Dienefer Margarida Vanzella Amaral&quot;}\">Dienefer Margarida Vanzella Amaral<\/td>\n<td style=\"width: 329px;height: 39px\" data-sheets-value=\"{&quot;1&quot;:3,&quot;3&quot;:2}\">2<\/td>\n<\/tr>\n<tr style=\"height: 39px\">\n<td style=\"width: 420px;height: 39px\" data-sheets-value=\"{&quot;1&quot;:2,&quot;2&quot;:&quot;DILSE BRANCHER GARLET&quot;}\">DILSE BRANCHER GARLET<\/td>\n<td style=\"width: 329px;height: 39px\" data-sheets-value=\"{&quot;1&quot;:3,&quot;3&quot;:2}\">2<\/td>\n<\/tr>\n<tr style=\"height: 39px\">\n<td style=\"width: 420px;height: 39px\" data-sheets-value=\"{&quot;1&quot;:2,&quot;2&quot;:&quot;F\u00e1tima Giovana Tessmer Santin&quot;}\">F\u00e1tima Giovana Tessmer Santin<\/td>\n<td style=\"width: 329px;height: 39px\" data-sheets-value=\"{&quot;1&quot;:3,&quot;3&quot;:2}\">2<\/td>\n<\/tr>\n<tr style=\"height: 39px\">\n<td style=\"width: 420px;height: 39px\" data-sheets-value=\"{&quot;1&quot;:2,&quot;2&quot;:&quot;Fernanda Piccinin Michelin&quot;}\">Fernanda Piccinin Michelin<\/td>\n<td style=\"width: 329px;height: 39px\" data-sheets-value=\"{&quot;1&quot;:3,&quot;3&quot;:2}\">2<\/td>\n<\/tr>\n<tr style=\"height: 39px\">\n<td style=\"width: 420px;height: 39px\" data-sheets-value=\"{&quot;1&quot;:2,&quot;2&quot;:&quot;Fernando Cezar Ripe da Cruz&quot;}\">Fernando Cezar Ripe da Cruz<\/td>\n<td style=\"width: 329px;height: 39px\" data-sheets-value=\"{&quot;1&quot;:3,&quot;3&quot;:4}\">4<\/td>\n<\/tr>\n<tr style=\"height: 39px\">\n<td style=\"width: 420px;height: 39px\" data-sheets-value=\"{&quot;1&quot;:2,&quot;2&quot;:&quot;GABRIEL DOS SANTOS KEHLER&quot;}\">GABRIEL DOS SANTOS KEHLER<\/td>\n<td style=\"width: 329px;height: 39px\" data-sheets-value=\"{&quot;1&quot;:3,&quot;3&quot;:2}\">2<\/td>\n<\/tr>\n<tr style=\"height: 39px\">\n<td style=\"width: 420px;height: 39px\" data-sheets-value=\"{&quot;1&quot;:2,&quot;2&quot;:&quot;Giane Silva da Silva&quot;}\">Giane Silva da Silva<\/td>\n<td style=\"width: 329px;height: 39px\" data-sheets-value=\"{&quot;1&quot;:3,&quot;3&quot;:6}\">6<\/td>\n<\/tr>\n<tr style=\"height: 39px\">\n<td style=\"width: 420px;height: 39px\" data-sheets-value=\"{&quot;1&quot;:2,&quot;2&quot;:&quot;GIRLANA SANTOS ANDRADE&quot;}\">GIRLANA SANTOS ANDRADE<\/td>\n<td style=\"width: 329px;height: 39px\" data-sheets-value=\"{&quot;1&quot;:3,&quot;3&quot;:2}\">2<\/td>\n<\/tr>\n<tr style=\"height: 39px\">\n<td style=\"width: 420px;height: 39px\" data-sheets-value=\"{&quot;1&quot;:2,&quot;2&quot;:&quot;Ion\u00e3 da Silva Lacerda&quot;}\">Ion\u00e3 da Silva Lacerda<\/td>\n<td style=\"width: 329px;height: 39px\" data-sheets-value=\"{&quot;1&quot;:3,&quot;3&quot;:2}\">2<\/td>\n<\/tr>\n<tr style=\"height: 39px\">\n<td style=\"width: 420px;height: 39px\" data-sheets-value=\"{&quot;1&quot;:2,&quot;2&quot;:&quot;Janete Pal\u00fa&quot;}\">Janete Pal\u00fa<\/td>\n<td style=\"width: 329px;height: 39px\" data-sheets-value=\"{&quot;1&quot;:3,&quot;3&quot;:4}\">4<\/td>\n<\/tr>\n<tr style=\"height: 39px\">\n<td style=\"width: 420px;height: 39px\" data-sheets-value=\"{&quot;1&quot;:2,&quot;2&quot;:&quot;Jaqueline Lakman Almeida&quot;}\">Jaqueline Lakman Almeida<\/td>\n<td style=\"width: 329px;height: 39px\" data-sheets-value=\"{&quot;1&quot;:3,&quot;3&quot;:2}\">2<\/td>\n<\/tr>\n<tr style=\"height: 39px\">\n<td style=\"width: 420px;height: 39px\" data-sheets-value=\"{&quot;1&quot;:2,&quot;2&quot;:&quot;Jo\u00e3o Carlos Roedel Hirdes&quot;}\">Jo\u00e3o Carlos Roedel Hirdes<\/td>\n<td style=\"width: 329px;height: 39px\" data-sheets-value=\"{&quot;1&quot;:3,&quot;3&quot;:2}\">2<\/td>\n<\/tr>\n<tr style=\"height: 39px\">\n<td style=\"width: 420px;height: 39px\" data-sheets-value=\"{&quot;1&quot;:2,&quot;2&quot;:&quot;Jo\u00e9lma de Souza Arbigaus&quot;}\">Jo\u00e9lma de Souza Arbigaus<\/td>\n<td style=\"width: 329px;height: 39px\" data-sheets-value=\"{&quot;1&quot;:3,&quot;3&quot;:4}\">4<\/td>\n<\/tr>\n<tr style=\"height: 39px\">\n<td style=\"width: 420px;height: 39px\" data-sheets-value=\"{&quot;1&quot;:2,&quot;2&quot;:&quot;Jos\u00e9 iderley marinho lima&quot;}\">Jos\u00e9 iderley marinho lima<\/td>\n<td style=\"width: 329px;height: 39px\" data-sheets-value=\"{&quot;1&quot;:3,&quot;3&quot;:2}\">2<\/td>\n<\/tr>\n<tr style=\"height: 39px\">\n<td style=\"width: 420px;height: 39px\" data-sheets-value=\"{&quot;1&quot;:2,&quot;2&quot;:&quot;Josiane Konradt&quot;}\">Josiane Konradt<\/td>\n<td style=\"width: 329px;height: 39px\" data-sheets-value=\"{&quot;1&quot;:3,&quot;3&quot;:6}\">6<\/td>\n<\/tr>\n<tr style=\"height: 39px\">\n<td style=\"width: 420px;height: 39px\" data-sheets-value=\"{&quot;1&quot;:2,&quot;2&quot;:&quot;Juliana Andrade Lun&quot;}\">Juliana Andrade Lun<\/td>\n<td style=\"width: 329px;height: 39px\" data-sheets-value=\"{&quot;1&quot;:3,&quot;3&quot;:2}\">2<\/td>\n<\/tr>\n<tr style=\"height: 39px\">\n<td style=\"width: 420px;height: 39px\" data-sheets-value=\"{&quot;1&quot;:2,&quot;2&quot;:&quot;Juliana Mezomo Cantarelli&quot;}\">Juliana Mezomo Cantarelli<\/td>\n<td style=\"width: 329px;height: 39px\" data-sheets-value=\"{&quot;1&quot;:3,&quot;3&quot;:2}\">2<\/td>\n<\/tr>\n<tr style=\"height: 39px\">\n<td style=\"width: 420px;height: 39px\" data-sheets-value=\"{&quot;1&quot;:2,&quot;2&quot;:&quot;KASSI\u00ca TALITA WANDSCHEER&quot;}\">KASSI\u00ca TALITA WANDSCHEER<\/td>\n<td style=\"width: 329px;height: 39px\" data-sheets-value=\"{&quot;1&quot;:3,&quot;3&quot;:2}\">2<\/td>\n<\/tr>\n<tr style=\"height: 39px\">\n<td style=\"width: 420px;height: 39px\" data-sheets-value=\"{&quot;1&quot;:2,&quot;2&quot;:&quot;Kenia de Freitas Ferreira&quot;}\"><\/td>\n<td style=\"width: 329px;height: 39px\" data-sheets-value=\"{&quot;1&quot;:3,&quot;3&quot;:2}\"><\/td>\n<\/tr>\n<tr style=\"height: 39px\">\n<td style=\"width: 420px;height: 39px\" data-sheets-value=\"{&quot;1&quot;:2,&quot;2&quot;:&quot;K\u00eania de Freitas Ferreira&quot;}\">K\u00eania de Freitas Ferreira<\/td>\n<td style=\"width: 329px;height: 39px\" data-sheets-value=\"{&quot;1&quot;:3,&quot;3&quot;:2}\">4<\/td>\n<\/tr>\n<tr style=\"height: 39px\">\n<td style=\"width: 420px;height: 39px\" data-sheets-value=\"{&quot;1&quot;:2,&quot;2&quot;:&quot;Liane Maria Bernardi Matr\u00edcula&quot;}\">Liane Maria Bernardi Matr\u00edcula<\/td>\n<td style=\"width: 329px;height: 39px\" data-sheets-value=\"{&quot;1&quot;:3,&quot;3&quot;:2}\">2<\/td>\n<\/tr>\n<tr style=\"height: 39px\">\n<td style=\"width: 420px;height: 39px\" data-sheets-value=\"{&quot;1&quot;:2,&quot;2&quot;:&quot;LI\u00c9SIA BUBOLZ RUTZ&quot;}\">LI\u00c9SIA BUBOLZ RUTZ<\/td>\n<td style=\"width: 329px;height: 39px\" data-sheets-value=\"{&quot;1&quot;:3,&quot;3&quot;:2}\">2<\/td>\n<\/tr>\n<tr style=\"height: 39px\">\n<td style=\"width: 420px;height: 39px\" data-sheets-value=\"{&quot;1&quot;:2,&quot;2&quot;:&quot;Lucas Ant\u00f4nio Penna Rey&quot;}\">Lucas Ant\u00f4nio Penna Rey<\/td>\n<td style=\"width: 329px;height: 39px\" data-sheets-value=\"{&quot;1&quot;:3,&quot;3&quot;:2}\">2<\/td>\n<\/tr>\n<tr style=\"height: 39px\">\n<td style=\"width: 420px;height: 39px\" data-sheets-value=\"{&quot;1&quot;:2,&quot;2&quot;:&quot;Luciana Leandro da Silva&quot;}\">Luciana Leandro da Silva<\/td>\n<td style=\"width: 329px;height: 39px\" data-sheets-value=\"{&quot;1&quot;:3,&quot;3&quot;:2}\">2<\/td>\n<\/tr>\n<tr style=\"height: 39px\">\n<td style=\"width: 420px;height: 39px\" data-sheets-value=\"{&quot;1&quot;:2,&quot;2&quot;:&quot;LUCIANA VALQU\u00cdRIA KREMIN MAI&quot;}\">LUCIANA VALQU\u00cdRIA KREMIN MAI<\/td>\n<td style=\"width: 329px;height: 39px\" data-sheets-value=\"{&quot;1&quot;:3,&quot;3&quot;:4}\">4<\/td>\n<\/tr>\n<tr style=\"height: 39px\">\n<td style=\"width: 420px;height: 39px\" data-sheets-value=\"{&quot;1&quot;:2,&quot;2&quot;:&quot;Luiz Fernando da Silva&quot;}\">Luiz Fernando da Silva<\/td>\n<td style=\"width: 329px;height: 39px\" data-sheets-value=\"{&quot;1&quot;:3,&quot;3&quot;:6}\">6<\/td>\n<\/tr>\n<tr style=\"height: 39px\">\n<td style=\"width: 420px;height: 39px\" data-sheets-value=\"{&quot;1&quot;:2,&quot;2&quot;:&quot;Maria Clara Silva Azevedo&quot;}\">Maria Clara Silva Azevedo<\/td>\n<td style=\"width: 329px;height: 39px\" data-sheets-value=\"{&quot;1&quot;:3,&quot;3&quot;:2}\">2<\/td>\n<\/tr>\n<tr style=\"height: 39px\">\n<td style=\"width: 420px;height: 39px\" data-sheets-value=\"{&quot;1&quot;:2,&quot;2&quot;:&quot;Maria Dolores Melo do Nascimento&quot;}\">Maria Dolores Melo do Nascimento<\/td>\n<td style=\"width: 329px;height: 39px\" data-sheets-value=\"{&quot;1&quot;:3,&quot;3&quot;:2}\">2<\/td>\n<\/tr>\n<tr style=\"height: 39px\">\n<td style=\"width: 420px;height: 39px\" data-sheets-value=\"{&quot;1&quot;:2,&quot;2&quot;:&quot;Maria Doraci Oro&quot;}\">Maria Doraci Oro<\/td>\n<td style=\"width: 329px;height: 39px\" data-sheets-value=\"{&quot;1&quot;:3,&quot;3&quot;:2}\">2<\/td>\n<\/tr>\n<tr style=\"height: 39px\">\n<td style=\"width: 420px;height: 39px\" data-sheets-value=\"{&quot;1&quot;:2,&quot;2&quot;:&quot;MARISTELA MARCON SUTIL&quot;}\">MARISTELA MARCON SUTIL<\/td>\n<td style=\"width: 329px;height: 39px\" data-sheets-value=\"{&quot;1&quot;:3,&quot;3&quot;:2}\">2<\/td>\n<\/tr>\n<tr style=\"height: 39px\">\n<td style=\"width: 420px;height: 39px\" data-sheets-value=\"{&quot;1&quot;:2,&quot;2&quot;:&quot;Marta Maria da Luz Fraga&quot;}\">Marta Maria da Luz Fraga<\/td>\n<td style=\"width: 329px;height: 39px\" data-sheets-value=\"{&quot;1&quot;:3,&quot;3&quot;:2}\">2<\/td>\n<\/tr>\n<tr style=\"height: 39px\">\n<td style=\"width: 420px;height: 39px\" data-sheets-value=\"{&quot;1&quot;:2,&quot;2&quot;:&quot;Mateus Arguelho da Cunha&quot;}\">Mateus Arguelho da Cunha<\/td>\n<td style=\"width: 329px;height: 39px\" data-sheets-value=\"{&quot;1&quot;:3,&quot;3&quot;:6}\">6<\/td>\n<\/tr>\n<tr style=\"height: 39px\">\n<td style=\"width: 420px;height: 39px\" data-sheets-value=\"{&quot;1&quot;:2,&quot;2&quot;:&quot;Naiana Cardoso Faim Gon\u00e7alves&quot;}\">Naiana Cardoso Faim Gon\u00e7alves<\/td>\n<td style=\"width: 329px;height: 39px\" data-sheets-value=\"{&quot;1&quot;:3,&quot;3&quot;:2}\">2<\/td>\n<\/tr>\n<tr style=\"height: 39px\">\n<td style=\"width: 420px;height: 39px\" data-sheets-value=\"{&quot;1&quot;:2,&quot;2&quot;:&quot;Nat\u00e1lia Silveira Antunes&quot;}\">Nat\u00e1lia Silveira Antunes<\/td>\n<td style=\"width: 329px;height: 39px\" data-sheets-value=\"{&quot;1&quot;:3,&quot;3&quot;:6}\">6<\/td>\n<\/tr>\n<tr style=\"height: 39px\">\n<td style=\"width: 420px;height: 39px\" data-sheets-value=\"{&quot;1&quot;:2,&quot;2&quot;:&quot;Patr\u00edcia de Faria Ferreira&quot;}\">Patr\u00edcia de Faria Ferreira<\/td>\n<td style=\"width: 329px;height: 39px\" data-sheets-value=\"{&quot;1&quot;:3,&quot;3&quot;:4}\">4<\/td>\n<\/tr>\n<tr style=\"height: 39px\">\n<td style=\"width: 420px;height: 39px\" data-sheets-value=\"{&quot;1&quot;:2,&quot;2&quot;:&quot;Pedro \u00c1tila Moreira Sim\u00f5es&quot;}\">Pedro \u00c1tila Moreira Sim\u00f5es<\/td>\n<td style=\"width: 329px;height: 39px\" data-sheets-value=\"{&quot;1&quot;:3,&quot;3&quot;:4}\">4<\/td>\n<\/tr>\n<tr style=\"height: 39px\">\n<td style=\"width: 420px;height: 39px\" data-sheets-value=\"{&quot;1&quot;:2,&quot;2&quot;:&quot;Raissa Brum Gon\u00e7alves de Avila&quot;}\">Raissa Brum Gon\u00e7alves de Avila<\/td>\n<td style=\"width: 329px;height: 39px\" data-sheets-value=\"{&quot;1&quot;:3,&quot;3&quot;:6}\">6<\/td>\n<\/tr>\n<tr style=\"height: 39px\">\n<td style=\"width: 420px;height: 39px\" data-sheets-value=\"{&quot;1&quot;:2,&quot;2&quot;:&quot;Raphaela Barbosa de Farias Rodrigues&quot;}\">Raphaela Barbosa de Farias Rodrigues<\/td>\n<td style=\"width: 329px;height: 39px\" data-sheets-value=\"{&quot;1&quot;:3,&quot;3&quot;:2}\">2<\/td>\n<\/tr>\n<tr style=\"height: 39px\">\n<td style=\"width: 420px;height: 39px\" data-sheets-value=\"{&quot;1&quot;:2,&quot;2&quot;:&quot;Robenson Azor&quot;}\">Robenson Azor<\/td>\n<td style=\"width: 329px;height: 39px\" data-sheets-value=\"{&quot;1&quot;:3,&quot;3&quot;:2}\">2<\/td>\n<\/tr>\n<tr style=\"height: 39px\">\n<td style=\"width: 420px;height: 39px\" data-sheets-value=\"{&quot;1&quot;:2,&quot;2&quot;:&quot;Rosemeri Cavalheiro Penteado&quot;}\">Rosemeri Cavalheiro Penteado<\/td>\n<td style=\"width: 329px;height: 39px\" data-sheets-value=\"{&quot;1&quot;:3,&quot;3&quot;:6}\">6<\/td>\n<\/tr>\n<tr style=\"height: 39px\">\n<td style=\"width: 420px;height: 39px\" data-sheets-value=\"{&quot;1&quot;:2,&quot;2&quot;:&quot;Samara Celestino dos Santos&quot;}\">Samara Celestino dos Santos<\/td>\n<td style=\"width: 329px;height: 39px\" data-sheets-value=\"{&quot;1&quot;:3,&quot;3&quot;:2}\">2<\/td>\n<\/tr>\n<tr style=\"height: 39px\">\n<td style=\"width: 420px;height: 39px\" data-sheets-value=\"{&quot;1&quot;:2,&quot;2&quot;:&quot;St\u00e9fani da Silva Korb&quot;}\">St\u00e9fani da Silva Korb<\/td>\n<td style=\"width: 329px;height: 39px\" data-sheets-value=\"{&quot;1&quot;:3,&quot;3&quot;:4}\">4<\/td>\n<\/tr>\n<tr style=\"height: 39px\">\n<td style=\"width: 420px;height: 39px\" data-sheets-value=\"{&quot;1&quot;:2,&quot;2&quot;:&quot;Tain\u00e1 Melo Silveira&quot;}\">Tain\u00e1 Melo Silveira<\/td>\n<td style=\"width: 329px;height: 39px\" data-sheets-value=\"{&quot;1&quot;:3,&quot;3&quot;:2}\">2<\/td>\n<\/tr>\n<tr style=\"height: 39px\">\n<td style=\"width: 420px;height: 39px\" data-sheets-value=\"{&quot;1&quot;:2,&quot;2&quot;:&quot;Ti\u00e9le Rojahn Hense&quot;}\">Ti\u00e9le Rojahn Hense<\/td>\n<td style=\"width: 329px;height: 39px\" data-sheets-value=\"{&quot;1&quot;:3,&quot;3&quot;:2}\">2<\/td>\n<\/tr>\n<tr style=\"height: 39px\">\n<td style=\"width: 420px;height: 39px\" data-sheets-value=\"{&quot;1&quot;:2,&quot;2&quot;:&quot;Vera Lucia Scotto Leite&quot;}\">Vera Lucia Scotto Leite<\/td>\n<td style=\"width: 329px;height: 39px\" data-sheets-value=\"{&quot;1&quot;:3,&quot;3&quot;:2}\">2<\/td>\n<\/tr>\n<tr style=\"height: 39px\">\n<td style=\"width: 420px;height: 39px\" data-sheets-value=\"{&quot;1&quot;:2,&quot;2&quot;:&quot;William Machado da Silva&quot;}\">William Machado da Silva<\/td>\n<td style=\"width: 329px;height: 39px\" data-sheets-value=\"{&quot;1&quot;:3,&quot;3&quot;:2}\">2<\/td>\n<\/tr>\n<\/tbody>\n<\/table>\n<p>&nbsp;<\/p>\n","protected":false},"excerpt":{"rendered":"<p>Certificamos que todos presentes na lista abaixo participaram do evento I Encontro do CEPE 2019, promovido pelo CEPE \u2013 Centro de Estudos em Pol\u00edticas Educativas (FaE\/UFPel) e pelo Curso de P\u00f3s-Gradua\u00e7\u00e3o em Educa\u00e7\u00e3o da Universidade Federal de Pelotas, realizado em 5, 12 e 19 de Novembro de 2021, perfazendo uma carga hor\u00e1ria de 2, 4 &hellip; <\/p>\n<p><a class=\"more-link btn\" href=\"https:\/\/wp.ufpel.edu.br\/cepe\/agenda-de-eventos\/validacao-iii-cepe-2021\/\">Continue lendo<\/a><\/p>\n","protected":false},"author":297,"featured_media":0,"parent":56,"menu_order":0,"comment_status":"closed","ping_status":"closed","template":"","meta":{"footnotes":""},"class_list":["post-635","page","type-page","status-publish","hentry","nodate","item-wrap"],"jetpack_sharing_enabled":true,"_links":{"self":[{"href":"https:\/\/wp.ufpel.edu.br\/cepe\/wp-json\/wp\/v2\/pages\/635","targetHints":{"allow":["GET"]}}],"collection":[{"href":"https:\/\/wp.ufpel.edu.br\/cepe\/wp-json\/wp\/v2\/pages"}],"about":[{"href":"https:\/\/wp.ufpel.edu.br\/cepe\/wp-json\/wp\/v2\/types\/page"}],"author":[{"embeddable":true,"href":"https:\/\/wp.ufpel.edu.br\/cepe\/wp-json\/wp\/v2\/users\/297"}],"replies":[{"embeddable":true,"href":"https:\/\/wp.ufpel.edu.br\/cepe\/wp-json\/wp\/v2\/comments?post=635"}],"version-history":[{"count":5,"href":"https:\/\/wp.ufpel.edu.br\/cepe\/wp-json\/wp\/v2\/pages\/635\/revisions"}],"predecessor-version":[{"id":640,"href":"https:\/\/wp.ufpel.edu.br\/cepe\/wp-json\/wp\/v2\/pages\/635\/revisions\/640"}],"up":[{"embeddable":true,"href":"https:\/\/wp.ufpel.edu.br\/cepe\/wp-json\/wp\/v2\/pages\/56"}],"wp:attachment":[{"href":"https:\/\/wp.ufpel.edu.br\/cepe\/wp-json\/wp\/v2\/media?parent=635"}],"curies":[{"name":"wp","href":"https:\/\/api.w.org\/{rel}","templated":true}]}}