{"id":56,"date":"2014-12-27T20:24:02","date_gmt":"2014-12-27T22:24:02","guid":{"rendered":"https:\/\/wp.ufpel.edu.br\/cepe\/?page_id=56"},"modified":"2019-11-07T12:15:54","modified_gmt":"2019-11-07T15:15:54","slug":"agenda-de-eventos","status":"publish","type":"page","link":"https:\/\/wp.ufpel.edu.br\/cepe\/agenda-de-eventos\/","title":{"rendered":"Eventos"},"content":{"rendered":"<h4>I Encontro do CEPE &#8211; Pol\u00edticas Conservadoras na Educa\u00e7\u00e3o B\u00e1sica<\/h4>\n<p><a href=\"https:\/\/wp.ufpel.edu.br\/cepe\/files\/2019\/11\/cepe_image-e1573139643130.png\"><img loading=\"lazy\" decoding=\"async\" class=\"alignnone size-medium wp-image-442\" src=\"https:\/\/wp.ufpel.edu.br\/cepe\/files\/2019\/11\/cepe_image-300x95.png\" alt=\"\" width=\"300\" height=\"95\" \/><\/a><\/p>\n<h4>II Semin\u00e1rio A REFORMA, O CURR\u00cdCULO E OS PROFESSORES QUE FORMAMOS<\/h4>\n<h4>EVENTO PROMOVIDO PELO GEDEB | Grupo de Estudos sobre Doc\u00eancia e Educa\u00e7\u00e3o B\u00e1sica &#8211; Curr\u00edculo, Pol\u00edticas e Profissionaliza\u00e7\u00e3o Docente<\/h4>\n<p><a href=\"https:\/\/wp.ufpel.edu.br\/cepe\/files\/2018\/10\/Cartaz-GEDEB.jpg\"><img loading=\"lazy\" decoding=\"async\" class=\"alignnone size-medium wp-image-374\" src=\"https:\/\/wp.ufpel.edu.br\/cepe\/files\/2018\/10\/Cartaz-GEDEB-212x300.jpg\" alt=\"\" width=\"212\" height=\"300\" srcset=\"https:\/\/wp.ufpel.edu.br\/cepe\/files\/2018\/10\/Cartaz-GEDEB-212x300.jpg 212w, https:\/\/wp.ufpel.edu.br\/cepe\/files\/2018\/10\/Cartaz-GEDEB-768x1086.jpg 768w, https:\/\/wp.ufpel.edu.br\/cepe\/files\/2018\/10\/Cartaz-GEDEB-724x1024.jpg 724w, https:\/\/wp.ufpel.edu.br\/cepe\/files\/2018\/10\/Cartaz-GEDEB.jpg 835w\" sizes=\"auto, (max-width: 212px) 100vw, 212px\" \/><\/a><\/p>\n<hr \/>\n<h4>BNCC e a Educa\u00e7\u00e3o B\u00e1sica &#8211; na UFPel &#8211; promo\u00e7\u00e3o CEPE<\/h4>\n<p>#BnccN\u00e3oAperteMinhaMente<\/p>\n<p><a href=\"https:\/\/wp.ufpel.edu.br\/bncc\"><img loading=\"lazy\" decoding=\"async\" class=\"alignnone size-medium wp-image-364\" src=\"https:\/\/wp.ufpel.edu.br\/cepe\/files\/2018\/10\/bncc_imagem-e1539609123428-300x152.png\" alt=\"\" width=\"300\" height=\"152\" srcset=\"https:\/\/wp.ufpel.edu.br\/cepe\/files\/2018\/10\/bncc_imagem-e1539609123428-300x152.png 300w, https:\/\/wp.ufpel.edu.br\/cepe\/files\/2018\/10\/bncc_imagem-e1539609123428-768x389.png 768w, https:\/\/wp.ufpel.edu.br\/cepe\/files\/2018\/10\/bncc_imagem-e1539609123428-1024x519.png 1024w, https:\/\/wp.ufpel.edu.br\/cepe\/files\/2018\/10\/bncc_imagem-e1539609123428.png 1338w\" sizes=\"auto, (max-width: 300px) 100vw, 300px\" \/><\/a><\/p>\n<hr \/>\n<h4>IX ENCONTRO NACIONAL DA REDESTRADO na UNICAMP<\/h4>\n<p><a href=\"https:\/\/www.fe.unicamp.br\/eventos\/redestrado2017\/\" target=\"_blank\" rel=\"noopener noreferrer\">Veja mais informa\u00e7\u00f5es sobre o evento<\/a>.<\/p>\n<hr \/>\n<h4>Reuni\u00e3o Nacional da Anped 2015 <img loading=\"lazy\" decoding=\"async\" class=\"alignleft\" src=\"http:\/\/www.gestrado.org\/images\/portfolio\/144\/anped.jpg\" alt=\"\" width=\"187\" height=\"129\" \/><\/h4>\n<h4><b>Data:<span class=\"Apple-converted-space\">\u00a0<\/span><\/b>de 04\/10\/2015 a 08\/10\/2015<br \/>\n<b>Local:<span class=\"Apple-converted-space\">\u00a0<\/span><\/b>Universidade Federal de Santa Catarina (UFSC) &#8211; Florian\u00f3polis (SC)<br \/>\nO pr\u00f3ximo encontro da Anped, maior evento da \u00e1rea acad\u00eamica em Educa\u00e7\u00e3o do pa\u00eds, ser\u00e1 realizado na Universidade Federal de Santa Catarina.<\/h4>\n<p>&nbsp;<\/p>\n<hr \/>\n<hr \/>\n<h4><img decoding=\"async\" src=\"http:\/\/www.encuentrorelepe.com.br\/images\/relepe_topo4.jpg\" alt=\"\" \/><br \/>\nI ENCUENTRO LATINOAMERICANO DE PROFESORES DE POL\u00cdTICA EDUCATIVA<\/h4>\n<h4>Mais informa\u00e7\u00f5es: <a href=\"www.encuentrorelepe.com.br\">www.encuentrorelepe.com.br<\/a><br \/>\nI Encontro Latinoamericano de Professores de Pol\u00edtica Educativa, que ser\u00e1 realizado na UNIFESP, em Guarulhos, nos dias 6 e 7 de julho de 2015, juntamente com o<span class=\"Apple-converted-space\">\u00a0<\/span>II Semin\u00e1rio Internacional de Quest\u00f5es de Pesquisa em Educa\u00e7\u00e3o<span class=\"Apple-converted-space\">\u00a0<\/span>(UNIFESP). Encontro de professores de pol\u00edtica educativa que desempenham esta fun\u00e7\u00e3o, tanto na gradua\u00e7\u00e3o como na p\u00f3s-gradua\u00e7\u00e3o de universidades latinoamericanas. A ReLePe assumiu este desafio para gerar o espa\u00e7o e o interc\u00e2mbio entre professores, investigadores, associa\u00e7\u00f5es e universidades para alcan\u00e7ar um organiza\u00e7\u00e3o conjunta em n\u00edvel regional.<\/h4>\n<hr \/>\n<h1><img decoding=\"async\" src=\"http:\/\/www.anpae.org.br\/website\/images\/banners\/simposio2014b.jpg\" alt=\"Banner\" \/> ANPAE<\/h1>\n<h2>08 a 10 de abril de 2015 &#8211; Centro de Conven\u00e7\u00f5es &#8211; Olinda<br \/>\n<strong><em>POL\u00cdTICA, AVALIA\u00c7\u00c3O E GEST\u00c3O DA EDUCA\u00c7\u00c3O: NOVOS GOVERNOS, NOVAS AGENDAS?<\/em><\/strong><\/h2>\n<p>Avenida Governador Agamenon Magalh\u00e3es &#8211; Salgadinho,Olinda,Pernambuco CEP: 53110-710<\/p>\n<h4>Nos dias 08, 09 e 10 de abril de 2015, Olinda\/PE sediar\u00e1 importante simp\u00f3sio nacional de educa\u00e7\u00e3o promovido pela Associa\u00e7\u00e3o Nacional de Pol\u00edtica e Administra\u00e7\u00e3o da Educa\u00e7\u00e3o (ANPAE). O evento, que se realizar\u00e1 no Centro de Conven\u00e7\u00f5es de Pernambuco, entre Olinda e Recife, se constitui em espa\u00e7o p\u00fablico de interlocu\u00e7\u00e3o, avalia\u00e7\u00e3o e circula\u00e7\u00e3o do conhecimento no campo das pol\u00edticas p\u00fablicas de educa\u00e7\u00e3o e sociedade e de gest\u00e3o escolar e universit\u00e1ria.<br \/>\nVisite a p\u00e1gina &#8211; <a href=\"http:\/\/www.anpae.org.br\/simposio2015\/index.html#\/\">http:\/\/www.anpae.org.br\/simposio2015\/index.html#\/<\/a><\/h4>\n<hr \/>\n<h4><strong><em>\u00a0<\/em><\/strong><\/h4>\n<p>&nbsp;<\/p>\n","protected":false},"excerpt":{"rendered":"<p>I Encontro do CEPE &#8211; Pol\u00edticas Conservadoras na Educa\u00e7\u00e3o B\u00e1sica II Semin\u00e1rio A REFORMA, O CURR\u00cdCULO E OS PROFESSORES QUE FORMAMOS EVENTO PROMOVIDO PELO GEDEB | Grupo de Estudos sobre Doc\u00eancia e Educa\u00e7\u00e3o B\u00e1sica &#8211; Curr\u00edculo, Pol\u00edticas e Profissionaliza\u00e7\u00e3o Docente BNCC e a Educa\u00e7\u00e3o B\u00e1sica &#8211; na UFPel &#8211; promo\u00e7\u00e3o CEPE #BnccN\u00e3oAperteMinhaMente IX ENCONTRO NACIONAL &hellip; <\/p>\n<p><a class=\"more-link btn\" href=\"https:\/\/wp.ufpel.edu.br\/cepe\/agenda-de-eventos\/\">Continue lendo<\/a><\/p>\n","protected":false},"author":297,"featured_media":0,"parent":0,"menu_order":7,"comment_status":"closed","ping_status":"closed","template":"","meta":{"footnotes":""},"class_list":["post-56","page","type-page","status-publish","hentry","nodate","item-wrap"],"jetpack_sharing_enabled":true,"_links":{"self":[{"href":"https:\/\/wp.ufpel.edu.br\/cepe\/wp-json\/wp\/v2\/pages\/56","targetHints":{"allow":["GET"]}}],"collection":[{"href":"https:\/\/wp.ufpel.edu.br\/cepe\/wp-json\/wp\/v2\/pages"}],"about":[{"href":"https:\/\/wp.ufpel.edu.br\/cepe\/wp-json\/wp\/v2\/types\/page"}],"author":[{"embeddable":true,"href":"https:\/\/wp.ufpel.edu.br\/cepe\/wp-json\/wp\/v2\/users\/297"}],"replies":[{"embeddable":true,"href":"https:\/\/wp.ufpel.edu.br\/cepe\/wp-json\/wp\/v2\/comments?post=56"}],"version-history":[{"count":19,"href":"https:\/\/wp.ufpel.edu.br\/cepe\/wp-json\/wp\/v2\/pages\/56\/revisions"}],"predecessor-version":[{"id":150,"href":"https:\/\/wp.ufpel.edu.br\/cepe\/wp-json\/wp\/v2\/pages\/56\/revisions\/150"}],"wp:attachment":[{"href":"https:\/\/wp.ufpel.edu.br\/cepe\/wp-json\/wp\/v2\/media?parent=56"}],"curies":[{"name":"wp","href":"https:\/\/api.w.org\/{rel}","templated":true}]}}