{"id":473,"date":"2020-03-02T17:32:09","date_gmt":"2020-03-02T20:32:09","guid":{"rendered":"https:\/\/wp.ufpel.edu.br\/cepe\/?page_id=473"},"modified":"2020-03-02T17:43:53","modified_gmt":"2020-03-02T20:43:53","slug":"cepe2019","status":"publish","type":"page","link":"https:\/\/wp.ufpel.edu.br\/cepe\/publicacoes\/videos\/cepe2019\/","title":{"rendered":"I CEPE 2019"},"content":{"rendered":"<p style=\"text-align: center\">V\u00eddeos das palestras do evento I Encontro do CEPE: pol\u00edticas conservadoras na Educa\u00e7\u00e3o B\u00e1sica<\/p>\n<table style=\"border-collapse: collapse;width: 100%\" border=\"1\">\n<tbody>\n<tr style=\"height: 140px\">\n<td style=\"width: 33.3333%;height: 140px\"><a href=\"https:\/\/www.youtube.com\/watch?v=VddcLA7bvCs&amp;authuser=0\"><img loading=\"lazy\" decoding=\"async\" class=\"alignnone size-full wp-image-468\" src=\"https:\/\/wp.ufpel.edu.br\/cepe\/files\/2020\/03\/img1.png\" alt=\"\" width=\"284\" height=\"149\" \/><\/a><\/td>\n<td style=\"width: 33.3333%;height: 140px\"><a href=\"https:\/\/www.youtube.com\/watch?v=5E9cVinIqWk&amp;authuser=0\"><img loading=\"lazy\" decoding=\"async\" class=\"alignnone size-full wp-image-469\" src=\"https:\/\/wp.ufpel.edu.br\/cepe\/files\/2020\/03\/img2.png\" alt=\"\" width=\"282\" height=\"148\" \/><\/a><\/td>\n<td style=\"width: 33.3333%;height: 140px\"><a href=\"https:\/\/www.youtube.com\/watch?v=lhvjf_FmeBM&amp;authuser=0\"><img loading=\"lazy\" decoding=\"async\" class=\"alignnone size-full wp-image-471\" src=\"https:\/\/wp.ufpel.edu.br\/cepe\/files\/2020\/03\/img3.png\" alt=\"\" width=\"281\" height=\"149\" \/><\/a><\/td>\n<\/tr>\n<tr style=\"height: 137px\">\n<td style=\"width: 33.3333%;height: 137px\"><a href=\"https:\/\/www.youtube.com\/watch?v=SVDrngcL1KE&amp;authuser=0\"><img loading=\"lazy\" decoding=\"async\" class=\"alignnone size-full wp-image-472\" src=\"https:\/\/wp.ufpel.edu.br\/cepe\/files\/2020\/03\/img4.png\" alt=\"\" width=\"284\" height=\"147\" \/><\/a><\/td>\n<td style=\"width: 33.3333%;height: 137px\"><a href=\"https:\/\/www.youtube.com\/watch?v=gITZrXB8Nmw&amp;authuser=0\"><img loading=\"lazy\" decoding=\"async\" class=\"alignnone size-full wp-image-478\" src=\"https:\/\/wp.ufpel.edu.br\/cepe\/files\/2020\/03\/img5.png\" alt=\"\" width=\"282\" height=\"148\" \/><\/a><\/td>\n<td style=\"width: 33.3333%;height: 137px\"><a href=\"https:\/\/www.youtube.com\/watch?v=CPpRNy7EtlI&amp;authuser=0\"><img loading=\"lazy\" decoding=\"async\" class=\"alignnone size-full wp-image-479\" src=\"https:\/\/wp.ufpel.edu.br\/cepe\/files\/2020\/03\/img6.png\" alt=\"\" width=\"279\" height=\"144\" \/><\/a><\/td>\n<\/tr>\n<tr style=\"height: 39px\">\n<td style=\"width: 33.3333%;height: 39px\"><a href=\"https:\/\/www.youtube.com\/watch?v=iWsX_5vRi1c&amp;authuser=0\"><img loading=\"lazy\" decoding=\"async\" class=\"alignnone size-full wp-image-480\" src=\"https:\/\/wp.ufpel.edu.br\/cepe\/files\/2020\/03\/img7.png\" alt=\"\" width=\"285\" height=\"147\" \/><\/a><\/td>\n<td style=\"width: 33.3333%;height: 39px\"><a href=\"https:\/\/www.youtube.com\/watch?v=6lwmWW3as8w&amp;authuser=0\"><img loading=\"lazy\" decoding=\"async\" class=\"alignnone size-full wp-image-481\" src=\"https:\/\/wp.ufpel.edu.br\/cepe\/files\/2020\/03\/img8.png\" alt=\"\" width=\"283\" height=\"150\" \/><\/a><\/td>\n<td style=\"width: 33.3333%;height: 39px\"><a href=\"https:\/\/www.youtube.com\/watch?v=yzvQAhOmZMs&amp;authuser=0\"><img loading=\"lazy\" decoding=\"async\" class=\"alignnone size-full wp-image-482\" src=\"https:\/\/wp.ufpel.edu.br\/cepe\/files\/2020\/03\/img9.png\" alt=\"\" width=\"281\" height=\"149\" \/><\/a><\/td>\n<\/tr>\n<\/tbody>\n<\/table>\n<p>&nbsp;<\/p>\n","protected":false},"excerpt":{"rendered":"<p>V\u00eddeos das palestras do evento I Encontro do CEPE: pol\u00edticas conservadoras na Educa\u00e7\u00e3o B\u00e1sica &nbsp;<\/p>\n","protected":false},"author":297,"featured_media":0,"parent":307,"menu_order":0,"comment_status":"closed","ping_status":"closed","template":"","meta":{"footnotes":""},"class_list":["post-473","page","type-page","status-publish","hentry","nodate","item-wrap"],"jetpack_sharing_enabled":true,"_links":{"self":[{"href":"https:\/\/wp.ufpel.edu.br\/cepe\/wp-json\/wp\/v2\/pages\/473","targetHints":{"allow":["GET"]}}],"collection":[{"href":"https:\/\/wp.ufpel.edu.br\/cepe\/wp-json\/wp\/v2\/pages"}],"about":[{"href":"https:\/\/wp.ufpel.edu.br\/cepe\/wp-json\/wp\/v2\/types\/page"}],"author":[{"embeddable":true,"href":"https:\/\/wp.ufpel.edu.br\/cepe\/wp-json\/wp\/v2\/users\/297"}],"replies":[{"embeddable":true,"href":"https:\/\/wp.ufpel.edu.br\/cepe\/wp-json\/wp\/v2\/comments?post=473"}],"version-history":[{"count":6,"href":"https:\/\/wp.ufpel.edu.br\/cepe\/wp-json\/wp\/v2\/pages\/473\/revisions"}],"predecessor-version":[{"id":484,"href":"https:\/\/wp.ufpel.edu.br\/cepe\/wp-json\/wp\/v2\/pages\/473\/revisions\/484"}],"up":[{"embeddable":true,"href":"https:\/\/wp.ufpel.edu.br\/cepe\/wp-json\/wp\/v2\/pages\/307"}],"wp:attachment":[{"href":"https:\/\/wp.ufpel.edu.br\/cepe\/wp-json\/wp\/v2\/media?parent=473"}],"curies":[{"name":"wp","href":"https:\/\/api.w.org\/{rel}","templated":true}]}}