{"id":455,"date":"2019-12-05T15:17:28","date_gmt":"2019-12-05T18:17:28","guid":{"rendered":"https:\/\/wp.ufpel.edu.br\/cepe\/?page_id=455"},"modified":"2019-12-13T17:59:38","modified_gmt":"2019-12-13T20:59:38","slug":"validacao-i-encontro-do-cepe-2019","status":"publish","type":"page","link":"https:\/\/wp.ufpel.edu.br\/cepe\/agenda-de-eventos\/validacao-i-encontro-do-cepe-2019\/","title":{"rendered":"Valida\u00e7\u00e3o I Encontro do CEPE 2019"},"content":{"rendered":"<div class=\"entry-content clearfix\">\n<p>Certificamos que todos presentes na lista abaixo participaram do evento <span style=\"font-size: 12pt\">I Encontro do CEPE 2019, <\/span>promovido pelo CEPE \u2013 Centro de Estudos em Pol\u00edticas Educativas (FaE\/UFPel) e pelo Curso de P\u00f3s-Gradua\u00e7\u00e3o em Educa\u00e7\u00e3o da Universidade Federal de Pelotas, realizado no per\u00edodo de 20 a 22 de Novembro de 2019, perfazendo uma carga hor\u00e1ria de <b>24<\/b> horas. Para os Organizadores pode constar n\u00famero de horas maior, 120 &#8211; 100 ou 80, dependendo da fun\u00e7\u00e3o.<\/p>\n<p>&nbsp;<\/p>\n<table style=\"height: 1075px\">\n<tbody>\n<tr style=\"height: 61px\">\n<td style=\"height: 61px\"><b>PALESTRANTES<\/b><\/td>\n<\/tr>\n<tr style=\"height: 61px\">\n<td style=\"height: 61px\">Dalila Andrade Oliveira<\/td>\n<\/tr>\n<tr style=\"height: 61px\">\n<td style=\"height: 61px\">Elo\u00edsa Bordoli<\/td>\n<\/tr>\n<tr style=\"height: 61px\">\n<td style=\"height: 61px\">Fernando Seffner<\/td>\n<\/tr>\n<tr style=\"height: 61px\">\n<td style=\"height: 61px\">Lu\u00eds Armando Gandin<\/td>\n<\/tr>\n<tr style=\"height: 61px\">\n<td style=\"height: 61px\">Gilvan Luiz Machado Costa<\/td>\n<\/tr>\n<tr style=\"height: 61px\">\n<td style=\"height: 61px\">Graziella Souza Dos Santos<\/td>\n<\/tr>\n<tr style=\"height: 61px\">\n<td style=\"height: 61px\">Kamila Lockmann<\/td>\n<\/tr>\n<tr style=\"height: 61px\">\n<td style=\"height: 61px\">Maria Claudia Dal Igna<\/td>\n<\/tr>\n<tr style=\"height: 61px\">\n<td style=\"height: 61px\">Marta N\u00f6rnberg<\/td>\n<\/tr>\n<tr style=\"height: 61px\">\n<td style=\"height: 61px\">Miguel Angel Duhalde<\/td>\n<\/tr>\n<tr style=\"height: 61px\">\n<td style=\"height: 61px\">Myriam Feldfeber<\/td>\n<\/tr>\n<tr style=\"height: 61px\">\n<td style=\"height: 61px\">Pablo Martinis<\/td>\n<\/tr>\n<tr style=\"height: 61px\">\n<td style=\"height: 61px\">Roberto Moll<\/td>\n<\/tr>\n<tr style=\"height: 61px\">\n<td style=\"height: 61px\">Ros\u00e2nia Campos<\/td>\n<\/tr>\n<tr style=\"height: 61px\">\n<td style=\"height: 61px\">Vera Peroni<\/td>\n<\/tr>\n<tr style=\"height: 61px\">\n<td style=\"height: 61px\">Veronica Lopez<\/td>\n<\/tr>\n<tr style=\"height: 38px\">\n<td style=\"height: 38px\">Vicente Sisto<\/td>\n<\/tr>\n<\/tbody>\n<\/table>\n<table>\n<tbody>\n<tr>\n<td><b>COORDENADORES\/AS DE MESAS<br \/>\n<\/b><\/td>\n<\/tr>\n<\/tbody>\n<\/table>\n<table>\n<tbody>\n<tr>\n<td>\u00c1lvaro Moreira Hypolito<\/td>\n<\/tr>\n<tr>\n<td>Luciana Leandro da Silva<\/td>\n<\/tr>\n<tr>\n<td>Valdelaine Mendes<\/td>\n<\/tr>\n<tr>\n<td>Maria Cecilia Lorea Leite<\/td>\n<\/tr>\n<tr>\n<td>Maria Elo\u00edsa Silva<\/td>\n<\/tr>\n<tr>\n<td>Eug\u00eania Antunes Dias<\/td>\n<\/tr>\n<tr>\n<td>Iana Gomes de Lima<\/td>\n<\/tr>\n<tr>\n<td>Simone Gon\u00e7alves da Silva<\/td>\n<\/tr>\n<\/tbody>\n<\/table>\n<\/div>\n<table>\n<tbody>\n<tr>\n<td><b>COMISS\u00c3O ORGANIZADORA<\/b><\/td>\n<\/tr>\n<tr>\n<td>\u00c1lvaro Moreira Hypolito<\/td>\n<\/tr>\n<tr>\n<td>Andr\u00e9 Quandt Klug<\/td>\n<\/tr>\n<tr>\n<td>Cristiane Bartz de \u00c1vila<\/td>\n<\/tr>\n<tr>\n<td>Deise Rocha<\/td>\n<\/tr>\n<tr>\n<td>Edna Coimbra da Silva<\/td>\n<\/tr>\n<tr>\n<td>Eug\u00eania Antunes Dias<\/td>\n<\/tr>\n<tr>\n<td>Iana Gomes de Lima<\/td>\n<\/tr>\n<tr>\n<td>Jair Jonko Ara\u00fajo<\/td>\n<\/tr>\n<tr>\n<td>Juliana Mezomo Cantarelli<\/td>\n<\/tr>\n<tr>\n<td>Maria Elo\u00edsa Da Silva<\/td>\n<\/tr>\n<tr>\n<td>Mateus Arguelho da Cunha<\/td>\n<\/tr>\n<tr>\n<td>Nat\u00e1lia Antunes<\/td>\n<\/tr>\n<tr>\n<td>Nathalie Rosario Jardim<\/td>\n<\/tr>\n<tr>\n<td>Nit\u00e9ri Ferreira Vieira<\/td>\n<\/tr>\n<tr>\n<td>Patr\u00edcia de Faria Ferreira<\/td>\n<\/tr>\n<tr>\n<td>Simone Gon\u00e7alves da Silva<\/td>\n<\/tr>\n<tr>\n<td>St\u00e9fani da Silva Korb<\/td>\n<\/tr>\n<\/tbody>\n<\/table>\n<p><strong>PARTICIPANTES<\/strong><\/p>\n<div class=\"entry-content clearfix\">\n<table width=\"247\">\n<tbody>\n<tr>\n<td width=\"247\">Adriana Barboza Roschild<\/td>\n<\/tr>\n<tr>\n<td width=\"247\">Alcides Renato Roxo da Silva<\/td>\n<\/tr>\n<tr>\n<td width=\"247\">Alexia Kamili Fran\u00e7a de Oliveira<\/td>\n<\/tr>\n<tr>\n<td width=\"247\">Aline Nunes da Cunha Medeiros<\/td>\n<\/tr>\n<tr>\n<td width=\"247\">\u00c1lvaro Veiga J\u00fanior<\/td>\n<\/tr>\n<tr>\n<td width=\"247\">Am\u00e9lia Teresinha Brum da Cunha<\/td>\n<\/tr>\n<tr>\n<td width=\"247\">Ana L\u00facia R. Oliveira<\/td>\n<\/tr>\n<tr>\n<td width=\"247\">Andr\u00e9 Quandt Klug<\/td>\n<\/tr>\n<tr>\n<td width=\"247\">Andr\u00e9 Rickes<\/td>\n<\/tr>\n<tr>\n<td width=\"247\">Andr\u00e9a do Rocio Caldas<\/td>\n<\/tr>\n<tr>\n<td width=\"247\">Andrea MIl\u00e1n Vasques Pautasso<\/td>\n<\/tr>\n<tr>\n<td width=\"247\">Andressa Aita Ivo<\/td>\n<\/tr>\n<tr>\n<td width=\"247\">Antonio Carlos Porcincula Soler<\/td>\n<\/tr>\n<tr>\n<td width=\"247\">Arthur Grigolo dos Santos<\/td>\n<\/tr>\n<tr>\n<td width=\"247\">Carmen B. L. Uciler<\/td>\n<\/tr>\n<tr>\n<td width=\"247\">Cec\u00edlia M. Dutra<\/td>\n<\/tr>\n<tr>\n<td width=\"247\">C\u00e9sar de Lima de Melo<\/td>\n<\/tr>\n<tr>\n<td width=\"247\">Chayane Aline da Silva<\/td>\n<\/tr>\n<tr>\n<td width=\"247\">Clara Balladares Machado<\/td>\n<\/tr>\n<tr>\n<td width=\"247\">clara irene veiga barbosa<\/td>\n<\/tr>\n<tr>\n<td width=\"247\">Cristhianny Bento Barreiro<\/td>\n<\/tr>\n<tr>\n<td width=\"247\">Cristiane Bartz de \u00c1vila<\/td>\n<\/tr>\n<tr>\n<td width=\"247\">Cristiane Silveira Maciel<\/td>\n<\/tr>\n<tr>\n<td width=\"247\">D\u00e9bora Avendano de Vasconcellos Sinoti<\/td>\n<\/tr>\n<tr>\n<td width=\"247\">Deise Ramos da Rocha<\/td>\n<\/tr>\n<tr>\n<td width=\"247\">Dinay Prestes<\/td>\n<\/tr>\n<tr>\n<td width=\"247\">Diulia Bubolz<\/td>\n<\/tr>\n<tr>\n<td width=\"247\">Edna Coimbra da Silva<\/td>\n<\/tr>\n<tr>\n<td width=\"247\">emerson ricardo esteves da fonseca<\/td>\n<\/tr>\n<tr>\n<td width=\"247\">Fernanda Arndt Mesenburg<\/td>\n<\/tr>\n<tr>\n<td width=\"247\">Fernanda Puglia Vieira Dias<\/td>\n<\/tr>\n<tr>\n<td width=\"247\">Filipe Almeida Pedra<\/td>\n<\/tr>\n<tr>\n<td width=\"247\">Gabriel Dias dos Santos<\/td>\n<\/tr>\n<tr>\n<td width=\"247\">Gabriel Rockenbach de Almeida<\/td>\n<\/tr>\n<tr>\n<td width=\"247\">Gabriel Schenkmann Arnt<\/td>\n<\/tr>\n<tr>\n<td width=\"247\">Giovanna Allegretti<\/td>\n<\/tr>\n<tr>\n<td width=\"247\">Gislaine da Silva Cadaval<\/td>\n<\/tr>\n<tr>\n<td width=\"247\">Giuliane N. Faria<\/td>\n<\/tr>\n<tr>\n<td width=\"247\">Gleberson de Santana dos Santos<\/td>\n<\/tr>\n<tr>\n<td width=\"247\">Guilherme Lubke Quevedo<\/td>\n<\/tr>\n<tr>\n<td width=\"247\">Ja\u00edne Telles Quevedo<\/td>\n<\/tr>\n<tr>\n<td width=\"247\">Jair Jonko Araujo<\/td>\n<\/tr>\n<tr>\n<td width=\"247\">Janine Vasconselos<\/td>\n<\/tr>\n<tr>\n<td width=\"247\">Jaqueline Garske Ferreira<\/td>\n<\/tr>\n<tr>\n<td width=\"247\">Jeferson Rosskopf<\/td>\n<\/tr>\n<tr>\n<td width=\"247\">J\u00e9ssica Corr\u00eaa Ribeiro<\/td>\n<\/tr>\n<tr>\n<td width=\"247\">Jo\u00e3o Carlos Roedel Hirdes<\/td>\n<\/tr>\n<tr>\n<td width=\"247\">Jos\u00e9 Francisco Duran Vieira<\/td>\n<\/tr>\n<tr>\n<td width=\"247\">Josiane Silveira Silveira<\/td>\n<\/tr>\n<tr>\n<td width=\"247\">Josiele Oliveira da Silva.<\/td>\n<\/tr>\n<tr>\n<td width=\"247\">Julia Barreto<\/td>\n<\/tr>\n<tr>\n<td width=\"247\">J\u00falia Farias Ferreira<\/td>\n<\/tr>\n<tr>\n<td width=\"247\">J\u00falia Rocho Clasen<\/td>\n<\/tr>\n<tr>\n<td width=\"247\">Karin Rank Liebl<\/td>\n<\/tr>\n<tr>\n<td width=\"247\">K\u00e1rolyn Machado da Rosa<\/td>\n<\/tr>\n<tr>\n<td width=\"247\">K\u00e9ttlin Gon\u00e7alves dos Santos<\/td>\n<\/tr>\n<tr>\n<td width=\"247\">Laura Sacco dos Anjos Torres<\/td>\n<\/tr>\n<tr>\n<td width=\"247\">Lauren Silveira Farias<\/td>\n<\/tr>\n<tr>\n<td width=\"247\">Leidiane Borba de Souza Feij\u00f3<\/td>\n<\/tr>\n<tr>\n<td width=\"247\">Leonardo Silva Cordeiro<\/td>\n<\/tr>\n<tr>\n<td width=\"247\">Leticia Amaral Infeld Kruger<\/td>\n<\/tr>\n<tr>\n<td width=\"247\">Let\u00edcia Mossate Jobim<\/td>\n<\/tr>\n<tr>\n<td width=\"247\">L\u00edvian Lino Netto<\/td>\n<\/tr>\n<tr>\n<td width=\"247\">Lorraine D\u00fcstenhafet<\/td>\n<\/tr>\n<tr>\n<td width=\"247\">Luana Maris Borri<\/td>\n<\/tr>\n<tr>\n<td width=\"247\">Luciana Leandro da Silva<\/td>\n<\/tr>\n<tr>\n<td width=\"247\">Luciana Valqu\u00edria Kremin Mai<\/td>\n<\/tr>\n<tr>\n<td width=\"247\">Maicon Farias Vieira<\/td>\n<\/tr>\n<tr>\n<td width=\"247\">Maicon Madruga da Rosa<\/td>\n<\/tr>\n<tr>\n<td width=\"247\">Manoela Escouto Soares<\/td>\n<\/tr>\n<tr>\n<td width=\"247\">Marciela da Silva Mattos<\/td>\n<\/tr>\n<tr>\n<td width=\"247\">Margarete Hirdes Antunes<\/td>\n<\/tr>\n<tr>\n<td width=\"247\">Maria Angela Noll<\/td>\n<\/tr>\n<tr>\n<td width=\"247\">Maria Cecilia Lorea Leite<\/td>\n<\/tr>\n<tr>\n<td width=\"247\">Marina Bastos Capua<\/td>\n<\/tr>\n<tr>\n<td width=\"247\">Marli Pardo Legemann Oliveira<\/td>\n<\/tr>\n<tr>\n<td width=\"247\">Maurilia Fonseca da Silveira<\/td>\n<\/tr>\n<tr>\n<td width=\"247\">Mauro Augusto Burkert Del Pino<\/td>\n<\/tr>\n<tr>\n<td width=\"247\">Michele Rodrigues Machado<\/td>\n<\/tr>\n<tr>\n<td width=\"247\">Milena Venzke Kaadt<\/td>\n<\/tr>\n<tr>\n<td width=\"247\">Milene Borchardt Gonsalves<\/td>\n<\/tr>\n<tr>\n<td width=\"247\">Monalisa Rodrigues Pereira<\/td>\n<\/tr>\n<tr>\n<td width=\"247\">Nadine Silva dos Santos<\/td>\n<\/tr>\n<tr>\n<td width=\"247\">Nara Cristina Fernandes Almeida<\/td>\n<\/tr>\n<tr>\n<td width=\"247\">Nat\u00e1lia Ferreira da Cunha<\/td>\n<\/tr>\n<tr>\n<td width=\"247\">Nit\u00e9ri Ferreira Vieira<\/td>\n<\/tr>\n<tr>\n<td width=\"247\">Paloma Enelise Niegand<\/td>\n<\/tr>\n<tr>\n<td width=\"247\">Paola Porto Ramos<\/td>\n<\/tr>\n<tr>\n<td width=\"247\">Patr\u00edcia de Faria Ferreira<\/td>\n<\/tr>\n<tr>\n<td width=\"247\">Patr\u00edcia Porto Ramos<\/td>\n<\/tr>\n<tr>\n<td width=\"247\">Pedro Henrique C. de Andrade<\/td>\n<\/tr>\n<tr>\n<td width=\"247\">Priscila Borges Silveira<\/td>\n<\/tr>\n<tr>\n<td width=\"247\">Rafael de Camargo Bueno<\/td>\n<\/tr>\n<tr>\n<td width=\"247\">Regina Blank Wille<\/td>\n<\/tr>\n<tr>\n<td width=\"247\">Ricardo Gon\u00e7alves Severo<\/td>\n<\/tr>\n<tr>\n<td width=\"247\">Ruany Maira da Silva Silva<\/td>\n<\/tr>\n<tr>\n<td width=\"247\">R\u00fabia Ra\u00eds Johann<\/td>\n<\/tr>\n<tr>\n<td width=\"247\">Samantha de Souza Guterres<\/td>\n<\/tr>\n<tr>\n<td width=\"247\">Samira De Paul Silva Reis Diniz<\/td>\n<\/tr>\n<tr>\n<td width=\"247\">St\u00e9fani da Silva Korb<\/td>\n<\/tr>\n<tr>\n<td width=\"247\">Stephane Silva de Araujo<\/td>\n<\/tr>\n<tr>\n<td width=\"247\">Su\u00e9len Starke<\/td>\n<\/tr>\n<tr>\n<td width=\"247\">Suzane da Rocha Vieira Gon\u00e7alves<\/td>\n<\/tr>\n<tr>\n<td width=\"247\">T\u00e1bata Valesca Corr\u00eaa<\/td>\n<\/tr>\n<tr>\n<td width=\"247\">Ta\u00eds B. de Souza<\/td>\n<\/tr>\n<tr>\n<td width=\"247\">Talita Garcia de Oliveira<\/td>\n<\/tr>\n<tr>\n<td width=\"247\">Thales Duarte<\/td>\n<\/tr>\n<tr>\n<td width=\"247\">Valdelaine Mendes<\/td>\n<\/tr>\n<tr>\n<td width=\"247\">Vanessa Avila Costa<\/td>\n<\/tr>\n<tr>\n<td width=\"247\">Vior Lobato Bazzo<\/td>\n<\/tr>\n<tr>\n<td width=\"247\">Vit\u00f3ria Mailan aldrigeri<\/td>\n<\/tr>\n<tr>\n<td width=\"247\">Viviane Aquino Zitzke<\/td>\n<\/tr>\n<tr>\n<td width=\"247\">Viviane da Silva Lemos<\/td>\n<\/tr>\n<\/tbody>\n<\/table>\n<\/div>\n","protected":false},"excerpt":{"rendered":"<p>Certificamos que todos presentes na lista abaixo participaram do evento I Encontro do CEPE 2019, promovido pelo CEPE \u2013 Centro de Estudos em Pol\u00edticas Educativas (FaE\/UFPel) e pelo Curso de P\u00f3s-Gradua\u00e7\u00e3o em Educa\u00e7\u00e3o da Universidade Federal de Pelotas, realizado no per\u00edodo de 20 a 22 de Novembro de 2019, perfazendo uma carga hor\u00e1ria de 24 &hellip; <\/p>\n<p><a class=\"more-link btn\" href=\"https:\/\/wp.ufpel.edu.br\/cepe\/agenda-de-eventos\/validacao-i-encontro-do-cepe-2019\/\">Continue lendo<\/a><\/p>\n","protected":false},"author":297,"featured_media":0,"parent":56,"menu_order":0,"comment_status":"closed","ping_status":"closed","template":"","meta":{"footnotes":""},"class_list":["post-455","page","type-page","status-publish","hentry","nodate","item-wrap"],"jetpack_sharing_enabled":true,"_links":{"self":[{"href":"https:\/\/wp.ufpel.edu.br\/cepe\/wp-json\/wp\/v2\/pages\/455","targetHints":{"allow":["GET"]}}],"collection":[{"href":"https:\/\/wp.ufpel.edu.br\/cepe\/wp-json\/wp\/v2\/pages"}],"about":[{"href":"https:\/\/wp.ufpel.edu.br\/cepe\/wp-json\/wp\/v2\/types\/page"}],"author":[{"embeddable":true,"href":"https:\/\/wp.ufpel.edu.br\/cepe\/wp-json\/wp\/v2\/users\/297"}],"replies":[{"embeddable":true,"href":"https:\/\/wp.ufpel.edu.br\/cepe\/wp-json\/wp\/v2\/comments?post=455"}],"version-history":[{"count":7,"href":"https:\/\/wp.ufpel.edu.br\/cepe\/wp-json\/wp\/v2\/pages\/455\/revisions"}],"predecessor-version":[{"id":463,"href":"https:\/\/wp.ufpel.edu.br\/cepe\/wp-json\/wp\/v2\/pages\/455\/revisions\/463"}],"up":[{"embeddable":true,"href":"https:\/\/wp.ufpel.edu.br\/cepe\/wp-json\/wp\/v2\/pages\/56"}],"wp:attachment":[{"href":"https:\/\/wp.ufpel.edu.br\/cepe\/wp-json\/wp\/v2\/media?parent=455"}],"curies":[{"name":"wp","href":"https:\/\/api.w.org\/{rel}","templated":true}]}}