{"id":450,"date":"2019-11-07T12:29:00","date_gmt":"2019-11-07T15:29:00","guid":{"rendered":"https:\/\/wp.ufpel.edu.br\/cepe\/?page_id=450"},"modified":"2019-11-07T12:30:35","modified_gmt":"2019-11-07T15:30:35","slug":"i-encontro-do-cepe","status":"publish","type":"page","link":"https:\/\/wp.ufpel.edu.br\/cepe\/agenda-de-eventos\/i-encontro-do-cepe\/","title":{"rendered":"I Encontro do CEPE | 2019"},"content":{"rendered":"<p>I Encontro do CEPE &#8211; Pol\u00edticas Conservadoras na Educa\u00e7\u00e3o B\u00e1sica<\/p>\n<p><a href=\"https:\/\/wp.ufpel.edu.br\/cepe2019\"><img loading=\"lazy\" decoding=\"async\" class=\"alignnone size-medium wp-image-442\" src=\"https:\/\/wp.ufpel.edu.br\/cepe\/files\/2019\/11\/cepe_image-300x95.png\" alt=\"\" width=\"300\" height=\"95\" \/><\/a><\/p>\n","protected":false},"excerpt":{"rendered":"<p>I Encontro do CEPE &#8211; Pol\u00edticas Conservadoras na Educa\u00e7\u00e3o B\u00e1sica<\/p>\n","protected":false},"author":297,"featured_media":0,"parent":56,"menu_order":0,"comment_status":"closed","ping_status":"closed","template":"","meta":{"footnotes":""},"class_list":["post-450","page","type-page","status-publish","hentry","nodate","item-wrap"],"jetpack_sharing_enabled":true,"_links":{"self":[{"href":"https:\/\/wp.ufpel.edu.br\/cepe\/wp-json\/wp\/v2\/pages\/450","targetHints":{"allow":["GET"]}}],"collection":[{"href":"https:\/\/wp.ufpel.edu.br\/cepe\/wp-json\/wp\/v2\/pages"}],"about":[{"href":"https:\/\/wp.ufpel.edu.br\/cepe\/wp-json\/wp\/v2\/types\/page"}],"author":[{"embeddable":true,"href":"https:\/\/wp.ufpel.edu.br\/cepe\/wp-json\/wp\/v2\/users\/297"}],"replies":[{"embeddable":true,"href":"https:\/\/wp.ufpel.edu.br\/cepe\/wp-json\/wp\/v2\/comments?post=450"}],"version-history":[{"count":3,"href":"https:\/\/wp.ufpel.edu.br\/cepe\/wp-json\/wp\/v2\/pages\/450\/revisions"}],"predecessor-version":[{"id":453,"href":"https:\/\/wp.ufpel.edu.br\/cepe\/wp-json\/wp\/v2\/pages\/450\/revisions\/453"}],"up":[{"embeddable":true,"href":"https:\/\/wp.ufpel.edu.br\/cepe\/wp-json\/wp\/v2\/pages\/56"}],"wp:attachment":[{"href":"https:\/\/wp.ufpel.edu.br\/cepe\/wp-json\/wp\/v2\/media?parent=450"}],"curies":[{"name":"wp","href":"https:\/\/api.w.org\/{rel}","templated":true}]}}