{"id":413,"date":"2019-03-30T18:27:34","date_gmt":"2019-03-30T21:27:34","guid":{"rendered":"https:\/\/wp.ufpel.edu.br\/cepe\/?page_id=413"},"modified":"2019-03-30T18:42:09","modified_gmt":"2019-03-30T21:42:09","slug":"video-sandra-de-faultrier","status":"publish","type":"page","link":"https:\/\/wp.ufpel.edu.br\/cepe\/publicacoes\/videos\/video-sandra-de-faultrier\/","title":{"rendered":"Video Sandra Travers de Faultrier"},"content":{"rendered":"<div dir=\"ltr\"><a href=\"https:\/\/www.youtube.com\/watch?v=0AkOd3wjpmg\">\u00a0<\/a><strong><span id=\"m_-6669940862665456524m_2547263811924347492eow-title\" class=\"m_-6669940862665456524m_2547263811924347492gmail-watch-title\" dir=\"ltr\" style=\"font-size: 14pt\" title=\"Sandra Travers de Faultrier : droit et litt\u00e9rature\">Sandra Travers de Faultrier : direito e literatura <\/span><\/strong><\/div>\n<div dir=\"ltr\"><a href=\"https:\/\/www.youtube.com\/watch?v=0AkOd3wjpmg\"><strong><span id=\"m_-6669940862665456524m_2547263811924347492eow-title\" class=\"m_-6669940862665456524m_2547263811924347492gmail-watch-title\" dir=\"ltr\" style=\"font-size: 14pt\" title=\"Sandra Travers de Faultrier : droit et litt\u00e9rature\">https:\/\/www.youtube.com\/watch?v=0AkOd3wjpmg<\/span><\/strong><\/a><\/div>\n<div dir=\"ltr\">\n<div><\/div>\n<div>Doutora em Letras e Doutora em Direito, Sandra Travers de Faultrier leciona atualmente na Universidade Paris II. O direito e a literatura concernem \u00e0 mesma ordem, enquanto em muitos aspectos parecem estranhos um ao outro? Quais obras e que direitos permitem tal di\u00e1logo? Existe a necessidade de convocar outras disciplinas para examinar a rela\u00e7\u00e3o que os une?<\/div>\n<\/div>\n<div dir=\"ltr\"><a href=\"https:\/\/wp.ufpel.edu.br\/cepe\/publicacoes\/videos\/video-sandra-de-faultrier\/\"><span style=\"color: #000000\"><span class=\"m_-6669940862665456524m_2547263811924347492gmail-watch-time-text\">Publicado em 19 de dez de 2018<\/span>\u00a0<\/span><\/a><\/div>\n<div dir=\"ltr\"><a href=\"https:\/\/wp.ufpel.edu.br\/cepe\/publicacoes\/videos\/video-sandra-de-faultrier\/\"><span style=\"color: #000000\">Di\u00e1logo Direito e Literatura com Jean-Michel Dufays<\/span><\/a><\/div>\n","protected":false},"excerpt":{"rendered":"<p>\u00a0Sandra Travers de Faultrier : direito e literatura https:\/\/www.youtube.com\/watch?v=0AkOd3wjpmg Doutora em Letras e Doutora em Direito, Sandra Travers de Faultrier leciona atualmente na Universidade Paris II. O direito e a literatura concernem \u00e0 mesma ordem, enquanto em muitos aspectos parecem estranhos um ao outro? Quais obras e que direitos permitem tal di\u00e1logo? Existe a necessidade &hellip; <\/p>\n<p><a class=\"more-link btn\" href=\"https:\/\/wp.ufpel.edu.br\/cepe\/publicacoes\/videos\/video-sandra-de-faultrier\/\">Continue lendo<\/a><\/p>\n","protected":false},"author":297,"featured_media":0,"parent":307,"menu_order":0,"comment_status":"closed","ping_status":"closed","template":"","meta":{"footnotes":""},"class_list":["post-413","page","type-page","status-publish","hentry","nodate","item-wrap"],"jetpack_sharing_enabled":true,"_links":{"self":[{"href":"https:\/\/wp.ufpel.edu.br\/cepe\/wp-json\/wp\/v2\/pages\/413","targetHints":{"allow":["GET"]}}],"collection":[{"href":"https:\/\/wp.ufpel.edu.br\/cepe\/wp-json\/wp\/v2\/pages"}],"about":[{"href":"https:\/\/wp.ufpel.edu.br\/cepe\/wp-json\/wp\/v2\/types\/page"}],"author":[{"embeddable":true,"href":"https:\/\/wp.ufpel.edu.br\/cepe\/wp-json\/wp\/v2\/users\/297"}],"replies":[{"embeddable":true,"href":"https:\/\/wp.ufpel.edu.br\/cepe\/wp-json\/wp\/v2\/comments?post=413"}],"version-history":[{"count":6,"href":"https:\/\/wp.ufpel.edu.br\/cepe\/wp-json\/wp\/v2\/pages\/413\/revisions"}],"predecessor-version":[{"id":421,"href":"https:\/\/wp.ufpel.edu.br\/cepe\/wp-json\/wp\/v2\/pages\/413\/revisions\/421"}],"up":[{"embeddable":true,"href":"https:\/\/wp.ufpel.edu.br\/cepe\/wp-json\/wp\/v2\/pages\/307"}],"wp:attachment":[{"href":"https:\/\/wp.ufpel.edu.br\/cepe\/wp-json\/wp\/v2\/media?parent=413"}],"curies":[{"name":"wp","href":"https:\/\/api.w.org\/{rel}","templated":true}]}}