{"id":403,"date":"2018-11-09T17:07:45","date_gmt":"2018-11-09T19:07:45","guid":{"rendered":"https:\/\/wp.ufpel.edu.br\/cepe\/?page_id=403"},"modified":"2018-11-29T17:41:27","modified_gmt":"2018-11-29T19:41:27","slug":"validacao-evento-bncc","status":"publish","type":"page","link":"https:\/\/wp.ufpel.edu.br\/cepe\/agenda-de-eventos\/validacao-evento-bncc\/","title":{"rendered":"Valida\u00e7\u00e3o &#8211; Evento BNCC"},"content":{"rendered":"<p><span style=\"font-weight: 400\">Certificamos que todos presentes na lista abaixo<\/span><span style=\"font-weight: 400\">\u00a0participaram do evento <\/span><b>BNCC E A EDUCA\u00c7\u00c3O B\u00c1SICA<\/b><span style=\"font-weight: 400\">, promovido pelo CEPE &#8211; Centro de Estudos em Pol\u00edticas Educativas (FaE\/UFPel) e pelo Curso de P\u00f3s-Gradua\u00e7\u00e3o em Educa\u00e7\u00e3o da Universidade Federal de Pelotas, realizado no per\u00edodo de 22 a 24 de Outubro de 2018, perfazendo uma carga hor\u00e1ria de <\/span><b>24<\/b><span style=\"font-weight: 400\"> horas.<\/span><\/p>\n<table dir=\"ltr\" border=\"1\" cellspacing=\"0\" cellpadding=\"0\">\n<colgroup>\n<col width=\"271\" \/><\/colgroup>\n<tbody>\n<tr>\n<td><strong>Participantes<\/strong><\/td>\n<\/tr>\n<tr>\n<td>Adriana Duarte Leon<\/td>\n<\/tr>\n<tr>\n<td>Albio de Souza Leite J\u00fanior<\/td>\n<\/tr>\n<tr>\n<td>Alesandra Lange Marten<\/td>\n<\/tr>\n<tr>\n<td>Alexandra Garcia Mascarenhas<\/td>\n<\/tr>\n<tr>\n<td>Aline Nunes da Cunha de Medeiros<\/td>\n<\/tr>\n<tr>\n<td>Amanda Porto da Cruz<\/td>\n<\/tr>\n<tr>\n<td>Ana Paula G. Ara\u00fajo<\/td>\n<\/tr>\n<tr>\n<td>Ana Paula Matias Duarte<\/td>\n<\/tr>\n<tr>\n<td>ANDERSON MIGUEL BOTELHO PINTANEL<\/td>\n<\/tr>\n<tr>\n<td>Andrea de Oliveira Lopes Bermudes<\/td>\n<\/tr>\n<tr>\n<td>Andr\u00e9a Maria Matias<\/td>\n<\/tr>\n<tr>\n<td>Andriw Ruas Santos<\/td>\n<\/tr>\n<tr>\n<td>Bianca de Oliveira<\/td>\n<\/tr>\n<tr>\n<td>Camila de Souza Marques<\/td>\n<\/tr>\n<tr>\n<td>Carla Adriana Silva Silveira<\/td>\n<\/tr>\n<tr>\n<td>Carmen Regina Gon\u00e7alves Ferreira<\/td>\n<\/tr>\n<tr>\n<td>Carolina Bohhs Mattea Soares<\/td>\n<\/tr>\n<tr>\n<td>Caroline Braga Michel<\/td>\n<\/tr>\n<tr>\n<td>Caroline Foggiato Ferreira<\/td>\n<\/tr>\n<tr>\n<td>Ch\u00e9li Nunes Meira<\/td>\n<\/tr>\n<tr>\n<td>Clara Balladares Machado<\/td>\n<\/tr>\n<tr>\n<td>Claudia Adriana de Carvalho<\/td>\n<\/tr>\n<tr>\n<td>Daiane Leal da Concei\u00e7\u00e3o<\/td>\n<\/tr>\n<tr>\n<td>Daniele de Paula Formozo<\/td>\n<\/tr>\n<tr>\n<td>diocelena dos santos miranda<\/td>\n<\/tr>\n<tr>\n<td>DIRNEI BONOW<\/td>\n<\/tr>\n<tr>\n<td>Eder Glei Canieles dos Santos Junior<\/td>\n<\/tr>\n<tr>\n<td>Edson Ponick<\/td>\n<\/tr>\n<tr>\n<td>Eduardo de Oliveira Soares Real<\/td>\n<\/tr>\n<tr>\n<td>Elci Maria de Souza Esmerio<\/td>\n<\/tr>\n<tr>\n<td>Elenise dos Santos Monteiro<\/td>\n<\/tr>\n<tr>\n<td>Eleonora das Neves Sim\u00f5es<\/td>\n<\/tr>\n<tr>\n<td>Eug\u00eania Antunes Dias<\/td>\n<\/tr>\n<tr>\n<td>Fabiana Celente Montiel<\/td>\n<\/tr>\n<tr>\n<td>Fabiana Fedatto Bernardon<\/td>\n<\/tr>\n<tr>\n<td>Fabiana Lopes de Souza<\/td>\n<\/tr>\n<tr>\n<td>Fabiane Rodrigues Viana<\/td>\n<\/tr>\n<tr>\n<td>Fernanda Arndt Mesenburg<\/td>\n<\/tr>\n<tr>\n<td>Fernanda Moura Cortes<\/td>\n<\/tr>\n<tr>\n<td>Fernando Robaldo Tavares<\/td>\n<\/tr>\n<tr>\n<td>Franciele Roos da Silva Ilha<\/td>\n<\/tr>\n<tr>\n<td>Francine Couto de Oliveira Weymar<\/td>\n<\/tr>\n<tr>\n<td>Gabriela Amaral Leal<\/td>\n<\/tr>\n<tr>\n<td>Gabriela Dutra Rodrigues Conrado<\/td>\n<\/tr>\n<tr>\n<td>Gilceane Caetano Porto<\/td>\n<\/tr>\n<tr>\n<td>Giovana Pozza<\/td>\n<\/tr>\n<tr>\n<td>Giovani Barbosa<\/td>\n<\/tr>\n<tr>\n<td>Giovanna Allegretti<\/td>\n<\/tr>\n<tr>\n<td>Gustavo de Almeida Moreira<\/td>\n<\/tr>\n<tr>\n<td>Igor Daniel Martins Pereira<\/td>\n<\/tr>\n<tr>\n<td>Ja\u00edne Telles Quevedo<\/td>\n<\/tr>\n<tr>\n<td>Jair Jonko Araujo<\/td>\n<\/tr>\n<tr>\n<td>Janaina Barela Meireles<\/td>\n<\/tr>\n<tr>\n<td>Janete Otte<\/td>\n<\/tr>\n<tr>\n<td>Janine Vasconcelos Medeiros<\/td>\n<\/tr>\n<tr>\n<td>Jaqueline de Gaspari Piotrowski<\/td>\n<\/tr>\n<tr>\n<td>Jean Batista Carneiro<\/td>\n<\/tr>\n<tr>\n<td>Jennifer Rosa Da Silva<\/td>\n<\/tr>\n<tr>\n<td>Jer\u00f4nimo Medina Madruga<\/td>\n<\/tr>\n<tr>\n<td>Jessica Aline Leal da Rosa<\/td>\n<\/tr>\n<tr>\n<td>J\u00c9SSICA CORR\u00caA RIBEIRO<\/td>\n<\/tr>\n<tr>\n<td>Jessica Moara da Cunha Tessman<\/td>\n<\/tr>\n<tr>\n<td>Jo\u00e3o Carlos Roedel Hirdes<\/td>\n<\/tr>\n<tr>\n<td>Jo\u00e3o Henrique Figueredo de Oliveira<\/td>\n<\/tr>\n<tr>\n<td>Johan Fonseca Lose<\/td>\n<\/tr>\n<tr>\n<td>Jos\u00e9 Cleber Otto<\/td>\n<\/tr>\n<tr>\n<td>Joseane Jarline Jager<\/td>\n<\/tr>\n<tr>\n<td>Josiele Oliveira da Silva<\/td>\n<\/tr>\n<tr>\n<td>J\u00falia Irigoyen Studzinski<\/td>\n<\/tr>\n<tr>\n<td>Julia Rocha Clasen<\/td>\n<\/tr>\n<tr>\n<td>Julia Traurmann Bandeira<\/td>\n<\/tr>\n<tr>\n<td>Juliana Diniz Gutierres Borges<\/td>\n<\/tr>\n<tr>\n<td>Juliana Westphal Bueno<\/td>\n<\/tr>\n<tr>\n<td>Juliandersson Victoria Alexandre<\/td>\n<\/tr>\n<tr>\n<td>Kamila Lockmann<\/td>\n<\/tr>\n<tr>\n<td>katia silene de avila leivas<\/td>\n<\/tr>\n<tr>\n<td>Laurimei Char\u00e3o garcia<\/td>\n<\/tr>\n<tr>\n<td>Leandro Bager<\/td>\n<\/tr>\n<tr>\n<td>Leidiane Borba de Souza<\/td>\n<\/tr>\n<tr>\n<td>LEILA CRISTIANE PINTO FINOQUETO<\/td>\n<\/tr>\n<tr>\n<td>Leila Duarte Reis<\/td>\n<\/tr>\n<tr>\n<td>Leontine Lima dos Santos<\/td>\n<\/tr>\n<tr>\n<td>Letiane Oliveira da Fonseca<\/td>\n<\/tr>\n<tr>\n<td>Lisiana Silveira de Moura<\/td>\n<\/tr>\n<tr>\n<td>Luan Hartwig Peil<\/td>\n<\/tr>\n<tr>\n<td>Luana Medina de Barros<\/td>\n<\/tr>\n<tr>\n<td>Lucas Cabral Ribeiro<\/td>\n<\/tr>\n<tr>\n<td>Lucia Beatriz Ott Ferreira<\/td>\n<\/tr>\n<tr>\n<td>Lucia Helena Fagundes Carvalho silveira<\/td>\n<\/tr>\n<tr>\n<td>Luciana Leandro da Silva<\/td>\n<\/tr>\n<tr>\n<td>Luciane da Silva Martins<\/td>\n<\/tr>\n<tr>\n<td>Luciane Kaster<\/td>\n<\/tr>\n<tr>\n<td>Luciane Tavares Baltore<\/td>\n<\/tr>\n<tr>\n<td>Luiza Kerstiner Souto<\/td>\n<\/tr>\n<tr>\n<td>Lurvin Gabriela Tercero Reyes<\/td>\n<\/tr>\n<tr>\n<td>Magda de Abreu Vicente<\/td>\n<\/tr>\n<tr>\n<td>Maicon Madruga da Rosa<\/td>\n<\/tr>\n<tr>\n<td>Manoela Vieira Neutzling<\/td>\n<\/tr>\n<tr>\n<td>Mara Lucia Teixeira Brum<\/td>\n<\/tr>\n<tr>\n<td>Mara Rejane Vieira Os\u00f3rio<\/td>\n<\/tr>\n<tr>\n<td>Marcelo de Souza Moreira<\/td>\n<\/tr>\n<tr>\n<td>M\u00e1rcia Beatriz Riechel Schlesener<\/td>\n<\/tr>\n<tr>\n<td>M\u00e1rcia Rejane Vieira Guimar\u00e3es<\/td>\n<\/tr>\n<tr>\n<td>Marciela da Silva Mattos<\/td>\n<\/tr>\n<tr>\n<td>MARCOS LUIZ DE FRAN\u00c7A<\/td>\n<\/tr>\n<tr>\n<td>Maria Cec\u00edlia Lorea Leite<\/td>\n<\/tr>\n<tr>\n<td>Maria de Fatima Duarte Martins<\/td>\n<\/tr>\n<tr>\n<td>Maria In\u00eas P. Karini<\/td>\n<\/tr>\n<tr>\n<td>Maria Raquel Caetano<\/td>\n<\/tr>\n<tr>\n<td>Maria Renata Alonso Mota<\/td>\n<\/tr>\n<tr>\n<td>Maria Ver\u00f4nica Rold\u00e1n Pinto<\/td>\n<\/tr>\n<tr>\n<td>Mariana da Rocha Manke<\/td>\n<\/tr>\n<tr>\n<td>Marilete Oliveira Moreia<\/td>\n<\/tr>\n<tr>\n<td>Marisa Musa Hamid<\/td>\n<\/tr>\n<tr>\n<td>Marta Nornberg<\/td>\n<\/tr>\n<tr>\n<td>Milena De Farias Matias<\/td>\n<\/tr>\n<tr>\n<td>Nail\u00ea Pinto Iunes<\/td>\n<\/tr>\n<tr>\n<td>Nara cristina Fernandes Almeida<\/td>\n<\/tr>\n<tr>\n<td>Nikolas Yoshimara Konoshi<\/td>\n<\/tr>\n<tr>\n<td>Pablo Esposito Escobar Castro<\/td>\n<\/tr>\n<tr>\n<td>Patr\u00edcia Porto Ramos<\/td>\n<\/tr>\n<tr>\n<td>Patricia Trindade<\/td>\n<\/tr>\n<tr>\n<td>Pedro Henrique Correia de Andrade<\/td>\n<\/tr>\n<tr>\n<td>Priscila Brock Barbosa<\/td>\n<\/tr>\n<tr>\n<td>Rafaela Cardoso da Fonseca<\/td>\n<\/tr>\n<tr>\n<td>Raquel Andrade hartwig<\/td>\n<\/tr>\n<tr>\n<td>Raquel Lempek<\/td>\n<\/tr>\n<tr>\n<td>Raquel Medina de Barros<\/td>\n<\/tr>\n<tr>\n<td>Regiana Blank Wille<\/td>\n<\/tr>\n<tr>\n<td>Renan Cardozo Gomes da Silva<\/td>\n<\/tr>\n<tr>\n<td>Renata Konradt G\u00fcths<\/td>\n<\/tr>\n<tr>\n<td>Ronnei Bruno da S. Corr\u00eaa<\/td>\n<\/tr>\n<tr>\n<td>Samantha de Souza Guterres<\/td>\n<\/tr>\n<tr>\n<td>Santiago Bretanha Freitas<\/td>\n<\/tr>\n<tr>\n<td>Shimene de Moraes Teixeira<\/td>\n<\/tr>\n<tr>\n<td>Simone Weber Cardoso Schneider<\/td>\n<\/tr>\n<tr>\n<td>S\u00f4nia Bandeira Amaro<\/td>\n<\/tr>\n<tr>\n<td>Susan Ortiz da Cunha Ferreira<\/td>\n<\/tr>\n<tr>\n<td>Suzane da Rocha Vieira Gon\u00e7alves<\/td>\n<\/tr>\n<tr>\n<td>Tain\u00e1 Melo Silveira<\/td>\n<\/tr>\n<tr>\n<td>Tatiane Pacheco Fernandes<\/td>\n<\/tr>\n<tr>\n<td>Uleris Cefannel Alves Garcia<\/td>\n<\/tr>\n<tr>\n<td>Valdelaine Mendes<\/td>\n<\/tr>\n<tr>\n<td>Valdirene Hessler Bredow<\/td>\n<\/tr>\n<tr>\n<td>Val\u00e9ria Alessandra Coelho Islab\u00e3o<\/td>\n<\/tr>\n<tr>\n<td>Vanessa Caldeira Leite<\/td>\n<\/tr>\n<tr>\n<td>Vera L\u00facia dos Santos Schwarz<\/td>\n<\/tr>\n<tr>\n<td>Viviane Aquino Zitzke<\/td>\n<\/tr>\n<tr>\n<td>William Amorim da Rosa<\/td>\n<\/tr>\n<tr>\n<td>Willian Alonso dos Santos<\/td>\n<\/tr>\n<tr>\n<td>Yuri Costa de Oliveira<\/td>\n<\/tr>\n<\/tbody>\n<\/table>\n<p>&nbsp;<\/p>\n<table dir=\"ltr\" border=\"1\" cellspacing=\"0\" cellpadding=\"0\">\n<colgroup>\n<col width=\"319\" \/><\/colgroup>\n<tbody>\n<tr>\n<td><strong>Palestrantes<\/strong><\/td>\n<\/tr>\n<tr>\n<td>Alejandra Falabella<\/td>\n<\/tr>\n<tr>\n<td>Andressa Aita Ivo<\/td>\n<\/tr>\n<tr>\n<td>Andr\u00e9ia Ferreira da Silva<\/td>\n<\/tr>\n<tr>\n<td>Elizeu Clementino de Souza<\/td>\n<\/tr>\n<tr>\n<td>Katia Curado P. Cordeiro da Silva<\/td>\n<\/tr>\n<tr>\n<td>Liliana Soares Ferreira<\/td>\n<\/tr>\n<tr>\n<td>Luciana Leandro da Silva<\/td>\n<\/tr>\n<tr>\n<td>Maria Luiza Sussekind<\/td>\n<\/tr>\n<tr>\n<td>Maria Raquel Caetano<\/td>\n<\/tr>\n<tr>\n<td>Nilton Mullet Pereira<\/td>\n<\/tr>\n<tr>\n<td>Roberto Rafael Dias da Silva<\/td>\n<\/tr>\n<tr>\n<td>Ros\u00e2nia Campos<\/td>\n<\/tr>\n<tr>\n<td>Suzane da R. V. Gon\u00e7alves<\/td>\n<\/tr>\n<tr>\n<td>Maria Cec\u00edlia Lorea Leie<\/td>\n<\/tr>\n<tr>\n<td>Vera Peroni<\/td>\n<\/tr>\n<tr>\n<td>\u00c1lvaro Moreira Hypolito<\/td>\n<\/tr>\n<tr>\n<td>Mauro Del Pino<\/td>\n<\/tr>\n<tr>\n<td>Jarbas Santos Vieira<\/td>\n<\/tr>\n<tr>\n<td>Simone Gon\u00e7alves da silva<\/td>\n<\/tr>\n<tr>\n<td>Iana Gomes de lima<\/td>\n<\/tr>\n<tr>\n<td>Maria Manuela Alves Garcia<\/td>\n<\/tr>\n<\/tbody>\n<\/table>\n<table dir=\"ltr\" border=\"1\" cellspacing=\"0\" cellpadding=\"0\">\n<colgroup>\n<col width=\"270\" \/><\/colgroup>\n<tbody>\n<tr>\n<td><strong>Coordenadores De Mesa<\/strong><\/td>\n<\/tr>\n<tr>\n<td>\u00c1lvaro Moreira Hypolito<\/td>\n<\/tr>\n<tr>\n<td>Madalena Klein<\/td>\n<\/tr>\n<tr>\n<td>Valdelaine Mendes<\/td>\n<\/tr>\n<tr>\n<td>Marta N\u00f6rnberg<\/td>\n<\/tr>\n<tr>\n<td>Jair Jonko Ara\u00fajo<\/td>\n<\/tr>\n<tr>\n<td>Jos\u00e9 R. de Oliveira Feij\u00f3<\/td>\n<\/tr>\n<tr>\n<td>Maria Elo\u00edsa Silva<\/td>\n<\/tr>\n<tr>\n<td>Mara Rejane Os\u00f3rio<\/td>\n<\/tr>\n<\/tbody>\n<\/table>\n<table dir=\"ltr\" border=\"1\" cellspacing=\"0\" cellpadding=\"0\">\n<colgroup>\n<col width=\"420\" \/><\/colgroup>\n<tbody>\n<tr>\n<td><strong>Comiss\u00e3o Organizadora<\/strong><\/td>\n<\/tr>\n<tr>\n<td>Ana Claudia Venturin da Costa<\/td>\n<\/tr>\n<tr>\n<td>Andr\u00e9 Quandt Klug<\/td>\n<\/tr>\n<tr>\n<td>Cristiane Bartz de \u00c1vila<\/td>\n<\/tr>\n<tr>\n<td>Deise Rocha<\/td>\n<\/tr>\n<tr>\n<td>Edna Coimbra da Silva<\/td>\n<\/tr>\n<tr>\n<td>Kall\u00e9u Schmidt Mendes<\/td>\n<\/tr>\n<tr>\n<td>Maria Elo\u00edsa Silva<\/td>\n<\/tr>\n<tr>\n<td>Mateus Arguelho da Cunha<\/td>\n<\/tr>\n<tr>\n<td>Mirna Ribeiro Lima da Silva<\/td>\n<\/tr>\n<tr>\n<td>Nat\u00e1lia Silveira Antunes<\/td>\n<\/tr>\n<tr>\n<td>Patr\u00edcia de Faria Ferreira<\/td>\n<\/tr>\n<\/tbody>\n<\/table>\n<p>&nbsp;<\/p>\n<table dir=\"ltr\" border=\"1\" cellspacing=\"0\" cellpadding=\"0\">\n<colgroup>\n<col width=\"320\" \/><\/colgroup>\n<tbody>\n<tr>\n<td><strong>Coordena\u00e7\u00e3o<\/strong><\/td>\n<\/tr>\n<tr>\n<td>\u00c1lvaro Moreira Hypolito<\/td>\n<\/tr>\n<tr>\n<td>Iana Gomes de Lima<\/td>\n<\/tr>\n<tr>\n<td>Simone Gon\u00e7alves da Silva<\/td>\n<\/tr>\n<\/tbody>\n<\/table>\n<p><\/p>\n","protected":false},"excerpt":{"rendered":"<p>Certificamos que todos presentes na lista abaixo\u00a0participaram do evento BNCC E A EDUCA\u00c7\u00c3O B\u00c1SICA, promovido pelo CEPE &#8211; Centro de Estudos em Pol\u00edticas Educativas (FaE\/UFPel) e pelo Curso de P\u00f3s-Gradua\u00e7\u00e3o em Educa\u00e7\u00e3o da Universidade Federal de Pelotas, realizado no per\u00edodo de 22 a 24 de Outubro de 2018, perfazendo uma carga hor\u00e1ria de 24 horas. &hellip; <\/p>\n<p><a class=\"more-link btn\" href=\"https:\/\/wp.ufpel.edu.br\/cepe\/agenda-de-eventos\/validacao-evento-bncc\/\">Continue lendo<\/a><\/p>\n","protected":false},"author":297,"featured_media":0,"parent":56,"menu_order":0,"comment_status":"closed","ping_status":"closed","template":"","meta":{"footnotes":""},"class_list":["post-403","page","type-page","status-publish","hentry","nodate","item-wrap"],"jetpack_sharing_enabled":true,"_links":{"self":[{"href":"https:\/\/wp.ufpel.edu.br\/cepe\/wp-json\/wp\/v2\/pages\/403","targetHints":{"allow":["GET"]}}],"collection":[{"href":"https:\/\/wp.ufpel.edu.br\/cepe\/wp-json\/wp\/v2\/pages"}],"about":[{"href":"https:\/\/wp.ufpel.edu.br\/cepe\/wp-json\/wp\/v2\/types\/page"}],"author":[{"embeddable":true,"href":"https:\/\/wp.ufpel.edu.br\/cepe\/wp-json\/wp\/v2\/users\/297"}],"replies":[{"embeddable":true,"href":"https:\/\/wp.ufpel.edu.br\/cepe\/wp-json\/wp\/v2\/comments?post=403"}],"version-history":[{"count":4,"href":"https:\/\/wp.ufpel.edu.br\/cepe\/wp-json\/wp\/v2\/pages\/403\/revisions"}],"predecessor-version":[{"id":408,"href":"https:\/\/wp.ufpel.edu.br\/cepe\/wp-json\/wp\/v2\/pages\/403\/revisions\/408"}],"up":[{"embeddable":true,"href":"https:\/\/wp.ufpel.edu.br\/cepe\/wp-json\/wp\/v2\/pages\/56"}],"wp:attachment":[{"href":"https:\/\/wp.ufpel.edu.br\/cepe\/wp-json\/wp\/v2\/media?parent=403"}],"curies":[{"name":"wp","href":"https:\/\/api.w.org\/{rel}","templated":true}]}}