{"id":378,"date":"2018-10-31T18:14:02","date_gmt":"2018-10-31T21:14:02","guid":{"rendered":"https:\/\/wp.ufpel.edu.br\/cepe\/?page_id=378"},"modified":"2018-10-31T18:45:09","modified_gmt":"2018-10-31T21:45:09","slug":"videos-bncc","status":"publish","type":"page","link":"https:\/\/wp.ufpel.edu.br\/cepe\/publicacoes\/videos\/videos-bncc\/","title":{"rendered":"Videos BNCC"},"content":{"rendered":"<p style=\"text-align: center\"><span style=\"color: #000080;font-size: 24pt\"><strong><span style=\"background-color: #ffffff\"><span style=\"font-family: courier new, courier, monospace\">BNCC e a Educa\u00e7\u00e3o B\u00e1sica<\/span><\/span><\/strong><\/span><\/p>\n<p style=\"text-align: center\"><span style=\"color: #000080;font-size: 18pt;font-family: courier new, courier, monospace\"><strong>22 a 24 de Outubro 2018 | FaE | UFPel<\/strong><\/span><\/p>\n<table style=\"width: 100%;border-collapse: collapse;border-style: groove;border-color: #000000;background-color: #000000\" border=\"1\">\n<tbody>\n<tr>\n<td style=\"width: 249.667px\"><a href=\"https:\/\/www.youtube.com\/watch?v=r-IBR51ZPYs\" target=\"_blank\" rel=\"noopener\"><img loading=\"lazy\" decoding=\"async\" class=\"alignnone size-medium wp-image-381\" src=\"https:\/\/wp.ufpel.edu.br\/cepe\/files\/2018\/10\/bncc1-300x152.png\" alt=\"\" width=\"300\" height=\"152\" srcset=\"https:\/\/wp.ufpel.edu.br\/cepe\/files\/2018\/10\/bncc1-300x152.png 300w, https:\/\/wp.ufpel.edu.br\/cepe\/files\/2018\/10\/bncc1.png 321w\" sizes=\"auto, (max-width: 300px) 100vw, 300px\" \/><\/a><\/td>\n<td style=\"width: 249.667px\"><a href=\"https:\/\/youtu.be\/4V4qxGBFZ4s\" target=\"_blank\" rel=\"noopener\"><img loading=\"lazy\" decoding=\"async\" class=\"alignnone size-medium wp-image-384\" src=\"https:\/\/wp.ufpel.edu.br\/cepe\/files\/2018\/10\/bncc4-300x154.png\" alt=\"\" width=\"300\" height=\"154\" srcset=\"https:\/\/wp.ufpel.edu.br\/cepe\/files\/2018\/10\/bncc4-300x154.png 300w, https:\/\/wp.ufpel.edu.br\/cepe\/files\/2018\/10\/bncc4.png 321w\" sizes=\"auto, (max-width: 300px) 100vw, 300px\" \/><\/a><\/td>\n<td style=\"width: 249.667px\"><a href=\"https:\/\/youtu.be\/40UnRArFL7o\" target=\"_blank\" rel=\"noopener\"><img loading=\"lazy\" decoding=\"async\" class=\"alignnone size-medium wp-image-387\" src=\"https:\/\/wp.ufpel.edu.br\/cepe\/files\/2018\/10\/bncc7-300x153.png\" alt=\"\" width=\"300\" height=\"153\" srcset=\"https:\/\/wp.ufpel.edu.br\/cepe\/files\/2018\/10\/bncc7-300x153.png 300w, https:\/\/wp.ufpel.edu.br\/cepe\/files\/2018\/10\/bncc7.png 324w\" sizes=\"auto, (max-width: 300px) 100vw, 300px\" \/><\/a><\/td>\n<\/tr>\n<tr>\n<td style=\"width: 249.667px\"><a href=\"https:\/\/www.youtube.com\/watch?v=qV2Yuv_Y-aE\" target=\"_blank\" rel=\"noopener\"><img loading=\"lazy\" decoding=\"async\" class=\"alignnone size-medium wp-image-382\" src=\"https:\/\/wp.ufpel.edu.br\/cepe\/files\/2018\/10\/bncc2-300x151.png\" alt=\"\" width=\"300\" height=\"151\" srcset=\"https:\/\/wp.ufpel.edu.br\/cepe\/files\/2018\/10\/bncc2-300x151.png 300w, https:\/\/wp.ufpel.edu.br\/cepe\/files\/2018\/10\/bncc2.png 319w\" sizes=\"auto, (max-width: 300px) 100vw, 300px\" \/><\/a><\/td>\n<td style=\"width: 249.667px\"><a href=\"https:\/\/youtu.be\/Kwy1jdvBiGw\" target=\"_blank\" rel=\"noopener\"><img loading=\"lazy\" decoding=\"async\" class=\"alignnone size-medium wp-image-385\" src=\"https:\/\/wp.ufpel.edu.br\/cepe\/files\/2018\/10\/bncc5-300x153.png\" alt=\"\" width=\"300\" height=\"153\" srcset=\"https:\/\/wp.ufpel.edu.br\/cepe\/files\/2018\/10\/bncc5-300x153.png 300w, https:\/\/wp.ufpel.edu.br\/cepe\/files\/2018\/10\/bncc5.png 318w\" sizes=\"auto, (max-width: 300px) 100vw, 300px\" \/><\/a><\/td>\n<td style=\"width: 249.667px\"><a href=\"https:\/\/youtu.be\/Nxj3eHPLOfc\" target=\"_blank\" rel=\"noopener\"><img loading=\"lazy\" decoding=\"async\" class=\"alignnone size-medium wp-image-388\" src=\"https:\/\/wp.ufpel.edu.br\/cepe\/files\/2018\/10\/bncc8-300x159.png\" alt=\"\" width=\"300\" height=\"159\" srcset=\"https:\/\/wp.ufpel.edu.br\/cepe\/files\/2018\/10\/bncc8-300x159.png 300w, https:\/\/wp.ufpel.edu.br\/cepe\/files\/2018\/10\/bncc8.png 319w\" sizes=\"auto, (max-width: 300px) 100vw, 300px\" \/><\/a><\/td>\n<\/tr>\n<tr>\n<td style=\"width: 249.667px\"><a href=\"https:\/\/youtu.be\/zNyUWLeVc6o\" target=\"_blank\" rel=\"noopener\"><img loading=\"lazy\" decoding=\"async\" class=\"alignnone size-medium wp-image-383\" src=\"https:\/\/wp.ufpel.edu.br\/cepe\/files\/2018\/10\/bncc3-300x152.png\" alt=\"\" width=\"300\" height=\"152\" srcset=\"https:\/\/wp.ufpel.edu.br\/cepe\/files\/2018\/10\/bncc3-300x152.png 300w, https:\/\/wp.ufpel.edu.br\/cepe\/files\/2018\/10\/bncc3.png 318w\" sizes=\"auto, (max-width: 300px) 100vw, 300px\" \/><\/a><\/td>\n<td style=\"width: 249.667px\"><a href=\"https:\/\/youtu.be\/rw5kkKhi8Bs\" target=\"_blank\" rel=\"noopener\"><img loading=\"lazy\" decoding=\"async\" class=\"alignnone size-medium wp-image-386\" src=\"https:\/\/wp.ufpel.edu.br\/cepe\/files\/2018\/10\/bncc6-300x152.png\" alt=\"\" width=\"300\" height=\"152\" srcset=\"https:\/\/wp.ufpel.edu.br\/cepe\/files\/2018\/10\/bncc6-300x152.png 300w, https:\/\/wp.ufpel.edu.br\/cepe\/files\/2018\/10\/bncc6.png 321w\" sizes=\"auto, (max-width: 300px) 100vw, 300px\" \/><\/a><\/td>\n<td style=\"width: 249.667px\"><a href=\"https:\/\/youtu.be\/PL4j0HWComY\" target=\"_blank\" rel=\"noopener\"><img loading=\"lazy\" decoding=\"async\" class=\"alignnone size-medium wp-image-389\" src=\"https:\/\/wp.ufpel.edu.br\/cepe\/files\/2018\/10\/bncc9-300x157.png\" alt=\"\" width=\"300\" height=\"157\" srcset=\"https:\/\/wp.ufpel.edu.br\/cepe\/files\/2018\/10\/bncc9-300x157.png 300w, https:\/\/wp.ufpel.edu.br\/cepe\/files\/2018\/10\/bncc9.png 321w\" sizes=\"auto, (max-width: 300px) 100vw, 300px\" \/><\/a><\/td>\n<\/tr>\n<\/tbody>\n<\/table>\n<p>&nbsp;<\/p>\n","protected":false},"excerpt":{"rendered":"<p>BNCC e a Educa\u00e7\u00e3o B\u00e1sica 22 a 24 de Outubro 2018 | FaE | UFPel &nbsp;<\/p>\n","protected":false},"author":297,"featured_media":0,"parent":307,"menu_order":0,"comment_status":"closed","ping_status":"closed","template":"","meta":{"_crdt_document":"","footnotes":""},"class_list":["post-378","page","type-page","status-publish","hentry","nodate","item-wrap"],"jetpack_sharing_enabled":true,"_links":{"self":[{"href":"https:\/\/wp.ufpel.edu.br\/cepe\/wp-json\/wp\/v2\/pages\/378","targetHints":{"allow":["GET"]}}],"collection":[{"href":"https:\/\/wp.ufpel.edu.br\/cepe\/wp-json\/wp\/v2\/pages"}],"about":[{"href":"https:\/\/wp.ufpel.edu.br\/cepe\/wp-json\/wp\/v2\/types\/page"}],"author":[{"embeddable":true,"href":"https:\/\/wp.ufpel.edu.br\/cepe\/wp-json\/wp\/v2\/users\/297"}],"replies":[{"embeddable":true,"href":"https:\/\/wp.ufpel.edu.br\/cepe\/wp-json\/wp\/v2\/comments?post=378"}],"version-history":[{"count":6,"href":"https:\/\/wp.ufpel.edu.br\/cepe\/wp-json\/wp\/v2\/pages\/378\/revisions"}],"predecessor-version":[{"id":394,"href":"https:\/\/wp.ufpel.edu.br\/cepe\/wp-json\/wp\/v2\/pages\/378\/revisions\/394"}],"up":[{"embeddable":true,"href":"https:\/\/wp.ufpel.edu.br\/cepe\/wp-json\/wp\/v2\/pages\/307"}],"wp:attachment":[{"href":"https:\/\/wp.ufpel.edu.br\/cepe\/wp-json\/wp\/v2\/media?parent=378"}],"curies":[{"name":"wp","href":"https:\/\/api.w.org\/{rel}","templated":true}]}}