{"id":35,"date":"2013-09-13T12:17:48","date_gmt":"2013-09-13T15:17:48","guid":{"rendered":"https:\/\/wp.ufpel.edu.br\/cepe\/?page_id=35"},"modified":"2021-04-17T16:27:34","modified_gmt":"2021-04-17T19:27:34","slug":"livros","status":"publish","type":"page","link":"https:\/\/wp.ufpel.edu.br\/cepe\/publicacoes\/livros\/","title":{"rendered":"Livros"},"content":{"rendered":"<p>&nbsp;<\/p>\n<table style=\"border-collapse: collapse;width: 112.201%;height: 402px\" border=\"1\">\n<tbody>\n<tr>\n<td style=\"width: 33.1036%\">\n<p style=\"text-align: center\"><span style=\"font-size: 14pt\"><span style=\"font-family: 'book antiqua', palatino, serif\">Pol\u00edticas<\/span><span style=\"font-family: 'book antiqua', palatino, serif\"> de Avalia\u00e7\u00e3o, <\/span><span style=\"font-family: 'book antiqua', palatino, serif\">Curr\u00edculo e Trabalho Docente<\/span><\/span><\/p>\n<p style=\"text-align: center\"><a href=\"http:\/\/plone.ufpb.br\/editoraccta\/contents\/titulos\/educacao\/politicas-de-avaliacao-curriculo-e-trabalho-docente-repercussoes-das-avaliacoes-externas-no-cotidiano-das-escolas-publicas\/luciana-ufcg-2.pdf\"><img loading=\"lazy\" decoding=\"async\" class=\"aligncenter wp-image-563\" src=\"https:\/\/wp.ufpel.edu.br\/cepe\/files\/2021\/04\/capa-237x300.png\" alt=\"Pol\u00edticas de Avalia\u00e7\u00e3o, Curr\u00edculo e Trabalho Docente\" width=\"188\" height=\"238\" \/><\/a><\/p>\n<\/td>\n<td style=\"width: 33.1131%;text-align: center\">\n<p style=\"text-align: center\"><span style=\"font-family: 'book antiqua', palatino, serif;font-size: 14pt;background-color: transparent\">Trabalho Docente, Classe Social e Rela\u00e7\u00f5es de G\u00eanero<\/span><\/p>\n<p style=\"text-align: center\"><span style=\"font-size: 14pt;font-family: 'book antiqua', palatino, serif\"><a style=\"background-color: #ffffff;color: #9538c5;font-size: 16px\" href=\"https:\/\/wp.ufpel.edu.br\/cepe\/files\/2021\/03\/TrabDOCClasse_genALVARO_HYPOLITO_E-book.pdf\"><img loading=\"lazy\" decoding=\"async\" class=\"aligncenter wp-image-542\" src=\"https:\/\/wp.ufpel.edu.br\/cepe\/files\/2021\/03\/Trab_Doc_Clas_Gen-200x300.jpeg\" alt=\"\" width=\"188\" height=\"282\" srcset=\"https:\/\/wp.ufpel.edu.br\/cepe\/files\/2021\/03\/Trab_Doc_Clas_Gen-200x300.jpeg 200w, https:\/\/wp.ufpel.edu.br\/cepe\/files\/2021\/03\/Trab_Doc_Clas_Gen.jpeg 240w\" sizes=\"auto, (max-width: 188px) 100vw, 188px\" \/><\/a><\/span><\/p>\n<\/td>\n<td style=\"width: 43.7841%\">\n<p style=\"text-align: center\"><span style=\"font-size: 14pt;font-family: 'book antiqua', palatino, serif\">Trabalho Docente,<br \/>\nForma\u00e7\u00e3o e Identidades<\/span><\/p>\n<p style=\"text-align: center\"><span style=\"font-size: 14pt;font-family: 'book antiqua', palatino, serif\"><a href=\"https:\/\/wp.ufpel.edu.br\/cepe\/files\/2019\/07\/Trabalho-Docente.pdf\"><img loading=\"lazy\" decoding=\"async\" class=\"alignnone size-full wp-image-435 aligncenter\" src=\"https:\/\/wp.ufpel.edu.br\/cepe\/files\/2019\/07\/capa.png\" alt=\"\" width=\"196\" height=\"282\" \/><\/a><\/span><\/p>\n<\/td>\n<\/tr>\n<tr>\n<td style=\"width: 33.1036%\">\n<p style=\"text-align: center\">\n<\/td>\n<td style=\"width: 33.1131%;text-align: center\"><\/td>\n<td style=\"width: 43.7841%\"><\/td>\n<\/tr>\n<\/tbody>\n<\/table>\n<p><a href=\"https:\/\/wp.ufpel.edu.br\/cepe\/files\/2019\/07\/Trabalho-Docente.pdf\">\u00a0 \u00a0 \u00a0 \u00a0 \u00a0 \u00a0 \u00a0 \u00a0 \u00a0 \u00a0 \u00a0 \u00a0<\/a><\/p>\n<p>&nbsp;<\/p>\n<p>&nbsp;<\/p>\n","protected":false},"excerpt":{"rendered":"<p>&nbsp; Pol\u00edticas de Avalia\u00e7\u00e3o, Curr\u00edculo e Trabalho Docente Trabalho Docente, Classe Social e Rela\u00e7\u00f5es de G\u00eanero Trabalho Docente, Forma\u00e7\u00e3o e Identidades \u00a0 \u00a0 \u00a0 \u00a0 \u00a0 \u00a0 \u00a0 \u00a0 \u00a0 \u00a0 \u00a0 \u00a0 &nbsp; &nbsp;<\/p>\n","protected":false},"author":297,"featured_media":0,"parent":2,"menu_order":0,"comment_status":"closed","ping_status":"closed","template":"","meta":{"footnotes":""},"class_list":["post-35","page","type-page","status-publish","hentry","nodate","item-wrap"],"jetpack_sharing_enabled":true,"_links":{"self":[{"href":"https:\/\/wp.ufpel.edu.br\/cepe\/wp-json\/wp\/v2\/pages\/35","targetHints":{"allow":["GET"]}}],"collection":[{"href":"https:\/\/wp.ufpel.edu.br\/cepe\/wp-json\/wp\/v2\/pages"}],"about":[{"href":"https:\/\/wp.ufpel.edu.br\/cepe\/wp-json\/wp\/v2\/types\/page"}],"author":[{"embeddable":true,"href":"https:\/\/wp.ufpel.edu.br\/cepe\/wp-json\/wp\/v2\/users\/297"}],"replies":[{"embeddable":true,"href":"https:\/\/wp.ufpel.edu.br\/cepe\/wp-json\/wp\/v2\/comments?post=35"}],"version-history":[{"count":16,"href":"https:\/\/wp.ufpel.edu.br\/cepe\/wp-json\/wp\/v2\/pages\/35\/revisions"}],"predecessor-version":[{"id":569,"href":"https:\/\/wp.ufpel.edu.br\/cepe\/wp-json\/wp\/v2\/pages\/35\/revisions\/569"}],"up":[{"embeddable":true,"href":"https:\/\/wp.ufpel.edu.br\/cepe\/wp-json\/wp\/v2\/pages\/2"}],"wp:attachment":[{"href":"https:\/\/wp.ufpel.edu.br\/cepe\/wp-json\/wp\/v2\/media?parent=35"}],"curies":[{"name":"wp","href":"https:\/\/api.w.org\/{rel}","templated":true}]}}