{"id":33,"date":"2013-09-13T12:17:23","date_gmt":"2013-09-13T15:17:23","guid":{"rendered":"https:\/\/wp.ufpel.edu.br\/cepe\/?page_id=33"},"modified":"2014-12-27T19:28:20","modified_gmt":"2014-12-27T21:28:20","slug":"artigos","status":"publish","type":"page","link":"https:\/\/wp.ufpel.edu.br\/cepe\/publicacoes\/artigos\/","title":{"rendered":"Artigos"},"content":{"rendered":"<h3>HYPOLITO, \u00c1lvaro Moreira. Curr\u00edculo e projeto pol\u00edtico-pedag\u00f3gico: implica\u00e7\u00f5es na gest\u00e3o e no trabalho docente. <strong>Cadernos de Educa\u00e7\u00e3o<\/strong> (Bras\u00edlia), v. XVIII, p. 11-26, 2014.<\/h3>\n<h3>HYPOLITO, \u00c1lvaro Moreira; IVO, Andressa A. Pol\u00edticas curriculares e sistemas de avalia\u00e7\u00e3o: efeitos sobre o curr\u00edculo. <strong>Revista e-Curriculum<\/strong> (PUCSP), v. 11, p. 376-392, 2013.<\/h3>\n<h3>HYPOLITO, \u00c1lvaro Moreira; GRISHCKE, Paulo E. Trabalho imaterial e trabalho docente. <strong>Educa\u00e7\u00e3o<\/strong> (Santa Maria. Online), v. 38, p. 507-522, 2013.<\/h3>\n<h3>HYPOLITO, \u00c1lvaro Moreira;\u00a0VIEIRA, Jarbas Santos;\u00a0LEITE, Maria Cec\u00edlia Lorea. Curr\u00edculo, Gest\u00e3o e Trabalho Docente. <strong>Revista e-Curriculum<\/strong> (PUCSP), v. 8, p. 1-16, 2012.<\/h3>\n<h3 align=\"left\"><span style=\"color: #000000\"><span style=\"font-family: Tahoma,Geneva,sans-serif\"><span style=\"font-size: xx-small\">\u00a0<\/span><\/span><\/span><\/h3>\n","protected":false},"excerpt":{"rendered":"<p>HYPOLITO, \u00c1lvaro Moreira. Curr\u00edculo e projeto pol\u00edtico-pedag\u00f3gico: implica\u00e7\u00f5es na gest\u00e3o e no trabalho docente. Cadernos de Educa\u00e7\u00e3o (Bras\u00edlia), v. XVIII, p. 11-26, 2014. HYPOLITO, \u00c1lvaro Moreira; IVO, Andressa A. Pol\u00edticas curriculares e sistemas de avalia\u00e7\u00e3o: efeitos sobre o curr\u00edculo. Revista e-Curriculum (PUCSP), v. 11, p. 376-392, 2013. HYPOLITO, \u00c1lvaro Moreira; GRISHCKE, Paulo E. Trabalho imaterial &hellip; <\/p>\n<p><a class=\"more-link btn\" href=\"https:\/\/wp.ufpel.edu.br\/cepe\/publicacoes\/artigos\/\">Continue lendo<\/a><\/p>\n","protected":false},"author":297,"featured_media":0,"parent":2,"menu_order":0,"comment_status":"closed","ping_status":"closed","template":"","meta":{"footnotes":""},"class_list":["post-33","page","type-page","status-publish","hentry","nodate","item-wrap"],"jetpack_sharing_enabled":true,"_links":{"self":[{"href":"https:\/\/wp.ufpel.edu.br\/cepe\/wp-json\/wp\/v2\/pages\/33","targetHints":{"allow":["GET"]}}],"collection":[{"href":"https:\/\/wp.ufpel.edu.br\/cepe\/wp-json\/wp\/v2\/pages"}],"about":[{"href":"https:\/\/wp.ufpel.edu.br\/cepe\/wp-json\/wp\/v2\/types\/page"}],"author":[{"embeddable":true,"href":"https:\/\/wp.ufpel.edu.br\/cepe\/wp-json\/wp\/v2\/users\/297"}],"replies":[{"embeddable":true,"href":"https:\/\/wp.ufpel.edu.br\/cepe\/wp-json\/wp\/v2\/comments?post=33"}],"version-history":[{"count":6,"href":"https:\/\/wp.ufpel.edu.br\/cepe\/wp-json\/wp\/v2\/pages\/33\/revisions"}],"predecessor-version":[{"id":129,"href":"https:\/\/wp.ufpel.edu.br\/cepe\/wp-json\/wp\/v2\/pages\/33\/revisions\/129"}],"up":[{"embeddable":true,"href":"https:\/\/wp.ufpel.edu.br\/cepe\/wp-json\/wp\/v2\/pages\/2"}],"wp:attachment":[{"href":"https:\/\/wp.ufpel.edu.br\/cepe\/wp-json\/wp\/v2\/media?parent=33"}],"curies":[{"name":"wp","href":"https:\/\/api.w.org\/{rel}","templated":true}]}}