{"id":307,"date":"2018-04-18T10:22:14","date_gmt":"2018-04-18T13:22:14","guid":{"rendered":"https:\/\/wp.ufpel.edu.br\/cepe\/?page_id=307"},"modified":"2018-04-18T10:45:00","modified_gmt":"2018-04-18T13:45:00","slug":"videos","status":"publish","type":"page","link":"https:\/\/wp.ufpel.edu.br\/cepe\/publicacoes\/videos\/","title":{"rendered":"V\u00eddeos"},"content":{"rendered":"<p>V\u00eddeos da Tese &#8211; Governamentalidade neoliberal, educa\u00e7\u00e3o e modos de subjetiva\u00e7\u00e3o: o discurso do ENEM<\/p>\n<div class=\"wp-playlist wp-video-playlist wp-playlist-light\">\n\t\t<video controls=\"controls\" preload=\"none\" width=\"728\"\n\t\t height=\"408\"\t><\/video>\n\t<div class=\"wp-playlist-next\"><\/div>\n\t<div class=\"wp-playlist-prev\"><\/div>\n\t<noscript>\n\t<ol>\n\t\t<li><a href='https:\/\/wp.ufpel.edu.br\/cepe\/files\/2018\/04\/1-2009.mp4'>Edi\u00e7\u00e3o 1 de 2009<\/a><\/li><li><a href='https:\/\/wp.ufpel.edu.br\/cepe\/files\/2018\/04\/2-2009.mp4'>Edi\u00e7\u00e3o 2 de 2009<\/a><\/li><li><a href='https:\/\/wp.ufpel.edu.br\/cepe\/files\/2018\/04\/2010.mp4'>Edi\u00e7\u00e3o de 2010<\/a><\/li><li><a href='https:\/\/wp.ufpel.edu.br\/cepe\/files\/2018\/04\/2011.mp4'>Edi\u00e7\u00e3o de 2011<\/a><\/li><li><a href='https:\/\/wp.ufpel.edu.br\/cepe\/files\/2018\/04\/2012.mp4'>Edi\u00e7\u00e3o de 2012<\/a><\/li><li><a href='https:\/\/wp.ufpel.edu.br\/cepe\/files\/2018\/04\/1-2013.mp4'>Edi\u00e7\u00e3o 1 de 2013<\/a><\/li><li><a href='https:\/\/wp.ufpel.edu.br\/cepe\/files\/2018\/04\/Enem-do-Bem-2-2013.mp4'>Edi\u00e7\u00e3o 2 de 2013<\/a><\/li><li><a href='https:\/\/wp.ufpel.edu.br\/cepe\/files\/2018\/04\/ENEM-DO-BEM-3-2013.mp4'>Edi\u00e7\u00e3o 3 de 2013<\/a><\/li><li><a href='https:\/\/wp.ufpel.edu.br\/cepe\/files\/2018\/04\/2014.mp4'>Edi\u00e7\u00e3o de 2014<\/a><\/li><li><a href='https:\/\/wp.ufpel.edu.br\/cepe\/files\/2018\/04\/2015.mp4'>Edi\u00e7\u00e3o de 2015<\/a><\/li><li><a href='https:\/\/wp.ufpel.edu.br\/cepe\/files\/2018\/04\/Hora-do-Enem-vai-oferecer-simulado-para-mais-de-2-milh\u00f5es-de-estudantes-do-ensino-m\u00e9dio.mp4'>Edi\u00e7\u00e3o 1 de 2016<\/a><\/li><li><a href='https:\/\/wp.ufpel.edu.br\/cepe\/files\/2018\/04\/2016-HORA-DO-ENEM.mp4'>Edi\u00e7\u00e3o 2 de 2016<\/a><\/li><li><a href='https:\/\/wp.ufpel.edu.br\/cepe\/files\/2018\/04\/2016-INSCRI\u00c7\u00d5ES.mp4'>Edi\u00e7\u00e3o 3 de 2016<\/a><\/li><li><a href='https:\/\/wp.ufpel.edu.br\/cepe\/files\/2018\/04\/HORA-DO-ENEM-DATAS-1-2016.mp4'>Edi\u00e7\u00e3o 4 de 2016<\/a><\/li><li><a href='https:\/\/wp.ufpel.edu.br\/cepe\/files\/2018\/04\/HORA-DO-ENEM-DATAS-2-2016.mp4'>Edi\u00e7\u00e3o 5 de 2016<\/a><\/li><li><a href='https:\/\/wp.ufpel.edu.br\/cepe\/files\/2018\/04\/enem-2017.mp4'>Edi\u00e7\u00e3o de 2017<\/a><\/li>\t<\/ol>\n\t<\/noscript>\n\t<script type=\"application\/json\" class=\"wp-playlist-script\">{\"type\":\"video\",\"tracklist\":true,\"tracknumbers\":true,\"images\":true,\"artists\":true,\"tracks\":[{\"src\":\"https:\/\/wp.ufpel.edu.br\/cepe\/files\/2018\/04\/1-2009.mp4\",\"type\":\"video\/mp4\",\"title\":\"Edi\\u00e7\\u00e3o 1 de 2009\",\"caption\":\"Edi\\u00e7\\u00e3o 1 de 2009\",\"description\":\"\",\"meta\":{\"length_formatted\":\"1:06\"},\"dimensions\":{\"original\":{\"width\":480,\"height\":360},\"resized\":{\"width\":728,\"height\":546}},\"image\":{\"src\":\"https:\/\/wp.ufpel.edu.br\/cepe\/wp-includes\/images\/media\/video.svg\",\"width\":48,\"height\":64},\"thumb\":{\"src\":\"https:\/\/wp.ufpel.edu.br\/cepe\/wp-includes\/images\/media\/video.svg\",\"width\":48,\"height\":64}},{\"src\":\"https:\/\/wp.ufpel.edu.br\/cepe\/files\/2018\/04\/2-2009.mp4\",\"type\":\"video\/mp4\",\"title\":\"Edi\\u00e7\\u00e3o 2 de 2009\",\"caption\":\"\",\"description\":\"\",\"meta\":{\"length_formatted\":\"1:01\"},\"dimensions\":{\"original\":{\"width\":406,\"height\":360},\"resized\":{\"width\":728,\"height\":646}},\"image\":{\"src\":\"https:\/\/wp.ufpel.edu.br\/cepe\/wp-includes\/images\/media\/video.svg\",\"width\":48,\"height\":64},\"thumb\":{\"src\":\"https:\/\/wp.ufpel.edu.br\/cepe\/wp-includes\/images\/media\/video.svg\",\"width\":48,\"height\":64}},{\"src\":\"https:\/\/wp.ufpel.edu.br\/cepe\/files\/2018\/04\/2010.mp4\",\"type\":\"video\/mp4\",\"title\":\"Edi\\u00e7\\u00e3o de 2010\",\"caption\":\"\",\"description\":\"\",\"meta\":{\"length_formatted\":\"1:01\"},\"dimensions\":{\"original\":{\"width\":406,\"height\":360},\"resized\":{\"width\":728,\"height\":646}},\"image\":{\"src\":\"https:\/\/wp.ufpel.edu.br\/cepe\/wp-includes\/images\/media\/video.svg\",\"width\":48,\"height\":64},\"thumb\":{\"src\":\"https:\/\/wp.ufpel.edu.br\/cepe\/wp-includes\/images\/media\/video.svg\",\"width\":48,\"height\":64}},{\"src\":\"https:\/\/wp.ufpel.edu.br\/cepe\/files\/2018\/04\/2011.mp4\",\"type\":\"video\/mp4\",\"title\":\"Edi\\u00e7\\u00e3o de 2011\",\"caption\":\"\",\"description\":\"\",\"meta\":{\"length_formatted\":\"1:00\"},\"dimensions\":{\"original\":{\"width\":480,\"height\":360},\"resized\":{\"width\":728,\"height\":546}},\"image\":{\"src\":\"https:\/\/wp.ufpel.edu.br\/cepe\/wp-includes\/images\/media\/video.svg\",\"width\":48,\"height\":64},\"thumb\":{\"src\":\"https:\/\/wp.ufpel.edu.br\/cepe\/wp-includes\/images\/media\/video.svg\",\"width\":48,\"height\":64}},{\"src\":\"https:\/\/wp.ufpel.edu.br\/cepe\/files\/2018\/04\/2012.mp4\",\"type\":\"video\/mp4\",\"title\":\"Edi\\u00e7\\u00e3o de 2012\",\"caption\":\"\",\"description\":\"\",\"meta\":{\"length_formatted\":\"1:04\"},\"dimensions\":{\"original\":{\"width\":480,\"height\":360},\"resized\":{\"width\":728,\"height\":546}},\"image\":{\"src\":\"https:\/\/wp.ufpel.edu.br\/cepe\/wp-includes\/images\/media\/video.svg\",\"width\":48,\"height\":64},\"thumb\":{\"src\":\"https:\/\/wp.ufpel.edu.br\/cepe\/wp-includes\/images\/media\/video.svg\",\"width\":48,\"height\":64}},{\"src\":\"https:\/\/wp.ufpel.edu.br\/cepe\/files\/2018\/04\/1-2013.mp4\",\"type\":\"video\/mp4\",\"title\":\"Edi\\u00e7\\u00e3o 1 de 2013\",\"caption\":\"\",\"description\":\"\",\"meta\":{\"length_formatted\":\"1:00\"},\"dimensions\":{\"original\":{\"width\":480,\"height\":360},\"resized\":{\"width\":728,\"height\":546}},\"image\":{\"src\":\"https:\/\/wp.ufpel.edu.br\/cepe\/wp-includes\/images\/media\/video.svg\",\"width\":48,\"height\":64},\"thumb\":{\"src\":\"https:\/\/wp.ufpel.edu.br\/cepe\/wp-includes\/images\/media\/video.svg\",\"width\":48,\"height\":64}},{\"src\":\"https:\/\/wp.ufpel.edu.br\/cepe\/files\/2018\/04\/Enem-do-Bem-2-2013.mp4\",\"type\":\"video\/mp4\",\"title\":\"Edi\\u00e7\\u00e3o 2 de 2013\",\"caption\":\"\",\"description\":\"\",\"meta\":{\"length_formatted\":\"1:00\"},\"dimensions\":{\"original\":{\"width\":474,\"height\":360},\"resized\":{\"width\":728,\"height\":553}},\"image\":{\"src\":\"https:\/\/wp.ufpel.edu.br\/cepe\/wp-includes\/images\/media\/video.svg\",\"width\":48,\"height\":64},\"thumb\":{\"src\":\"https:\/\/wp.ufpel.edu.br\/cepe\/wp-includes\/images\/media\/video.svg\",\"width\":48,\"height\":64}},{\"src\":\"https:\/\/wp.ufpel.edu.br\/cepe\/files\/2018\/04\/ENEM-DO-BEM-3-2013.mp4\",\"type\":\"video\/mp4\",\"title\":\"Edi\\u00e7\\u00e3o 3 de 2013\",\"caption\":\"\",\"description\":\"\",\"meta\":{\"length_formatted\":\"1:01\"},\"dimensions\":{\"original\":{\"width\":384,\"height\":288},\"resized\":{\"width\":728,\"height\":546}},\"image\":{\"src\":\"https:\/\/wp.ufpel.edu.br\/cepe\/wp-includes\/images\/media\/video.svg\",\"width\":48,\"height\":64},\"thumb\":{\"src\":\"https:\/\/wp.ufpel.edu.br\/cepe\/wp-includes\/images\/media\/video.svg\",\"width\":48,\"height\":64}},{\"src\":\"https:\/\/wp.ufpel.edu.br\/cepe\/files\/2018\/04\/2014.mp4\",\"type\":\"video\/mp4\",\"title\":\"Edi\\u00e7\\u00e3o de 2014\",\"caption\":\"\",\"description\":\"\",\"meta\":{\"length_formatted\":\"2:00\"},\"dimensions\":{\"original\":{\"width\":640,\"height\":360},\"resized\":{\"width\":728,\"height\":410}},\"image\":{\"src\":\"https:\/\/wp.ufpel.edu.br\/cepe\/wp-includes\/images\/media\/video.svg\",\"width\":48,\"height\":64},\"thumb\":{\"src\":\"https:\/\/wp.ufpel.edu.br\/cepe\/wp-includes\/images\/media\/video.svg\",\"width\":48,\"height\":64}},{\"src\":\"https:\/\/wp.ufpel.edu.br\/cepe\/files\/2018\/04\/2015.mp4\",\"type\":\"video\/mp4\",\"title\":\"Edi\\u00e7\\u00e3o de 2015\",\"caption\":\"\",\"description\":\"\",\"meta\":{\"length_formatted\":\"0:30\"},\"dimensions\":{\"original\":{\"width\":1440,\"height\":1080},\"resized\":{\"width\":728,\"height\":546}},\"image\":{\"src\":\"https:\/\/wp.ufpel.edu.br\/cepe\/wp-includes\/images\/media\/video.svg\",\"width\":48,\"height\":64},\"thumb\":{\"src\":\"https:\/\/wp.ufpel.edu.br\/cepe\/wp-includes\/images\/media\/video.svg\",\"width\":48,\"height\":64}},{\"src\":\"https:\/\/wp.ufpel.edu.br\/cepe\/files\/2018\/04\/Hora-do-Enem-vai-oferecer-simulado-para-mais-de-2-milh\\u00f5es-de-estudantes-do-ensino-m\\u00e9dio.mp4\",\"type\":\"video\/mp4\",\"title\":\"Edi\\u00e7\\u00e3o 1 de 2016\",\"caption\":\"\",\"description\":\"\",\"meta\":{\"length_formatted\":\"51:18\"},\"dimensions\":{\"original\":{\"width\":854,\"height\":480},\"resized\":{\"width\":728,\"height\":409}},\"image\":{\"src\":\"https:\/\/wp.ufpel.edu.br\/cepe\/wp-includes\/images\/media\/video.svg\",\"width\":48,\"height\":64},\"thumb\":{\"src\":\"https:\/\/wp.ufpel.edu.br\/cepe\/wp-includes\/images\/media\/video.svg\",\"width\":48,\"height\":64}},{\"src\":\"https:\/\/wp.ufpel.edu.br\/cepe\/files\/2018\/04\/2016-HORA-DO-ENEM.mp4\",\"type\":\"video\/mp4\",\"title\":\"Edi\\u00e7\\u00e3o 2 de 2016\",\"caption\":\"\",\"description\":\"\",\"meta\":{\"length_formatted\":\"1:01\"},\"dimensions\":{\"original\":{\"width\":400,\"height\":224},\"resized\":{\"width\":728,\"height\":408}},\"image\":{\"src\":\"https:\/\/wp.ufpel.edu.br\/cepe\/wp-includes\/images\/media\/video.svg\",\"width\":48,\"height\":64},\"thumb\":{\"src\":\"https:\/\/wp.ufpel.edu.br\/cepe\/wp-includes\/images\/media\/video.svg\",\"width\":48,\"height\":64}},{\"src\":\"https:\/\/wp.ufpel.edu.br\/cepe\/files\/2018\/04\/2016-INSCRI\\u00c7\\u00d5ES.mp4\",\"type\":\"video\/mp4\",\"title\":\"Edi\\u00e7\\u00e3o 3 de 2016\",\"caption\":\"\",\"description\":\"\",\"meta\":{\"length_formatted\":\"0:30\"},\"dimensions\":{\"original\":{\"width\":400,\"height\":224},\"resized\":{\"width\":728,\"height\":408}},\"image\":{\"src\":\"https:\/\/wp.ufpel.edu.br\/cepe\/wp-includes\/images\/media\/video.svg\",\"width\":48,\"height\":64},\"thumb\":{\"src\":\"https:\/\/wp.ufpel.edu.br\/cepe\/wp-includes\/images\/media\/video.svg\",\"width\":48,\"height\":64}},{\"src\":\"https:\/\/wp.ufpel.edu.br\/cepe\/files\/2018\/04\/HORA-DO-ENEM-DATAS-1-2016.mp4\",\"type\":\"video\/mp4\",\"title\":\"Edi\\u00e7\\u00e3o 4 de 2016\",\"caption\":\"\",\"description\":\"\",\"meta\":{\"length_formatted\":\"0:32\"},\"dimensions\":{\"original\":{\"width\":400,\"height\":224},\"resized\":{\"width\":728,\"height\":408}},\"image\":{\"src\":\"https:\/\/wp.ufpel.edu.br\/cepe\/wp-includes\/images\/media\/video.svg\",\"width\":48,\"height\":64},\"thumb\":{\"src\":\"https:\/\/wp.ufpel.edu.br\/cepe\/wp-includes\/images\/media\/video.svg\",\"width\":48,\"height\":64}},{\"src\":\"https:\/\/wp.ufpel.edu.br\/cepe\/files\/2018\/04\/HORA-DO-ENEM-DATAS-2-2016.mp4\",\"type\":\"video\/mp4\",\"title\":\"Edi\\u00e7\\u00e3o 5 de 2016\",\"caption\":\"\",\"description\":\"\",\"meta\":{\"length_formatted\":\"0:30\"},\"dimensions\":{\"original\":{\"width\":400,\"height\":224},\"resized\":{\"width\":728,\"height\":408}},\"image\":{\"src\":\"https:\/\/wp.ufpel.edu.br\/cepe\/wp-includes\/images\/media\/video.svg\",\"width\":48,\"height\":64},\"thumb\":{\"src\":\"https:\/\/wp.ufpel.edu.br\/cepe\/wp-includes\/images\/media\/video.svg\",\"width\":48,\"height\":64}},{\"src\":\"https:\/\/wp.ufpel.edu.br\/cepe\/files\/2018\/04\/enem-2017.mp4\",\"type\":\"video\/mp4\",\"title\":\"Edi\\u00e7\\u00e3o de 2017\",\"caption\":\"\",\"description\":\"\",\"meta\":{\"length_formatted\":\"0:30\"},\"dimensions\":{\"original\":{\"width\":400,\"height\":224},\"resized\":{\"width\":728,\"height\":408}},\"image\":{\"src\":\"https:\/\/wp.ufpel.edu.br\/cepe\/wp-includes\/images\/media\/video.svg\",\"width\":48,\"height\":64},\"thumb\":{\"src\":\"https:\/\/wp.ufpel.edu.br\/cepe\/wp-includes\/images\/media\/video.svg\",\"width\":48,\"height\":64}}]}<\/script>\n<\/div>\n\t\n","protected":false},"excerpt":{"rendered":"<p>V\u00eddeos da Tese &#8211; Governamentalidade neoliberal, educa\u00e7\u00e3o e modos de subjetiva\u00e7\u00e3o: o discurso do ENEM<\/p>\n","protected":false},"author":297,"featured_media":0,"parent":2,"menu_order":0,"comment_status":"closed","ping_status":"closed","template":"","meta":{"footnotes":""},"class_list":["post-307","page","type-page","status-publish","hentry","nodate","item-wrap"],"jetpack_sharing_enabled":true,"_links":{"self":[{"href":"https:\/\/wp.ufpel.edu.br\/cepe\/wp-json\/wp\/v2\/pages\/307","targetHints":{"allow":["GET"]}}],"collection":[{"href":"https:\/\/wp.ufpel.edu.br\/cepe\/wp-json\/wp\/v2\/pages"}],"about":[{"href":"https:\/\/wp.ufpel.edu.br\/cepe\/wp-json\/wp\/v2\/types\/page"}],"author":[{"embeddable":true,"href":"https:\/\/wp.ufpel.edu.br\/cepe\/wp-json\/wp\/v2\/users\/297"}],"replies":[{"embeddable":true,"href":"https:\/\/wp.ufpel.edu.br\/cepe\/wp-json\/wp\/v2\/comments?post=307"}],"version-history":[{"count":6,"href":"https:\/\/wp.ufpel.edu.br\/cepe\/wp-json\/wp\/v2\/pages\/307\/revisions"}],"predecessor-version":[{"id":333,"href":"https:\/\/wp.ufpel.edu.br\/cepe\/wp-json\/wp\/v2\/pages\/307\/revisions\/333"}],"up":[{"embeddable":true,"href":"https:\/\/wp.ufpel.edu.br\/cepe\/wp-json\/wp\/v2\/pages\/2"}],"wp:attachment":[{"href":"https:\/\/wp.ufpel.edu.br\/cepe\/wp-json\/wp\/v2\/media?parent=307"}],"curies":[{"name":"wp","href":"https:\/\/api.w.org\/{rel}","templated":true}]}}