{"id":292,"date":"2017-12-08T15:23:50","date_gmt":"2017-12-08T17:23:50","guid":{"rendered":"https:\/\/wp.ufpel.edu.br\/cepe\/?page_id=292"},"modified":"2025-03-10T23:26:15","modified_gmt":"2025-03-11T02:26:15","slug":"cepe-2","status":"publish","type":"page","link":"https:\/\/wp.ufpel.edu.br\/cepe\/cepe-2\/","title":{"rendered":"C E P E"},"content":{"rendered":"<h6 align=\"justify\"><span style=\"font-family: Liberation Serif, Times New Roman, serif;\"> <span style=\"font-family: Kefa, serif;\"><span style=\"font-size: small;\">O Centro de Estudos em Pol\u00edticas Educativas \u2013 CEPE \u2013 \u00e9 uma iniciativa de um grupo de pesquisadores da Faculdade de Educa\u00e7\u00e3o da Universidade Federal de Pelotas \u2013 UFPel \u2013 para reunir Grupos de Pesquisa que j\u00e1 realizam atividades de investiga\u00e7\u00e3o conjuntas e em parceria, no campo do Curr\u00edculo, da Gest\u00e3o e do Trabalho Docente, tanto no \u00e2mbito da UFPel, como em parceria com outras institui\u00e7\u00f5es nacionais e estrangeiras.<\/span><\/span><\/span><\/h6>\n<h6 align=\"justify\"><span style=\"font-family: Kefa, serif;\"><span style=\"font-size: small;\"> O CEPE emerge da necessidade de melhor articular o trabalho desses grupos de pesquisa, a partir da expans\u00e3o do trabalho de pesquisadores e da emerg\u00eancia de novas tem\u00e1ticas, algumas vezes com abordagens e focos mais espec\u00edficos que demandaram projetos pr\u00f3prios, de maior f\u00f4lego, com equipes pr\u00f3prias, mas que mant\u00eam interesses comuns, em termos tem\u00e1ticos, refer\u00eancias te\u00f3ricas e focos investigativos na \u00e1rea de gest\u00e3o, curr\u00edculo e trabalho docente.<\/span><\/span><\/h6>\n<h6 align=\"justify\"><span style=\"font-family: Kefa, serif;\"><span style=\"font-size: small;\"> O Centro vem ocupar um espa\u00e7o para articular atividades e eventos conjuntos de interesse comum, articular esfor\u00e7os para pesquisas conjuntas, ampliar programas de pesquisa, promover debates contempor\u00e2neos nas \u00e1reas sociais e humanas, estabelecer interc\u00e2mbios com pesquisadores e universidades brasileiras e estrangeiras.<\/span><\/span><\/h6>\n<h6 align=\"justify\"><span style=\"font-family: Kefa, serif;\"><span style=\"font-size: small;\"> Ademais, o contexto brasileiro de reformas educativas conservadoras, das \u00faltimas d\u00e9cadas, exige atos comuns que se reforcem e promovam respostas sobre temas relevantes para as escolas e para os docentes da educa\u00e7\u00e3o b\u00e1sica. Mudan\u00e7as importantes est\u00e3o se processando nessas primeiras d\u00e9cadas do s\u00e9culo XXI, tanto nas formas de governan\u00e7a, nas reformas curriculares e na reconfigura\u00e7\u00e3o do trabalho docente.<\/span><\/span><\/h6>\n<h6 align=\"left\"><span style=\"font-family: Kefa, serif;\"><span style=\"font-size: small;\"> Algumas das atividades que o CEPE se prop\u00f5e a organizar:<\/span><\/span><\/h6>\n<ul>\n<li>\n<h6 align=\"justify\"><span style=\"font-family: Liberation Serif, Times New Roman, serif;\"><span style=\"font-family: Kefa, serif;\"><span style=\"font-size: small;\"><b>Ensino<\/b><\/span><\/span><span style=\"font-family: Kefa, serif;\"><span style=\"font-size: small;\"> \u2013 Semin\u00e1rios na P\u00f3s-Gradua\u00e7\u00e3o; forma\u00e7\u00e3o de pesquisadores (Mestrado e Doutorado); propor uma c\u00e1tedra especial em um dos semestres letivos; incentivar a vinda de Professores Visitantes; desenvolver projetos de ensino; <\/span><\/span><\/span><\/h6>\n<\/li>\n<li>\n<h6 align=\"justify\"><span style=\"font-family: Liberation Serif, Times New Roman, serif;\"><span style=\"font-family: Kefa, serif;\"><span style=\"font-size: small;\"><b>Pesquisa<\/b><\/span><\/span><span style=\"font-family: Kefa, serif;\"><span style=\"font-size: small;\"> \u2013 Semin\u00e1rios de socializa\u00e7\u00e3o das pesquisas realizadas no \u00e2mbito do Centro; coopera\u00e7\u00e3o acad\u00eamica com outros grupos nacionais e estrangeiros; articular capta\u00e7\u00e3o de recursos para pesquisa; incentivar o desenvolvimento de pesquisas sobre Curr\u00edculo, Trabalho Docente, Forma\u00e7\u00e3o Docente e Gerencialismo;<\/span><\/span><\/span><\/h6>\n<\/li>\n<li>\n<h6 align=\"justify\"><span style=\"font-family: Liberation Serif, Times New Roman, serif;\"><span style=\"font-family: Kefa, serif;\"><span style=\"font-size: small;\"><b>Extens\u00e3o<\/b><\/span><\/span><span style=\"font-family: Kefa, serif;\"><span style=\"font-size: small;\"> \u2013 organiza\u00e7\u00e3o de evento anual para divulgar pesquisas; publica\u00e7\u00f5es; atividades em escolas e de forma\u00e7\u00e3o de docentes da Educa\u00e7\u00e3o B\u00e1sica.<\/span><\/span><\/span><\/h6>\n<\/li>\n<\/ul>\n<h6 align=\"justify\"><span style=\"font-family: Liberation Serif, Times New Roman, serif;\"> <span style=\"font-family: Kefa;\"><span style=\"font-size: small;\">Interc\u00e2mbios acad\u00eamicos j\u00e1 desenvolvidos ou em andamento com universidades nacionais e estrangeiras: <\/span><\/span><\/span><\/h6>\n<h6 align=\"left\"><span style=\"font-family: Liberation Serif, Times New Roman, serif;\"> <span style=\"font-family: Kefa;\"><span style=\"font-size: small;\"><b>Nacionais<\/b><\/span><\/span><\/span><\/h6>\n<h6 align=\"left\"><span style=\"font-family: Kefa;\"><span style=\"font-size: small;\"> Universidade Federal de Minas Gerais<br \/>\n<\/span><\/span><span style=\"font-family: Kefa;\"><span style=\"font-size: small;\"> Universidade do Estado do Rio de Janeiro<br \/>\n<\/span><\/span><span style=\"font-family: Kefa;\"><span style=\"font-size: small;\"> Universidade Federal de Santa Maria<br \/>\n<\/span><\/span><span style=\"font-family: Kefa;\"><span style=\"font-size: small;\"> Universidade do Estado da Bahia<br \/>\n<\/span><\/span><span style=\"font-family: Kefa;\"><span style=\"font-size: small;\">Universidade Federal de Campina Grande<br \/>\nInstituto Federal Sul Rio-grandense<br \/>\nInstituto Federal Farroupilha<br \/>\n<\/span><\/span><span style=\"font-family: Liberation Serif, Times New Roman, serif;\"><span style=\"font-family: Kefa;\"><span style=\"font-size: small;\"> Funda\u00e7\u00e3o Universidade do Rio Grande<\/span><\/span><\/span><\/h6>\n<h6 align=\"left\"><span style=\"font-family: Liberation Serif, Times New Roman, serif;\"> <span style=\"font-family: Kefa;\"><span style=\"font-size: small;\"><b>Estrangeiras<br \/>\n<\/b><\/span><\/span><\/span><\/h6>\n<h6><strong><span style=\"font-family: Kefa;\"><span style=\"font-size: small;\">Universidade de Buenos Aires<br \/>\n<\/span><\/span><\/strong><span style=\"font-family: Kefa;\"><span style=\"font-size: small;\">Universidade do Chile<br \/>\n<\/span><\/span><span style=\"font-family: Kefa;\"><span style=\"font-size: small;\"> Universidade Cat\u00f3lica de Valpara\u00edso<br \/>\n<\/span><\/span><span style=\"font-family: Kefa;\"><span style=\"font-size: small;\"> Universidade de Wisconsin-Madison<br \/>\n<\/span><\/span><span style=\"font-family: Kefa;\"><span style=\"font-size: small;\"> Universidade do Texas-San Antonio<br \/>\n<\/span><\/span><span style=\"font-family: Kefa;\"><span style=\"font-size: small;\"> Universidade de Massachussets-Dartmouth<br \/>\n<\/span><\/span><span style=\"font-family: Liberation Serif, Times New Roman, serif;\"> <span style=\"color: #000000;\"><span style=\"font-family: Kefa;\"><span style=\"font-size: small;\">Universidade de Lisboa<br \/>\n<\/span><\/span><\/span><\/span><span style=\"font-family: Kefa;\"><span style=\"font-size: small;\"> Universidade de La Rochelle<br \/>\n<\/span><\/span><span style=\"font-family: Kefa;\"><span style=\"font-size: small;\"> Universidade Agostinho Neto<br \/>\nUniversidade de Barcelona<br \/>\nUniversidade de Estrasbourgo<\/span><\/span><\/h6>\n<h6 align=\"left\"><span style=\"font-family: Liberation Serif, Times New Roman, serif;\"> <span style=\"font-family: Kefa;\"><span style=\"font-size: small;\"><b>Redes de Pesquisa<\/b><\/span><\/span><\/span><\/h6>\n<h6 align=\"left\"><span style=\"font-family: Kefa;\"><span style=\"font-size: small;\">INCT-CNPq &#8211; Instituto Nacional de Ci\u00eancia e Tecnologia &#8211; Pol\u00edticas P\u00fablicas e Profiss\u00e3o Docente<br \/>\nWERA \u2013 World Education Research Association<br \/>\n<\/span><\/span><span style=\"font-family: Liberation Serif, Times New Roman, serif;\"><span style=\"font-family: Kefa;\"><span style=\"font-size: small;\">Projeto &#8211; <\/span><\/span><span style=\"font-family: Kefa;\"><span style=\"font-size: small;\">Education Policies and the Restructuring of the Educational Profession<br \/>\n<\/span><\/span><\/span><span style=\"font-family: Kefa;\"><span style=\"font-size: small;\">Research Network on Marketization and Privatization in Education IRN<br \/>\n<\/span><\/span><span style=\"font-family: Kefa;\"><span style=\"font-size: small;\">REDESTRADO \u2013 Rede Latino-americana de Estudos sobre Trabalho Docente<br \/>\nRDESTRADO \u2013 Brasileira<\/span><\/span><\/h6>\n<h5 align=\"justify\"><span style=\"font-family: Liberation Serif, Times New Roman, serif;\"> <span style=\"font-family: Kefa;\"><span style=\"font-size: small;\"><b>Projetos de Pesquisa em andamento<\/b><\/span><\/span><\/span><\/h5>\n<ul>\n<li>\n<h6 align=\"justify\"><span style=\"font-family: Liberation Serif, Times New Roman, serif;\"><span style=\"font-family: Kefa;\"><span style=\"font-size: small;\">TRABALHO E SA\u00daDE DAS PROFESSORAS DE EDUCA\u00c7\u00c3O INFANTIL DAS ESCOLAS P\u00daBLICAS MUNICIPAIS DA REGI\u00c3O SUL DO RIO GRANDE DO SUL \u2013 CNPq <\/span><\/span><span style=\"color: #000000;\"><span style=\"font-family: Kefa;\"><span style=\"font-size: small;\">\u2013 Coordenado pela UFPel<br \/>\n<\/span><\/span><\/span><\/span><\/h6>\n<\/li>\n<li>\n<h6 align=\"justify\"><span style=\"font-family: Liberation Serif, Times New Roman, serif;\"><span style=\"font-family: Kefa;\"><span style=\"font-size: small;\">REORGANIZA\u00c7\u00c3O GERENCIALISTA NA ESCOLA: Gest\u00e3o, Curr\u00edculo e Trabalho Docente \u2013 CNPq <\/span><\/span><span style=\"color: #000000;\"><span style=\"font-family: Kefa;\"><span style=\"font-size: small;\">\u2013 Coordenado pela UFPel<\/span><\/span><\/span><\/span><\/h6>\n<\/li>\n<li>\n<h6 align=\"justify\"><span style=\"font-family: Kefa;\"><span style=\"font-size: small;\">Imagens da Justi\u00e7a, Representa\u00e7\u00f5es Curriculares e Pedagogia Jur\u00eddica \u2013 CNPq \u2013 Coordenado pela UFPel<\/span><\/span><\/h6>\n<\/li>\n<li>\n<h6 align=\"justify\"><span style=\"font-family: Kefa;\"><span style=\"font-size: small;\">Forma\u00e7\u00e3o Inicial de Professores em Universidades do Estado do Rio Grande do Sul (RS): Curr\u00edculos, Formas de Profissionalismo e Identidades Docentes \u2013 CNPq \u2013 Coordenado pela UFPel<\/span><\/span><\/h6>\n<\/li>\n<li>\n<h6 align=\"justify\"><span style=\"font-family: Kefa;\"><span style=\"font-size: small;\">As pol\u00edticas de educa\u00e7\u00e3o e a reestrutura\u00e7\u00e3o da profiss\u00e3o docente confrontadas aos desafios da globaliza\u00e7\u00e3o \u2013 FAPESB \u2013 projeto com v\u00e1rias universidades nacionais e estrangeiras \u2013 Coordenado pela UNEB \u2013 Universidade do Estado da Bahia<\/span><\/span><\/h6>\n<\/li>\n<li>\n<h6 align=\"justify\"><span style=\"font-family: Kefa;\"><span style=\"font-size: small;\">Pol\u00edticas P\u00fablicas para a melhoria do ensino m\u00e9dio: socializa\u00e7\u00e3o cient\u00edfica, tradu\u00e7\u00e3o e transfer\u00eancia de resultados \u2013 CNPq \u2013 Edital CH \u2013 Projeto em rede com v\u00e1rias universidades nacionais e estrangeiras \u2013 Coordenado pela UFMG.<\/span><\/span><\/h6>\n<\/li>\n<li>\n<h6 align=\"justify\"><span style=\"font-family: Kefa;\"><span style=\"font-size: small;\">A influ\u00eancia das pol\u00edticas educacionais de ades\u00e3o a programas governamentais no trabalho docente \u2013 Coordenado pela UFPel<\/span><\/span><\/h6>\n<\/li>\n<li>\n<h6 align=\"justify\"><span style=\"font-family: Kefa;\"><span style=\"font-size: small;\">A pr\u00e1tica docente no Ensino Superior: saberes e estrat\u00e9gias formativas \u2013 Coordenado pela UFPel<\/span><\/span><\/h6>\n<\/li>\n<\/ul>\n","protected":false},"excerpt":{"rendered":"<p>O Centro de Estudos em Pol\u00edticas Educativas \u2013 CEPE \u2013 \u00e9 uma iniciativa de um grupo de pesquisadores da Faculdade de Educa\u00e7\u00e3o da Universidade Federal de Pelotas \u2013 UFPel \u2013 para reunir Grupos de Pesquisa que j\u00e1 realizam atividades de investiga\u00e7\u00e3o conjuntas e em parceria, no campo do Curr\u00edculo, da Gest\u00e3o e do Trabalho Docente, &hellip; <\/p>\n<p><a class=\"more-link btn\" href=\"https:\/\/wp.ufpel.edu.br\/cepe\/cepe-2\/\">Continue lendo<\/a><\/p>\n","protected":false},"author":297,"featured_media":0,"parent":0,"menu_order":0,"comment_status":"closed","ping_status":"closed","template":"","meta":{"footnotes":""},"class_list":["post-292","page","type-page","status-publish","hentry","nodate","item-wrap"],"jetpack_sharing_enabled":true,"_links":{"self":[{"href":"https:\/\/wp.ufpel.edu.br\/cepe\/wp-json\/wp\/v2\/pages\/292","targetHints":{"allow":["GET"]}}],"collection":[{"href":"https:\/\/wp.ufpel.edu.br\/cepe\/wp-json\/wp\/v2\/pages"}],"about":[{"href":"https:\/\/wp.ufpel.edu.br\/cepe\/wp-json\/wp\/v2\/types\/page"}],"author":[{"embeddable":true,"href":"https:\/\/wp.ufpel.edu.br\/cepe\/wp-json\/wp\/v2\/users\/297"}],"replies":[{"embeddable":true,"href":"https:\/\/wp.ufpel.edu.br\/cepe\/wp-json\/wp\/v2\/comments?post=292"}],"version-history":[{"count":6,"href":"https:\/\/wp.ufpel.edu.br\/cepe\/wp-json\/wp\/v2\/pages\/292\/revisions"}],"predecessor-version":[{"id":706,"href":"https:\/\/wp.ufpel.edu.br\/cepe\/wp-json\/wp\/v2\/pages\/292\/revisions\/706"}],"wp:attachment":[{"href":"https:\/\/wp.ufpel.edu.br\/cepe\/wp-json\/wp\/v2\/media?parent=292"}],"curies":[{"name":"wp","href":"https:\/\/api.w.org\/{rel}","templated":true}]}}