{"id":284,"date":"2017-11-30T23:23:22","date_gmt":"2017-12-01T01:23:22","guid":{"rendered":"https:\/\/wp.ufpel.edu.br\/cepe\/?page_id=284"},"modified":"2017-11-30T23:24:34","modified_gmt":"2017-12-01T01:24:34","slug":"grupo-de-estudos-sobre-docencia-e-educacao-basica-gedeb","status":"publish","type":"page","link":"https:\/\/wp.ufpel.edu.br\/cepe\/grupos-de-pesquisa\/grupo-de-estudos-sobre-docencia-e-educacao-basica-gedeb\/","title":{"rendered":"Grupo de estudos sobre doc\u00eancia e educa\u00e7\u00e3o b\u00e1sica &#8211; GEDEB"},"content":{"rendered":"<p><span class=\"st\">CURR\u00cdCULO | POL\u00cdTICAS | PROFISSIONALIZA\u00c7\u00c3O DOCENTE<br \/>\n<\/span><\/p>\n<p><a href=\"https:\/\/wp.ufpel.edu.br\/gedeb\/\"><img loading=\"lazy\" decoding=\"async\" class=\"wp-image-36 aligncenter\" src=\"https:\/\/wp.ufpel.edu.br\/gedeb\/files\/2017\/05\/5-424x156.jpg\" alt=\"\" width=\"873\" height=\"321\" \/>P\u00e1gina do GEDEB<\/a><\/p>\n","protected":false},"excerpt":{"rendered":"<p>CURR\u00cdCULO | POL\u00cdTICAS | PROFISSIONALIZA\u00c7\u00c3O DOCENTE P\u00e1gina do GEDEB<\/p>\n","protected":false},"author":297,"featured_media":0,"parent":199,"menu_order":2,"comment_status":"closed","ping_status":"closed","template":"","meta":{"footnotes":""},"class_list":["post-284","page","type-page","status-publish","hentry","nodate","item-wrap"],"jetpack_sharing_enabled":true,"_links":{"self":[{"href":"https:\/\/wp.ufpel.edu.br\/cepe\/wp-json\/wp\/v2\/pages\/284","targetHints":{"allow":["GET"]}}],"collection":[{"href":"https:\/\/wp.ufpel.edu.br\/cepe\/wp-json\/wp\/v2\/pages"}],"about":[{"href":"https:\/\/wp.ufpel.edu.br\/cepe\/wp-json\/wp\/v2\/types\/page"}],"author":[{"embeddable":true,"href":"https:\/\/wp.ufpel.edu.br\/cepe\/wp-json\/wp\/v2\/users\/297"}],"replies":[{"embeddable":true,"href":"https:\/\/wp.ufpel.edu.br\/cepe\/wp-json\/wp\/v2\/comments?post=284"}],"version-history":[{"count":4,"href":"https:\/\/wp.ufpel.edu.br\/cepe\/wp-json\/wp\/v2\/pages\/284\/revisions"}],"predecessor-version":[{"id":288,"href":"https:\/\/wp.ufpel.edu.br\/cepe\/wp-json\/wp\/v2\/pages\/284\/revisions\/288"}],"up":[{"embeddable":true,"href":"https:\/\/wp.ufpel.edu.br\/cepe\/wp-json\/wp\/v2\/pages\/199"}],"wp:attachment":[{"href":"https:\/\/wp.ufpel.edu.br\/cepe\/wp-json\/wp\/v2\/media?parent=284"}],"curies":[{"name":"wp","href":"https:\/\/api.w.org\/{rel}","templated":true}]}}