{"id":25,"date":"2013-09-13T11:41:01","date_gmt":"2013-09-13T14:41:01","guid":{"rendered":"https:\/\/wp.ufpel.edu.br\/cepe\/?page_id=25"},"modified":"2024-03-27T15:49:34","modified_gmt":"2024-03-27T18:49:34","slug":"mestrado","status":"publish","type":"page","link":"https:\/\/wp.ufpel.edu.br\/cepe\/pesquisadores\/mestrado\/","title":{"rendered":"Mestrado"},"content":{"rendered":"<h5 class=\"nome\"><span style=\"font-size: 12pt;\"><strong><em><span style=\"font-size: 12pt;\">St\u00e9fani da Silva Korb<\/span><br \/>\n<\/em><\/strong><span style=\"font-size: 12pt;\">Possui gradua\u00e7\u00e3o em Pedagogia pela Universidade Regional do Noroeste do Estado do Rio Grande do Sul (2018). Mestre em Educa\u00e7\u00e3o pela UFPel. Atualmente \u00e9 doutoranda e bolsista, no Programa de P\u00f3s Gradua\u00e7\u00e3o em Educa\u00e7\u00e3o na Universidade Federal de Pelotas- UFPel. Temas de interesse: educa\u00e7\u00e3o, pedagogia, pol\u00edticas p\u00fablicas, curr\u00edculo, inclus\u00e3o e artes.<\/span><br \/>\nCurr\u00edculo Lattes &#8211; <a href=\"http:\/\/lattes.cnpq.br\/5951287635529292\">http:\/\/lattes.cnpq.br\/5951287635529292<\/a><\/span><\/h5>\n","protected":false},"excerpt":{"rendered":"<p>St\u00e9fani da Silva Korb Possui gradua\u00e7\u00e3o em Pedagogia pela Universidade Regional do Noroeste do Estado do Rio Grande do Sul (2018). Mestre em Educa\u00e7\u00e3o pela UFPel. Atualmente \u00e9 doutoranda e bolsista, no Programa de P\u00f3s Gradua\u00e7\u00e3o em Educa\u00e7\u00e3o na Universidade Federal de Pelotas- UFPel. Temas de interesse: educa\u00e7\u00e3o, pedagogia, pol\u00edticas p\u00fablicas, curr\u00edculo, inclus\u00e3o e artes. &hellip; <\/p>\n<p><a class=\"more-link btn\" href=\"https:\/\/wp.ufpel.edu.br\/cepe\/pesquisadores\/mestrado\/\">Continue lendo<\/a><\/p>\n","protected":false},"author":297,"featured_media":0,"parent":11,"menu_order":0,"comment_status":"closed","ping_status":"closed","template":"","meta":{"footnotes":""},"class_list":["post-25","page","type-page","status-publish","hentry","nodate","item-wrap"],"jetpack_sharing_enabled":true,"_links":{"self":[{"href":"https:\/\/wp.ufpel.edu.br\/cepe\/wp-json\/wp\/v2\/pages\/25","targetHints":{"allow":["GET"]}}],"collection":[{"href":"https:\/\/wp.ufpel.edu.br\/cepe\/wp-json\/wp\/v2\/pages"}],"about":[{"href":"https:\/\/wp.ufpel.edu.br\/cepe\/wp-json\/wp\/v2\/types\/page"}],"author":[{"embeddable":true,"href":"https:\/\/wp.ufpel.edu.br\/cepe\/wp-json\/wp\/v2\/users\/297"}],"replies":[{"embeddable":true,"href":"https:\/\/wp.ufpel.edu.br\/cepe\/wp-json\/wp\/v2\/comments?post=25"}],"version-history":[{"count":6,"href":"https:\/\/wp.ufpel.edu.br\/cepe\/wp-json\/wp\/v2\/pages\/25\/revisions"}],"predecessor-version":[{"id":704,"href":"https:\/\/wp.ufpel.edu.br\/cepe\/wp-json\/wp\/v2\/pages\/25\/revisions\/704"}],"up":[{"embeddable":true,"href":"https:\/\/wp.ufpel.edu.br\/cepe\/wp-json\/wp\/v2\/pages\/11"}],"wp:attachment":[{"href":"https:\/\/wp.ufpel.edu.br\/cepe\/wp-json\/wp\/v2\/media?parent=25"}],"curies":[{"name":"wp","href":"https:\/\/api.w.org\/{rel}","templated":true}]}}