{"id":23,"date":"2013-09-13T11:39:11","date_gmt":"2013-09-13T14:39:11","guid":{"rendered":"https:\/\/wp.ufpel.edu.br\/cepe\/?page_id=23"},"modified":"2022-12-26T11:12:23","modified_gmt":"2022-12-26T14:12:23","slug":"docentes","status":"publish","type":"page","link":"https:\/\/wp.ufpel.edu.br\/cepe\/pesquisadores\/docentes\/","title":{"rendered":"Docentes | UFPel"},"content":{"rendered":"<h5><span style=\"font-size: 12pt;\"><em><strong>Dr. \u00c1LVARO MOREIRA HYPOLITO<\/strong><\/em><\/span><br \/>\n<span style=\"font-size: 12pt;\">Professor TItular do Departamento de Ensino e do Programa de Mestrado e DoutoradoP\u00f3s-Gradua\u00e7\u00e3o em Educa\u00e7\u00e3o da Faculdade de Educa\u00e7\u00e3o da Universidade Federal de Pelotas. Pedagogo e Licenciado em Artes, com curso de Especializa\u00e7\u00e3o em Educa\u00e7\u00e3o e Sociedade pela UFPel, Mestre em Educa\u00e7\u00e3o pela UFMG e Doutor em Curr\u00edculo pela Universidade de Wisconsin-Madison. Pesquisador do Cnpq. Foi professor visitante no Programa de P\u00f3s-Gradua\u00e7\u00e3o em Educa\u00e7\u00e3o da UFMG e no Curso de Doutorado Latinoamericano em Educa\u00e7\u00e3o da mesma institui\u00e7\u00e3o, junto ao GESTRADO &#8211; Grupo de Estudos sobre Trabalho Docente. Concentra suas atividades de estudos e pesquisas em Trabalho Docente, Curr\u00edculo e Gest\u00e3o.<\/span><br \/>\n<span style=\"font-size: 12pt;\">Outras informa\u00e7\u00f5es &#8211;<span class=\"Apple-converted-space\">\u00a0<\/span><a href=\"http:\/\/www.ufpel.edu.br\/fae\/ppge\/professor\/alvaro_hypolito\" target=\"_blank\" rel=\"noopener noreferrer\">http:\/\/www.ufpel.edu.br\/fae\/ppge\/professor\/alvaro_hypolitoe<\/a><\/span><br \/>\n<span style=\"font-size: 12pt;\">Curr\u00edculo Lattes &#8211;<span class=\"Apple-converted-space\">\u00a0<\/span><a href=\"http:\/\/lattes.cnpq.br\/7674934224612535\" target=\"_blank\" rel=\"noopener noreferrer\"><span class=\"texto\">http:\/\/lattes.cnpq.br\/7674934224612535<\/span><\/a><\/span><\/h5>\n<h5 style=\"text-align: justify;\"><span style=\"font-size: 12pt;\"><cite class=\"_Rm\"><strong>Dra. ANDRESSA AITA IVO<\/strong><\/cite><\/span><br \/>\n<span style=\"font-size: 12pt;\"> Professora do Departamento de Ensino da Universidade Federal de Pelotas e do Programa de P\u00f3s-Gradua\u00e7\u00e3o em Educa\u00e7\u00e3o (PPGEDU\/UFSM). Mestre em Educa\u00e7\u00e3o e Doutora pelo Programa de P\u00f3s-Gradua\u00e7\u00e3o em Educa\u00e7\u00e3o pela Universidade Federal de Pelotas (UFPel), como bolsista CAPES, com est\u00e1gio doutoral na Universidade do Quebec, Canad\u00e1. Graduada em Educa\u00e7\u00e3o F\u00edsica &#8211; Licenciatura Plena pela Universidade Federal de Santa Maria (UFSM). Especialista em Gest\u00e3o Educacional (UFSM). Especialista em Educa\u00e7\u00e3o F\u00edsica Escolar (UFSM).\u00a0 Pos-Doc na Universidade Federal de Santa Maria, com bolsa da CAPES\/FAPERGS.\u00a0 Curr\u00edculo Lattes &#8211; <a href=\"http:\/\/lattes.cnpq.br\/5435147861393098\">h<\/a><a href=\"http:\/\/lattes.cnpq.br\/5435147861393098\">ttp:\/\/lattes.cnpq.br\/5435147861393098<\/a><\/span><\/h5>\n<h5><span style=\"font-size: 12pt;\"><strong><em>Dra. EUG\u00caNIA ANTUNES DIAS<\/em><\/strong><\/span><br \/>\n<span style=\"font-size: 12pt;\">\u00c9 Doutora em Educa\u00e7\u00e3o Ambiental pela Universidade Federal do Rio Grande (2014\/FURG), Mestre em Ci\u00eancias Sociais pela Universidade Federal de Pelotas (2008\/UFPEL), Graduada em Direito (2005\/UFPEL) e Licenciada em Educa\u00e7\u00e3o F\u00edsica (1998\/UFPEL). Realizou Est\u00e1gio P\u00f3s-Doutoral no Programa de P\u00f3s-Gradua\u00e7\u00e3o em Educa\u00e7\u00e3o da UFPEL (2017-2018) na \u00e1rea de curr\u00edculo, gest\u00e3o e pol\u00edticas p\u00fablicas. Milita na ONG Ecol\u00f3gica Centro de Estudos Ambientais (CEA), nos temas da Educa\u00e7\u00e3o Ambiental e Direito Ambiental\/Fundamentais. Foi T\u00e9cnica em Assuntos Educacionais na UFRGS e UFPEL, atuando na \u00e1rea do ensino de gradua\u00e7\u00e3o, notadamente ensino e curr\u00edculo, participando de diversos conselhos e comiss\u00f5es. Atualmente \u00e9 professora do magist\u00e9rio superior na Faculdade de Educa\u00e7\u00e3o (FaE) da UFPel, na \u00e1rea de Pol\u00edticas Educacionais. Tem interesse pelos temas referentes aos movimentos sociais e pol\u00edticas p\u00fablicas que combatam as formas de opress\u00e3o dos seres humanos (misoginia, racismo, homofobia, de classe) e da natureza (antropocentrismo).<\/span><br \/>\n<span style=\"font-size: 12pt;\">Curr\u00edculo Lattes &#8211; <a href=\"http:\/\/lattes.cnpq.br\/1114326481440784\">http:\/\/lattes.cnpq.br\/1114326481440784<\/a><\/span><\/h5>\n<h5><span style=\"font-size: 12pt;\"><em><strong>Dra. FRANCIELE ROOS DA SILVA ILHA<\/strong> <\/em><\/span><br \/>\n<span style=\"font-size: 12pt;\">\u00c9 professora da Escola de Educa\u00e7\u00e3o F\u00edsica da UFPel; Graduada em Educa\u00e7\u00e3o Fisica na UFSM; Especialista em Educa\u00e7\u00e3o F\u00edsica Escolar\/CEFD\/UFSM e em Gest\u00e3o Educacional\/CE\/UFSM; Mestre em Educa\u00e7\u00e3o\/PPGE\/CE\/UFSM; e Doutora em Educa\u00e7\u00e3o pela UFPel, com est\u00e1gio Doutoral na University of Wisconsin-Madison, como Bolsista do CNPq. Realizou P\u00f3s-Doutorado, com bolsa DocFix CAPES\/FAPERGS, no ano de 2015.\u00a0 Curr\u00edculo Lattes \u2013<a href=\"http:\/\/lattes.cnpq.br\/5370821019842563\"> <span class=\"texto\">http:\/\/lattes.cnpq.br\/5370821019842563<\/span><\/a><\/span><\/h5>\n<h5><span style=\"font-size: 12pt;\"><strong><em>Dra. MARA REJANE VIEIRA OS\u00d3RIO<\/em><\/strong><\/span><br \/>\n<span style=\"font-size: 12pt;\">Professora adjunta da Faculdade de Educa\u00e7\u00e3o (UFPel). Professora pesquisadora do Programa de P\u00f3s-gradua\u00e7\u00e3o em Educa\u00e7\u00e3o &#8211; PPGE FaE\/UFPel ( linha de pesquisa Curr\u00edculo, profissionaliza\u00e7\u00e3o e trabalho docente) e do Programa de P\u00f3s-gradua\u00e7\u00e3o em Educa\u00e7\u00e3o Matem\u00e1tica (PPGEMAT). Bacharel e Licenciada em Ci\u00eancias Sociais. Mestre e Doutora em Educa\u00e7\u00e3o. Temas de interesse: Curr\u00edculo, Educa\u00e7\u00e3o Ambiental, Forma\u00e7\u00e3o inicial de professores, Pol\u00edticas Educacionais. L\u00edder do Grupo de Estudo sobre Doc\u00eancia e Educa\u00e7\u00e3o B\u00e1sica: curr\u00edculo, pol\u00edticas e profissionaliza\u00e7\u00e3o docente (GEDEB)<\/span><br \/>\n<span style=\"font-size: 12pt;\">Curr\u00edculo Lattes &#8211; <a href=\"http:\/\/lattes.cnpq.br\/0786686849417044\">http:\/\/lattes.cnpq.br\/0786686849417044<\/a><\/span><\/h5>\n<h5><span style=\"font-size: 12pt;\"><em><strong>Dra. MARIA CEC\u00cdLIA LOREA LEITE<\/strong><\/em><\/span><br \/>\n<span style=\"font-size: 12pt;\">Possui Gradua\u00e7\u00e3o em Direito pela UFPel, Licenciatura Plena em Letras pela UCPel, Especializa\u00e7\u00e3o em Metodologia da Pesquisa Educacional pela UCPel, Mestrado em Mestrado em Educa\u00e7\u00e3o pela Pontif\u00edcia Universidade Cat\u00f3lica do Rio Grande do Sul e Doutorado em Educa\u00e7\u00e3o pela Universidade Federal do Rio Grande do Sul. Atualmente \u00e9 Professora Adjunta da Universidade Federal de Pelotas, Membro de corpo editorial do peri\u00f3dico Educa\u00e7\u00e3o (UFSM), associada da Associa\u00e7\u00e3o Nacional de P\u00f3s Gradua\u00e7\u00e3o e Pesquisa em Educa\u00e7\u00e3o e da Associa\u00e7\u00e3o Nacional de Pol\u00edtica e Administra\u00e7\u00e3o da Educa\u00e7\u00e3o. Tem experi\u00eancia na \u00e1rea de Educa\u00e7\u00e3o, com \u00eanfase em Pol\u00edticas Educacionais e Avalia\u00e7\u00e3o Educacional. Atuando principalmente nos seguintes temas: Universidade, Pedagogia Universit\u00e1ria e Pedagogia Jur\u00eddica;\u00a0Curr\u00edculo, Gest\u00e3o e Pol\u00edticas Educativas.<\/span><br \/>\n<span style=\"font-size: 12pt;\">Curr\u00edculo Lattes &#8211;<span class=\"Apple-converted-space\">\u00a0<\/span><a href=\"http:\/\/lattes.cnpq.br\/6507656416518174\" target=\"_blank\" rel=\"noopener noreferrer\"><span class=\"texto\">http:\/\/lattes.cnpq.br\/6507656416518174<\/span><\/a><\/span><\/h5>\n<h5><span style=\"font-size: 12pt;\"><strong><em>Dr. MAURO AUGUSTO BURKERT DEL PINO<\/em><\/strong><\/span><br \/>\n<span style=\"font-size: 12pt;\">Professor Associado da Universidade Federal de Pelotas (UFPel). Doutor e Mestre em Educa\u00e7\u00e3o pela UFRGS. Possui Gradua\u00e7\u00e3o em Licenciatura Plena em Disciplinas Especializadas de 2\u00ba Grau pela UFPel (1984), Gradua\u00e7\u00e3o em Engenharia Civil pela Universidade Cat\u00f3lica de Pelotas (1983) e P\u00f3s-Gradua\u00e7\u00e3o em n\u00edvel de Especializa\u00e7\u00e3o em Ensino pela UFPel (1989). Tem experi\u00eancia em Pol\u00edtica de Forma\u00e7\u00e3o Profissional, principalmente nos seguintes temas: educa\u00e7\u00e3o, educa\u00e7\u00e3o e trabalho, curr\u00edculo, forma\u00e7\u00e3o profissional, pol\u00edtica educacional e gest\u00e3o educacional. Foi Reitor da Universidade Federal de Pelotas (2013-2017). Foi Diretor da Faculdade de Educa\u00e7\u00e3o da UFPel (2008-2012). Foi Secret\u00e1rio Municipal de Educa\u00e7\u00e3o de Pelotas-RS (2001-2004). Integra o Programa de P\u00f3s-Gradua\u00e7\u00e3o em Educa\u00e7\u00e3o da Faculdade de Educa\u00e7\u00e3o da UFPel (PPGE).<\/span><br \/>\n<span style=\"font-size: 12pt;\">Curr\u00edculo Lattes &#8211; <a href=\"http:\/\/lattes.cnpq.br\/4442388640917569\">http:\/\/lattes.cnpq.br\/4442388640917569<\/a><\/span><\/h5>\n<h5><em><strong><span style=\"font-size: 12pt;\">Dra. SIMONE GON\u00c7ALVES DA SILVA<br \/>\n<\/span><\/strong><\/em><span style=\"font-size: 12pt;\">Graduada em Pedagogia pela Funda\u00e7\u00e3o Universidade Federal do Rio Grande (FURG). Mestre e Doutora em Educa\u00e7\u00e3o pelo Programa de P\u00f3s-Gradua\u00e7\u00e3o em Educa\u00e7\u00e3o da UFPel, com est\u00e1gio doutoral na Universidade de Lisboa. \u00c9 pesquisadora do Grupo de Pesquisa em Gest\u00e3o, Curr\u00edculo e Pol\u00edticas Educativas da FAE\/UFPEL, onde realizou P\u00f3s-Doc com bolsa do CNPq. \u00c9 professora do Dep. de Fundamentos da Educa\u00e7\u00e3o da Faculdade de Educa\u00e7\u00e3o da UFPel. As tem\u00e1ticas de maior interesse s\u00e3o: Pol\u00edticas Educacionais, Curr\u00edculo, Profissionaliza\u00e7\u00e3o e Trabalho Docente.<span class=\"texto\"><br \/>\nCurr\u00edculo Lattes\u00a0<\/span><a href=\"http:\/\/lattes.cnpq.br\/6170208004906513\">http:\/\/lattes.cnpq.br\/6170208004906513<\/a><\/span><\/h5>\n<h5><span style=\"font-size: 12pt;\"><strong><em>Dra. VALDELAINE DA ROSA MENDES<\/em><\/strong><\/span><br \/>\n<span style=\"font-size: 12pt;\">Possui Licenciatura em Educa\u00e7\u00e3o F\u00edsica pela Universidade Federal de Pelotas, Bacharelado e Licenciatura em Ci\u00eancias Sociais pela Universidade Federal de Pelotas, Mestrado em Educa\u00e7\u00e3o pela Universidade Metodista de Piracicaba, Doutorado em Educa\u00e7\u00e3o pela Universidade de S\u00e3o Paulo, P\u00f3s-Doutorado em Educa\u00e7\u00e3o pela Universidade de S\u00e3o Paulo. \u00c9 professora associada da Faculdade de Educa\u00e7\u00e3o da Universidade Federal de Pelotas. Tem experi\u00eancia na \u00e1rea de Ensino, com \u00eanfase nas \u00e1reas de Gest\u00e3o e Pol\u00edtica Educacional, Trabalho Docente e Educa\u00e7\u00e3o F\u00edsica Escolar.<\/span><br \/>\n<span style=\"font-size: 12pt;\">Curr\u00edculo Lattes &#8211; <a href=\"http:\/\/lattes.cnpq.br\/6848764344636670\">http:\/\/lattes.cnpq.br\/6848764344636670<\/a><\/span><\/h5>\n<h5><\/h5>\n<h5><\/h5>\n<h5><\/h5>\n","protected":false},"excerpt":{"rendered":"<p>Dr. \u00c1LVARO MOREIRA HYPOLITO Professor TItular do Departamento de Ensino e do Programa de Mestrado e DoutoradoP\u00f3s-Gradua\u00e7\u00e3o em Educa\u00e7\u00e3o da Faculdade de Educa\u00e7\u00e3o da Universidade Federal de Pelotas. Pedagogo e Licenciado em Artes, com curso de Especializa\u00e7\u00e3o em Educa\u00e7\u00e3o e Sociedade pela UFPel, Mestre em Educa\u00e7\u00e3o pela UFMG e Doutor em Curr\u00edculo pela Universidade de &hellip; <\/p>\n<p><a class=\"more-link btn\" href=\"https:\/\/wp.ufpel.edu.br\/cepe\/pesquisadores\/docentes\/\">Continue lendo<\/a><\/p>\n","protected":false},"author":297,"featured_media":0,"parent":11,"menu_order":0,"comment_status":"closed","ping_status":"closed","template":"","meta":{"footnotes":""},"class_list":["post-23","page","type-page","status-publish","hentry","nodate","item-wrap"],"jetpack_sharing_enabled":true,"_links":{"self":[{"href":"https:\/\/wp.ufpel.edu.br\/cepe\/wp-json\/wp\/v2\/pages\/23","targetHints":{"allow":["GET"]}}],"collection":[{"href":"https:\/\/wp.ufpel.edu.br\/cepe\/wp-json\/wp\/v2\/pages"}],"about":[{"href":"https:\/\/wp.ufpel.edu.br\/cepe\/wp-json\/wp\/v2\/types\/page"}],"author":[{"embeddable":true,"href":"https:\/\/wp.ufpel.edu.br\/cepe\/wp-json\/wp\/v2\/users\/297"}],"replies":[{"embeddable":true,"href":"https:\/\/wp.ufpel.edu.br\/cepe\/wp-json\/wp\/v2\/comments?post=23"}],"version-history":[{"count":22,"href":"https:\/\/wp.ufpel.edu.br\/cepe\/wp-json\/wp\/v2\/pages\/23\/revisions"}],"predecessor-version":[{"id":689,"href":"https:\/\/wp.ufpel.edu.br\/cepe\/wp-json\/wp\/v2\/pages\/23\/revisions\/689"}],"up":[{"embeddable":true,"href":"https:\/\/wp.ufpel.edu.br\/cepe\/wp-json\/wp\/v2\/pages\/11"}],"wp:attachment":[{"href":"https:\/\/wp.ufpel.edu.br\/cepe\/wp-json\/wp\/v2\/media?parent=23"}],"curies":[{"name":"wp","href":"https:\/\/api.w.org\/{rel}","templated":true}]}}