{"id":201,"date":"2015-11-27T18:36:46","date_gmt":"2015-11-27T20:36:46","guid":{"rendered":"https:\/\/wp.ufpel.edu.br\/cepe\/?page_id=201"},"modified":"2015-11-27T18:37:29","modified_gmt":"2015-11-27T20:37:29","slug":"gestao-curriculo-e-politicas-educativas","status":"publish","type":"page","link":"https:\/\/wp.ufpel.edu.br\/cepe\/grupos-de-pesquisa\/gestao-curriculo-e-politicas-educativas\/","title":{"rendered":"Gest\u00e3o, Curr\u00edculo e Pol\u00edticas Educativas"},"content":{"rendered":"<p><strong>GEST\u00c3O | <\/strong><strong>CURR\u00cdCULO | <\/strong><strong>TRABALHO DOCENTE | <\/strong><strong>POL\u00cdTICAS EDUCATIVAS<\/strong><\/p>\n<p>O grupo de pesquisa prop\u00f5e-se, por meio de pesquisas, a contribuir para o fortalecimento do campo do curr\u00edculo e das pol\u00edticas educacionais mediante a produ\u00e7\u00e3o de conhecimento nas \u00e1reas do planejamento, gest\u00e3o e avalia\u00e7\u00e3o educacional, para o desenvolvimento de metodologias de an\u00e1lise e de avalia\u00e7\u00e3o de pol\u00edticas e para o desenvolvimento curricular e a dissemina\u00e7\u00e3o de metodologias de planejamento estrat\u00e9gico junto a \u00f3rg\u00e3os p\u00fablicos e organiza\u00e7\u00f5es n\u00e3o-governamentais. Focando a educa\u00e7\u00e3o desde o n\u00edvel fundamental at\u00e9 o superior, quest\u00f5es como sua qualidade, democracia, inclus\u00e3o social, gest\u00e3o democr\u00e1tica da educa\u00e7\u00e3o e exerc\u00edcio da cidadania s\u00e3o estudados de forma articulada \u00e0s rela\u00e7\u00f5es entre curr\u00edculo, conhecimento e poder. Neste sentido, registram-se contribui\u00e7\u00f5es no campo do Trabalho Docente e da avalia\u00e7\u00e3o da educa\u00e7\u00e3o b\u00e1sica e superior, da Pedagogia universit\u00e1ria, das pol\u00edticas curriculares, da gest\u00e3o e do poder escolar.<\/p>\n<p><a href=\"http:\/\/www2.ufpel.edu.br\/fae\/gestae\/\" target=\"_blank\">P\u00e1gina do Grupo<\/a><\/p>\n","protected":false},"excerpt":{"rendered":"<p>GEST\u00c3O | CURR\u00cdCULO | TRABALHO DOCENTE | POL\u00cdTICAS EDUCATIVAS O grupo de pesquisa prop\u00f5e-se, por meio de pesquisas, a contribuir para o fortalecimento do campo do curr\u00edculo e das pol\u00edticas educacionais mediante a produ\u00e7\u00e3o de conhecimento nas \u00e1reas do planejamento, gest\u00e3o e avalia\u00e7\u00e3o educacional, para o desenvolvimento de metodologias de an\u00e1lise e de avalia\u00e7\u00e3o de &hellip; <\/p>\n<p><a class=\"more-link btn\" href=\"https:\/\/wp.ufpel.edu.br\/cepe\/grupos-de-pesquisa\/gestao-curriculo-e-politicas-educativas\/\">Continue lendo<\/a><\/p>\n","protected":false},"author":297,"featured_media":0,"parent":199,"menu_order":0,"comment_status":"closed","ping_status":"closed","template":"","meta":{"footnotes":""},"class_list":["post-201","page","type-page","status-publish","hentry","nodate","item-wrap"],"jetpack_sharing_enabled":true,"_links":{"self":[{"href":"https:\/\/wp.ufpel.edu.br\/cepe\/wp-json\/wp\/v2\/pages\/201","targetHints":{"allow":["GET"]}}],"collection":[{"href":"https:\/\/wp.ufpel.edu.br\/cepe\/wp-json\/wp\/v2\/pages"}],"about":[{"href":"https:\/\/wp.ufpel.edu.br\/cepe\/wp-json\/wp\/v2\/types\/page"}],"author":[{"embeddable":true,"href":"https:\/\/wp.ufpel.edu.br\/cepe\/wp-json\/wp\/v2\/users\/297"}],"replies":[{"embeddable":true,"href":"https:\/\/wp.ufpel.edu.br\/cepe\/wp-json\/wp\/v2\/comments?post=201"}],"version-history":[{"count":2,"href":"https:\/\/wp.ufpel.edu.br\/cepe\/wp-json\/wp\/v2\/pages\/201\/revisions"}],"predecessor-version":[{"id":203,"href":"https:\/\/wp.ufpel.edu.br\/cepe\/wp-json\/wp\/v2\/pages\/201\/revisions\/203"}],"up":[{"embeddable":true,"href":"https:\/\/wp.ufpel.edu.br\/cepe\/wp-json\/wp\/v2\/pages\/199"}],"wp:attachment":[{"href":"https:\/\/wp.ufpel.edu.br\/cepe\/wp-json\/wp\/v2\/media?parent=201"}],"curies":[{"name":"wp","href":"https:\/\/api.w.org\/{rel}","templated":true}]}}