{"id":262,"date":"2016-11-03T16:16:47","date_gmt":"2016-11-03T18:16:47","guid":{"rendered":"https:\/\/wp.ufpel.edu.br\/centraldeoportunidades\/?page_id=262"},"modified":"2016-12-01T15:11:10","modified_gmt":"2016-12-01T17:11:10","slug":"oportunidade-letras-redacao-e-revisao-de-textos","status":"publish","type":"page","link":"https:\/\/wp.ufpel.edu.br\/centraldeoportunidades\/oportunidade-letras-redacao-e-revisao-de-textos\/","title":{"rendered":"Oportunidade Letras Reda\u00e7\u00e3o e Revis\u00e3o de Textos"},"content":{"rendered":"<div class=\"entry-content\">\n<p><a href=\"https:\/\/wp.ufpel.edu.br\/centraldeoportunidades\/category\/estagio-letrasredacaoerevisao\"><strong>EST\u00c1GIOS<\/strong><\/a><\/p>\n<p><a href=\"https:\/\/wp.ufpel.edu.br\/centraldeoportunidades\/category\/bolsaensino-letrasredacaoerevisao\"><strong>BOLSAS DE ENSINO<\/strong><\/a><\/p>\n<p><a href=\"https:\/\/wp.ufpel.edu.br\/centraldeoportunidades\/category\/bolsaextensao-letrasredacaoerevisao\"><strong>BOLSAS DE EXTENS\u00c3O<\/strong><\/a><\/p>\n<p><a href=\"https:\/\/wp.ufpel.edu.br\/centraldeoportunidades\/category\/bolsapesquisa-letrasredacaoerevisao\"><strong>BOLSAS DE PESQUISA<\/strong><\/a><\/p>\n<\/div>\n<p>&nbsp;<\/p>\n","protected":false},"excerpt":{"rendered":"<p>EST\u00c1GIOS BOLSAS DE ENSINO BOLSAS DE EXTENS\u00c3O BOLSAS DE PESQUISA &nbsp;<\/p>\n","protected":false},"author":680,"featured_media":0,"parent":0,"menu_order":0,"comment_status":"closed","ping_status":"closed","template":"","meta":{"jetpack_post_was_ever_published":false,"footnotes":""},"class_list":["post-262","page","type-page","status-publish","hentry"],"jetpack_sharing_enabled":true,"_links":{"self":[{"href":"https:\/\/wp.ufpel.edu.br\/centraldeoportunidades\/wp-json\/wp\/v2\/pages\/262","targetHints":{"allow":["GET"]}}],"collection":[{"href":"https:\/\/wp.ufpel.edu.br\/centraldeoportunidades\/wp-json\/wp\/v2\/pages"}],"about":[{"href":"https:\/\/wp.ufpel.edu.br\/centraldeoportunidades\/wp-json\/wp\/v2\/types\/page"}],"author":[{"embeddable":true,"href":"https:\/\/wp.ufpel.edu.br\/centraldeoportunidades\/wp-json\/wp\/v2\/users\/680"}],"replies":[{"embeddable":true,"href":"https:\/\/wp.ufpel.edu.br\/centraldeoportunidades\/wp-json\/wp\/v2\/comments?post=262"}],"version-history":[{"count":3,"href":"https:\/\/wp.ufpel.edu.br\/centraldeoportunidades\/wp-json\/wp\/v2\/pages\/262\/revisions"}],"predecessor-version":[{"id":646,"href":"https:\/\/wp.ufpel.edu.br\/centraldeoportunidades\/wp-json\/wp\/v2\/pages\/262\/revisions\/646"}],"wp:attachment":[{"href":"https:\/\/wp.ufpel.edu.br\/centraldeoportunidades\/wp-json\/wp\/v2\/media?parent=262"}],"curies":[{"name":"wp","href":"https:\/\/api.w.org\/{rel}","templated":true}]}}