{"id":130,"date":"2016-10-27T16:35:44","date_gmt":"2016-10-27T18:35:44","guid":{"rendered":"https:\/\/wp.ufpel.edu.br\/centraldeoportunidades\/?page_id=130"},"modified":"2016-11-24T16:04:17","modified_gmt":"2016-11-24T18:04:17","slug":"oportunidade-ciencia-da-computacao","status":"publish","type":"page","link":"https:\/\/wp.ufpel.edu.br\/centraldeoportunidades\/oportunidade-ciencia-da-computacao\/","title":{"rendered":"Oportunidade Ci\u00eancia da Computa\u00e7\u00e3o"},"content":{"rendered":"<p style=\"text-align: left\"><a href=\"https:\/\/wp.ufpel.edu.br\/centraldeoportunidades\/category\/estagio-cienciacomputacao\"><strong>EST\u00c1GIOS<\/strong><\/a><\/p>\n<p style=\"text-align: left\"><a href=\"https:\/\/wp.ufpel.edu.br\/centraldeoportunidades\/category\/bolsaensino-cienciacomputacao\"><strong>BOLSAS DE ENSINO<\/strong><\/a><\/p>\n<p style=\"text-align: left\"><a href=\"https:\/\/wp.ufpel.edu.br\/centraldeoportunidades\/category\/bolsaextensao-cienciacomputacao\"><strong>BOLSAS DE EXTENS\u00c3O<\/strong><\/a><\/p>\n<p style=\"text-align: left\"><a href=\"https:\/\/wp.ufpel.edu.br\/centraldeoportunidades\/category\/bolsapesquisa-cienciacomputacao\"><strong>BOLSAS DE PESQUISA<\/strong><\/a><\/p>\n","protected":false},"excerpt":{"rendered":"<p>EST\u00c1GIOS BOLSAS DE ENSINO BOLSAS DE EXTENS\u00c3O BOLSAS DE PESQUISA<\/p>\n","protected":false},"author":680,"featured_media":0,"parent":0,"menu_order":0,"comment_status":"closed","ping_status":"closed","template":"page-templates\/template-full-width.php","meta":{"jetpack_post_was_ever_published":false,"footnotes":""},"class_list":["post-130","page","type-page","status-publish","hentry","pique-template-full-width"],"jetpack_sharing_enabled":true,"_links":{"self":[{"href":"https:\/\/wp.ufpel.edu.br\/centraldeoportunidades\/wp-json\/wp\/v2\/pages\/130","targetHints":{"allow":["GET"]}}],"collection":[{"href":"https:\/\/wp.ufpel.edu.br\/centraldeoportunidades\/wp-json\/wp\/v2\/pages"}],"about":[{"href":"https:\/\/wp.ufpel.edu.br\/centraldeoportunidades\/wp-json\/wp\/v2\/types\/page"}],"author":[{"embeddable":true,"href":"https:\/\/wp.ufpel.edu.br\/centraldeoportunidades\/wp-json\/wp\/v2\/users\/680"}],"replies":[{"embeddable":true,"href":"https:\/\/wp.ufpel.edu.br\/centraldeoportunidades\/wp-json\/wp\/v2\/comments?post=130"}],"version-history":[{"count":5,"href":"https:\/\/wp.ufpel.edu.br\/centraldeoportunidades\/wp-json\/wp\/v2\/pages\/130\/revisions"}],"predecessor-version":[{"id":556,"href":"https:\/\/wp.ufpel.edu.br\/centraldeoportunidades\/wp-json\/wp\/v2\/pages\/130\/revisions\/556"}],"wp:attachment":[{"href":"https:\/\/wp.ufpel.edu.br\/centraldeoportunidades\/wp-json\/wp\/v2\/media?parent=130"}],"curies":[{"name":"wp","href":"https:\/\/api.w.org\/{rel}","templated":true}]}}