{"id":26,"date":"2014-07-25T10:19:36","date_gmt":"2014-07-25T13:19:36","guid":{"rendered":"https:\/\/wp.ufpel.edu.br\/centralanaliticaquimica\/?page_id=26"},"modified":"2014-07-28T10:26:10","modified_gmt":"2014-07-28T13:26:10","slug":"uv-visivel","status":"publish","type":"page","link":"https:\/\/wp.ufpel.edu.br\/centralanaliticaquimica\/equipamentos\/uv-visivel\/","title":{"rendered":"UV-Vis\u00edvel"},"content":{"rendered":"<p><a href=\"https:\/\/wp.ufpel.edu.br\/centralanaliticaquimica\/files\/2014\/07\/20140414_095102.jpg\"><img class=\"alignnone size-medium wp-image-27\" src=\"https:\/\/wp.ufpel.edu.br\/centralanaliticaquimica\/files\/2014\/07\/20140414_095102-424x318.jpg\" alt=\"20140414_095102\" width=\"424\" height=\"318\" srcset=\"https:\/\/wp.ufpel.edu.br\/centralanaliticaquimica\/files\/2014\/07\/20140414_095102-424x318.jpg 424w, https:\/\/wp.ufpel.edu.br\/centralanaliticaquimica\/files\/2014\/07\/20140414_095102-212x159.jpg 212w, https:\/\/wp.ufpel.edu.br\/centralanaliticaquimica\/files\/2014\/07\/20140414_095102.jpg 1600w\" sizes=\"(max-width: 424px) 100vw, 424px\" \/><\/a><\/p>\n<p><strong>Espectrofot\u00f4metro UV-VIS \u2013 Shimadzu<\/strong><\/p>\n<p>Esta t\u00e9cnica permite a an\u00e1lise espectrosc\u00f3pica de compostos org\u00e2nicos, inorg\u00e2nicos e de macromol\u00e9culas, na regi\u00e3o vis\u00edvel e ultravioleta do espectro. Sendo poss\u00edvel determinar absor\u00e7\u00e3o, transmiss\u00e3o e T-Drive para estudos de cin\u00e9tica e constru\u00e7\u00e3o de curvas de calibra\u00e7\u00e3o para an\u00e1lises quantitativas.<\/p>\n<p>&nbsp;<\/p>\n<p><strong>Links relacionados com o princ\u00edpio da t\u00e9cnica e aplica\u00e7\u00f5es:<\/strong><\/p>\n<p><a href=\"http:\/\/www.sinc.com.br\/produtos\/espectrofotometria\/ultravioleta-visvel\/uvmini1240\">http:\/\/www.sinc.com.br\/produtos\/espectrofotometria\/ultravioleta-visvel\/uvmini1240<\/a><\/p>\n","protected":false},"excerpt":{"rendered":"<p>Espectrofot\u00f4metro UV-VIS \u2013 Shimadzu Esta t\u00e9cnica permite a an\u00e1lise espectrosc\u00f3pica de compostos org\u00e2nicos, inorg\u00e2nicos e de macromol\u00e9culas, na regi\u00e3o vis\u00edvel e ultravioleta do espectro. Sendo poss\u00edvel determinar absor\u00e7\u00e3o, transmiss\u00e3o e T-Drive para estudos de cin\u00e9tica e constru\u00e7\u00e3o de curvas de calibra\u00e7\u00e3o para an\u00e1lises quantitativas. &nbsp; Links relacionados com o princ\u00edpio da t\u00e9cnica e aplica\u00e7\u00f5es: http:\/\/www.sinc.com.br\/produtos\/espectrofotometria\/ultravioleta-visvel\/uvmini1240<\/p>\n","protected":false},"author":425,"featured_media":0,"parent":7,"menu_order":0,"comment_status":"closed","ping_status":"closed","template":"","meta":{"footnotes":""},"class_list":["post-26","page","type-page","status-publish","hentry"],"_links":{"self":[{"href":"https:\/\/wp.ufpel.edu.br\/centralanaliticaquimica\/wp-json\/wp\/v2\/pages\/26","targetHints":{"allow":["GET"]}}],"collection":[{"href":"https:\/\/wp.ufpel.edu.br\/centralanaliticaquimica\/wp-json\/wp\/v2\/pages"}],"about":[{"href":"https:\/\/wp.ufpel.edu.br\/centralanaliticaquimica\/wp-json\/wp\/v2\/types\/page"}],"author":[{"embeddable":true,"href":"https:\/\/wp.ufpel.edu.br\/centralanaliticaquimica\/wp-json\/wp\/v2\/users\/425"}],"replies":[{"embeddable":true,"href":"https:\/\/wp.ufpel.edu.br\/centralanaliticaquimica\/wp-json\/wp\/v2\/comments?post=26"}],"version-history":[{"count":2,"href":"https:\/\/wp.ufpel.edu.br\/centralanaliticaquimica\/wp-json\/wp\/v2\/pages\/26\/revisions"}],"predecessor-version":[{"id":75,"href":"https:\/\/wp.ufpel.edu.br\/centralanaliticaquimica\/wp-json\/wp\/v2\/pages\/26\/revisions\/75"}],"up":[{"embeddable":true,"href":"https:\/\/wp.ufpel.edu.br\/centralanaliticaquimica\/wp-json\/wp\/v2\/pages\/7"}],"wp:attachment":[{"href":"https:\/\/wp.ufpel.edu.br\/centralanaliticaquimica\/wp-json\/wp\/v2\/media?parent=26"}],"curies":[{"name":"wp","href":"https:\/\/api.w.org\/{rel}","templated":true}]}}