{"id":233,"date":"2025-12-29T10:06:26","date_gmt":"2025-12-29T13:06:26","guid":{"rendered":"https:\/\/wp.ufpel.edu.br\/centralanaliticaquimica\/?page_id=233"},"modified":"2025-12-29T10:06:26","modified_gmt":"2025-12-29T13:06:26","slug":"agenda-dos-equipamentos","status":"publish","type":"page","link":"https:\/\/wp.ufpel.edu.br\/centralanaliticaquimica\/agenda-dos-equipamentos\/","title":{"rendered":"Agenda dos Equipamentos"},"content":{"rendered":"<p>Para verificar a agenda dos equipamentos de an\u00e1lises clique no link abaixo:<\/p>\n<p>&nbsp;<\/p>\n<p><a href=\"https:\/\/docs.google.com\/spreadsheets\/d\/e\/2PACX-1vQ683P3Gt3B0ILQF5-cJJbLBOHYNeoRU8ybekbS1uG9ikhdQdB80kX-z-jGlIeM23ds06TlbqXAa5dT\/pubhtml#gid=0\">Agenda dos Equipamentos de An\u00e1lises Qu\u00edmicas<\/a><\/p>\n","protected":false},"excerpt":{"rendered":"<p>Para verificar a agenda dos equipamentos de an\u00e1lises clique no link abaixo: &nbsp; Agenda dos Equipamentos de An\u00e1lises Qu\u00edmicas<\/p>\n","protected":false},"author":425,"featured_media":0,"parent":0,"menu_order":0,"comment_status":"closed","ping_status":"closed","template":"","meta":{"footnotes":""},"class_list":["post-233","page","type-page","status-publish","hentry"],"_links":{"self":[{"href":"https:\/\/wp.ufpel.edu.br\/centralanaliticaquimica\/wp-json\/wp\/v2\/pages\/233","targetHints":{"allow":["GET"]}}],"collection":[{"href":"https:\/\/wp.ufpel.edu.br\/centralanaliticaquimica\/wp-json\/wp\/v2\/pages"}],"about":[{"href":"https:\/\/wp.ufpel.edu.br\/centralanaliticaquimica\/wp-json\/wp\/v2\/types\/page"}],"author":[{"embeddable":true,"href":"https:\/\/wp.ufpel.edu.br\/centralanaliticaquimica\/wp-json\/wp\/v2\/users\/425"}],"replies":[{"embeddable":true,"href":"https:\/\/wp.ufpel.edu.br\/centralanaliticaquimica\/wp-json\/wp\/v2\/comments?post=233"}],"version-history":[{"count":2,"href":"https:\/\/wp.ufpel.edu.br\/centralanaliticaquimica\/wp-json\/wp\/v2\/pages\/233\/revisions"}],"predecessor-version":[{"id":235,"href":"https:\/\/wp.ufpel.edu.br\/centralanaliticaquimica\/wp-json\/wp\/v2\/pages\/233\/revisions\/235"}],"wp:attachment":[{"href":"https:\/\/wp.ufpel.edu.br\/centralanaliticaquimica\/wp-json\/wp\/v2\/media?parent=233"}],"curies":[{"name":"wp","href":"https:\/\/api.w.org\/{rel}","templated":true}]}}