{"id":22,"date":"2014-07-25T10:18:03","date_gmt":"2014-07-25T13:18:03","guid":{"rendered":"https:\/\/wp.ufpel.edu.br\/centralanaliticaquimica\/?page_id=22"},"modified":"2014-07-28T10:25:20","modified_gmt":"2014-07-28T13:25:20","slug":"infravermelho","status":"publish","type":"page","link":"https:\/\/wp.ufpel.edu.br\/centralanaliticaquimica\/equipamentos\/infravermelho\/","title":{"rendered":"Infravermelho"},"content":{"rendered":"<p><a href=\"https:\/\/wp.ufpel.edu.br\/centralanaliticaquimica\/files\/2014\/07\/20140414_095631.jpg\"><img class=\"alignnone size-medium wp-image-24\" src=\"https:\/\/wp.ufpel.edu.br\/centralanaliticaquimica\/files\/2014\/07\/20140414_095631-424x318.jpg\" alt=\"20140414_095631\" width=\"424\" height=\"318\" srcset=\"https:\/\/wp.ufpel.edu.br\/centralanaliticaquimica\/files\/2014\/07\/20140414_095631-424x318.jpg 424w, https:\/\/wp.ufpel.edu.br\/centralanaliticaquimica\/files\/2014\/07\/20140414_095631-212x159.jpg 212w, https:\/\/wp.ufpel.edu.br\/centralanaliticaquimica\/files\/2014\/07\/20140414_095631.jpg 1600w\" sizes=\"(max-width: 424px) 100vw, 424px\" \/><\/a><\/p>\n<p><strong>Espectrofot\u00f4metro Infravermelho \u2013 Shimadzu<\/strong><\/p>\n<p>Esta t\u00e9cnica \u00e9 utilizada para a determina\u00e7\u00e3o das fun\u00e7\u00f5es qu\u00edmicas presentes em amostras puras ou misturas, tais como alco\u00f3is, \u00e1cidos carbox\u00edlicos, aminas e outros. Ela permite an\u00e1lise qualitativa e quantitativa de modos vibracionais de compostos inorg\u00e2nicos e org\u00e2nicos na regi\u00e3o do infravermelho de 4500 cm<sup>-1<\/sup> a 400 cm<sup>-1<\/sup>. A utiliza\u00e7\u00e3o de Reflet\u00e2ncia Total Atenuada (ATR) facilita a identifica\u00e7\u00e3o de materiais polim\u00e9ricos.<\/p>\n<p>&nbsp;<\/p>\n<p><strong>Links relacionados com o princ\u00edpio da t\u00e9cnica e aplica\u00e7\u00f5es:<\/strong><\/p>\n<p><a href=\"http:\/\/www.shimadzu.com.br\/analitica\/produtos\/spectro\/ftir\/irprestige-21.shtml\">http:\/\/www.shimadzu.com.br\/analitica\/produtos\/spectro\/ftir\/irprestige-21.shtml<\/a><\/p>\n<p><a href=\"http:\/\/www.shimadzu.com.br\/analitica\/produtos\/spectro\/ftir\/catalogos\/irprestige-21.pdf\">http:\/\/www.shimadzu.com.br\/analitica\/produtos\/spectro\/ftir\/catalogos\/irprestige-21.pdf<\/a><\/p>\n<p><a href=\"http:\/\/online.unisc.br\/seer\/index.php\/tecnologica\/article\/view\/2670\">http:\/\/online.unisc.br\/seer\/index.php\/tecnologica\/article\/view\/2670<\/a><\/p>\n<p><a href=\"http:\/\/www.scielo.br\/pdf\/rbcf\/v42n3\/a13v42n3.pdf\">http:\/\/www.scielo.br\/pdf\/rbcf\/v42n3\/a13v42n3.pdf<\/a><\/p>\n","protected":false},"excerpt":{"rendered":"<p>Espectrofot\u00f4metro Infravermelho \u2013 Shimadzu Esta t\u00e9cnica \u00e9 utilizada para a determina\u00e7\u00e3o das fun\u00e7\u00f5es qu\u00edmicas presentes em amostras puras ou misturas, tais como alco\u00f3is, \u00e1cidos carbox\u00edlicos, aminas e outros. Ela permite an\u00e1lise qualitativa e quantitativa de modos vibracionais de compostos inorg\u00e2nicos e org\u00e2nicos na regi\u00e3o do infravermelho de 4500 cm-1 a 400 cm-1. A utiliza\u00e7\u00e3o de [&hellip;]<\/p>\n","protected":false},"author":425,"featured_media":0,"parent":7,"menu_order":0,"comment_status":"closed","ping_status":"closed","template":"","meta":{"footnotes":""},"class_list":["post-22","page","type-page","status-publish","hentry"],"_links":{"self":[{"href":"https:\/\/wp.ufpel.edu.br\/centralanaliticaquimica\/wp-json\/wp\/v2\/pages\/22","targetHints":{"allow":["GET"]}}],"collection":[{"href":"https:\/\/wp.ufpel.edu.br\/centralanaliticaquimica\/wp-json\/wp\/v2\/pages"}],"about":[{"href":"https:\/\/wp.ufpel.edu.br\/centralanaliticaquimica\/wp-json\/wp\/v2\/types\/page"}],"author":[{"embeddable":true,"href":"https:\/\/wp.ufpel.edu.br\/centralanaliticaquimica\/wp-json\/wp\/v2\/users\/425"}],"replies":[{"embeddable":true,"href":"https:\/\/wp.ufpel.edu.br\/centralanaliticaquimica\/wp-json\/wp\/v2\/comments?post=22"}],"version-history":[{"count":5,"href":"https:\/\/wp.ufpel.edu.br\/centralanaliticaquimica\/wp-json\/wp\/v2\/pages\/22\/revisions"}],"predecessor-version":[{"id":74,"href":"https:\/\/wp.ufpel.edu.br\/centralanaliticaquimica\/wp-json\/wp\/v2\/pages\/22\/revisions\/74"}],"up":[{"embeddable":true,"href":"https:\/\/wp.ufpel.edu.br\/centralanaliticaquimica\/wp-json\/wp\/v2\/pages\/7"}],"wp:attachment":[{"href":"https:\/\/wp.ufpel.edu.br\/centralanaliticaquimica\/wp-json\/wp\/v2\/media?parent=22"}],"curies":[{"name":"wp","href":"https:\/\/api.w.org\/{rel}","templated":true}]}}