{"id":207,"date":"2024-03-19T08:22:54","date_gmt":"2024-03-19T11:22:54","guid":{"rendered":"https:\/\/wp.ufpel.edu.br\/centralanaliticaquimica\/?page_id=207"},"modified":"2024-03-22T09:49:23","modified_gmt":"2024-03-22T12:49:23","slug":"dados-sobre-o-uso-dos-equipamentos-da-central-analitica","status":"publish","type":"page","link":"https:\/\/wp.ufpel.edu.br\/centralanaliticaquimica\/dados-sobre-o-uso-dos-equipamentos-da-central-analitica\/","title":{"rendered":"Dados Sobre o uso dos Equipamentos da Central Anal\u00edtica"},"content":{"rendered":"<p>Os equipamentos de an\u00e1lises s\u00e3o utilizados por diversos grupos de pesquisa da UFPel, segue abaixo os dados catalogados sobre o uso:<\/p>\n<p><a href=\"https:\/\/wp.ufpel.edu.br\/centralanaliticaquimica\/files\/2024\/03\/Graficos-Central-Analitica.xlsx\">Gr\u00e1ficos Central Anal\u00edtica<\/a><\/p>\n","protected":false},"excerpt":{"rendered":"<p>Os equipamentos de an\u00e1lises s\u00e3o utilizados por diversos grupos de pesquisa da UFPel, segue abaixo os dados catalogados sobre o uso: Gr\u00e1ficos Central Anal\u00edtica<\/p>\n","protected":false},"author":425,"featured_media":0,"parent":0,"menu_order":0,"comment_status":"closed","ping_status":"closed","template":"","meta":{"footnotes":""},"class_list":["post-207","page","type-page","status-publish","hentry"],"_links":{"self":[{"href":"https:\/\/wp.ufpel.edu.br\/centralanaliticaquimica\/wp-json\/wp\/v2\/pages\/207","targetHints":{"allow":["GET"]}}],"collection":[{"href":"https:\/\/wp.ufpel.edu.br\/centralanaliticaquimica\/wp-json\/wp\/v2\/pages"}],"about":[{"href":"https:\/\/wp.ufpel.edu.br\/centralanaliticaquimica\/wp-json\/wp\/v2\/types\/page"}],"author":[{"embeddable":true,"href":"https:\/\/wp.ufpel.edu.br\/centralanaliticaquimica\/wp-json\/wp\/v2\/users\/425"}],"replies":[{"embeddable":true,"href":"https:\/\/wp.ufpel.edu.br\/centralanaliticaquimica\/wp-json\/wp\/v2\/comments?post=207"}],"version-history":[{"count":3,"href":"https:\/\/wp.ufpel.edu.br\/centralanaliticaquimica\/wp-json\/wp\/v2\/pages\/207\/revisions"}],"predecessor-version":[{"id":216,"href":"https:\/\/wp.ufpel.edu.br\/centralanaliticaquimica\/wp-json\/wp\/v2\/pages\/207\/revisions\/216"}],"wp:attachment":[{"href":"https:\/\/wp.ufpel.edu.br\/centralanaliticaquimica\/wp-json\/wp\/v2\/media?parent=207"}],"curies":[{"name":"wp","href":"https:\/\/api.w.org\/{rel}","templated":true}]}}