{"id":16,"date":"2014-07-25T10:12:48","date_gmt":"2014-07-25T13:12:48","guid":{"rendered":"https:\/\/wp.ufpel.edu.br\/centralanaliticaquimica\/?page_id=16"},"modified":"2014-07-28T10:24:18","modified_gmt":"2014-07-28T13:24:18","slug":"cromatografia-e-massas","status":"publish","type":"page","link":"https:\/\/wp.ufpel.edu.br\/centralanaliticaquimica\/equipamentos\/cromatografia-e-massas\/","title":{"rendered":"Cromatografia e Massas"},"content":{"rendered":"<p><a href=\"https:\/\/wp.ufpel.edu.br\/centralanaliticaquimica\/files\/2014\/07\/20140414_094952.jpg\"><img class=\"alignnone size-medium wp-image-17\" src=\"https:\/\/wp.ufpel.edu.br\/centralanaliticaquimica\/files\/2014\/07\/20140414_094952-424x239.jpg\" alt=\"20140414_094952\" width=\"424\" height=\"239\" srcset=\"https:\/\/wp.ufpel.edu.br\/centralanaliticaquimica\/files\/2014\/07\/20140414_094952-424x239.jpg 424w, https:\/\/wp.ufpel.edu.br\/centralanaliticaquimica\/files\/2014\/07\/20140414_094952-212x119.jpg 212w, https:\/\/wp.ufpel.edu.br\/centralanaliticaquimica\/files\/2014\/07\/20140414_094952.jpg 1282w\" sizes=\"(max-width: 424px) 100vw, 424px\" \/><\/a><\/p>\n<p><strong>Cromat\u00f3grafo a G\u00e1s Acoplado a Detector de Massas (CG\/MS) &#8211; Shimadzu<\/strong><\/p>\n<p>Esta t\u00e9cnica \u00e9 utilizada para a identifica\u00e7\u00e3o de compostos org\u00e2nicos puros ou misturas, atrav\u00e9s de quebras da mol\u00e9cula, via processos de excita\u00e7\u00e3o interna e posterior registro dos fragmentos resultantes dessas quebras. A compara\u00e7\u00e3o computadorizada do espectro conhecido com um banco de dados com cerca de 65.000 compostos, permite chegar a poss\u00edveis estruturas para as amostras desconhecidas. No caso de misturas, \u00e9 feita uma separa\u00e7\u00e3o pr\u00e9via dos compostos por cromatografia gasosa. Em an\u00e1lise ambiental, esta t\u00e9cnica pode ser empregada na identifica\u00e7\u00e3o de res\u00edduos industriais e defensivos agr\u00edcolas. Al\u00e9m disso, pode ser utilizada na an\u00e1lise de toxicologia ocupacional, controle de qualidade e mat\u00e9rias-primas e etapas de produ\u00e7\u00e3o industrial. O equipamento da Shimadzu pode ser utilizado para a an\u00e1lise de derivados de petr\u00f3leo e monitoramento da qualidade de combust\u00edveis e biocombust\u00edveis.<\/p>\n<p>&nbsp;<\/p>\n<p><strong>Links relacionados com o princ\u00edpio da t\u00e9cnica e aplica\u00e7\u00f5es:<\/strong><\/p>\n<p><a href=\"http:\/\/www.shimadzu.com\/an\/gcms\/support\/fundamentals\/\">http:\/\/www.shimadzu.com\/an\/gcms\/support\/fundamentals\/<\/a><\/p>\n<p><a href=\"http:\/\/www.cpatc.embrapa.br\/eventos\/seminariodequimica\/1%B0%20Minicurso%20Produ%E7%E3o%20e%20Qualidade%20de%20Biodiesel\/cromatografos.pdf\">http:\/\/www.cpatc.embrapa.br\/eventos\/seminariodequimica\/1%B0%20Minicurso%20Produ%E7%E3o%20e%20Qualidade%20de%20Biodiesel\/cromatografos.pdf<\/a><\/p>\n<p><a href=\"http:\/\/www.cpatc.embrapa.br\/eventos\/seminariodequimica\/1%B0%20Minicurso%20Produ%E7%E3o%20e%20Qualidade%20de%20Biodiesel\/cromatografiagasosa.pdf\">http:\/\/www.cpatc.embrapa.br\/eventos\/seminariodequimica\/1%B0%20Minicurso%20Produ%E7%E3o%20e%20Qualidade%20de%20Biodiesel\/cromatografiagasosa.pdf<\/a><\/p>\n","protected":false},"excerpt":{"rendered":"<p>Cromat\u00f3grafo a G\u00e1s Acoplado a Detector de Massas (CG\/MS) &#8211; Shimadzu Esta t\u00e9cnica \u00e9 utilizada para a identifica\u00e7\u00e3o de compostos org\u00e2nicos puros ou misturas, atrav\u00e9s de quebras da mol\u00e9cula, via processos de excita\u00e7\u00e3o interna e posterior registro dos fragmentos resultantes dessas quebras. A compara\u00e7\u00e3o computadorizada do espectro conhecido com um banco de dados com cerca [&hellip;]<\/p>\n","protected":false},"author":425,"featured_media":0,"parent":7,"menu_order":0,"comment_status":"closed","ping_status":"closed","template":"","meta":{"footnotes":""},"class_list":["post-16","page","type-page","status-publish","hentry"],"_links":{"self":[{"href":"https:\/\/wp.ufpel.edu.br\/centralanaliticaquimica\/wp-json\/wp\/v2\/pages\/16","targetHints":{"allow":["GET"]}}],"collection":[{"href":"https:\/\/wp.ufpel.edu.br\/centralanaliticaquimica\/wp-json\/wp\/v2\/pages"}],"about":[{"href":"https:\/\/wp.ufpel.edu.br\/centralanaliticaquimica\/wp-json\/wp\/v2\/types\/page"}],"author":[{"embeddable":true,"href":"https:\/\/wp.ufpel.edu.br\/centralanaliticaquimica\/wp-json\/wp\/v2\/users\/425"}],"replies":[{"embeddable":true,"href":"https:\/\/wp.ufpel.edu.br\/centralanaliticaquimica\/wp-json\/wp\/v2\/comments?post=16"}],"version-history":[{"count":2,"href":"https:\/\/wp.ufpel.edu.br\/centralanaliticaquimica\/wp-json\/wp\/v2\/pages\/16\/revisions"}],"predecessor-version":[{"id":73,"href":"https:\/\/wp.ufpel.edu.br\/centralanaliticaquimica\/wp-json\/wp\/v2\/pages\/16\/revisions\/73"}],"up":[{"embeddable":true,"href":"https:\/\/wp.ufpel.edu.br\/centralanaliticaquimica\/wp-json\/wp\/v2\/pages\/7"}],"wp:attachment":[{"href":"https:\/\/wp.ufpel.edu.br\/centralanaliticaquimica\/wp-json\/wp\/v2\/media?parent=16"}],"curies":[{"name":"wp","href":"https:\/\/api.w.org\/{rel}","templated":true}]}}