{"id":146,"date":"2018-05-17T13:17:31","date_gmt":"2018-05-17T16:17:31","guid":{"rendered":"https:\/\/wp.ufpel.edu.br\/centralanaliticaquimica\/?page_id=146"},"modified":"2025-05-23T11:18:11","modified_gmt":"2025-05-23T14:18:11","slug":"noticias-importantes","status":"publish","type":"page","link":"https:\/\/wp.ufpel.edu.br\/centralanaliticaquimica\/noticias-importantes\/","title":{"rendered":"Not\u00edcias Importantes"},"content":{"rendered":"<p>A CA-Quim recebeu no m\u00eas de mar\u00e7o\/2024 um novo equipamento, um reator em fluxo da marca ASIA. O equipamento foi adquirido via edital FINEP PROINFRA 2021 e neste momento est\u00e1 em fase de instala\u00e7\u00e3o. O equipamento auxiliar\u00e1 na produ\u00e7\u00e3o em maior escala de mol\u00e9culas de interesse da comunidade, especialmente na produ\u00e7\u00e3o de subst\u00e2ncias bioativas. O prop\u00f3sito \u00e9 consolidar a produ\u00e7\u00e3o de mol\u00e9culas com um maior apelo industrial, ampliando as parcerias e produzindo trabalhos mais elaborados, especialmente alcan\u00e7ando a inova\u00e7\u00e3o e o empreendedorismo.<\/p>\n<p>&nbsp;<\/p>\n<p>O Equipamento de Termogravimetria DTG-60 est\u00e1 fora de opera\u00e7\u00e3o por problemas de funcionamento.<\/p>\n","protected":false},"excerpt":{"rendered":"<p>A CA-Quim recebeu no m\u00eas de mar\u00e7o\/2024 um novo equipamento, um reator em fluxo da marca ASIA. O equipamento foi adquirido via edital FINEP PROINFRA 2021 e neste momento est\u00e1 em fase de instala\u00e7\u00e3o. O equipamento auxiliar\u00e1 na produ\u00e7\u00e3o em maior escala de mol\u00e9culas de interesse da comunidade, especialmente na produ\u00e7\u00e3o de subst\u00e2ncias bioativas. O [&hellip;]<\/p>\n","protected":false},"author":425,"featured_media":0,"parent":0,"menu_order":0,"comment_status":"closed","ping_status":"closed","template":"","meta":{"footnotes":""},"class_list":["post-146","page","type-page","status-publish","hentry"],"_links":{"self":[{"href":"https:\/\/wp.ufpel.edu.br\/centralanaliticaquimica\/wp-json\/wp\/v2\/pages\/146","targetHints":{"allow":["GET"]}}],"collection":[{"href":"https:\/\/wp.ufpel.edu.br\/centralanaliticaquimica\/wp-json\/wp\/v2\/pages"}],"about":[{"href":"https:\/\/wp.ufpel.edu.br\/centralanaliticaquimica\/wp-json\/wp\/v2\/types\/page"}],"author":[{"embeddable":true,"href":"https:\/\/wp.ufpel.edu.br\/centralanaliticaquimica\/wp-json\/wp\/v2\/users\/425"}],"replies":[{"embeddable":true,"href":"https:\/\/wp.ufpel.edu.br\/centralanaliticaquimica\/wp-json\/wp\/v2\/comments?post=146"}],"version-history":[{"count":11,"href":"https:\/\/wp.ufpel.edu.br\/centralanaliticaquimica\/wp-json\/wp\/v2\/pages\/146\/revisions"}],"predecessor-version":[{"id":226,"href":"https:\/\/wp.ufpel.edu.br\/centralanaliticaquimica\/wp-json\/wp\/v2\/pages\/146\/revisions\/226"}],"wp:attachment":[{"href":"https:\/\/wp.ufpel.edu.br\/centralanaliticaquimica\/wp-json\/wp\/v2\/media?parent=146"}],"curies":[{"name":"wp","href":"https:\/\/api.w.org\/{rel}","templated":true}]}}