{"id":141,"date":"2018-05-11T09:59:16","date_gmt":"2018-05-11T12:59:16","guid":{"rendered":"https:\/\/wp.ufpel.edu.br\/centralanaliticaquimica\/?page_id=141"},"modified":"2024-03-12T10:56:01","modified_gmt":"2024-03-12T13:56:01","slug":"procedimento-para-solicitacao-de-analises","status":"publish","type":"page","link":"https:\/\/wp.ufpel.edu.br\/centralanaliticaquimica\/procedimento-para-solicitacao-de-analises\/","title":{"rendered":"Procedimento para Solicita\u00e7\u00e3o de An\u00e1lises"},"content":{"rendered":"<ul>\n<li>Para realiza\u00e7\u00e3o de an\u00e1lises, as amostras devem ser entregues <strong>no pr\u00e9dio do Laborat\u00f3rio de RMN (pr\u00e9dio 106) das 08 \u00e0s 12 h.<\/strong><\/li>\n<\/ul>\n<p>&nbsp;<\/p>\n<ul>\n<li>Para realiza\u00e7\u00e3o de an\u00e1lises a amostra deve ser entregue <strong>juntamente com a requisi\u00e7\u00e3o de an\u00e1lises em duas vias<\/strong> devidamente preenchidas e assinadas pelo respons\u00e1vel e\/ou orientador.<\/li>\n<\/ul>\n<p>&nbsp;<\/p>\n<ul>\n<li>O protocolo de realiza\u00e7\u00e3o de an\u00e1lises vai ser aberto e enviado por e-mail at\u00e9 48 h ap\u00f3s o recebimento das amostras e requisi\u00e7\u00f5es. Neste e-mail vai ser confirmada a inser\u00e7\u00e3o da amostra na fila de an\u00e1lises e informada a previs\u00e3o de entrega dos resultados.<\/li>\n<\/ul>\n<p>&nbsp;<\/p>\n<ul>\n<li>Se precisar ser feita uma quantifica\u00e7\u00e3o, o usu\u00e1rio tem que trazer os padr\u00f5es necess\u00e1rios.<\/li>\n<\/ul>\n<p>&nbsp;<\/p>\n<ul>\n<li>O solicitante deve sempre fazer uma pesquisa pr\u00e9via na literatura para ver qual o m\u00e9todo inicial que ser\u00e1 usado em sua an\u00e1lise, podendo ser modificado por otimiza\u00e7\u00e3o pelo t\u00e9cnico respons\u00e1vel, caso necessite.<\/li>\n<\/ul>\n<p>&nbsp;<\/p>\n<ul>\n<li>O pagamento das an\u00e1lises deve ser realizado por meio da Funda\u00e7\u00e3o de Apoio Delfim Mendes Silveira (Processo Sei 23110.008450\/2023-01), site: https:\/\/fundacoesufpel.com.br\/fdms\/<\/li>\n<\/ul>\n","protected":false},"excerpt":{"rendered":"<p>Para realiza\u00e7\u00e3o de an\u00e1lises, as amostras devem ser entregues no pr\u00e9dio do Laborat\u00f3rio de RMN (pr\u00e9dio 106) das 08 \u00e0s 12 h. &nbsp; Para realiza\u00e7\u00e3o de an\u00e1lises a amostra deve ser entregue juntamente com a requisi\u00e7\u00e3o de an\u00e1lises em duas vias devidamente preenchidas e assinadas pelo respons\u00e1vel e\/ou orientador. &nbsp; O protocolo de realiza\u00e7\u00e3o de [&hellip;]<\/p>\n","protected":false},"author":425,"featured_media":0,"parent":0,"menu_order":2,"comment_status":"closed","ping_status":"closed","template":"","meta":{"footnotes":""},"class_list":["post-141","page","type-page","status-publish","hentry"],"_links":{"self":[{"href":"https:\/\/wp.ufpel.edu.br\/centralanaliticaquimica\/wp-json\/wp\/v2\/pages\/141","targetHints":{"allow":["GET"]}}],"collection":[{"href":"https:\/\/wp.ufpel.edu.br\/centralanaliticaquimica\/wp-json\/wp\/v2\/pages"}],"about":[{"href":"https:\/\/wp.ufpel.edu.br\/centralanaliticaquimica\/wp-json\/wp\/v2\/types\/page"}],"author":[{"embeddable":true,"href":"https:\/\/wp.ufpel.edu.br\/centralanaliticaquimica\/wp-json\/wp\/v2\/users\/425"}],"replies":[{"embeddable":true,"href":"https:\/\/wp.ufpel.edu.br\/centralanaliticaquimica\/wp-json\/wp\/v2\/comments?post=141"}],"version-history":[{"count":3,"href":"https:\/\/wp.ufpel.edu.br\/centralanaliticaquimica\/wp-json\/wp\/v2\/pages\/141\/revisions"}],"predecessor-version":[{"id":203,"href":"https:\/\/wp.ufpel.edu.br\/centralanaliticaquimica\/wp-json\/wp\/v2\/pages\/141\/revisions\/203"}],"wp:attachment":[{"href":"https:\/\/wp.ufpel.edu.br\/centralanaliticaquimica\/wp-json\/wp\/v2\/media?parent=141"}],"curies":[{"name":"wp","href":"https:\/\/api.w.org\/{rel}","templated":true}]}}