{"id":13,"date":"2014-07-25T10:10:22","date_gmt":"2014-07-25T13:10:22","guid":{"rendered":"https:\/\/wp.ufpel.edu.br\/centralanaliticaquimica\/?page_id=13"},"modified":"2014-07-28T10:23:01","modified_gmt":"2014-07-28T13:23:01","slug":"analise-termica","status":"publish","type":"page","link":"https:\/\/wp.ufpel.edu.br\/centralanaliticaquimica\/equipamentos\/analise-termica\/","title":{"rendered":"An\u00e1lise T\u00e9rmica"},"content":{"rendered":"<p><a href=\"https:\/\/wp.ufpel.edu.br\/centralanaliticaquimica\/files\/2014\/07\/dtg-e-dsc.jpg\"><img class=\"alignnone size-medium wp-image-14\" src=\"https:\/\/wp.ufpel.edu.br\/centralanaliticaquimica\/files\/2014\/07\/dtg-e-dsc-424x159.jpg\" alt=\"dtg e dsc\" width=\"424\" height=\"159\" srcset=\"https:\/\/wp.ufpel.edu.br\/centralanaliticaquimica\/files\/2014\/07\/dtg-e-dsc-424x159.jpg 424w, https:\/\/wp.ufpel.edu.br\/centralanaliticaquimica\/files\/2014\/07\/dtg-e-dsc-212x79.jpg 212w\" sizes=\"(max-width: 424px) 100vw, 424px\" \/><\/a><\/p>\n<p><strong><span class=\"st\">Calorimetria Explorat\u00f3ria Diferencial (DSC) e An\u00e1lise T\u00e9rmica Diferencial (DTG)<\/span><\/strong><\/p>\n<p>O DSC e DTG s\u00e3o equipamentos utilizados para medidas calorim\u00e9tricas em sistemas de materiais como: pol\u00edmeros, a\u00e7\u00facares, prote\u00ednas etc. Medem a varia\u00e7\u00e3o de propriedades f\u00edsicas ou qu\u00edmicas de uma subst\u00e2ncia ou material em fun\u00e7\u00e3o da temperatura ou tempo.<\/p>\n<p>DSC-60 faixa de temperatura: 30 a 600 \u00baC;<\/p>\n<p>DTG-60 faixa de temperatura: 30 a 1000 \u00baC.<\/p>\n<p>&nbsp;<\/p>\n<p><strong>Links relacionados com o princ\u00edpio das t\u00e9cnicas e aplica\u00e7\u00f5es:<\/strong><\/p>\n<p><a href=\"http:\/\/www.shimadzu.com.br\/analitica\/produtos\/thermal\/catalogos\/tma-60.pdf\">http:\/\/www.shimadzu.com.br\/analitica\/produtos\/thermal\/catalogos\/tma-60.pdf<\/a><\/p>\n<p><a href=\"http:\/\/www.sciencedirect.com\/science\/article\/pii\/S0040603196030742#\">http:\/\/www.sciencedirect.com\/science\/article\/pii\/S0040603196030742#<\/a><\/p>\n","protected":false},"excerpt":{"rendered":"<p>Calorimetria Explorat\u00f3ria Diferencial (DSC) e An\u00e1lise T\u00e9rmica Diferencial (DTG) O DSC e DTG s\u00e3o equipamentos utilizados para medidas calorim\u00e9tricas em sistemas de materiais como: pol\u00edmeros, a\u00e7\u00facares, prote\u00ednas etc. Medem a varia\u00e7\u00e3o de propriedades f\u00edsicas ou qu\u00edmicas de uma subst\u00e2ncia ou material em fun\u00e7\u00e3o da temperatura ou tempo. DSC-60 faixa de temperatura: 30 a 600 \u00baC; [&hellip;]<\/p>\n","protected":false},"author":425,"featured_media":0,"parent":7,"menu_order":0,"comment_status":"closed","ping_status":"closed","template":"","meta":{"footnotes":""},"class_list":["post-13","page","type-page","status-publish","hentry"],"_links":{"self":[{"href":"https:\/\/wp.ufpel.edu.br\/centralanaliticaquimica\/wp-json\/wp\/v2\/pages\/13","targetHints":{"allow":["GET"]}}],"collection":[{"href":"https:\/\/wp.ufpel.edu.br\/centralanaliticaquimica\/wp-json\/wp\/v2\/pages"}],"about":[{"href":"https:\/\/wp.ufpel.edu.br\/centralanaliticaquimica\/wp-json\/wp\/v2\/types\/page"}],"author":[{"embeddable":true,"href":"https:\/\/wp.ufpel.edu.br\/centralanaliticaquimica\/wp-json\/wp\/v2\/users\/425"}],"replies":[{"embeddable":true,"href":"https:\/\/wp.ufpel.edu.br\/centralanaliticaquimica\/wp-json\/wp\/v2\/comments?post=13"}],"version-history":[{"count":4,"href":"https:\/\/wp.ufpel.edu.br\/centralanaliticaquimica\/wp-json\/wp\/v2\/pages\/13\/revisions"}],"predecessor-version":[{"id":72,"href":"https:\/\/wp.ufpel.edu.br\/centralanaliticaquimica\/wp-json\/wp\/v2\/pages\/13\/revisions\/72"}],"up":[{"embeddable":true,"href":"https:\/\/wp.ufpel.edu.br\/centralanaliticaquimica\/wp-json\/wp\/v2\/pages\/7"}],"wp:attachment":[{"href":"https:\/\/wp.ufpel.edu.br\/centralanaliticaquimica\/wp-json\/wp\/v2\/media?parent=13"}],"curies":[{"name":"wp","href":"https:\/\/api.w.org\/{rel}","templated":true}]}}