{"id":113,"date":"2018-04-17T10:25:28","date_gmt":"2018-04-17T13:25:28","guid":{"rendered":"https:\/\/wp.ufpel.edu.br\/centralanaliticaquimica\/?page_id=113"},"modified":"2018-07-24T10:34:08","modified_gmt":"2018-07-24T13:34:08","slug":"ressonancia-magnetica-nuclear-rmn","status":"publish","type":"page","link":"https:\/\/wp.ufpel.edu.br\/centralanaliticaquimica\/equipamentos\/ressonancia-magnetica-nuclear-rmn\/","title":{"rendered":"Resson\u00e2ncia Magn\u00e9tica Nuclear (RMN)"},"content":{"rendered":"<p><a href=\"https:\/\/wp.ufpel.edu.br\/centralanaliticaquimica\/files\/2018\/04\/IMG-20180417-WA0000.jpg\"><img class=\"alignnone size-medium wp-image-114\" src=\"https:\/\/wp.ufpel.edu.br\/centralanaliticaquimica\/files\/2018\/04\/IMG-20180417-WA0000-400x225.jpg\" alt=\"\" width=\"400\" height=\"225\" srcset=\"https:\/\/wp.ufpel.edu.br\/centralanaliticaquimica\/files\/2018\/04\/IMG-20180417-WA0000-400x225.jpg 400w, https:\/\/wp.ufpel.edu.br\/centralanaliticaquimica\/files\/2018\/04\/IMG-20180417-WA0000-768x432.jpg 768w, https:\/\/wp.ufpel.edu.br\/centralanaliticaquimica\/files\/2018\/04\/IMG-20180417-WA0000-1024x576.jpg 1024w, https:\/\/wp.ufpel.edu.br\/centralanaliticaquimica\/files\/2018\/04\/IMG-20180417-WA0000.jpg 1032w\" sizes=\"(max-width: 400px) 100vw, 400px\" \/><\/a><\/p>\n<p><strong>RMN Bruker 400 MHz<\/strong><\/p>\n<p style=\"text-align: justify;line-height: 115%;background: white;vertical-align: baseline;margin: 0cm 0cm 10.0pt 0cm\"><span style=\"font-family: 'Arial','sans-serif';color: black\">A t\u00e9cnica de Resson\u00e2ncia Magn\u00e9tica Nuclear (RMN) estuda a intera\u00e7\u00e3o da radia\u00e7\u00e3o eletromagn\u00e9tica com a mat\u00e9ria. Alguns n\u00facleos at\u00f4micos (<sup>1<\/sup>H, <sup>13<\/sup>C, <sup>77<\/sup>Se, <sup>19<\/sup>F, <sup>31<\/sup>P, entre outros) quando sujeitos a um intenso campo magn\u00e9tico s\u00e3o capazes de absorver a energia de determinada radia\u00e7\u00e3o eletromagn\u00e9tica. Sendo assim, a espectroscopia de RMN analisa a frequ\u00eancia de resson\u00e2ncia correspondente a esta energia e o tempo em que os n\u00facleos irradiados levam para voltar \u00e0 temperatura ambiente, o qual \u00e9 conhecido como tempo de relaxa\u00e7\u00e3o. De acordo com a estrutura qu\u00edmica das mol\u00e9culas, t\u00eam-se tempos de relaxa\u00e7\u00e3o diferentes e com isso \u00e9 poss\u00edvel ter informa\u00e7\u00f5es quanto \u00e0 composi\u00e7\u00e3o qu\u00edmica das amostras analisadas.<\/span><\/p>\n<p style=\"text-align: justify;line-height: 115%;background: white;vertical-align: baseline;margin: 0cm 0cm 10.0pt 0cm\"><span style=\"font-family: 'Arial','sans-serif';color: black\">A an\u00e1lise de RMN possui in\u00fameras aplica\u00e7\u00f5es, como por exemplo: elucida\u00e7\u00e3o da estrutura qu\u00edmica de mol\u00e9culas org\u00e2nicas; identifica\u00e7\u00e3o de impurezas de elementos desconhecidos em amostras complexas; controle de qualidade de produtos qu\u00edmicos, farmac\u00eauticos, produtos naturais e alimentos; quantifica\u00e7\u00e3o de componentes de uma amostra; determina\u00e7\u00e3o de enanti\u00f4meros; identifica\u00e7\u00e3o de materiais etc.<\/span><\/p>\n<p><a href=\"https:\/\/wp.ufpel.edu.br\/centralanaliticaquimica\/files\/2018\/07\/REGIMENTO-RMN.pdf\">REGIMENTO RMN<\/a><\/p>\n<p><a href=\"https:\/\/wp.ufpel.edu.br\/centralanaliticaquimica\/files\/2018\/07\/Comiss\u00e3oCGRMN.pdf\">Comiss\u00e3oCGRMN<\/a><\/p>\n","protected":false},"excerpt":{"rendered":"<p>RMN Bruker 400 MHz A t\u00e9cnica de Resson\u00e2ncia Magn\u00e9tica Nuclear (RMN) estuda a intera\u00e7\u00e3o da radia\u00e7\u00e3o eletromagn\u00e9tica com a mat\u00e9ria. Alguns n\u00facleos at\u00f4micos (1H, 13C, 77Se, 19F, 31P, entre outros) quando sujeitos a um intenso campo magn\u00e9tico s\u00e3o capazes de absorver a energia de determinada radia\u00e7\u00e3o eletromagn\u00e9tica. Sendo assim, a espectroscopia de RMN analisa a [&hellip;]<\/p>\n","protected":false},"author":425,"featured_media":0,"parent":7,"menu_order":0,"comment_status":"closed","ping_status":"closed","template":"","meta":{"footnotes":""},"class_list":["post-113","page","type-page","status-publish","hentry"],"_links":{"self":[{"href":"https:\/\/wp.ufpel.edu.br\/centralanaliticaquimica\/wp-json\/wp\/v2\/pages\/113","targetHints":{"allow":["GET"]}}],"collection":[{"href":"https:\/\/wp.ufpel.edu.br\/centralanaliticaquimica\/wp-json\/wp\/v2\/pages"}],"about":[{"href":"https:\/\/wp.ufpel.edu.br\/centralanaliticaquimica\/wp-json\/wp\/v2\/types\/page"}],"author":[{"embeddable":true,"href":"https:\/\/wp.ufpel.edu.br\/centralanaliticaquimica\/wp-json\/wp\/v2\/users\/425"}],"replies":[{"embeddable":true,"href":"https:\/\/wp.ufpel.edu.br\/centralanaliticaquimica\/wp-json\/wp\/v2\/comments?post=113"}],"version-history":[{"count":3,"href":"https:\/\/wp.ufpel.edu.br\/centralanaliticaquimica\/wp-json\/wp\/v2\/pages\/113\/revisions"}],"predecessor-version":[{"id":161,"href":"https:\/\/wp.ufpel.edu.br\/centralanaliticaquimica\/wp-json\/wp\/v2\/pages\/113\/revisions\/161"}],"up":[{"embeddable":true,"href":"https:\/\/wp.ufpel.edu.br\/centralanaliticaquimica\/wp-json\/wp\/v2\/pages\/7"}],"wp:attachment":[{"href":"https:\/\/wp.ufpel.edu.br\/centralanaliticaquimica\/wp-json\/wp\/v2\/media?parent=113"}],"curies":[{"name":"wp","href":"https:\/\/api.w.org\/{rel}","templated":true}]}}