{"id":9752,"date":"2021-09-03T11:09:59","date_gmt":"2021-09-03T14:09:59","guid":{"rendered":"https:\/\/wp.ufpel.edu.br\/ceng\/?page_id=9752"},"modified":"2021-09-03T11:25:19","modified_gmt":"2021-09-03T14:25:19","slug":"uso-presencial-dos-espacos-do-ceng","status":"publish","type":"page","link":"https:\/\/wp.ufpel.edu.br\/ceng\/uso-presencial-dos-espacos-do-ceng\/","title":{"rendered":"Uso presencial dos espa\u00e7os do CEng"},"content":{"rendered":"<p>REGRAS DE CONV\u00cdVIO:<\/p>\n<ul>\n<li>Esteja sempre de m\u00e1scara (cobrindo a boca e o nariz).<\/li>\n<li>Higienize constantemente as m\u00e3os com \u00e1gua e sab\u00e3o ou \u00e1lcool gel a 70%.<\/li>\n<li>Mantenha sempre a dist\u00e2ncia m\u00ednima de 1,50 m das pessoas.<\/li>\n<li>N\u00e3o abrace, aperte as m\u00e3os ou tenha contatos mais pr\u00f3ximos com outras pessoas.<\/li>\n<li>Traga sua pr\u00f3pria garrafa d\u2019\u00e1gua para uso pessoal, pois \u00e9 proibido o uso de bebedouros.<\/li>\n<li>N\u00e3o compartilhe objetos pessoais.<\/li>\n<li>Fica proibido o consumo de chimarr\u00e3o nas depend\u00eancias da UFPel.<\/li>\n<li>Janelas e portas internas devem permanecer abertas.<\/li>\n<li>Fica proibido o uso de ar-condicionado, exceto em ambientes laboratorais de uso obrigat\u00f3rio.<\/li>\n<li>O uso de elevadores nas depend\u00eancias da UFPel fica proibido, exceto para usu\u00e1rios que apresentem mobilidade reduzida ou para transporte de materiais pesados.<\/li>\n<\/ul>\n<p><a href=\"https:\/\/wp.ufpel.edu.br\/ceng\/files\/2021\/09\/Resumo_1414689_Informacoes_Sobre_a_Covid_19__Portarias__rev02.pdf\">Normas da UFPel &#8211; uso dos espa\u00e7os presenciais<\/a><\/p>\n","protected":false},"excerpt":{"rendered":"<p>REGRAS DE CONV\u00cdVIO: Esteja sempre de m\u00e1scara (cobrindo a boca e o nariz). Higienize constantemente as m\u00e3os com \u00e1gua e sab\u00e3o ou \u00e1lcool gel a 70%. Mantenha sempre a dist\u00e2ncia m\u00ednima de 1,50 m das pessoas. N\u00e3o abrace, aperte as m\u00e3os ou tenha contatos mais pr\u00f3ximos com outras pessoas. Traga sua pr\u00f3pria garrafa d\u2019\u00e1gua para [&hellip;]<\/p>\n","protected":false},"author":67,"featured_media":0,"parent":0,"menu_order":0,"comment_status":"closed","ping_status":"closed","template":"","meta":{"footnotes":""},"class_list":["post-9752","page","type-page","status-publish","hentry"],"publishpress_future_action":{"enabled":false,"date":"2026-05-12 01:40:31","action":"change-status","newStatus":"draft","terms":[],"taxonomy":"","extraData":[]},"publishpress_future_workflow_manual_trigger":{"enabledWorkflows":[]},"_links":{"self":[{"href":"https:\/\/wp.ufpel.edu.br\/ceng\/wp-json\/wp\/v2\/pages\/9752","targetHints":{"allow":["GET"]}}],"collection":[{"href":"https:\/\/wp.ufpel.edu.br\/ceng\/wp-json\/wp\/v2\/pages"}],"about":[{"href":"https:\/\/wp.ufpel.edu.br\/ceng\/wp-json\/wp\/v2\/types\/page"}],"author":[{"embeddable":true,"href":"https:\/\/wp.ufpel.edu.br\/ceng\/wp-json\/wp\/v2\/users\/67"}],"replies":[{"embeddable":true,"href":"https:\/\/wp.ufpel.edu.br\/ceng\/wp-json\/wp\/v2\/comments?post=9752"}],"version-history":[{"count":6,"href":"https:\/\/wp.ufpel.edu.br\/ceng\/wp-json\/wp\/v2\/pages\/9752\/revisions"}],"predecessor-version":[{"id":9762,"href":"https:\/\/wp.ufpel.edu.br\/ceng\/wp-json\/wp\/v2\/pages\/9752\/revisions\/9762"}],"wp:attachment":[{"href":"https:\/\/wp.ufpel.edu.br\/ceng\/wp-json\/wp\/v2\/media?parent=9752"}],"curies":[{"name":"wp","href":"https:\/\/api.w.org\/{rel}","templated":true}]}}