{"id":9295,"date":"2021-01-04T14:55:34","date_gmt":"2021-01-04T17:55:34","guid":{"rendered":"https:\/\/wp.ufpel.edu.br\/ceng\/?page_id=9295"},"modified":"2021-01-04T14:55:34","modified_gmt":"2021-01-04T17:55:34","slug":"2020-2","status":"publish","type":"page","link":"https:\/\/wp.ufpel.edu.br\/ceng\/prestacao-de-contas\/2020-2\/","title":{"rendered":"2020"},"content":{"rendered":"<p><a href=\"https:\/\/wp.ufpel.edu.br\/ceng\/files\/2021\/01\/Planilha-de-despesas-Orcamento-2020.pdf\">Planilha de despesas &#8211; Or\u00e7amento 2020<\/a><\/p>\n<p><a href=\"https:\/\/wp.ufpel.edu.br\/ceng\/files\/2021\/01\/Prestacao_Contas_CEng_2020.pptx.pdf\">Presta\u00e7\u00e3o_Contas_CEng_2020.pptx<\/a> \u2013 apreciada e aprovada pelo Conselho do Centro de Engenharias, conforme processo 23110.035225\/2020-97, ata 1167399.<\/p>\n","protected":false},"excerpt":{"rendered":"<p>Planilha de despesas &#8211; Or\u00e7amento 2020 Presta\u00e7\u00e3o_Contas_CEng_2020.pptx \u2013 apreciada e aprovada pelo Conselho do Centro de Engenharias, conforme processo 23110.035225\/2020-97, ata 1167399.<\/p>\n","protected":false},"author":67,"featured_media":0,"parent":5340,"menu_order":0,"comment_status":"closed","ping_status":"closed","template":"","meta":{"footnotes":""},"class_list":["post-9295","page","type-page","status-publish","hentry"],"publishpress_future_action":{"enabled":false,"date":"2026-04-19 17:44:02","action":"change-status","newStatus":"draft","terms":[],"taxonomy":"","extraData":[]},"publishpress_future_workflow_manual_trigger":{"enabledWorkflows":[]},"_links":{"self":[{"href":"https:\/\/wp.ufpel.edu.br\/ceng\/wp-json\/wp\/v2\/pages\/9295","targetHints":{"allow":["GET"]}}],"collection":[{"href":"https:\/\/wp.ufpel.edu.br\/ceng\/wp-json\/wp\/v2\/pages"}],"about":[{"href":"https:\/\/wp.ufpel.edu.br\/ceng\/wp-json\/wp\/v2\/types\/page"}],"author":[{"embeddable":true,"href":"https:\/\/wp.ufpel.edu.br\/ceng\/wp-json\/wp\/v2\/users\/67"}],"replies":[{"embeddable":true,"href":"https:\/\/wp.ufpel.edu.br\/ceng\/wp-json\/wp\/v2\/comments?post=9295"}],"version-history":[{"count":1,"href":"https:\/\/wp.ufpel.edu.br\/ceng\/wp-json\/wp\/v2\/pages\/9295\/revisions"}],"predecessor-version":[{"id":9299,"href":"https:\/\/wp.ufpel.edu.br\/ceng\/wp-json\/wp\/v2\/pages\/9295\/revisions\/9299"}],"up":[{"embeddable":true,"href":"https:\/\/wp.ufpel.edu.br\/ceng\/wp-json\/wp\/v2\/pages\/5340"}],"wp:attachment":[{"href":"https:\/\/wp.ufpel.edu.br\/ceng\/wp-json\/wp\/v2\/media?parent=9295"}],"curies":[{"name":"wp","href":"https:\/\/api.w.org\/{rel}","templated":true}]}}