{"id":8255,"date":"2020-04-23T11:55:52","date_gmt":"2020-04-23T14:55:52","guid":{"rendered":"https:\/\/wp.ufpel.edu.br\/ceng\/?page_id=8255"},"modified":"2023-01-27T10:21:38","modified_gmt":"2023-01-27T13:21:38","slug":"autorizacao-para-saida-de-bens-patrimoniais","status":"publish","type":"page","link":"https:\/\/wp.ufpel.edu.br\/ceng\/autorizacao-para-saida-de-bens-patrimoniais\/","title":{"rendered":"AUTORIZA\u00c7\u00c3O PARA SA\u00cdDA DE BENS PATRIMONIAIS"},"content":{"rendered":"<p>Favor atentar para os procedimentos ao realizar uma solicita\u00e7\u00e3o de autoriza\u00e7\u00e3o de sa\u00edda de bem patrimonial em situa\u00e7\u00e3o tempor\u00e1ria, para locais externos aos pr\u00e9dios do CEng, na responsabilidade de um servidor da Universidade.<\/p>\n<p>Os procedimentos est\u00e3o dispon\u00edveis na base de conhecimento do SEI, que pode ser acessada aqui:<a href=\"https:\/\/wp.ufpel.edu.br\/ceng\/files\/2020\/04\/SEI-_-UFPel-Autoriza\u00e7\u00e3o-para-sa\u00edda-de-bens-patrimoniais-NUPAT.pdf\"> SEI _ UFPel &#8211; Autoriza\u00e7\u00e3o para sa\u00edda de bens patrimoniais &#8211; NUPAT<\/a><\/p>\n<p>Qualquer d\u00favida pode ser enviada ao chefe do n\u00facleo administrativo, Vinicius Munoz, pelo e-mail viniciusmunoz.ceng@gmail.com<\/p>\n","protected":false},"excerpt":{"rendered":"<p>Favor atentar para os procedimentos ao realizar uma solicita\u00e7\u00e3o de autoriza\u00e7\u00e3o de sa\u00edda de bem patrimonial em situa\u00e7\u00e3o tempor\u00e1ria, para locais externos aos pr\u00e9dios do CEng, na responsabilidade de um servidor da Universidade. Os procedimentos est\u00e3o dispon\u00edveis na base de conhecimento do SEI, que pode ser acessada aqui: SEI _ UFPel &#8211; Autoriza\u00e7\u00e3o para sa\u00edda [&hellip;]<\/p>\n","protected":false},"author":67,"featured_media":0,"parent":0,"menu_order":0,"comment_status":"closed","ping_status":"closed","template":"","meta":{"footnotes":""},"class_list":["post-8255","page","type-page","status-publish","hentry"],"publishpress_future_action":{"enabled":false,"date":"2026-05-04 09:49:18","action":"change-status","newStatus":"draft","terms":[],"taxonomy":"","extraData":[]},"publishpress_future_workflow_manual_trigger":{"enabledWorkflows":[]},"_links":{"self":[{"href":"https:\/\/wp.ufpel.edu.br\/ceng\/wp-json\/wp\/v2\/pages\/8255","targetHints":{"allow":["GET"]}}],"collection":[{"href":"https:\/\/wp.ufpel.edu.br\/ceng\/wp-json\/wp\/v2\/pages"}],"about":[{"href":"https:\/\/wp.ufpel.edu.br\/ceng\/wp-json\/wp\/v2\/types\/page"}],"author":[{"embeddable":true,"href":"https:\/\/wp.ufpel.edu.br\/ceng\/wp-json\/wp\/v2\/users\/67"}],"replies":[{"embeddable":true,"href":"https:\/\/wp.ufpel.edu.br\/ceng\/wp-json\/wp\/v2\/comments?post=8255"}],"version-history":[{"count":4,"href":"https:\/\/wp.ufpel.edu.br\/ceng\/wp-json\/wp\/v2\/pages\/8255\/revisions"}],"predecessor-version":[{"id":10877,"href":"https:\/\/wp.ufpel.edu.br\/ceng\/wp-json\/wp\/v2\/pages\/8255\/revisions\/10877"}],"wp:attachment":[{"href":"https:\/\/wp.ufpel.edu.br\/ceng\/wp-json\/wp\/v2\/media?parent=8255"}],"curies":[{"name":"wp","href":"https:\/\/api.w.org\/{rel}","templated":true}]}}